{"id":3487,"date":"2015-10-19T09:36:12","date_gmt":"2015-10-19T09:36:12","guid":{"rendered":"http:\/\/www.propiano.org\/romanian\/?page_id=3487"},"modified":"2016-02-19T07:39:12","modified_gmt":"2016-02-19T07:39:12","slug":"programare-cluj-2016","status":"publish","type":"page","link":"https:\/\/www.propiano.org\/romanian\/programare-cluj-2016\/","title":{"rendered":"Programare Cluj 2016"},"content":{"rendered":"<h4><strong>Locatia Festivalului:<\/strong>\u00a0Muzeul Etnografic al Transilvaniei &#8211; Str. Memorandumului nr. 21<\/h4>\n<p>Va rog consultati lista participantilor( dupa programarea de mai jos) si semnalati eventualele probleme.<\/p>\n<p>&nbsp;<\/p>\n<p>&nbsp;<\/p>\n<h4><strong>PROGRAMAREA CONCUREN\u021aILOR LA FESTIVALUL NA\u021aIONAL<\/strong><\/h4>\n<h4><strong>,,PRIETENII MUZICII\u201d \u2013 PRO PIANO \u2013 ROM\u00c2NIA BUCURE\u0218TI \u2013 2016<\/strong><\/h4>\n<h4><strong>\u00a0\u00a0\u00a0\u00a0\u00a0\u00a0\u00a0\u00a0\u00a0\u00a0\u00a0\u00a0\u00a0\u00a0\u00a0\u00a0\u00a0\u00a0\u00a0\u00a0\u00a0\u00a0\u00a0\u00a0 FILIALA CLUJ \u2013 NAPOCA EDI\u021aIA A IX-A<\/strong><\/h4>\n<p>&nbsp;<\/p>\n<p>&nbsp;<\/p>\n<h4><strong>VINERI 26.02.2016<\/strong><\/h4>\n<p>&nbsp;<\/p>\n<p><strong>9 \u2013 10<\/strong> &#8230;&#8230; 1. NEMES KRISZTA NOELLA \u2013 GORBAI ZSOFIA (C)<\/p>\n<ol start=\"2\">\n<li>LUP LEVI (A4)<\/li>\n<li>JAKAB \u2013 GYIK DOROTTYA (A5)<\/li>\n<li>SAMOIL\u0102 IRINA (A5)<\/li>\n<li>SZASZ GER\u00d6CS HUNOR (A6)<\/li>\n<li>COLE\u0218A MARIA (A7)<\/li>\n<li>MUNCACIU CODARCEA VALENTINA(A7)<\/li>\n<li>TALO\u0218 MARIA (A8)<\/li>\n<li>CATERENCIUC EVELINA(A13)<\/li>\n<\/ol>\n<p><strong>10 \u2013 11<\/strong>&#8230;&#8230;CATEGORIILE B2, B3, B5<\/p>\n<p><strong>11 \u2013 12<\/strong>&#8230;&#8230;CATEGORIILE B4, B7<\/p>\n<p><strong>12 \u2013 13<\/strong>&#8230;&#8230;CATEGORIILE B8, B9, B10, B12, B13<\/p>\n<p style=\"text-align: center;\"><strong>FESTIVITATE DE PREMIERE<\/strong><\/p>\n<p>&nbsp;<\/p>\n<p><strong>14.30<\/strong>&#8230;&#8230;&#8230;ORADEA (PROF. ION D. \u0218I PROF.NEGRU\u021aIU N.)<\/p>\n<p>CATEGORIA B6,<\/p>\n<p>BISTRI\u021aA (P\u0102DURE STEPHANY CAMELIA \u2013 A5)<\/p>\n<p><strong>15.30<\/strong>&#8230;&#8230;&#8230;CATEGORIILE A2, A3<\/p>\n<p>BISTRI\u021aA(PROF.KAROLI C.)<\/p>\n<p><strong>16.30<\/strong>&#8230;&#8230;&#8230;ZAL\u0102U<\/p>\n<p>CATEGORIA A4<\/p>\n<p><strong>17.30<\/strong>&#8230;&#8230;&#8230;TUDURACHE EDUARD(B4)<\/p>\n<p>ALBA IULIA<\/p>\n<p>CATEGORIA A10<\/p>\n<p><strong>18.30<\/strong>&#8230;&#8230;&#8230;CATEGORIA A12<\/p>\n<p style=\"text-align: center;\"><strong>FESTIVITATE DE PREMIERE<\/strong><\/p>\n<p>&nbsp;<\/p>\n<p>&nbsp;<\/p>\n<h4><strong>S\u00c2MB\u0102T\u0102, 27.02.2016<\/strong><\/h4>\n<p>&nbsp;<\/p>\n<p><strong>9 \u2013 10<\/strong>&#8230;&#8230;.CATEGORIA A5<\/p>\n<p><strong>10 \u2013 11<\/strong>&#8230;&#8230;.CATEGORIA A7<\/p>\n<p><strong>11 \u2013 12<\/strong>&#8230;&#8230;.CATEGORIA A 8<\/p>\n<p><strong>12 \u2013 13<\/strong>&#8230;&#8230;.R\u00c2MNICU \u2013 V\u00c2LCEA, SUCEAVA, GALA\u021aI<\/p>\n<p>CATEGORIA A 6<\/p>\n<p><strong>FESTIVITATE DE PREMIERE<\/strong><\/p>\n<p>&nbsp;<\/p>\n<p>&nbsp;<\/p>\n<p><strong>14.30<\/strong>&#8230;&#8230;&#8230;&#8230;..SIBIU, ORADEA (PROF.RADO), BAIA MARE<\/p>\n<p>CATEGORIA A6<\/p>\n<p><strong>15.30<\/strong>&#8230;&#8230;&#8230;&#8230;.CATEGORIA A6(CONTINUARE)<\/p>\n<p>CATEGORIA A 9<\/p>\n<p><strong>16.30<\/strong>&#8230;&#8230;&#8230;&#8230;ALBA IULIA<\/p>\n<p><strong>17.30<\/strong>&#8230;&#8230;&#8230;&#8230;ALBA IULIA<\/p>\n<p>CATEGORIA A14<\/p>\n<p style=\"text-align: center;\"><strong>FESTIVITATE DE PREMIERE<\/strong><\/p>\n<p>&nbsp;<\/p>\n<p>&nbsp;<\/p>\n<p>&nbsp;<\/p>\n<h4><strong>DUMINIC\u0102, 28.02.2016<\/strong><\/h4>\n<p>&nbsp;<\/p>\n<p><strong>9 \u2013 10<\/strong>&#8230;&#8230;&#8230;&#8230;CATEGORIA A11<\/p>\n<p><strong>10 \u2013 11<\/strong>&#8230;&#8230;&#8230;..CATEGORIA A13<\/p>\n<p><strong>11 \u2013 12<\/strong>&#8230;&#8230;&#8230;..MARTON HERMINA REKA (B10)<\/p>\n<p>COROIU DIANA (B12)<\/p>\n<p>TAPCIUC LAURA IOANA(B12) \u2013 BISTRI\u021aA<\/p>\n<p>CATEGORIA C<\/p>\n<p><strong>\u00a0\u00a0\u00a0\u00a0\u00a0\u00a0 FESTIVITATE DE PREMIERE \u0218I \u00ceNCHIDEREA FESTIVALULUI<\/strong><\/p>\n<p>&#8212;&#8212;&#8212;&#8212;&#8212;&#8212;&#8212;&#8212;&#8212;&#8212;&#8212;&#8212;&#8212;&#8212;&#8212;&#8212;&#8212;&#8212;&#8212;&#8212;&#8212;&#8212;&#8212;&#8212;&#8212;&#8212;&#8212;&#8212;&#8212;&#8212;&#8212;&#8212;&#8212;&#8212;&#8212;&#8212;&#8211;<\/p>\n<p>&nbsp;<\/p>\n<p>&nbsp;<\/p>\n<p>&nbsp;<\/p>\n<h3 style=\"text-align: center;\"><\/h3>\n<h4 style=\"text-align: center;\"><strong>LISTA ELEVILOR \u00ceNSCRI\u0218I LA FESTIVALUL <\/strong><\/h4>\n<h4 style=\"text-align: center;\"><strong>,,PRIETENII MUZICII \/\u00a0<\/strong><strong>\u00a0 PRO PIANO \u2013 ROM\u00c2NIA &#8221; <\/strong><\/h4>\n<h4 style=\"text-align: center;\"><strong>FILIALA\u00a0 CLUJ \u2013 NAPOCA \u2013 26-28 februarie 2016<\/strong><\/h4>\n<p>&nbsp;<\/p>\n<p>&nbsp;<\/p>\n<p><strong>CATEGORIA A2 \u2013 2009<\/strong><\/p>\n<p>BODOLEA IRINA MARIA<\/p>\n<p>COSTEIU GLORIA IRIS \u2013 ALBA IULIA<\/p>\n<p>GHEORGHIU DAVID<\/p>\n<p>MUNTEAN MARIA \u2013 BISTRI\u021aA<\/p>\n<p>&nbsp;<\/p>\n<p>&nbsp;<\/p>\n<p><strong>CATEGORIA A3 \u2013 2008<\/strong><\/p>\n<p>AIO\u0218AN ANA \u2013 ALBA IULIA<\/p>\n<p>BO\u021aAC SARAH<\/p>\n<p>BROK KARLA \u2013 ALBA IULIA<\/p>\n<p>ILEA SARA MARIA<\/p>\n<p>IONESCU ALTHEA<\/p>\n<p>MOLDOVAN-MANIU VICTOR<\/p>\n<p>PU\u0218CA\u0218 MIHAI<\/p>\n<p>SUCIU PATRICK NORBERT<\/p>\n<p>SZKELY NANDOR<\/p>\n<p>10.SZEKELY-R\u0102FAN MARCU-LUCIAN<\/p>\n<p>&nbsp;<\/p>\n<p><strong>\u00a0<\/strong><strong>\u00a0<\/strong><\/p>\n<p><strong>CATEGORIA A4 \u2013 2007<\/strong><\/p>\n<p>A\u0218TILEAN DIANA<\/p>\n<p>B\u0102L\u0102NEANU CAMELIA ANDREEA \u2013 ALBA IULIA<\/p>\n<p>BOANC\u0102 DAN<\/p>\n<p>BODEA MAYA FLAVIA<\/p>\n<p>BUDU\u0218AN IARINA<\/p>\n<p>C\u00c2MPEAN CARMEN PAULA \u2013 ALBA IULIA<\/p>\n<p>C\u0102TINEAN SONIA-IOANA<\/p>\n<p>C\u0102TUN\u0102 MIRIAM<\/p>\n<p>DUDA\u0218 MARC GABRIEL \u2013 ORADEA<\/p>\n<p>JIDAVU ALEXANDRU-DUMITRU<\/p>\n<p>LUP LEVI<\/p>\n<p>MACEDONEANU ALEXANDRU<\/p>\n<p>NECHITA C\u0102LIN IONU\u021a &#8211; RM.V\u00c2LCEA<\/p>\n<p>POP REMUS-VICTOR<\/p>\n<p>SUSANU DAVID<\/p>\n<p>SZASZ NOEMI<\/p>\n<p>TRIFESCU MARIA<\/p>\n<p>&nbsp;<\/p>\n<p>&nbsp;<\/p>\n<p><strong>CATEGORIA A5 \u2013 2006<\/strong><\/p>\n<p>BIDU ALVIN &#8211; SUCEAVA<\/p>\n<p>GIURGIU CORINA-MARIA<\/p>\n<p>H\u0102R\u0218AN-FARR ALIA<\/p>\n<p>IAKAB-GYIK DOROTTYA<\/p>\n<p>JURJ LUCIANA MARIA \u2013 ALBA IULIA<\/p>\n<p>KISS DOROTTYA ESZTER<\/p>\n<p>METEA DARIA<\/p>\n<p>MOCAN MIRIAM ESTEFANIA \u2013 ALBA IULIA<\/p>\n<p>MO\u021aOCAN FILIP<\/p>\n<p>NAGY DANIEL<\/p>\n<p>P\u0102DURE STEPHANY CAMELIA \u2013 BISTRI\u021aA<\/p>\n<p>P\u00c2RGARU MARIA \u2013 ALBA IULIA<\/p>\n<p>PETREAN CASIAN OVIDIU \u2013 ALBA IULIA<\/p>\n<p>RUSU ALEXIA-ANA<\/p>\n<p>RUSU DOROTHEA<\/p>\n<p>SAMOIL\u0102 IRINA<\/p>\n<p>TOBIAS ROBERT-MARK<\/p>\n<p>V\u0102DAN ALEXIE<\/p>\n<p>VELE DANIEL-IOAN<\/p>\n<p>&nbsp;<\/p>\n<p>&nbsp;<\/p>\n<p><strong>CATEGORIA A6 &#8211; 2005<\/strong><\/p>\n<p>B\u0102LAN NICULINA \u2013 ALBA IULIA<\/p>\n<p>CERNEA MARIA \u2013 ALBA IULIA<\/p>\n<p>CICEU-CUC DAVID<\/p>\n<p>CRISTESCU DENISA &#8211; SUCEAVA<\/p>\n<p>D\u0102NCIL\u0102 IRINA MARIA \u2013 ALBA IULIA<\/p>\n<p>G\u0102L\u0102\u021aEANU PAUL \u2013 VALENTIN \u2013 BISTRI\u021aA<\/p>\n<p>LUP DAVID-PAUL<\/p>\n<p>SZASZ GER\u00d6CS HUNOR<\/p>\n<p>VELIMAN SARA<\/p>\n<p>&nbsp;<\/p>\n<p>&nbsp;<\/p>\n<p><strong>CATEGORIA A7 \u2013 2004<\/strong><\/p>\n<p>ANCA DARIA IOANA \u2013 ALBA IULIA<\/p>\n<p>ARION AMALIA-CRISTINA<\/p>\n<p>BAN NATALIA<\/p>\n<p>BRAD BENIAMIN<\/p>\n<p>BUDA NAOMI \u2013 ALBA IULIA<\/p>\n<p>COLE\u0218A MARIA<\/p>\n<p>DUMA FLAVIUS<\/p>\n<p>GOMBOS GERGELY<\/p>\n<p>MEZEI THEODORE MIHAI<\/p>\n<p>MUNCACIU CODARCEA VALENTINA<\/p>\n<p>NAGY ELISABETA<\/p>\n<p>ROBA CRISTIAN \u2013 ALBA IULIA<\/p>\n<p>RO\u0218U SILVIU AUGUSTIN \u2013 ALBA IULIA<\/p>\n<p>SORLEA IULIA-ALEXANDRA<\/p>\n<p>&nbsp;<\/p>\n<p>&nbsp;<\/p>\n<p><strong>CATEGORIA A8 \u2013 2003<\/strong><\/p>\n<p>ARPA\u0218 ANTONIA<\/p>\n<p>BUDULAC DAVID<\/p>\n<p>CIUGUDEAN RAUL GEORGE FLORIN \u2013 ALBA IULIA<\/p>\n<p>DARIE ELIAS-DANIEL<\/p>\n<p>FOROG\u0102U ESTERA<\/p>\n<p>JANKO DEBORAH<\/p>\n<p>SHIKH SLEMAN SOFIA<\/p>\n<p>TALO\u0218 MARIA<\/p>\n<p>VANCEA BIANCA<\/p>\n<p>&nbsp;<\/p>\n<p>&nbsp;<\/p>\n<p><strong>\u00a0<\/strong><strong>CATEGORIA A9<\/strong><\/p>\n<p>ALDEA SERAFIM \u2013 ALBA IULIA<\/p>\n<p>CO\u0218BUC ALINA-LORENA \u2013 BISTRI\u021aA<\/p>\n<p>GLIGOR LUNGAN VLADIMIR \u2013 ALBA IULIA<\/p>\n<p>JAKAB-GYIK SAROLTA<\/p>\n<p>KISS BOGLARKA-DALMA<\/p>\n<p>K\u00d6NCZEI ESZTER<\/p>\n<p>LELU\u021aIU OANA ALEXANDRA<\/p>\n<p>POPA IOANA \u2013 ALBA IULIA<\/p>\n<p>RUS ARCA MARIA<\/p>\n<p>TOTHPAL AGATHA<\/p>\n<p>VARGA IONU\u021a EMIL &#8211; ZAL\u0102U<\/p>\n<p>V\u0102LEAN ANDRA<\/p>\n<p>&nbsp;<\/p>\n<p><strong>\u00a0<\/strong><\/p>\n<p><strong>CATEGORIA A10<\/strong><\/p>\n<p>B\u0102NESCU SABIN \u2013 RM.V\u00c2LCEA<\/p>\n<p>POP ANA<\/p>\n<p>POSTEUC\u0102 ANDREEA-DALIA<\/p>\n<p>\u021a\u00c2RC RALUCA-S\u00c2NZIANA<\/p>\n<p><strong>\u00a0<\/strong><\/p>\n<p>&nbsp;<\/p>\n<p><strong>CATEGORIA A11<\/strong><\/p>\n<p>BORZ ANDRA<\/p>\n<p>JAKAB ENDRE<\/p>\n<p>MACOVEI \u0218TEFAN<\/p>\n<p>MALICSKI KRISZTIAN<\/p>\n<p>MORAR ANDREEA ELENA \u2013 ALBA IULIA<\/p>\n<p>&nbsp;<\/p>\n<p><strong>\u00a0<\/strong><\/p>\n<p><strong>CATEGORIA A12 \u2013 1999<\/strong><\/p>\n<p>BARBU TEODOR<\/p>\n<p>C\u00c2NCEAN SHIVANGI SIMONA<\/p>\n<p>CICIREAG\u0102-MOISESCU ANDREEA<\/p>\n<p>CO\u0218BUC ADRIANA LARISA \u2013 BISTR\u021aA<\/p>\n<p>MARE\u0218 HANNA BLANKA<\/p>\n<p>&nbsp;<\/p>\n<p>&nbsp;<\/p>\n<p><strong>CATEGORIA A13 \u2013 1998<\/strong><\/p>\n<p>CATERENCIUC EVELINA<\/p>\n<p>NAGY CSENGE<\/p>\n<p>NECHIFOR ALEXANDRU<\/p>\n<p>POTOPEA ALEXANDRA<\/p>\n<p>&nbsp;<\/p>\n<p>&nbsp;<\/p>\n<p><strong>CATEGORIA A14<\/strong><\/p>\n<p>DR\u0102GU\u0218IN DIANA TEODORA \u2013 ALBA IULIA<\/p>\n<p>FERENCZI-GURBAN EDUARD<\/p>\n<p>GRIGU\u021a\u0102 BOGDAN \u2013 BAIA MARE<\/p>\n<p>&nbsp;<\/p>\n<p>&nbsp;<\/p>\n<p>&nbsp;<\/p>\n<p>&nbsp;<\/p>\n<p><strong>CATEGORIA B1 \u2013 2010<\/strong><\/p>\n<p>MIRZAC ANDREEA CAMELIA \u2013 GALA\u021aI<\/p>\n<p>ZIERLIU SONIA MARIA<\/p>\n<p>&nbsp;<\/p>\n<p><strong>\u00a0<\/strong><strong>CATEGORIA B2 &#8211; 2009<\/strong><\/p>\n<p>BOANC\u0102 GEORGIA<\/p>\n<p>CHITEA CLAUDIA IOANA<\/p>\n<p>DIUDEA IRINA<\/p>\n<p>GODJA CARLA<\/p>\n<p>KLAPSINAKIS PHILIP \u2013 RETHYMNO &#8211; CRETA<\/p>\n<p>MAKSUTOVICI ENYA<\/p>\n<p>PATACHI EVA IOANA \u2013 ALBA IULIA<\/p>\n<p>PAVEL MAIA<\/p>\n<p>PETEAN-PAVEL \u0218TEFANIA<\/p>\n<p>PU\u0218CA\u0218 ILINCA RUXANDRA \u2013 ORADEA<\/p>\n<p>TOMA LOIS-EMANUELA<\/p>\n<p>&nbsp;<\/p>\n<p><strong>\u00a0<\/strong><strong>CATEGORIA B3 \u2013 200<\/strong>8<\/p>\n<p>BALOG TONIA-BEATRICE<\/p>\n<p>BORODI BIANCA<\/p>\n<p>BORZA DANIEL<\/p>\n<p>BRUMAR PATRICK &#8211; SIBIU<\/p>\n<p>D\u0102IAN PHILIP \u2013 ALBA IULIA<\/p>\n<p>ERHAN ANA TEODORA \u2013 RM.V\u00c2LCEA<\/p>\n<p>FRANGACHE DIANA MARIA<\/p>\n<p>HUBAN LAUREN\u021aIU<\/p>\n<p>POP ANA LUMINI\u021aA CIPRIANA<\/p>\n<p>POP MARIA<\/p>\n<p>TOMA VICTORIA<\/p>\n<p>&nbsp;<\/p>\n<p><strong>\u00a0<\/strong><strong>CATEGORIA B4 &#8211; 2007<\/strong><\/p>\n<p>ADAM EMMA<\/p>\n<p>AZBE V\u00c2LCESCU R\u0102ZVAN<\/p>\n<p>CIOBANU VLAD<\/p>\n<p>CORBEANU EMMA CRISTIANA<\/p>\n<p>CSALAI PATRIC<\/p>\n<p>F\u00dcLOP RITA<\/p>\n<p>GABOR JULIA<\/p>\n<p>HRISTEA ELIZA \u2013 ENYA<\/p>\n<p>IOZSA EDUARD \u2013 DAVID<\/p>\n<p>ISTRATE IULIA-FLORENTINA<\/p>\n<p>MIRZAC MARIA ALEXANDRA \u2013 GALA\u021aI<\/p>\n<p>ROMAN MONICA DIANA<\/p>\n<p>TUDURACHE EDUARD<\/p>\n<p>UDRESCU MARIA<\/p>\n<p>VAJDA TAMAS<\/p>\n<p>&nbsp;<\/p>\n<p><strong>CATEGORIA B5 \u2013 2006<\/strong><\/p>\n<p>BABO\u0218 ANA-DANIELA<\/p>\n<p>BONIS REKA<\/p>\n<p>BURSA\u0218IU MIHAI ALEXANDRU \u2013 ORADEA<\/p>\n<p>CHIFOR MARIA<\/p>\n<p>MOLDOVAN ALEXANDRU DANIEL \u2013 ALBA IULIA<\/p>\n<p>S\u0102VAN EMMA ANASTASIA<\/p>\n<p>TELEKY KRISZTIAN SAMUEL<\/p>\n<p><strong>\u00a0<\/strong><\/p>\n<p><strong>CATEGORIA B6 \u2013 2005<\/strong><\/p>\n<p>BARTA SAROLTA<\/p>\n<p>BRUMAR ANA MAYA &#8211; SIBIU<\/p>\n<p>C\u0102LIAN EMA<\/p>\n<p>COJAN OLGA AMALIA<\/p>\n<p>COZA ROMANA<\/p>\n<p>GRARD LEYLA<\/p>\n<p>KEREKES MIANA-TIMEA<\/p>\n<p>M\u0102CIUC\u0102 MIRUNA<\/p>\n<p>RUSU MARIA-IOANA<\/p>\n<p>&nbsp;<\/p>\n<p><strong>CATEGORIA B7 \u2013 2004 <\/strong><\/p>\n<p>ASTAL\u00ce\u0218 ANDREI<\/p>\n<p>BENCZEDI KRISTOF &#8211; ORADEA<\/p>\n<p>CENTEA LAURA<\/p>\n<p>DAM\u0218E DENIS ANDREI \u2013 ORADEA<\/p>\n<p>MURE\u0218AN SOFIA NELLY<\/p>\n<p>&nbsp;<\/p>\n<p><strong>CATEGORIA B8 \u2013 2003<\/strong><\/p>\n<p>COZAC RALUCA &#8211; DIANA<\/p>\n<p>DEACONEASA ELENA SOFIA \u2013 RM.V\u00c2LCEA<\/p>\n<p>GHERMAN JAN ALEXANDRU<\/p>\n<p>KO\u0218A MIRUNA<\/p>\n<p>LASZLO RENATA IOANA<\/p>\n<p>RUS FILIP<\/p>\n<p><strong>\u00a0<\/strong><\/p>\n<p><strong>CATEGORIA B9 &#8211; 2002<\/strong><\/p>\n<p>C\u0102RPINEAN IULIA \u2013 ALBA IULIA<\/p>\n<p>LASZLOFFY BOTOND &#8211; ORADEA<\/p>\n<p>&nbsp;<\/p>\n<p><strong>\u00a0<\/strong><strong>CATEGORIA B10 \u2013 2001<\/strong><\/p>\n<p>DRAGO\u0218 ROMAN CRISTIANA<\/p>\n<p>MARTON HERMINA REKA<\/p>\n<p>PERAKAKI AFRODITI-RETHYMNO &#8211; CRETA<\/p>\n<p>TURCAN MIHAIL<\/p>\n<p>&nbsp;<\/p>\n<p><strong>CATEGORIA B12 \u2013 1999<\/strong><\/p>\n<p>COROIU DIANA<\/p>\n<p>PETER ANNA<\/p>\n<p>TAPCIUC LAURA IOANA \u2013 BISTRI\u021aA<\/p>\n<p><strong>\u00a0<\/strong><\/p>\n<p><strong>CATEGORIA B13 &#8211; 1998<\/strong><\/p>\n<p>DOBOAC\u0102 ANTONIA<\/p>\n<p>&nbsp;<\/p>\n<p>&nbsp;<\/p>\n<p><strong>CATEGORIA C(4 maini)<\/strong><\/p>\n<p>DUDA\u0218 MARC DANIEL \u2013 2007 \u2013 ORADEA<\/p>\n<p>BURSA\u0218IU MIHAI ALEXANDRU \u2013 2006<\/p>\n<p>BULIERIS VLAD &#8211; MITU ANDREI \u2013 2002<\/p>\n<p>FR\u0102\u021aIL\u0102 ILINCA \u2013 POP TEODORA \u2013 2004<\/p>\n<p>BUT SARA \u2013 TARCEA NOA \u2013 2008<\/p>\n<p>MIRZAC MARIA ALEXANDRA \u2013 MIRZAC ANDREEA CAMELIA \u2013 GALA\u021aI<\/p>\n<p>JIDVEIANU ROXANA \u2013 VOINEA \u0218TEFANIA \u2013 2006<\/p>\n<p>CRI\u0218AN SARA \u2013 CRI\u0218AN SOFIA \u2013 2006<\/p>\n<p>RUSU NICOLETA \u2013 GHERASIM ANA \u2013 2007<\/p>\n<p>BRUMAR PATRICK(2007) \u2013 BRUMAR ANA MAYA(2005)<\/p>\n<p>ASZTALOS ANETT(2004) \u2013 CRI\u0218AN OLIMPIU-VLAD(2008)<\/p>\n<p>TAMAS ZSOFIA(2006) \u2013 HATHAZI TAMAS(20060<\/p>\n<p>NEGREA ALESIA(2006) \u2013 TO\u0218A HANNA(2006)<\/p>\n<p>NAGY ANITA(2005) \u2013 HORVATH ZSOFIA(2006)<\/p>\n<p>NEMES KRISZTA NOELLA(2004) \u2013 GORBAI ZSOFIA(2004)<\/p>\n<p>GNANDT TAMAS(2006) \u2013 KEZDI ANITA(2007)<\/p>\n<p>CORBEANU EMMA-CRISTIANA(2007) \u2013 CORBEANU DIANDRA-ELENA(2000)<\/p>\n<p>CENTEA LAURA(2004) \u2013 CHERECHE\u0218 CATERINA(2003)<\/p>\n<p>&nbsp;<\/p>\n<p>&nbsp;<\/p>\n","protected":false},"excerpt":{"rendered":"<p>Locatia Festivalului:\u00a0Muzeul Etnografic al Transilvaniei &#8211; Str. Memorandumului nr. 21 Va rog consultati lista participantilor( dupa programarea de mai jos) si semnalati eventualele probleme. &nbsp; &nbsp; PROGRAMAREA CONCUREN\u021aILOR LA FESTIVALUL NA\u021aIONAL ,,PRIETENII MUZICII\u201d \u2013 PRO PIANO \u2013 ROM\u00c2NIA BUCURE\u0218TI \u2013 2016 \u00a0\u00a0\u00a0\u00a0\u00a0\u00a0\u00a0\u00a0\u00a0\u00a0\u00a0\u00a0\u00a0\u00a0\u00a0\u00a0\u00a0\u00a0\u00a0\u00a0\u00a0\u00a0\u00a0\u00a0 FILIALA CLUJ \u2013 NAPOCA EDI\u021aIA A IX-A &nbsp; &nbsp; VINERI 26.02.2016 &nbsp; 9 [&hellip;]<\/p>\n","protected":false},"author":1,"featured_media":0,"parent":0,"menu_order":0,"comment_status":"closed","ping_status":"closed","template":"","meta":{"footnotes":""},"class_list":["post-3487","page","type-page","status-publish","hentry"],"_links":{"self":[{"href":"https:\/\/www.propiano.org\/romanian\/wp-json\/wp\/v2\/pages\/3487","targetHints":{"allow":["GET"]}}],"collection":[{"href":"https:\/\/www.propiano.org\/romanian\/wp-json\/wp\/v2\/pages"}],"about":[{"href":"https:\/\/www.propiano.org\/romanian\/wp-json\/wp\/v2\/types\/page"}],"author":[{"embeddable":true,"href":"https:\/\/www.propiano.org\/romanian\/wp-json\/wp\/v2\/users\/1"}],"replies":[{"embeddable":true,"href":"https:\/\/www.propiano.org\/romanian\/wp-json\/wp\/v2\/comments?post=3487"}],"version-history":[{"count":16,"href":"https:\/\/www.propiano.org\/romanian\/wp-json\/wp\/v2\/pages\/3487\/revisions"}],"predecessor-version":[{"id":3790,"href":"https:\/\/www.propiano.org\/romanian\/wp-json\/wp\/v2\/pages\/3487\/revisions\/3790"}],"wp:attachment":[{"href":"https:\/\/www.propiano.org\/romanian\/wp-json\/wp\/v2\/media?parent=3487"}],"curies":[{"name":"wp","href":"https:\/\/api.w.org\/{rel}","templated":true}]}}