{"id":3164,"date":"2015-01-29T09:35:35","date_gmt":"2015-01-29T09:35:35","guid":{"rendered":"http:\/\/www.propiano.org\/romanian\/?page_id=3164"},"modified":"2015-01-30T18:30:19","modified_gmt":"2015-01-30T18:30:19","slug":"concurs-mozart-tirgoviste-2015","status":"publish","type":"page","link":"https:\/\/www.propiano.org\/romanian\/concurs-mozart-tirgoviste-2015\/","title":{"rendered":"Concurs &#8220;Mozart&#8221;  &#8211; Tirgoviste 2015"},"content":{"rendered":"<h3><strong>CONCURS NA\u021aIONAL DE <\/strong><strong>INTEPRETARE\u00a0 &#8220;<\/strong><strong><em><strong><em>W. A. MOZART&#8221;<\/em><\/strong><\/em><\/strong><\/h3>\n<h4><strong>EDI\u021aIA a XIX-a, <\/strong><strong>12-13 iunie 2015, <\/strong><strong>T\u00a0\u00c2 R G O V I\u00a0\u0218 T E<\/strong><\/h4>\n<p>&nbsp;<\/p>\n<p>&nbsp;<\/p>\n<p><strong>CONDITII DE PARTICIPARE<\/strong><\/p>\n<p>&#8211; Concursul se desfasoara pe 2 sectiuni: Pian , Vioar\u0103<\/p>\n<p>&nbsp;<\/p>\n<p>PIAN: clasele I \u2013 XII<\/p>\n<p>VIOAR\u0102: clasele I \u2013 XII.<\/p>\n<p>&nbsp;<\/p>\n<p><strong>REPERTORIU DE CONCURS<\/strong><\/p>\n<p><strong>PIAN<\/strong><\/p>\n<p><strong>clasele I \u2013VIII<\/strong><\/p>\n<ol>\n<li>o lucrare din creatia lui W. A. Mozart: piesa, sonatina-p I, sonata-p I, tema cu variatiuni, rondo de sine statator, fantezie<\/li>\n<li>o lucrare din repertoriul preclasic, romantic, modern sau romanesc, diferita ca forma.<\/li>\n<\/ol>\n<p>&nbsp;<\/p>\n<p><strong>clasele IX \u2013 XII<\/strong><\/p>\n<ol>\n<li>o lucrare de W. A. Mozart: sonata-p I, tema cu variatiuni, rondo de sine statator<\/li>\n<li>o lucrare din repertoriul romantic<\/li>\n<li>o lucrare din repertoriul modern sau romanesc.<\/li>\n<\/ol>\n<p>&nbsp;<\/p>\n<p><span style=\"text-decoration: underline;\">durata repertoriului<\/span>:<\/p>\n<p>clasele I \u2013II 5 minute<\/p>\n<p>clasele III \u2013 IV 10 minute<\/p>\n<p>clasele V \u2013 VIII 15 minute<\/p>\n<p>clasele IX \u2013 X 20 minute<\/p>\n<p>clasele XI \u2013 XII 30 minute.<\/p>\n<p>&nbsp;<\/p>\n<p>&nbsp;<\/p>\n<p><strong>VIOAR\u0102<\/strong><\/p>\n<p><strong>clasele I \u2013VIII<\/strong><strong>\u00a0<\/strong><\/p>\n<ol>\n<li>o lucrare din creatia lui W. A. Mozart.<\/li>\n<li>o lucrare din repertoriul preclasic, romantic, modern sau romanesc, diferita ca forma.<\/li>\n<\/ol>\n<p>&nbsp;<\/p>\n<p><strong>clasele IX \u2013 XII<\/strong><\/p>\n<ol>\n<li>o lucrare de W. A. Mozart.<\/li>\n<li>o lucrare din repertoriul preclasic<\/li>\n<li>o lucrare din repertoriul romantic, modern sau romanesc.<\/li>\n<\/ol>\n<p>&nbsp;<\/p>\n<p><span style=\"text-decoration: underline;\">durata repertoriului<\/span>:<\/p>\n<p>clasele I \u2013II 5 minute<\/p>\n<p>clasele III \u2013 IV 10 minute<\/p>\n<p>clasele V \u2013 VIII 15 minute<\/p>\n<p>clasele IX \u2013 X 20 minute<\/p>\n<p>clasele XI \u2013 XII 30 minute.<\/p>\n<p><strong>\u00a0<\/strong><\/p>\n<p><strong>\u00a0<\/strong><\/p>\n<p><strong>Inscriere &#8211; Regulament<\/strong><\/p>\n<p>INSCRIEREA LA CONCURS se va face pe baza fisei de inscriere anexata prezentului Regulament, \u00eenso\u0163it\u0103 de copia certificatului de na\u015ftere sau CI (prin po\u015ft\u0103, mail sau fax).<\/p>\n<ul>\n<li>Nu se percepe tax\u0103 de participare conform ordinului MEN 5002\/02.12.2014<\/li>\n<li>Termenul limita de inscriere este 1 iunie 2015, data postei, pe adresa de e-mail sau pe fax 0245211166.<\/li>\n<li>Juriul concursului va fi alcatuit din personalitati ale invatamantului universitar si din profesori de specialitate. Hotararile juriului sunt definitive.<\/li>\n<li>Concurentii vor fi prezenti cu 30 de minute inainte de intrarea in concurs.<\/li>\n<li>Nu se admit modificari ulterioare in repertoriul comunicat in fisa de inscriere.<\/li>\n<li>Se acorda premii si mentiuni pentru fiecare clasa. Se acorda Trofeul \u201cW. A. Mozart\u201d pentru cea mai buna interpretare a unei lucrari mozartiene fiecarei sectii: Pian, Vioar\u0103.<\/li>\n<li>Concurentii de la cele 2 sectii, premia\u0163i cu Trofeul Mozart vor evolua in Gala laureatilor al\u0103turi de premian\u0163ii desemna\u0163i de juriu pentru a evolua \u00een Gala laurea\u0163ilor.<\/li>\n<li>La festivitatea de premiere si Gala laureatilor, prezenta tuturor participantilor este obligatorie, premiile urmand a fi inmanate numai personal.<\/li>\n<li>Organizatorii isi rezerva dreptul de a face public , in scop de promovare , inregistrari video si audio din timpul concursului , inscrierea reprezentand acordul participantilor in acest sens.<\/li>\n<\/ul>\n<p>&nbsp;<\/p>\n<p>CAZAREA SI MASA<\/p>\n<p><strong>Nu putem asigura condi\u0163ii de cazare \u015fi mas\u0103.<\/strong><\/p>\n<p>&nbsp;<\/p>\n<p><strong>Informatii suplimentare:<\/strong><\/p>\n<p>la secretariatul <strong>LICEULUI DE ARTE \u201eB\u0102LA\u015eA DOAMNA \u201d\u00a0\u00a0&#8211;\u00a0<\/strong><strong>T\u00c2RGOVI\u015eTE<\/strong><\/p>\n<p>Strada P\u00c2RVAN POPESCU NR.60, Cod po\u015ftal 130078, D\u00e2mbovi\u0163a, Rom\u00e2nia<\/p>\n<p>Tel: 0372716566, 0732100285<\/p>\n<p>Tel\/Fax: 0245 \/ 21 11 66<\/p>\n<p>e-mail: \u00a0musicschool_ro @yahoo.com<\/p>\n<p>director: \u00a0Procopciuc Luminita, tel. 0723-256 155<\/p>\n<p><strong>\u00a0 <\/strong><\/p>\n<p><strong>\u00a0\u00a0\u00a0\u00a0\u00a0\u00a0\u00a0\u00a0\u00a0\u00a0\u00a0\u00a0\u00a0\u00a0\u00a0\u00a0\u00a0\u00a0\u00a0\u00a0\u00a0\u00a0\u00a0\u00a0\u00a0\u00a0\u00a0\u00a0\u00a0<\/strong><\/p>\n<p><strong>\u00a0<\/strong><\/p>\n<p><strong>\u00a0<\/strong><\/p>\n<h4><strong>FISA DE INSCRIERE<\/strong><\/h4>\n<h4><strong>LA CONCURSUL NATIONAL<\/strong><strong> DE INTERPRETARE \u201dW. A. MOZART\u201d<\/strong><\/h4>\n<p><strong>Editia a XIX-a, Targoviste, 12-13 iunie 2015<\/strong><\/p>\n<p>&nbsp;<\/p>\n<p>Numele si prenumele concurentului &#8230;&#8230;&#8230;&#8230;&#8230;&#8230;&#8230;&#8230;&#8230;&#8230;&#8230;&#8230;&#8230;&#8230;&#8230;&#8230;&#8230;&#8230;&#8230;&#8230;&#8230;&#8230;&#8230;&#8230;&#8230;&#8230;&#8230;&#8230;&#8230;&#8230;&#8230;..<\/p>\n<p>CNP &#8230;&#8230;&#8230;&#8230;&#8230;&#8230;&#8230;&#8230;&#8230;&#8230;&#8230;&#8230;&#8230;&#8230;&#8230;&#8230;&#8230;&#8230;&#8230;&#8230;&#8230;&#8230;&#8230;.. Tel &#8230;&#8230;&#8230;&#8230;&#8230;&#8230;&#8230;&#8230;&#8230;&#8230;&#8230;&#8230;&#8230;&#8230;&#8230;&#8230;<\/p>\n<p>Clasa &#8230;&#8230;&#8230;&#8230;&#8230;.. Scoala &#8230;&#8230;&#8230;&#8230;&#8230;&#8230;&#8230;&#8230;&#8230;&#8230;&#8230;&#8230;&#8230;&#8230;&#8230;&#8230;&#8230;&#8230;&#8230;&#8230;&#8230;&#8230;&#8230;&#8230;&#8230;&#8230;&#8230;&#8230;&#8230;&#8230;&#8230;&#8230;&#8230;&#8230;&#8230;..<\/p>\n<p>Localitatea &#8230;&#8230;&#8230;&#8230;&#8230;&#8230;&#8230;&#8230;&#8230;&#8230;&#8230;&#8230;&#8230;&#8230;&#8230;&#8230;&#8230;&#8230;&#8230;&#8230;&#8230;&#8230;&#8230;.<\/p>\n<p>Judetul &#8230;&#8230;&#8230;&#8230;&#8230;&#8230;&#8230;&#8230;&#8230;&#8230;&#8230;&#8230;&#8230;&#8230;&#8230;&#8230;&#8230;&#8230;&#8230;&#8230;&#8230;&#8230;.<\/p>\n<p>Instrument &#8230;&#8230;&#8230;&#8230;&#8230;&#8230;&#8230;&#8230;&#8230;&#8230;&#8230;&#8230;&#8230;&#8230;&#8230;&#8230;&#8230;..<\/p>\n<p>Profesor &#8230;&#8230;&#8230;&#8230;&#8230;&#8230;&#8230;&#8230;&#8230;&#8230;&#8230;&#8230;&#8230;&#8230;&#8230;&#8230;&#8230;&#8230;&#8230;&#8230;&#8230;&#8230;&#8230;&#8230;&#8230;&#8230;&#8230;..<\/p>\n<p>Profesor acompaniator &#8230;&#8230;&#8230;&#8230;&#8230;&#8230;&#8230;&#8230;&#8230;&#8230;&#8230;&#8230;&#8230;&#8230;&#8230;&#8230;&#8230;&#8230;&#8230;&#8230;&#8230;&#8230;&#8230;&#8230;&#8230;&#8230;&#8230;&#8230;&#8230;&#8230;&#8230;&#8230;&#8230;&#8230;&#8230;&#8230;.<\/p>\n<p>&nbsp;<\/p>\n<p>&nbsp;<\/p>\n<p>REPERTORIU<\/p>\n<p><strong><span style=\"text-decoration: underline;\">compozitor\u00a0\u00a0\u00a0\u00a0\u00a0\u00a0\u00a0\u00a0\u00a0\u00a0\u00a0\u00a0\u00a0\u00a0\u00a0\u00a0\u00a0\u00a0\u00a0\u00a0\u00a0\u00a0\u00a0\u00a0\u00a0\u00a0\u00a0\u00a0\u00a0\u00a0\u00a0\u00a0\u00a0\u00a0 \u00a0\u00a0\u00a0\u00a0\u00a0\u00a0\u00a0\u00a0\u00a0\u00a0\u00a0\u00a0\u00a0\u00a0\u00a0titlul lucrarii\u00a0\u00a0\u00a0\u00a0\u00a0\u00a0\u00a0\u00a0\u00a0\u00a0\u00a0\u00a0\u00a0\u00a0\u00a0\u00a0\u00a0\u00a0\u00a0\u00a0\u00a0\u00a0\u00a0\u00a0\u00a0\u00a0\u00a0\u00a0\u00a0\u00a0\u00a0\u00a0\u00a0\u00a0\u00a0\u00a0\u00a0\u00a0\u00a0\u00a0\u00a0\u00a0\u00a0\u00a0\u00a0\u00a0\u00a0\u00a0\u00a0\u00a0\u00a0\u00a0\u00a0\u00a0\u00a0\u00a0\u00a0\u00a0\u00a0\u00a0\u00a0\u00a0 <\/span><\/strong><span style=\"text-decoration: underline;\">minutaj<\/span><\/p>\n<p><strong><span style=\"text-decoration: underline;\">\u00a0<\/span><\/strong><\/p>\n<p><strong>1.<\/strong>&#8230;&#8230;&#8230;&#8230;&#8230;&#8230;&#8230;&#8230;&#8230;&#8230;&#8230;&#8230;&#8230;&#8230;&#8230;&#8230;&#8230;&#8230;&#8230;&#8230;&#8230;&#8230;&#8230;&#8230;&#8230;&#8230;&#8230;&#8230;&#8230;&#8230;&#8230;&#8230;&#8230;&#8230;&#8230;&#8230;&#8230;&#8230;&#8230;&#8230;&#8230;&#8230;&#8230;&#8230;&#8230;&#8230;&#8230;&#8230;&#8230;&#8230;&#8230;&#8230;&#8230;&#8230;&#8230;<\/p>\n<p><strong>\u00a02.<\/strong>&#8230;&#8230;&#8230;&#8230;&#8230;&#8230;&#8230;&#8230;&#8230;&#8230;&#8230;&#8230;&#8230;&#8230;&#8230;&#8230;&#8230;&#8230;&#8230;&#8230;&#8230;&#8230;&#8230;&#8230;&#8230;&#8230;&#8230;&#8230;&#8230;&#8230;&#8230;&#8230;&#8230;&#8230;&#8230;&#8230;&#8230;&#8230;&#8230;&#8230;&#8230;&#8230;&#8230;&#8230;&#8230;&#8230;&#8230;&#8230;&#8230;&#8230;&#8230;&#8230;&#8230;&#8230;.<\/p>\n<p><strong>\u00a0<\/strong><strong>3.<\/strong>&#8230;&#8230;&#8230;&#8230;&#8230;&#8230;&#8230;&#8230;&#8230;&#8230;&#8230;&#8230;&#8230;&#8230;&#8230;&#8230;&#8230;&#8230;&#8230;&#8230;&#8230;&#8230;&#8230;&#8230;&#8230;&#8230;&#8230;&#8230;&#8230;&#8230;&#8230;&#8230;&#8230;&#8230;&#8230;&#8230;&#8230;&#8230;&#8230;&#8230;&#8230;&#8230;&#8230;&#8230;&#8230;&#8230;&#8230;&#8230;&#8230;&#8230;&#8230;&#8230;&#8230;&#8230;.<\/p>\n<p><strong>\u00a0<\/strong><\/p>\n<p>Responsabil Catedra -semnatura-\u00a0\u00a0\u00a0\u00a0\u00a0\u00a0\u00a0\u00a0\u00a0\u00a0\u00a0\u00a0\u00a0\u00a0\u00a0\u00a0\u00a0\u00a0\u00a0\u00a0\u00a0\u00a0\u00a0\u00a0\u00a0\u00a0\u00a0\u00a0\u00a0\u00a0\u00a0\u00a0\u00a0\u00a0\u00a0\u00a0\u00a0\u00a0\u00a0\u00a0\u00a0\u00a0\u00a0\u00a0\u00a0\u00a0\u00a0\u00a0\u00a0\u00a0\u00a0\u00a0\u00a0\u00a0\u00a0\u00a0\u00a0\u00a0\u00a0\u00a0\u00a0\u00a0\u00a0\u00a0\u00a0\u00a0\u00a0\u00a0\u00a0\u00a0\u00a0\u00a0\u00a0\u00a0\u00a0\u00a0\u00a0\u00a0 Director &#8211; semnatura-<\/p>\n","protected":false},"excerpt":{"rendered":"<p>CONCURS NA\u021aIONAL DE INTEPRETARE\u00a0 &#8220;W. A. MOZART&#8221; EDI\u021aIA a XIX-a, 12-13 iunie 2015, T\u00a0\u00c2 R G O V I\u00a0\u0218 T E &nbsp; &nbsp; CONDITII DE PARTICIPARE &#8211; Concursul se desfasoara pe 2 sectiuni: Pian , Vioar\u0103 &nbsp; PIAN: clasele I \u2013 XII VIOAR\u0102: clasele I \u2013 XII. &nbsp; REPERTORIU DE CONCURS PIAN clasele I \u2013VIII [&hellip;]<\/p>\n","protected":false},"author":1,"featured_media":0,"parent":0,"menu_order":0,"comment_status":"open","ping_status":"open","template":"","meta":{"footnotes":""},"class_list":["post-3164","page","type-page","status-publish","hentry"],"_links":{"self":[{"href":"https:\/\/www.propiano.org\/romanian\/wp-json\/wp\/v2\/pages\/3164","targetHints":{"allow":["GET"]}}],"collection":[{"href":"https:\/\/www.propiano.org\/romanian\/wp-json\/wp\/v2\/pages"}],"about":[{"href":"https:\/\/www.propiano.org\/romanian\/wp-json\/wp\/v2\/types\/page"}],"author":[{"embeddable":true,"href":"https:\/\/www.propiano.org\/romanian\/wp-json\/wp\/v2\/users\/1"}],"replies":[{"embeddable":true,"href":"https:\/\/www.propiano.org\/romanian\/wp-json\/wp\/v2\/comments?post=3164"}],"version-history":[{"count":9,"href":"https:\/\/www.propiano.org\/romanian\/wp-json\/wp\/v2\/pages\/3164\/revisions"}],"predecessor-version":[{"id":3179,"href":"https:\/\/www.propiano.org\/romanian\/wp-json\/wp\/v2\/pages\/3164\/revisions\/3179"}],"wp:attachment":[{"href":"https:\/\/www.propiano.org\/romanian\/wp-json\/wp\/v2\/media?parent=3164"}],"curies":[{"name":"wp","href":"https:\/\/api.w.org\/{rel}","templated":true}]}}