{"id":3055,"date":"2014-12-02T09:24:41","date_gmt":"2014-12-02T09:24:41","guid":{"rendered":"http:\/\/www.propiano.org\/romanian\/?page_id=3055"},"modified":"2014-12-02T11:25:41","modified_gmt":"2014-12-02T11:25:41","slug":"programare-prietenii-muzicii-iasi-decembrie-2014","status":"publish","type":"page","link":"https:\/\/www.propiano.org\/romanian\/programare-prietenii-muzicii-iasi-decembrie-2014\/","title":{"rendered":"Programare Prietenii Muzicii Iasi Decembrie 2014"},"content":{"rendered":"<h4>Aten\u021bie: Citi\u021bi lista participan\u021bilor dup\u0103 acest PROGRAM \u0219i semnala\u021bi orice neconcordan\u021b\u0103 (dac\u0103 exist\u0103)<\/h4>\n<p>&nbsp;<\/p>\n<p>&nbsp;<\/p>\n<h4><strong>PROGRAMUL<\/strong><\/h4>\n<h4><strong>Festivalului \u201dPrietenii Muzicii\/Pro Piano-Rom\u00e2nia\u201d<\/strong><\/h4>\n<h4><strong>Filiala IA<\/strong><strong>\u0218<\/strong><strong>I, Edi<\/strong><strong>\u021b<\/strong><strong>ia a IV-a, 5 <\/strong><strong>\u2013<\/strong><strong> 7 decembrie 2014<\/strong><\/h4>\n<p><strong>\u00a0<\/strong><\/p>\n<h4><span style=\"text-decoration: underline;\"><strong>S\u00c2MB\u0102T\u0102 6 decembrie 2014 &#8211; Sec\u021biunea A<\/strong><\/span><\/h4>\n<p><strong>Ora 8,30 \u2013 categoriile A3(2007), A4(2006)<\/strong><\/p>\n<p><strong>Ora 9,30 \u2013 categoria A5(2005)<\/strong><\/p>\n<p><strong>&#8211; PAUZ\u0102<\/strong><\/p>\n<p><strong>Ora 11\u2013 categoria A7(2003)<\/strong><\/p>\n<p><strong>Ora 11,30\u2013 categoria A9(2001)<\/strong><\/p>\n<p><strong>Ora 12,20 \u2013 categoria A10(2000) \u0219i A12(1998)<\/strong><\/p>\n<p><strong>Ora 13 \u2013 sec\u021biunea C(4 m\u00e2ini)<\/strong> <strong>\u00a0<\/strong><\/p>\n<p><strong>&#8211; <\/strong><strong>PREMIERE \u2013 PAUZ\u0102<\/strong> <strong>\u00a0<\/strong><\/p>\n<p><strong>Ora 15 \u2013 categoriile A6(2004) \u0219i A8(2002)<\/strong><\/p>\n<p><strong>Ora 16,30 \u2013 categoria A11(1999)<\/strong><\/p>\n<p><strong>Ora 17,10 \u2013 categoria A13(1997) \u0219i A14(1996)<\/strong> <strong>\u00a0<\/strong><\/p>\n<p><strong>&#8211; PREMIERE<\/strong><\/p>\n<p>&nbsp;<\/p>\n<h4><strong>\u00a0<\/strong><\/h4>\n<h4><span style=\"text-decoration: underline;\"><strong>DUMINIC\u0102 7 decembrie 2014 &#8211; Sec\u021biunea B<\/strong><\/span><\/h4>\n<p><strong>Ora 9 \u2013 categoriile B0(2010), B1(2009) \u0219i B2(2008)<\/strong><\/p>\n<p><strong>Ora 9,30 \u2013 categoria B3(2007)\u00a0<\/strong><\/p>\n<p><strong>Ora 10,45 \u2013 categoria B5(2005) <\/strong><strong>\u00a0<\/strong><\/p>\n<p><strong>Ora 11,30 \u2013 Sec\u021biunea C(4 m\u00e2ini)<\/strong><\/p>\n<p><strong>&#8211; PAUZ\u0102<\/strong> <strong>\u00a0<\/strong><\/p>\n<p><strong>Ora 12,15 \u2013 categoriile B4(2006), B6(2004) \u0219i B7(2003)<\/strong><\/p>\n<p><strong>Ora 13\u2013 categoria B8(2002)<\/strong> <strong>\u00a0<\/strong><\/p>\n<p><strong>&#8211; PAUZ\u0102<\/strong> <strong>\u00a0<\/strong><\/p>\n<p><strong>Ora 13,45 \u2013 Grupa cererilor speciale: <\/strong>Aldea Alexandru Iosif \u0219i Botez Eduard Florin (Cat.A2); Botomei Roxana \u0219i Cotru\u021b\u0103 Olivia Laura (Cat. A4)<\/p>\n<p><strong>Ora 14\u2013 categoriile B10(2000) \u0219i B12(1998)<\/strong><\/p>\n<p><strong>&#8211; PREMIERE<\/strong><\/p>\n<p>&nbsp;<\/p>\n<p>&nbsp;<\/p>\n<h3 style=\"text-align: center;\">\u00a0<strong>LISTA PARTICPAN\u021aILOR<\/strong><\/h3>\n<h4><strong>SEC\u0162IUNEA A<\/strong><\/h4>\n<p><strong>\u00a0<\/strong><\/p>\n<p><strong>Categoria A2(2008)<\/strong><\/p>\n<ul>\n<li><b><strong>Aldea Alexandru Iosif &#8211; Ploie\u0219ti<\/strong><\/b><\/li>\n<\/ul>\n<ul>\n<li><b><strong>Botez Eduard Florin &#8211; B\u00e2rlad<\/strong><strong>\u00a0<\/strong><strong>\u00a0<\/strong><\/b><\/li>\n<\/ul>\n<p>&nbsp;<\/p>\n<p><strong>Categoria A3(2007)<\/strong><\/p>\n<ul>\n<li><b><strong>Grigora\u0219 Luoana Elena &#8211; Ia\u0219i<\/strong><\/b><\/li>\n<\/ul>\n<ul>\n<li><b><strong>Mustea\u021b\u0103 Timotei &#8211; Chi\u0219in\u0103u<\/strong><\/b><\/li>\n<\/ul>\n<ul>\n<li><strong>Voion Ana Karina \u2013 Ia\u0219i<\/strong><strong>\u00a0<\/strong><strong>\u00a0<\/strong><\/li>\n<\/ul>\n<p><strong>\u00a0\u00a0\u00a0\u00a0\u00a0\u00a0\u00a0<\/strong><\/p>\n<p><strong>Categoria A4(2006)<\/strong><\/p>\n<ul>\n<li><b><strong>Ambros\u0103 \u0218tefan Vlad &#8211; Ia\u0219i<\/strong><\/b><\/li>\n<\/ul>\n<ul>\n<li><b><strong>B\u00eezg\u0103 Maria Mateea \u2013 Ia\u0219i<\/strong><\/b><\/li>\n<\/ul>\n<ul>\n<li><strong>Botomei Roxana Alexandra &#8211; B\u00e2rlad<\/strong><\/li>\n<\/ul>\n<ul>\n<li><strong>Ciorap Ana Maria &#8211; Ia\u0219i<\/strong><\/li>\n<\/ul>\n<ul>\n<li><strong>Cior\u00e2\u021b\u0103 Bianca Ioana &#8211; Ia\u0219i<\/strong><\/li>\n<\/ul>\n<ul>\n<li><strong>Copcea \u0218tefan Blanka Maria \u2013 Ia\u0219i<\/strong><\/li>\n<\/ul>\n<ul>\n<li><strong>Diaconu Maya Karina &#8211; Ia\u0219i<\/strong><\/li>\n<\/ul>\n<ul>\n<li><strong>Floarea David Christian &#8211; Ia\u0219i<\/strong><\/li>\n<\/ul>\n<ul>\n<li><strong>Fronea \u0218tefana Maria &#8211; Ia\u0219i<\/strong><\/li>\n<\/ul>\n<ul>\n<li><strong>Giurcanu Theodor \u2013 Ia\u0219i<\/strong><\/li>\n<\/ul>\n<ul>\n<li><strong>H\u0103il\u0103 Ioan \u0218erban \u2013 Boto\u0219ani<\/strong><\/li>\n<\/ul>\n<ul>\n<li><strong>Holer\u0103 Sebastian Aurelian \u2013 Ia\u0219i<\/strong><\/li>\n<\/ul>\n<ul>\n<li><strong>Iova Maria Bianca \u2013 Ia\u0219i<\/strong><\/li>\n<\/ul>\n<ul>\n<li><strong>Iu\u0219c\u0103 Elena \u2013 Ia\u0219i<\/strong><\/li>\n<\/ul>\n<ul>\n<li><strong>Legaci Irina-Luiza &#8211; Chi\u0219in\u0103u<\/strong><\/li>\n<\/ul>\n<ul>\n<li><strong>Leonida Ioana Graziella &#8211; Ia\u0219i<\/strong><\/li>\n<\/ul>\n<ul>\n<li><strong>Lupu Giulian Ioan &#8211; Ia\u0219i<\/strong><\/li>\n<\/ul>\n<ul>\n<li><strong>Mih\u0103il\u0103 Ana Adriana &#8211; Ia\u0219i<\/strong><\/li>\n<\/ul>\n<ul>\n<li><strong>Mihuliac Bianca Andreea &#8211; Ia\u0219i<\/strong><\/li>\n<\/ul>\n<ul>\n<li><strong>Mincu Teodora &#8211; Ia\u0219i<\/strong><\/li>\n<\/ul>\n<ul>\n<li><strong>Mo\u0219neagu Iustina &#8211; Ia\u0219i<\/strong><\/li>\n<\/ul>\n<ul>\n<li><strong>P\u0103tr\u0103uceanu Iftimie Sara Sophie &#8211; Ia\u0219i<\/strong><\/li>\n<\/ul>\n<p>&nbsp;<\/p>\n<p><strong>Categoria A5(2005)<\/strong><\/p>\n<ul>\n<li><b><strong>Baban Andreea Lavinia \u2013 Ia\u0219i<\/strong><\/b><\/li>\n<\/ul>\n<ul>\n<li><b><strong>Ciotlo\u0219 Alexandru\u00a0\u00a0 &#8211; Ia\u0219i<\/strong><\/b><\/li>\n<\/ul>\n<ul>\n<li><strong>Cojocari Ovidiu \u2013 Chi\u0219in\u0103u<\/strong><\/li>\n<\/ul>\n<ul>\n<li><strong>Cotoi Alexandru &#8211; Boto\u0219ani<\/strong><\/li>\n<\/ul>\n<ul>\n<li><strong>Cotru\u021b\u0103 Olivia Laura \u2013 B\u00e2rlad<\/strong><\/li>\n<\/ul>\n<ul>\n<li><strong>Gheorghiu <\/strong><strong>Gheorghe<\/strong> <strong>Robert \u2013 B\u00e2rlad<\/strong><\/li>\n<\/ul>\n<ul>\n<li><strong>Iacobitz Maya Elena &#8211; Ia\u0219i<\/strong><\/li>\n<\/ul>\n<ul>\n<li><strong>Ple\u0219ca Ligia Elena \u2013 Boto\u0219ani<\/strong><\/li>\n<\/ul>\n<ul>\n<li><strong>Rotaru Eleonora \u2013 Chi\u0219in\u0103u<\/strong><\/li>\n<\/ul>\n<ul>\n<li><strong>Scarlii Iulia \u2013 Boto\u0219ani<\/strong><\/li>\n<\/ul>\n<ul>\n<li><strong>Simionescu Teodora \u2013 B\u00e2rlad<\/strong><\/li>\n<\/ul>\n<ul>\n<li><strong>Simirad Alexandru \u2013 Ia\u0219i<\/strong><\/li>\n<\/ul>\n<ul>\n<li><strong>Soreanu Luca &#8211; Ia\u0219i<\/strong><\/li>\n<\/ul>\n<ul>\n<li><strong>Zberchea Mario Adrian\u00a0<\/strong><\/li>\n<\/ul>\n<p><strong>\u00a0<\/strong><strong>\u00a0\u00a0\u00a0<\/strong><\/p>\n<p><strong>Categoria A6(2004)<\/strong><strong>\u00a0<\/strong><\/p>\n<ul>\n<li>\u00a0<b><strong>Arbore Denisa Gabriel &#8211; Ia\u0219i<\/strong><\/b><\/li>\n<li><\/li>\n<li><b><strong>B\u00e2rzu Daria Alexandra<\/strong><strong> \u2013 Ia\u0219i<\/strong><\/b><\/li>\n<\/ul>\n<ul>\n<li><strong>Coroli Elizaveta \u2013 Chi\u0219in\u0103u<\/strong><\/li>\n<\/ul>\n<ul>\n<li><strong>Ivanoschi Raluca Daniela \u2013 Ia\u0219i<\/strong><\/li>\n<\/ul>\n<ul>\n<li><strong>Pantelei Cristian \u2013 Chi\u0219in\u0103u<\/strong><\/li>\n<\/ul>\n<ul>\n<li><strong>Paule\u021b Sara Maria \u2013 Roman<\/strong><\/li>\n<\/ul>\n<ul>\n<li><strong>Simionescu Oana Maria \u2013 B\u00e2rlad<\/strong><strong>\u00a0<\/strong><\/li>\n<\/ul>\n<p>&nbsp;<\/p>\n<p><strong>Categoria A7(2003)<\/strong><\/p>\n<ul>\n<li><strong>\u00a0<\/strong><b><strong>Bulimar Iustina Maria Gabriela &#8211; Ia\u0219i<\/strong><\/b><\/li>\n<\/ul>\n<ul>\n<li><b><strong>Dabija Cristiana \u2013 Ia\u0219i<\/strong><\/b><\/li>\n<\/ul>\n<ul>\n<li><strong>Mustea\u021b\u0103 Rada \u2013 Chi\u0219in\u0103u<\/strong><\/li>\n<\/ul>\n<ul>\n<li><strong>Petric\u0103 Marian \u2013 Ia\u0219i<\/strong><\/li>\n<\/ul>\n<ul>\n<li><strong>Pocora Teodosie \u2013 Ia\u0219i<\/strong><\/li>\n<\/ul>\n<ul>\n<li><strong>Popa Andreea Maria \u2013 B\u00e2rlad<\/strong><\/li>\n<\/ul>\n<ul>\n<li><strong>Timofte Rare\u0219 Ilie \u2013 Ia\u0219i<\/strong><\/li>\n<\/ul>\n<ul>\n<li><strong>\u021aaga Viviana \u2013 Ia\u0219i<\/strong><\/li>\n<\/ul>\n<p>&nbsp;<\/p>\n<p><strong>Categoria A8(2002)<\/strong><\/p>\n<ul>\n<li><b><strong>Gavril Alexia &#8211; Ia\u0219i<\/strong><\/b><\/li>\n<\/ul>\n<ul>\n<li><b><strong>Grigorescu Gabriel Mihai \u2013 Ia\u0219i<\/strong><\/b><\/li>\n<\/ul>\n<ul>\n<li><strong>Ifrim Sebastian Petronel \u2013 Ia\u0219i<\/strong><\/li>\n<\/ul>\n<ul>\n<li><strong>Mustea\u021b\u0103 Georgia \u2013 Ia\u0219i<\/strong><\/li>\n<\/ul>\n<ul>\n<li><strong>\u0218arban Georgiana \u2013 Ia\u0219i<\/strong><\/li>\n<\/ul>\n<p><strong>\u00a0<\/strong><\/p>\n<p><strong>Categoria A9(2001)<\/strong><\/p>\n<ul>\n<li><b><strong>B\u0103lan Andreea Alina &#8211; Ia\u0219i<\/strong><\/b><\/li>\n<\/ul>\n<ul>\n<li><b><strong>Buzdugan \u0218tefan Ciprian \u2013 Roman<\/strong><\/b><\/li>\n<\/ul>\n<ul>\n<li><strong>Ichim Cezar &#8211; Ia\u0219i<\/strong><\/li>\n<\/ul>\n<ul>\n<li><strong>P\u0103tr\u0103uceanu Iftimie Filip \u2013 Ia\u0219i<\/strong><\/li>\n<\/ul>\n<ul>\n<li><strong>Pl\u0103cint\u0103 Alexandru \u2013 Ia\u0219i<\/strong><\/li>\n<\/ul>\n<ul>\n<li><strong>Trifan Eduard Constantin &#8211; Roman<\/strong><\/li>\n<\/ul>\n<p>&nbsp;<\/p>\n<p><strong>Categoria A10(2000)<\/strong><\/p>\n<ul>\n<li><b><strong>Gheorghiu \u0218tefan Vlad \u2013 B\u00e2rlad<\/strong><\/b><\/li>\n<\/ul>\n<ul>\n<li><b><strong>Ciornei Diana &#8211; Ia\u0219i<\/strong><\/b><\/li>\n<\/ul>\n<p><strong>\u00a0<\/strong><\/p>\n<p><strong>Categoria A11(1999)<\/strong><\/p>\n<ul>\n<li><b><strong>Andrici Maria Luisa<\/strong><strong> &#8211; Ia\u0219i<\/strong><\/b><\/li>\n<\/ul>\n<ul>\n<li><b><strong>Co\u0219an Irina Ilinca<\/strong><strong> &#8211; Ia\u0219i<\/strong><\/b><\/li>\n<\/ul>\n<ul>\n<li><strong>Mustia Andra<\/strong><strong> &#8211; Ia\u0219i<\/strong><\/li>\n<\/ul>\n<ul>\n<li><strong>S\u0103l\u0103jan Sofia \u0218tefania<\/strong><strong> \u2013 Ia\u0219i<\/strong><\/li>\n<\/ul>\n<p><strong>\u00a0<\/strong><\/p>\n<p><strong>Categoria A12(1998)<\/strong><\/p>\n<ul>\n<li><b><strong>Macovei Rare\u0219<\/strong><strong> \u2013 Ia\u0219i<\/strong><\/b><\/li>\n<\/ul>\n<ul>\n<li><b><strong>Putregai Cristin \u2013 Chi\u0219in\u0103u<\/strong><\/b><\/li>\n<\/ul>\n<p>&nbsp;<\/p>\n<p><strong>Categoria A13(1997)<\/strong><\/p>\n<ul>\n<li><b><strong>Lipcan Cristina &#8211; Chi\u0219in\u0103u<\/strong><\/b><\/li>\n<\/ul>\n<ul>\n<li><b><strong>Miron Mihai &#8211; Chi\u0219in\u0103u<\/strong><\/b><\/li>\n<\/ul>\n<ul>\n<li><strong>Popoaei Serafima \u2013 Ia\u0219i<\/strong><\/li>\n<\/ul>\n<ul>\n<li><strong>Jechiu Alexandru &#8211; Chi\u0219in\u0103u<\/strong><\/li>\n<\/ul>\n<ul>\n<li><strong>Sclifos Olesea \u2013 Chi\u0219in\u0103u<\/strong><\/li>\n<\/ul>\n<p>&nbsp;<\/p>\n<p><strong>Categoria A 14(1996<\/strong><strong>)<\/strong><\/p>\n<ul>\n<li>\u00a0<b><strong>Artemiev Eugeniu &#8211; Chi\u0219in\u0103u<\/strong><\/b><\/li>\n<\/ul>\n<p>&nbsp;<\/p>\n<p><strong>\u00a0<\/strong><\/p>\n<p>&nbsp;<\/p>\n<h3 style=\"text-align: center;\"><strong>SEC\u0162IUNEA B<\/strong><\/h3>\n<p><em>\u00a0\u00a0\u00a0\u00a0\u00a0\u00a0\u00a0<\/em><\/p>\n<p><strong>Categoria B0(2010)<\/strong><\/p>\n<ul>\n<li><b><strong>M\u00eerzac <\/strong><strong>Camelia Andreea<\/strong><strong> &#8211; Gala\u021bi<\/strong><\/b><\/li>\n<\/ul>\n<p>&nbsp;<\/p>\n<p><b><strong>Categoria B1(2009)<\/strong><\/b><\/p>\n<ul>\n<li><b><strong>Ciucu Maria Alexandra &#8211; Ia\u0219i<\/strong><\/b><\/li>\n<li><b><strong>Nicodim Vanessa \u2013 Gala\u021bi<\/strong><\/b><\/li>\n<\/ul>\n<ul>\n<li><strong>Patriche David R\u0103zvan \u2013 Gala\u021bi<\/strong><\/li>\n<\/ul>\n<ul>\n<li><strong>Voion Maria Casandra \u2013 Ia\u0219i <\/strong><strong>\u00a0<\/strong><\/li>\n<\/ul>\n<p>&nbsp;<\/p>\n<p><strong>Categoria B2(2008)<\/strong><\/p>\n<ul>\n<li>\u00a0<b><strong>B\u00e2gu Bianca Maria &#8211; Ia\u0219i<\/strong><\/b><\/li>\n<li><b><strong>Bostan Rebeca Mari \u2013 Gala\u021bi<\/strong><\/b><\/li>\n<\/ul>\n<ul>\n<li><strong>Bujor Cezar Alexandru \u2013 Gala\u021bi<\/strong><\/li>\n<\/ul>\n<ul>\n<li><strong>Egyed Eva Maria \u2013 Ia\u0219i<\/strong><\/li>\n<\/ul>\n<ul>\n<li><strong>Filip Ana Maria \u2013 Gala\u021bi<\/strong><\/li>\n<\/ul>\n<ul>\n<li><strong>Filip Matei Andrei \u2013 Gala\u021bi<\/strong><\/li>\n<\/ul>\n<ul>\n<li><strong>Hudecz Gheorghiu <\/strong><strong>Daria \u2013 Gala\u021bi<\/strong><\/li>\n<\/ul>\n<ul>\n<li><strong>Lefter Iulia Daria \u2013 Gala\u021bi<\/strong><\/li>\n<\/ul>\n<ul>\n<li><strong>Secar\u0103 Maria \u2013 One\u0219ti<\/strong><\/li>\n<\/ul>\n<ul>\n<li><strong>Tiriachiu Daria<\/strong><strong>\u00a0<\/strong><\/li>\n<\/ul>\n<p>&nbsp;<\/p>\n<p><strong>Categoria B3(2007)<\/strong><\/p>\n<ul>\n<li><b><strong>\u00c7ilenti Gunay \u2013 Gala\u021bi<\/strong><\/b><\/li>\n<\/ul>\n<ul>\n<li><b><strong>Diaconu Alexandru &#8211; Gala\u021bi<\/strong><\/b><\/li>\n<\/ul>\n<ul>\n<li><strong>Fulga Anita \u2013 Gala\u021bi<\/strong><\/li>\n<\/ul>\n<ul>\n<li><strong>Epure Andrei Georgian \u2013 B\u00e2rlad<\/strong><\/li>\n<\/ul>\n<ul>\n<li><strong>Hardon Miriam Ariana &#8211; Gala\u021bi<\/strong><\/li>\n<\/ul>\n<ul>\n<li><strong>Izba\u0219 Elena Lucia \u2013 Chi\u0219in\u0103u<\/strong><\/li>\n<\/ul>\n<ul>\n<li><strong>Militaru Ioan Anastasie \u2013 Ia\u0219i<\/strong><\/li>\n<\/ul>\n<ul>\n<li><strong>M\u00eerzac <\/strong><strong>Maria Alexandra \u2013 Gala\u021bi<\/strong><\/li>\n<\/ul>\n<ul>\n<li><strong>Pavala\u0219c Laura Teodora<\/strong><\/li>\n<\/ul>\n<ul>\n<li><strong>Postolic\u0103 M\u0103d\u0103lina \u2013 Ia\u0219i<\/strong><\/li>\n<\/ul>\n<ul>\n<li><strong>Radevici Ilia \u2013 Chi\u0219in\u0103u<\/strong><\/li>\n<\/ul>\n<ul>\n<li><strong>Sburlea Medeea Maria \u2013 Ia\u0219i<\/strong><\/li>\n<\/ul>\n<ul>\n<li><strong>Secar\u0103 Ana \u0218tefana &#8211;<\/strong><\/li>\n<\/ul>\n<ul>\n<li><strong>Urdaru Drago\u0219 Ioan \u2013 Ia\u0219i<\/strong><\/li>\n<\/ul>\n<p><strong>\u00a0\u00a0\u00a0\u00a0\u00a0\u00a0\u00a0\u00a0\u00a0\u00a0\u00a0<\/strong><\/p>\n<p><strong>Categoria B4(2006)<\/strong><\/p>\n<ul>\n<li><b><strong>Dascalu Amalia Ioana &#8211; Ia\u0219i<\/strong><\/b><\/li>\n<\/ul>\n<ul>\n<li><b><strong>Ioni\u021b\u0103 Andrei \u2013 Ia\u0219i<\/strong><\/b><\/li>\n<\/ul>\n<ul>\n<li><strong>P\u00e2rvan Bianca Andreea \u2013 Ia\u0219i<\/strong><\/li>\n<\/ul>\n<ul>\n<li><strong>Pu\u0219ca\u0219u Ilinca \u2013 Ia\u0219i<\/strong><\/li>\n<\/ul>\n<p>&nbsp;<\/p>\n<p><strong>Categoria B5(2005)<\/strong><\/p>\n<ul>\n<li>\u00a0<b><strong>Arhire Matei \u2013 Tecuci<\/strong><\/b><\/li>\n<li><b><strong>Botezatu Mara Ioana &#8211; Ia\u0219i<\/strong><\/b><\/li>\n<\/ul>\n<ul>\n<li><strong>Cazamir Mara \u2013 Ia\u0219i<\/strong><\/li>\n<\/ul>\n<ul>\n<li><strong>Chiriac Ilie \u2013 Ia\u0219i<\/strong><\/li>\n<\/ul>\n<ul>\n<li><strong>Fedorovici Delia \u0218tefana \u2013 Ia\u0219i<\/strong><\/li>\n<\/ul>\n<ul>\n<li><strong>G\u00eerlea Diana Gabriela \u2013 Ia\u0219i<\/strong><\/li>\n<\/ul>\n<ul>\n<li><strong>Iacob Andreea Eliza \u2013 Ia\u0219i<\/strong><\/li>\n<\/ul>\n<ul>\n<li><strong>Manolescu Gabriela \u2013 Ia\u0219i<\/strong><\/li>\n<\/ul>\n<ul>\n<li><strong>Muraru Ariana \u2013 Ia\u0219i<\/strong><\/li>\n<\/ul>\n<ul>\n<li><strong>Secar\u0103 Ioana Maria \u2013 Ia\u0219i<\/strong><\/li>\n<\/ul>\n<ul>\n<li><strong>Simion Christian \u0218tefan \u2013 Vaslui<\/strong><\/li>\n<\/ul>\n<ul>\n<li><strong>Urecheanu <\/strong><strong>Rare\u0219 \u0218tefan \u2013 Ia\u0219i<\/strong><\/li>\n<\/ul>\n<ul>\n<li><strong>Zagh\u0103r Alexandra Laura \u2013 Gala\u021bi<\/strong><\/li>\n<\/ul>\n<p>&nbsp;<\/p>\n<p><strong>Categoria B6(2004)<\/strong><\/p>\n<ul>\n<li><strong>\u00a0Ambros\u0103 Smaranda &#8211; B\u00e2rlad<\/strong><\/li>\n<li><b><strong>Arhire Ana Maria \u2013 Tecuci<\/strong><\/b><\/li>\n<li><b><strong>Frona Livia \u2013 Tg. Frumos<\/strong><\/b><\/li>\n<\/ul>\n<ul>\n<li><strong>Ro\u0219u Ioan-Matei &#8211; Ia\u0219i<\/strong><\/li>\n<\/ul>\n<ul>\n<li><strong>Secar\u0103 Maria \u2013 One\u0219ti<\/strong><\/li>\n<\/ul>\n<p>&nbsp;<\/p>\n<p><strong>Categoria B7(2003)<\/strong><\/p>\n<ul>\n<li>\u00a0<b><strong>Alexoae Maria \u0218tefana &#8211; Ia\u0219i<\/strong><\/b><\/li>\n<li><b><strong>Avatavului Alecsia Ioana &#8211; Ia\u0219i<\/strong><\/b><\/li>\n<\/ul>\n<ul>\n<li><strong>Dragomir Stanciu Gabriela \u2013 Ia\u0219i<\/strong><\/li>\n<\/ul>\n<ul>\n<li><strong>Nicolaeva Xenia \u2013 Chi\u0219in\u0103u<\/strong><\/li>\n<\/ul>\n<ul>\n<li><strong>Popliuc Nicole Beatrice \u2013 Ia\u0219i<\/strong><\/li>\n<\/ul>\n<ul>\n<li><strong>Vidra\u0219cu Carmina Elena \u2013 Ia\u0219i<\/strong><\/li>\n<\/ul>\n<p>&nbsp;<\/p>\n<p><strong>Categoria B8(2002)<\/strong><\/p>\n<ul>\n<li>\u00a0<b><strong>Dorcu Mihnea \u2013 Ia\u0219i<\/strong><\/b><\/li>\n<li><strong>G\u0103inariu Andrei &#8211; Ia\u0219i<\/strong><\/li>\n<li><b><strong>Godorogea Ana \u2013 Chi\u0219in\u0103u<\/strong><\/b><\/li>\n<li><strong>Lisnic Marius George &#8211; Ia\u0219i<\/strong><\/li>\n<\/ul>\n<p>&nbsp;<\/p>\n<p><strong>Categoria B10(2000)<\/strong><\/p>\n<ul>\n<li>\u00a0<b><strong>Popa Andreea \u2013 Ia\u0219i<\/strong><strong>\u00a0<\/strong><\/b><\/li>\n<\/ul>\n<p>&nbsp;<\/p>\n<p><strong>Categoria B12(1998)<\/strong><\/p>\n<ul>\n<li><b><strong>Paraschiv Ioana &#8211; Ia\u0219i<\/strong><\/b><\/li>\n<\/ul>\n<ul>\n<li><b><strong>Preda Constantin Andrei &#8211; Ia\u0219i<\/strong><\/b><\/li>\n<\/ul>\n<p>&nbsp;<\/p>\n<h3 style=\"text-align: center;\"><\/h3>\n<h3 style=\"text-align: center;\"><strong>SEC\u0162IUNEA C(ansambluri)<\/strong><\/h3>\n<h4>A<\/h4>\n<p><strong>A elementar<\/strong><\/p>\n<ul>\n<li><b><strong>Baciu Albert \/ Sandu Daniel &#8211; Chi\u0219in\u0103u<\/strong><\/b><\/li>\n<\/ul>\n<p><strong>A Gimnaziu<\/strong><\/p>\n<ul>\n<li><b><strong>Ichim Cezar \/ Mustea\u021b\u0103 Georgia &#8211; Ia\u0219i<\/strong><\/b><\/li>\n<\/ul>\n<p>&nbsp;<\/p>\n<p><strong>\u00a0<\/strong><\/p>\n<h4><strong>\u00a0B<\/strong><\/h4>\n<p><strong>B Elementar<\/strong><\/p>\n<ul>\n<li><b><strong>Cilenti Gunay \/ Diaconu Alexandru \u2013 Gala\u021bi<\/strong><\/b><\/li>\n<\/ul>\n<ul>\n<li><b><strong>Filip Ana Maria \/ Filip Matei \u2013 Gala\u021bi<\/strong><\/b><\/li>\n<\/ul>\n<ul>\n<li><strong>Hudecz Gheorghiu Daria \/ Fulga Anita \u2013 Gala\u021bi<\/strong><\/li>\n<\/ul>\n<ul>\n<li><strong>M\u00eerzac Maria Alexandra \/ Hardon Miriam Ariana \u2013 Gala\u021bi<\/strong><\/li>\n<\/ul>\n<p>&nbsp;<\/p>\n<p><strong>B Gimnaziu<\/strong><\/p>\n<ul>\n<li><b><strong>Arhire Matei \/ Arhire Ana Maria \u2013 Tecuci<\/strong><\/b><\/li>\n<\/ul>\n","protected":false},"excerpt":{"rendered":"<p>Aten\u021bie: Citi\u021bi lista participan\u021bilor dup\u0103 acest PROGRAM \u0219i semnala\u021bi orice neconcordan\u021b\u0103 (dac\u0103 exist\u0103) &nbsp; &nbsp; PROGRAMUL Festivalului \u201dPrietenii Muzicii\/Pro Piano-Rom\u00e2nia\u201d Filiala IA\u0218I, Edi\u021bia a IV-a, 5 \u2013 7 decembrie 2014 \u00a0 S\u00c2MB\u0102T\u0102 6 decembrie 2014 &#8211; Sec\u021biunea A Ora 8,30 \u2013 categoriile A3(2007), A4(2006) Ora 9,30 \u2013 categoria A5(2005) &#8211; PAUZ\u0102 Ora 11\u2013 categoria A7(2003) [&hellip;]<\/p>\n","protected":false},"author":1,"featured_media":0,"parent":0,"menu_order":0,"comment_status":"open","ping_status":"open","template":"","meta":{"footnotes":""},"class_list":["post-3055","page","type-page","status-publish","hentry"],"_links":{"self":[{"href":"https:\/\/www.propiano.org\/romanian\/wp-json\/wp\/v2\/pages\/3055","targetHints":{"allow":["GET"]}}],"collection":[{"href":"https:\/\/www.propiano.org\/romanian\/wp-json\/wp\/v2\/pages"}],"about":[{"href":"https:\/\/www.propiano.org\/romanian\/wp-json\/wp\/v2\/types\/page"}],"author":[{"embeddable":true,"href":"https:\/\/www.propiano.org\/romanian\/wp-json\/wp\/v2\/users\/1"}],"replies":[{"embeddable":true,"href":"https:\/\/www.propiano.org\/romanian\/wp-json\/wp\/v2\/comments?post=3055"}],"version-history":[{"count":5,"href":"https:\/\/www.propiano.org\/romanian\/wp-json\/wp\/v2\/pages\/3055\/revisions"}],"predecessor-version":[{"id":3064,"href":"https:\/\/www.propiano.org\/romanian\/wp-json\/wp\/v2\/pages\/3055\/revisions\/3064"}],"wp:attachment":[{"href":"https:\/\/www.propiano.org\/romanian\/wp-json\/wp\/v2\/media?parent=3055"}],"curies":[{"name":"wp","href":"https:\/\/api.w.org\/{rel}","templated":true}]}}