{"id":2937,"date":"2014-10-21T09:57:03","date_gmt":"2014-10-21T09:57:03","guid":{"rendered":"http:\/\/www.propiano.org\/romanian\/?page_id=2937"},"modified":"2015-04-27T15:09:21","modified_gmt":"2015-04-27T15:09:21","slug":"regulament-sibiu-2015","status":"publish","type":"page","link":"https:\/\/www.propiano.org\/romanian\/regulament-sibiu-2015\/","title":{"rendered":"Regulament Sibiu 2015"},"content":{"rendered":"<p><strong>REGULAMENTUL \u0219i Formularul de \u00eenscriere la Festivalul<\/strong><\/p>\n<p><strong>\u201cPrietenii Muzicii \/ PRO PIANO-ROMANIA\u201d- filiala Sibiu,<\/strong><\/p>\n<p><strong>Edi\u021bia a III-a,\u00a006 \u2013\u00a008 martie\u00a0 2015<\/strong><\/p>\n<p><strong><em>Festivalul se va desf\u0103\u0219ura la Biblioteca Jude\u021bean\u0103 \u201dAstra\u201d din Sibiu, str. G. Baritiu nr.5<\/em><\/strong><\/p>\n<p>&nbsp;<\/p>\n<p><strong>I<\/strong>. Manifestarea este deschis\u0103 copiilor cu v\u00e2rsta cuprins\u0103 \u00eentre 5 \u015fi 18 ani, fiind divizat\u0103 \u00een <strong>3 sec\u0163iuni<\/strong>: A,B,C.<\/p>\n<p>Sec\u0163iunea\u00a0<strong>A\u00a0<\/strong>\u2013 tineri care studiaz\u0103 pianul ca instrument principal, \u00een \u0219coli \u0219i licee de muzic\u0103<\/p>\n<p>Sec\u0163iunea\u00a0<strong>B<\/strong>\u00a0\u2013 tineri care studiaz\u0103 pianul ca instrument op\u021bional( \u00een \u015fcoli,\u00a0licee de muzic\u0103, cluburi, Palate ale copiilor) sau \u00een sistem particular.<\/p>\n<p>Sec\u021biunea<strong>\u00a0C<\/strong>\u00a0\u2013 ansamblu la\u00a0<strong>4 m\u00e2ini<\/strong>(pe un pian)<\/p>\n<p>&nbsp;<\/p>\n<p><strong>II.<\/strong> Pentru o mai bun\u0103 evaluare, fiecare din sec\u021biunile A si B este divizat\u0103 \u00een mai multe\u00a0<strong>categorii,<\/strong>\u00een func\u0163ie de anul na\u015fterii participan\u0163ilor:<\/p>\n<table width=\"541\">\n<tbody>\n<tr>\n<td width=\"196\">cat. 0 \u00a0\u00a0\u00a0\u00a0\u00a0\u2013 2010<\/p>\n<p>cat. 1-a \u00a0\u00a0\u00a0\u2013 2009<\/p>\n<p>cat. a 2-a \u2013 2008<\/p>\n<p>cat. a 3-a \u2013 2007<\/p>\n<p>cat. a 4-a \u2013 2006<\/td>\n<td width=\"188\">cat. a 5-a \u2013 2005<\/p>\n<p>cat. a 6-a \u2013 2004<\/p>\n<p>cat. a 7-a \u2013 2003<\/p>\n<p>cat. a 8-a \u2013 2002<\/p>\n<p>cat. a 9-a \u2013 2001<\/td>\n<td width=\"158\">cat. a 10-a \u2013 2000<\/p>\n<p>cat. a 11-a \u2013 1999<\/p>\n<p>cat. a 12-a \u2013 1998<\/p>\n<p>cat. a 13-a \u2013 1997<\/p>\n<p>cat. a 14-a \u2013 1996<\/td>\n<\/tr>\n<\/tbody>\n<\/table>\n<p>Pentru sec\u0163iunea\u00a0<strong>C\u00a0<\/strong>se va \u0163ine cont de v\u00e2rsta celor 2 membrii(nu e obligatorie apartenen\u021ba la aceea\u0219i categorie).<\/p>\n<p><strong>\u00a0<\/strong><\/p>\n<p><strong>III.<\/strong>\u00a0<strong>Repertoriul va\u00a0<\/strong>cuprinde\u00a0<strong>una sau<\/strong>\u00a0<strong>dou\u0103 lucr\u0103ri<\/strong>\u00a0la alegerea participan\u0163ilor(fara a se depasi minutajul)\u00a0\u0219i va fi interpretat din memorie, respect\u00e2nd urm\u0103toarele durate maxime:<\/p>\n<p><strong>Sectiunea A<\/strong><\/p>\n<table>\n<tbody>\n<tr>\n<td width=\"227\">Cat. 1- 4 = 5\u2019<\/td>\n<td width=\"225\">Cat. 9 \u2013 10 = 10\u2019<\/td>\n<\/tr>\n<tr>\n<td width=\"227\">Cat. 5 -8 = 7\u2019<\/td>\n<td width=\"225\">Cat. 11- 12 = 15\u2019<\/td>\n<\/tr>\n<tr>\n<td colspan=\"2\" width=\"452\">Cat. 13 \u2013 14 = 20\u2019<\/td>\n<\/tr>\n<\/tbody>\n<\/table>\n<p><strong>Sectiunea B<\/strong><\/p>\n<table>\n<tbody>\n<tr>\n<td width=\"227\">Cat. 1- 4 = 3\u2019<\/td>\n<td width=\"225\">Cat. 9 \u2013 10 = 7\u2019<\/td>\n<\/tr>\n<tr>\n<td width=\"227\">Cat. 5 -8 = 5\u2019<\/td>\n<td width=\"225\">Cat. 11- 12 = 10\u2019<\/td>\n<\/tr>\n<tr>\n<td colspan=\"2\" width=\"452\">Cat. 13 \u2013 14 = 15\u2019<\/td>\n<\/tr>\n<\/tbody>\n<\/table>\n<p>Programul men\u0163ionat \u00een fi\u015fa de \u00eenscriere nu poate fi modificat ulterior. Ordinea interpret\u0103rii pieselor se stabile\u015fte la libera alegere a participan\u0163ilor.<\/p>\n<p><strong>\u00a0<\/strong><\/p>\n<p><strong>IV<\/strong>. Ordinea prezent\u0103rii participan\u021bilor \u00een Festival este cea alfabetica, in cadrul fiecarei categorii<strong>. <\/strong><\/p>\n<p><strong>\u00cen m\u0103sura posibilit\u0103\u021bilor, organizatorii vor \u021bine seam\u0103 de cerin\u021bele motivate ale participan\u021bilor de a concura \u00een anumite zile. Acestea se vor men\u021biona de la \u00eenceput, pe fi\u0219ele de \u00eenscriere.<\/strong><\/p>\n<p><strong>Dup\u0103 planificarea ordinii de intrare, nu se accept\u0103 schimb\u0103ri.<\/strong><\/p>\n<p><strong>\u00a0<\/strong><\/p>\n<p><strong>V. <\/strong>Inscrierile se fac p\u00e2n\u0103 la data de\u00a0<strong>25 februarie 2015, <\/strong>fie la doamna profesoara<strong> Orth Eniko(Sibiu) &#8211;\u00a0<\/strong>la adresa:\u00a0 <strong>\u00a0<a href=\"mailto:ortheniko_piano@yahoo.com\">ortheniko_piano@yahoo.com<\/a>\u00a0<\/strong>\u00a0\u00a0fie la d-na prof. Stela Avesalon:\u00a0<a href=\"mailto:propiano@gmail.com\">propiano@gmail.com<\/a>, iar taxa se va depune in\u00a0contul Fundatiei, \u00a0deschis la BCR sector 3 Bucuresti, Cod IBAN: RO85RNCB0074029228740001\/C.U.I. 9099960, cu specificarea obligatorie a 2 elemente: <strong>Sibiu\u00a0<\/strong>\u0219i\u00a0<strong>numele participantului<\/strong>\u00a0pentru care se face plata.<\/p>\n<p><strong>Programarea intr\u0103rii \u00een Festival<\/strong> se va afi\u0219a pe Sit dupa data de 1 martie 2015,\u00a0la adresa: <span style=\"color: #000000;\"><a style=\"color: #000000;\" href=\"http:\/\/www.propiano.org\/\">www.propiano.org<\/a>\/Romana\/Prietenii Muzicii Sibiu 2015\/Programare<\/span><\/p>\n<p>&nbsp;<\/p>\n<p><strong>Pentru inscriere sunt necesare urmatoarele:<\/strong><\/p>\n<p>&#8211; Formularul de \u00eenscriere (prezentat mai jos)<\/p>\n<p>&#8211; Copia dup\u0103 certificatul de na\u015ftere sau cartea de identitate<\/p>\n<p>&#8211; Taxa de participare\u00a0&#8211; de\u00a0<strong>60<\/strong>\u00a0lei\/pentru sectiunile A sau B\u00a0 si\u00a0<strong>80 de lei\/<\/strong>ansamblu pentru sectiunea C(4 m\u00e2ini)<\/p>\n<p>\u00cen cazul ansamblurilor la 4 m\u00e2ini, datele celor doi participan\u0163i vor fi men\u0163ionate pe\u00a0<strong>acela\u015fi formular.<\/strong>\u00a0Un elev participant \u00een mai multe forma\u021bii la patru m\u00e2ini, achit\u0103 o singur\u0103 dat\u0103 jum\u0103tatea sa de tax\u0103(40 lei). Participan\u021bii \u00een dubl\u0103 calitate \u2013 ca solist \u0219i \u00een ansamblu la patru m\u00e2ini (sec\u021biunea C), achit\u0103 o tax\u0103 totala de\u00a0<strong>100<\/strong>\u00a0lei.<\/p>\n<p>\u00cen caz de neprezentare, taxa de participare nu se returneaz\u0103.<\/p>\n<p>P<strong>entru cei care trimit taxa \u00een cont, <\/strong>confirmarea \u00eenscrierii se va face numai <strong>dup\u0103 <\/strong>intrarea taxei \u00een contul Funda\u021biei<strong>(<\/strong>dupa apari\u021bia depunerii \u00een extrasul de cont).<strong> In cazul \u00eenscrierii direct la d-na prof. Orth, <\/strong>confirmarea se va face numai dupa achitarea taxei(nu se admit \u00eent\u0103rzieri sau plata la sosirea in Sibiu).<\/p>\n<p>&nbsp;<\/p>\n<p><strong>VI.<\/strong>\u00a0Cheltuielie de transport, cazare, masa, vor fi suportate de participan\u0163i.<\/p>\n<p><strong>\u00a0<\/strong><\/p>\n<p><strong>VII.<\/strong>\u00a0Se vor acorda urm\u0103toarele distinc\u0163ii, pentru fiecare categorie \u00een parte: Diplome de Excelen\u0163\u0103, de Merit, Premii Speciale( pentru cea mai bun\u0103 interpretare a unei piese rom\u00e2ne\u015fti, premiul J. S. Bach, premiul Fr. Liszt, premiul Fundatiei \u201cPRO PIANO-ROMANIA\u201d, premiu pentru prezen\u0163\u0103 artistic\u0103 deosebit\u0103, etc). Diplomele \u015fi premiile vor fi \u00eenm\u00e2nate participan\u0163ilor \u00een festivit\u0103\u0163ile de premiere, conform planific\u0103rilor anun\u021bate \u00een timp util.<\/p>\n<p><strong>\u00a0<\/strong>Juriul festivalului va fi format din personalit\u0103\u0163i ale pedagogiei \u015fi muzicii rom\u00e2ne\u015fti.Toate materialele audio-video sau de alt\u0103 natur\u0103 realizate pe parcursul Festivalului de c\u0103tre organizatori, apar\u0163in de drept acestora.<\/p>\n<p>In momentul \u00eenscrierii \u00een Festival, candida\u0163ii accept\u0103 prezentele condi\u0163ii \u015fi autoritatea juriului.<\/p>\n<p><strong>\u00a0<\/strong><\/p>\n<p><strong>Informa\u0163ii suplimentare:<\/strong><\/p>\n<p>la\u00a0<strong>d-na<\/strong>\u00a0<strong>prof.\u00a0Orth Eniko \u2013\u00a0<\/strong><a href=\"mailto:ortheniko_piano@yahoo.com\">ortheniko_piano@yahoo.com<\/a>\u00a0\u00a0 \/\u00a0<strong>\u00a0tel: 0746 114 351<\/strong>.<\/p>\n<p>la\u00a0<strong>Funda\u0163ia \u201ePro Piano\u2013Rom\u00e2nia\u201d\u2013prof. Stela Avesalon \u2013 tel.\u00a00722 382 626 (\u00een afara orelor 14-17)\u00a0<\/strong><\/p>\n<p>E-mail:\u00a0<a href=\"mailto:propiano@gmail.com\">propiano@gmail.com<\/a><\/p>\n<p>Web page:\u00a0<a href=\"http:\/\/www.propiano.org\/\">www.propiano.org<\/a><\/p>\n<p><strong>\u00a0<\/strong><\/p>\n<p><strong>\u00a0<\/strong><\/p>\n<p>&nbsp;<\/p>\n<p><strong>FORMULAR DE \u00ceNSCRIERE la<\/strong><\/p>\n<p><strong>Festivalul \u201cPRIETENII MUZICII\/PRO PIANO-ROMANIA\u201d, filiala\u00a0 Sibiu<\/strong><\/p>\n<p><strong>Edi\u021bia a III-a,\u00a006 \u2013\u00a008 martie\u00a0 2015<\/strong><\/p>\n<p>&nbsp;<\/p>\n<p><strong>Elev:<\/strong><\/p>\n<ol>\n<li>Numele:_______________________________________<\/li>\n<li>Prenumele:_____________________________________<\/li>\n<li>\u0162ara \/na\u0163ionalitatea:_____________________________<\/li>\n<li>Data na\u015fterii:___________________________________<\/li>\n<\/ol>\n<p>Cod numeric personal________________________<\/p>\n<ol start=\"5\">\n<li>Adresa permanent\u0103:_____________________________<\/li>\n<li>Telefon\/fax:____________________________________<\/li>\n<li>Gr\u0103dini\u0163a\/\u015fcoala\/liceul:___________________________<\/li>\n<li>\u00cencadrat la\u00a0Sec\u0163iunea:_________<\/li>\n<\/ol>\n<p>Categoria:_________<\/p>\n<p>&nbsp;<\/p>\n<p><strong>Profesor \u00eendrum\u0103tor:<\/strong><\/p>\n<p><strong>\u00a09. <\/strong>Numele \u0219i prenumele:____________________________<\/p>\n<p>Telefon\/fax:____________________________________<\/p>\n<p>E-mail:<\/p>\n<p>&nbsp;<\/p>\n<p><strong>10. Programul <\/strong>ales(una sau 2 piese):<\/p>\n<ol>\n<li>Numele compozitorului: ________________________<\/li>\n<\/ol>\n<p>Titlul lucr\u0103rii:___________________________________<\/p>\n<ol start=\"2\">\n<li>Numele compozitorului:________________________<\/li>\n<\/ol>\n<p>Titlul lucr\u0103rii: __________________________________<\/p>\n<p>Durata total\u0103:..\u2026\u2026\u2026.. minute<\/p>\n<p>&nbsp;<\/p>\n<p>Data: \u00a0\u00a0\u00a0\u00a0\u00a0\u00a0\u00a0\u00a0\u00a0\u00a0\u00a0\u00a0\u00a0\u00a0\u00a0\u00a0\u00a0\u00a0\u00a0\u00a0\u00a0\u00a0\u00a0\u00a0\u00a0\u00a0\u00a0\u00a0\u00a0\u00a0\u00a0\u00a0\u00a0\u00a0\u00a0\u00a0\u00a0\u00a0\u00a0\u00a0\u00a0\u00a0\u00a0\u00a0\u00a0\u00a0\u00a0\u00a0\u00a0 Semn\u0103tura:<\/p>\n","protected":false},"excerpt":{"rendered":"<p>REGULAMENTUL \u0219i Formularul de \u00eenscriere la Festivalul \u201cPrietenii Muzicii \/ PRO PIANO-ROMANIA\u201d- filiala Sibiu, Edi\u021bia a III-a,\u00a006 \u2013\u00a008 martie\u00a0 2015 Festivalul se va desf\u0103\u0219ura la Biblioteca Jude\u021bean\u0103 \u201dAstra\u201d din Sibiu, str. G. Baritiu nr.5 &nbsp; I. Manifestarea este deschis\u0103 copiilor cu v\u00e2rsta cuprins\u0103 \u00eentre 5 \u015fi 18 ani, fiind divizat\u0103 \u00een 3 sec\u0163iuni: A,B,C. Sec\u0163iunea\u00a0A\u00a0\u2013 [&hellip;]<\/p>\n","protected":false},"author":1,"featured_media":0,"parent":0,"menu_order":0,"comment_status":"open","ping_status":"open","template":"","meta":{"footnotes":""},"class_list":["post-2937","page","type-page","status-publish","hentry"],"_links":{"self":[{"href":"https:\/\/www.propiano.org\/romanian\/wp-json\/wp\/v2\/pages\/2937","targetHints":{"allow":["GET"]}}],"collection":[{"href":"https:\/\/www.propiano.org\/romanian\/wp-json\/wp\/v2\/pages"}],"about":[{"href":"https:\/\/www.propiano.org\/romanian\/wp-json\/wp\/v2\/types\/page"}],"author":[{"embeddable":true,"href":"https:\/\/www.propiano.org\/romanian\/wp-json\/wp\/v2\/users\/1"}],"replies":[{"embeddable":true,"href":"https:\/\/www.propiano.org\/romanian\/wp-json\/wp\/v2\/comments?post=2937"}],"version-history":[{"count":25,"href":"https:\/\/www.propiano.org\/romanian\/wp-json\/wp\/v2\/pages\/2937\/revisions"}],"predecessor-version":[{"id":3279,"href":"https:\/\/www.propiano.org\/romanian\/wp-json\/wp\/v2\/pages\/2937\/revisions\/3279"}],"wp:attachment":[{"href":"https:\/\/www.propiano.org\/romanian\/wp-json\/wp\/v2\/media?parent=2937"}],"curies":[{"name":"wp","href":"https:\/\/api.w.org\/{rel}","templated":true}]}}