{"id":2932,"date":"2014-10-21T09:54:46","date_gmt":"2014-10-21T09:54:46","guid":{"rendered":"http:\/\/www.propiano.org\/romanian\/?page_id=2932"},"modified":"2015-02-11T20:20:55","modified_gmt":"2015-02-11T20:20:55","slug":"programare-cluj-2015","status":"publish","type":"page","link":"https:\/\/www.propiano.org\/romanian\/programare-cluj-2015\/","title":{"rendered":"Programare Cluj 2015"},"content":{"rendered":"<p style=\"text-align: center;\"><strong>PROGRAMAREA FESTIVALULUI ,,PRIETENII MUZICII\u201d\u00a0<\/strong><\/p>\n<p><strong> edi\u021bia a VIII-a, <\/strong><strong>Cluj-Napoca 20 -22 februarie 2015<\/strong><\/p>\n<p><strong>Locatia:<\/strong><em><strong> Muzeul Etnografic al Transilvaniei &#8211; Str. Memorandumului nr. 21, Cluj-Napoca<\/strong><\/em><\/p>\n<p>&nbsp;<\/p>\n<p>&nbsp;<\/p>\n<p><strong>VINERI \u2013 20 FEBRUARIE 2015<\/strong><\/p>\n<p>&nbsp;<\/p>\n<p>9 \u2013 10 \u2013\u00a0\u00a0 CLASA PROF. KOVACS HAJNAL<\/p>\n<p>SORLEA IULIA ALEXANDRA \u2013 A6<\/p>\n<p>B0, B2<\/p>\n<p>10 \u2013 11 \u2013\u00a0\u00a0\u00a0\u00a0 B3, B4<\/p>\n<p>11 \u2013 12 &#8211;\u00a0\u00a0\u00a0\u00a0 B5, B6<\/p>\n<p>12 \u2013 13 &#8211;\u00a0\u00a0\u00a0\u00a0 B7, B8, B10, B11<\/p>\n<p style=\"text-align: center;\"><strong>FESTIVITATE DE PREMIERE &#8211; <\/strong><strong>PAUZA<\/strong><\/p>\n<p>15 \u2013 16 &#8211;\u00a0\u00a0\u00a0\u00a0 SIBIU, ZAL\u0102U, TG.MURE\u0218, SUCEAVA, B9<\/p>\n<p>16 \u2013 17 &#8211;\u00a0\u00a0\u00a0\u00a0 ALBA I, B12<\/p>\n<p style=\"text-align: center;\"><strong> FESTIVITATE DE PREMIERE<\/strong><\/p>\n<p>17 \u2013 18 &#8211;\u00a0\u00a0\u00a0\u00a0 A3, A4<\/p>\n<p>18 \u2013 19 \u2013\u00a0\u00a0\u00a0\u00a0 A4 ( continuare), A5<\/p>\n<p style=\"text-align: center;\"><strong>FESTIVITATE DE PREMIERE<\/strong><\/p>\n<p>&nbsp;<\/p>\n<p>&nbsp;<\/p>\n<p><strong>S\u00c2MB\u0102T\u0102 \u2013 21 FEBRUARIE 2015<\/strong><\/p>\n<p>9 \u2013 10 \u2013 A6<\/p>\n<p>10 \u2013 11 &#8211; A7<\/p>\n<p>11 \u2013 12 &#8211; BISTRI\u021aA, A8<\/p>\n<p>12 \u2013 13 &#8211; A9, A14<\/p>\n<p style=\"text-align: center;\"><strong>FESTIVITATE DE PREMIERE &#8211; PAUZA<\/strong><\/p>\n<p>&nbsp;<\/p>\n<p>15 \u2013 16\u2013BAIA MARE, RM.V\u00c2LCEA, BARNA COSMINA ANDREEA- B10, ALBA II<\/p>\n<p>16 \u2013 17.30 \u2013 ALBA II (continuare)<\/p>\n<p style=\"text-align: center;\"><strong>FESTIVITATE DE PREMIERE<\/strong><\/p>\n<p>18 \u2013 19.30 \u2013 A10, A11, A12<\/p>\n<p style=\"text-align: center;\"><strong>FESTIVITATE DE PREMIERE<\/strong><\/p>\n<p>&nbsp;<\/p>\n<p>&nbsp;<\/p>\n<p><strong>DUMINIC\u0102 \u2013 22 FEBRUARIE 2015<\/strong><\/p>\n<p>9 \u2013 10 \u2013 C<\/p>\n<p>10 \u2013 11 &#8211; ALB SANDRA- B5, MARTON HERMINA B9, A11 (continuare)<\/p>\n<p>11 \u2013 12 \u2013 A12, SIBIU<\/p>\n<p style=\"text-align: center;\"><strong>FESTIVITATE DE PREMIERE<\/strong><\/p>\n","protected":false},"excerpt":{"rendered":"<p>PROGRAMAREA FESTIVALULUI ,,PRIETENII MUZICII\u201d\u00a0 edi\u021bia a VIII-a, Cluj-Napoca 20 -22 februarie 2015 Locatia: Muzeul Etnografic al Transilvaniei &#8211; Str. Memorandumului nr. 21, Cluj-Napoca &nbsp; &nbsp; VINERI \u2013 20 FEBRUARIE 2015 &nbsp; 9 \u2013 10 \u2013\u00a0\u00a0 CLASA PROF. KOVACS HAJNAL SORLEA IULIA ALEXANDRA \u2013 A6 B0, B2 10 \u2013 11 \u2013\u00a0\u00a0\u00a0\u00a0 B3, B4 11 \u2013 12 [&hellip;]<\/p>\n","protected":false},"author":1,"featured_media":0,"parent":0,"menu_order":0,"comment_status":"open","ping_status":"open","template":"","meta":{"footnotes":""},"class_list":["post-2932","page","type-page","status-publish","hentry"],"_links":{"self":[{"href":"https:\/\/www.propiano.org\/romanian\/wp-json\/wp\/v2\/pages\/2932","targetHints":{"allow":["GET"]}}],"collection":[{"href":"https:\/\/www.propiano.org\/romanian\/wp-json\/wp\/v2\/pages"}],"about":[{"href":"https:\/\/www.propiano.org\/romanian\/wp-json\/wp\/v2\/types\/page"}],"author":[{"embeddable":true,"href":"https:\/\/www.propiano.org\/romanian\/wp-json\/wp\/v2\/users\/1"}],"replies":[{"embeddable":true,"href":"https:\/\/www.propiano.org\/romanian\/wp-json\/wp\/v2\/comments?post=2932"}],"version-history":[{"count":4,"href":"https:\/\/www.propiano.org\/romanian\/wp-json\/wp\/v2\/pages\/2932\/revisions"}],"predecessor-version":[{"id":3184,"href":"https:\/\/www.propiano.org\/romanian\/wp-json\/wp\/v2\/pages\/2932\/revisions\/3184"}],"wp:attachment":[{"href":"https:\/\/www.propiano.org\/romanian\/wp-json\/wp\/v2\/media?parent=2932"}],"curies":[{"name":"wp","href":"https:\/\/api.w.org\/{rel}","templated":true}]}}