{"id":2922,"date":"2014-10-21T09:47:48","date_gmt":"2014-10-21T09:47:48","guid":{"rendered":"http:\/\/www.propiano.org\/romanian\/?page_id=2922"},"modified":"2014-11-20T07:41:17","modified_gmt":"2014-11-20T07:41:17","slug":"regulament-iasi-decembrire-2014","status":"publish","type":"page","link":"https:\/\/www.propiano.org\/romanian\/regulament-iasi-decembrire-2014\/","title":{"rendered":"Regulament Iasi Decembrie 2014"},"content":{"rendered":"<h4><strong>Regulamentul \u0219i Formularul de \u00eenscriere la Festivalul<\/strong><\/h4>\n<h3><strong>\u201cPrietenii Muzicii \u2013 PRO PIANO-ROMANIA\u201d Filiala Ia\u0219i<\/strong><\/h3>\n<h3><strong>Edi\u021bia a IV-a, 5 \u2013 7 decembrie 2014<\/strong><\/h3>\n<p>&nbsp;<\/p>\n<p><strong>I.<\/strong>Manifestarea este deschis\u0103 tinerilor piani\u015fti cu v\u00e2rsta cuprins\u0103 \u00eentre 5-18 ani. Este divizat\u0103 \u00een 3 sec\u0163iuni: <strong>A, B, C:<\/strong> <strong>A.<\/strong> Elevi care studiaz\u0103 pianul \u00een cadrul \u015fcolilor \u015fi liceelor de muzic\u0103 <strong>B.<\/strong> Elevi care studiaz\u0103 pianul ca instrument secundar \u00een cadrul \u015fcolilor \u015fi liceelor de muzic\u0103 sau elevi proveni\u0163i din sectorul particular <strong>C.<\/strong> Ansamblu la 4 m\u00e2ini(pe un pian) <strong>\u00a0<\/strong><\/p>\n<p><strong>II.<\/strong> Sec\u0163iunile A \u015fi B sunt divizate \u00een urm\u0103toarele categorii de v\u00e2rst\u0103, conform anului na\u015fterii:<\/p>\n<address><strong>categoria 0\u20132010<\/strong><\/address>\n<address><strong>cat. 1-a \u2013 \u00a0 \u00a0\u00a0\u00a0 2009<\/strong><\/address>\n<address><strong>cat. a 2-a \u2013\u00a0\u00a0 2008<\/strong><\/address>\n<address><strong>cat. a 3-a \u2013\u00a0 \u00a02007<\/strong><\/address>\n<address><strong>cat. a 4-a \u2013\u00a0\u00a0 2006<\/strong><\/address>\n<address><strong>cat. a 5-a \u2013\u00a0 \u00a02005<\/strong><\/address>\n<address><strong>cat. a 6-a \u2013\u00a0\u00a0 2004<\/strong><\/address>\n<address><strong>cat. a 7-a \u2013\u00a0\u00a0 2003<\/strong><\/address>\n<address><strong>cat. a 8-a \u2013\u00a0 \u00a02002<\/strong><\/address>\n<address><strong>cat. a 9-a \u2013\u00a0\u00a0 2001<\/strong><\/address>\n<address><strong>cat. a 10-a \u2013 2000<\/strong><\/address>\n<address><strong>cat. a 11-a \u2013 1999<\/strong><\/address>\n<address><strong>cat. a 12-a \u2013 1998<\/strong><\/address>\n<address><strong>cat. a 13-a \u2013 1997<\/strong><\/address>\n<address><strong>cat. a 14-a \u2013 1996<\/strong><\/address>\n<p>Pentru sec\u0163iunea C(4 m\u00e2ini) se va \u0163ine cont de v\u00e2rsta celor 2 membrii, nefiind obligatorie apartenen\u0163a la aceea\u015fi categorie.<\/p>\n<p><strong>\u00a0<\/strong> <strong>III.<\/strong> Programul va con\u0163ine <strong>una sau<\/strong> <strong>2 piese<\/strong> la alegerea participantului, interpretate din memorie, <strong>f\u0103r\u0103 repeti\u021bii<\/strong>, cu durata maxim\u0103 cumulat\u0103 \u00eentre 3 \u015fi 15 minute, \u00een func\u0163ie de categorie, dup\u0103 cum urmeaz\u0103: <strong>Sec\u0163iunea <strong>A<\/strong><\/strong>: cat. 1 \u2013 4 = 5\u2032 cat. 5 \u2013 8 = 7\u2032 cat. 9\u201310 = 10\u2032 cat. 11-12 =15\u2032 cat. 13-14=20\u2019 <strong>Sec\u0163iunea<\/strong> <strong>B<\/strong>: cat. 1 \u2013 4 = 3\u2032 cat. 5 \u2013 8 = 5\u2032 cat. 9\u201310 = 7\u2032 cat. 11-12 =10\u2032 cat. 13-14=15\u2019 Pentru sec\u0163iunea <strong>C <\/strong>durata maxim\u0103 poate corespunde v\u00e2rstei participantului celui mai mare. <strong>\u00a0<\/strong><\/p>\n<p><strong>IV.<\/strong> Programul men\u0163ionat \u00een fi\u015fa de \u00eenscriere nu poate fi modificat ulterior. Ordinea interpret\u0103rii pieselor este la libera alegere a participan\u0163ilor. <strong>\u00a0<\/strong><\/p>\n<p><strong>V. <\/strong>Ordinea prezent\u0103rii \u00een Festival este cea alfabetic\u0103, \u00een cadrul sec\u0163iunii, respectiv a categoriei. \u00cen m\u0103sura posibilit\u0103\u021bilor, organizatorii vor \u021bine seam\u0103<strong> de cerin\u021bele motivate ale participan\u021bilor <\/strong>de a se prezenta \u00een anumite zile. Acestea se vor men\u021biona <strong>de la \u00eenceput<\/strong>, <strong>pe fi\u0219ele de \u00eenscriere<\/strong>. Dup\u0103 planificarea ordinii de intrare, nu se accept\u0103 schimb\u0103ri. Programarea categoriilor pe zile \u0219i ore va fi afi\u0219at\u0103 online, i\u00een timp util. <strong>\u00a0<\/strong><\/p>\n<p><strong>VI.<\/strong> <strong>\u00censcrierile<\/strong> se fac la Funda\u021bia Cultural\u0103 \u201dPRO PIANO-ROM\u00c2NIA\u201d, \u00een 2 modalit\u0103\u021bi: 1. prin <strong>e-mail, <\/strong>la adresa: <a href=\"mailto:propiano@gmail.com\">propiano@gmail.com<\/a> (actele se vor scana) 2. prin <strong>po\u0219t\u0103<\/strong>, pe adresa secretariatului Funda\u021biei Culturale \u201cPRO PIANO \u2013 ROM\u00c2NIA\u201d: aleea P\u0103durea Craiului nr.1, Bloc H3, Scara 1, Ap. 11, sector 3, Cod 032719, Of. Post 57, Bucure\u0219ti, pentru d-na prof. Stela Avesalon. Termenul limit\u0103 pentru \u00eenscrierea la Festival este <strong>25 noiembrie 2014. <\/strong><strong>Acte necesare \u00eenscrierii:<\/strong> <strong>1. <\/strong>certificat de na\u0219tere (copie) <strong>2. <\/strong>formularul de \u00eenscriere(atasat regulamentului). completat si apoi scanat In cazul ansamblurilor la 4 m\u00e2ini, datele celor doi participan\u0163i vor fi men\u0163ionate pe acela\u015fi formular Taxa de participare este de <strong>60 lei pentru individual, iar pentru <\/strong><strong>4 m\u00e2ini<strong> &#8211; sec\u021biunea C<\/strong><\/strong> &#8211; <strong>80 lei<\/strong>(c\u00e2te 40 lei\/persoan\u0103) \u0219i va fi depus\u0103 \u00een contul Funda\u0163iei \u201cPRO PIANO-ROM\u00c2NIA\u201d: Cod IBAN:<strong>RO85RNCB0074029228740001, <\/strong>deschis la B.C.R sector 3 \/ <strong>CUI 9099960<\/strong>. <strong>Nu se admit mandate postale<\/strong>.<\/p>\n<p><strong>Este obligatorie specificarea <\/strong>pe ordinul de plata: <em>\u201c <strong>Iasi\u201d<\/strong> si <strong>numele candidatului<\/strong> <\/em>pentru care se face plata.\u00cen caz de neprezentare, taxa de participare nu se returneaz\u0103. Confirmarea inscrierii se va face numai<strong> dupa intrarea taxei in contul Fundatiei(dupa apari\u021bia numelui candidatului in extrasul de cont).<\/strong> <strong>\u00a0<\/strong><\/p>\n<p><strong>VII.<\/strong> Rezolvarea problemelor privind transportul, cazarea c\u00e2t \u015fi costurile acestora revine \u00een \u00eentregime participan\u0163ilor. La cerere, se pot face rezerv\u00e3ri la c\u0103minul Colegiului na\u0163ional de Art\u00e3 \u201eOctav B\u00e3ncil\u00e3\u201d Ia\u015fi. <strong>\u00a0<\/strong><\/p>\n<p><strong>VIII.<\/strong> Se vor acorda urm\u0103toarele distinc\u0163ii, pentru fiecare categorie \u00een parte: Diplome de Onoare, de Merit, de Excelen\u0163\u0103 (corespunz\u0103toare premiilor III, II \u015fi I) \u015fi Premii speciale: pentru cea mai bun\u0103 interpretare a unei piese rom\u00e2ne\u015fti, Premiu J. S. Bach, Premiu Fr. Liszt, Premiu pentru prezen\u0163\u0103 artistic\u0103 deosebit\u0103, Premiile sponsorilor(cu aprobarea juriului), etc. Diplomele \u015fi premiile vor fi \u00eenm\u00e2nate participan\u0163ilor \u00een festivit\u0103\u0163ile de premiere, care vor avea loc conform program\u0103rilor anun\u021bate din timp, de 2 ori\/zi. <strong>\u00a0<\/strong><\/p>\n<p><strong>IX.<\/strong> Juriul concursului va fi format din personalit\u0103\u0163i ale pedagogiei \u015fi muzicii rom\u00e2ne\u015fti. Toate materialele audio-video sau de alt\u0103 natur\u0103 realizate pe parcursul Festivalului de c\u0103tre organizatori, apar\u0163in de drept acestora. In momentul \u00eenscrierii \u00een Festival, candida\u0163ii accept\u0103 prezentele condi\u0163ii \u015fi autoritatea juriului. <strong>\u00a0<\/strong> <strong>Informa\u0163ii suplimentare<\/strong> la: Funda\u0163ia Cultural\u0103\u201ePRO PIANO-ROM\u00c2NIA\u201d \u2013 prof. Stela Avesalon: Tel: 0722.38.26.26 Tel\/Fax: 021\/341.16.88 E-mail: <a href=\"mailto:propiano@gmail.com\">propiano@gmail.com<\/a><\/p>\n<p>Web page: <a href=\"http:\/\/www.propiano.org\/\">www.propiano.org<\/a>\u00a0<strong>\u00a0<\/strong>\u00a0<strong>\u00a0<\/strong>\u00a0<strong>\u00a0<\/strong><\/p>\n<p>&nbsp;<\/p>\n<p>&nbsp;<\/p>\n<p>&nbsp;<\/p>\n<p><strong>FORMULAR DE \u00ceNSCRIERE<\/strong><\/p>\n<p><strong>la FESTIVALUL<\/strong><strong> <strong>\u201ePRIETENII MUZICII \/ PRO PIANO \u2013 ROM\u00c2NIA\u201d\u00a0\u00a0\u00a0\u00a0\u00a0\u00a0\u00a0<\/strong><\/strong><\/p>\n<p><strong>Edi\u0163ia a IV-a, 5 \u2013 7 decembrie 2014 \/ Ia\u0219i<\/strong><\/p>\n<p><strong>Elev:<\/strong><\/p>\n<p>Numele \u015fi prenumele ________________________<\/p>\n<p>Data na\u015fterii ______________________________<\/p>\n<p>Codul numeric personal_______________________<\/p>\n<p>Adresa __________________________________<\/p>\n<p>Telefon __________________________________<\/p>\n<p>E-mail___________________________________<\/p>\n<p>Gr\u0103dini\u0163a \/ \u015ecoala \/ Liceul ____________________<\/p>\n<p><em>\u00cencadrat la <\/em><strong>Sec\u0163iunea<\/strong><em>:_________<\/em><\/p>\n<p><strong>Categoria<\/strong><em>:_________<\/em><\/p>\n<p><strong>\u00a0<\/strong><\/p>\n<p><strong>Profesorul \u00eendrum\u0103tor<\/strong> Numele si prenumele________________________<\/p>\n<p>Telefon \/ Fax _____________________________<\/p>\n<p>E-mail__________________________________<\/p>\n<p><strong>\u00a0<\/strong><\/p>\n<p><strong>Programul ales<\/strong>(una sau 2 piese):<\/p>\n<p>1. Numele compozitorului: _______________________<\/p>\n<p>Titlul lucr\u0103rii: _______________________________<\/p>\n<p>2. Numele compozitorului: ______________________<\/p>\n<p>Titlul lucr\u0103rii: _______________________________<\/p>\n<p>Durata total\u0103_____________minute.<\/p>\n<p>Data ________________ \u00a0\u00a0\u00a0\u00a0\u00a0 Semn\u0103tura_________________<\/p>\n","protected":false},"excerpt":{"rendered":"<p>Regulamentul \u0219i Formularul de \u00eenscriere la Festivalul \u201cPrietenii Muzicii \u2013 PRO PIANO-ROMANIA\u201d Filiala Ia\u0219i Edi\u021bia a IV-a, 5 \u2013 7 decembrie 2014 &nbsp; I.Manifestarea este deschis\u0103 tinerilor piani\u015fti cu v\u00e2rsta cuprins\u0103 \u00eentre 5-18 ani. Este divizat\u0103 \u00een 3 sec\u0163iuni: A, B, C: A. Elevi care studiaz\u0103 pianul \u00een cadrul \u015fcolilor \u015fi liceelor de muzic\u0103 B. [&hellip;]<\/p>\n","protected":false},"author":1,"featured_media":0,"parent":0,"menu_order":0,"comment_status":"open","ping_status":"open","template":"","meta":{"footnotes":""},"class_list":["post-2922","page","type-page","status-publish","hentry"],"_links":{"self":[{"href":"https:\/\/www.propiano.org\/romanian\/wp-json\/wp\/v2\/pages\/2922","targetHints":{"allow":["GET"]}}],"collection":[{"href":"https:\/\/www.propiano.org\/romanian\/wp-json\/wp\/v2\/pages"}],"about":[{"href":"https:\/\/www.propiano.org\/romanian\/wp-json\/wp\/v2\/types\/page"}],"author":[{"embeddable":true,"href":"https:\/\/www.propiano.org\/romanian\/wp-json\/wp\/v2\/users\/1"}],"replies":[{"embeddable":true,"href":"https:\/\/www.propiano.org\/romanian\/wp-json\/wp\/v2\/comments?post=2922"}],"version-history":[{"count":10,"href":"https:\/\/www.propiano.org\/romanian\/wp-json\/wp\/v2\/pages\/2922\/revisions"}],"predecessor-version":[{"id":3009,"href":"https:\/\/www.propiano.org\/romanian\/wp-json\/wp\/v2\/pages\/2922\/revisions\/3009"}],"wp:attachment":[{"href":"https:\/\/www.propiano.org\/romanian\/wp-json\/wp\/v2\/media?parent=2922"}],"curies":[{"name":"wp","href":"https:\/\/api.w.org\/{rel}","templated":true}]}}