{"id":2837,"date":"2014-07-14T00:07:07","date_gmt":"2014-07-14T00:07:07","guid":{"rendered":"http:\/\/www.propiano.org\/romanian\/?page_id=2837"},"modified":"2015-06-01T15:27:10","modified_gmt":"2015-06-01T15:27:10","slug":"concurs-de-compozitie-2015","status":"publish","type":"page","link":"https:\/\/www.propiano.org\/romanian\/concurs-de-compozitie-2015\/","title":{"rendered":"Concurs de Compozitie 2015"},"content":{"rendered":"<p><strong>Regulamentul\u00a0Concursului de Compozitie\u00a0\u201cPRO PIANO-ROM\u00c2NIA\u201d<\/strong><\/p>\n<p><strong>\u00a0Edi\u021bia a IV-a, 2015<\/strong><\/p>\n<p>&nbsp;<\/p>\n<p>Concursul se adreseaz\u0103 copiilor \u0219i tinerilor cu v\u00e2rste cuprinse \u00eentre 5 &#8211; 18 ani(inclusiv cei din clasa a XII-a), care studiaz\u0103 muzica \u00een \u0218coli \u0219i Licee(Colegii) de Muzic\u0103, Cluburi, Palate ale Copiilor\u00a0sau \u00een \u00eenv\u0103\u021b\u0103m\u00e2nt particular.<\/p>\n<p>Scopul principal este stimularea creativit\u0103\u021bii tinerilor muzicieni, de la cele mai fragede v\u00e2rste, precum \u0219i\u00a0\u00eencurajarea\u00a0prezent\u0103rii publice a produsului finit, care va fi evaluat, apreciat, premiat(dup\u0103 caz) \u0219i ulterior, mediatizat, difuzat,\u00a0prin diverse mijloace.<\/p>\n<p>\u00cen paralel, Concursul de crea\u021bie\u00a0urm\u0103re\u0219te \u00eembog\u0103\u021birea repertoriului rom\u00e2nesc\u00a0 destinat \u00een special elevilor din primele doua cicluri \u0219colare(elementar \u0219i gimnazial), segment s\u0103rac \u00een piese didactice, adecvate nivelului lor de interpretare.<\/p>\n<p><strong>Tematica<\/strong>(structura de con\u0163inut a concursului) &#8211; pentru edi\u0163ia 2015 se pot prezenta lucr\u0103ri at\u00e2t pentru <strong>instrument solo<\/strong>: pian(la 2 \u0219i 4 m\u00e2ini), instrumente cu coarde, instrumente de suflat, percu\u021bie,\u00a0\u00een forme diverse\u00a0 (lied, tem\u0103 cu varia\u021biuni, mini-suite tematice, rondo, etc), precum \u0219i lucr\u0103ri pentru <strong>forma\u021bii camerale<\/strong>.<\/p>\n<p><strong>Condi\u021bii de participare: \u00a0<\/strong>Un concurent este admis cu una sau mai multe lucr\u0103ri. Lucrarea prezentat\u0103 trebuie sa fie original\u0103 \u0219i nepublicat\u0103 p\u00e2n\u0103 la data prezentului concurs. Se admit partituri \u00een manuscris (cu caractere de culoare neagr\u0103), xerocopiate sau tehnoredactate \u00eenso\u0163ite sau nu de \u00eenregistrare demo &#8211; CD-uri cu caracter documentar, con\u0163in\u00e2nd \u00eenregistrarea pieselor prezentate \u00een concurs.<\/p>\n<p>Aceste exemplare vor avea men\u021bionate numai un <strong>titlu \u015fi un motto<\/strong> pentru identificare(f\u0103r\u0103 nume sau semn\u0103tur\u0103).<\/p>\n<p>Taxa de \u00eenscriere: pentru o singur\u0103 lucrare \u2013\u00a0100 lei, iar pentru mai multe &#8211;\u00a0150 lei .<\/p>\n<p><strong>Inscrierea <\/strong>se va face pan\u0103 la data de <strong>1 iunie 2015:<\/strong><\/p>\n<ol>\n<li>prin <strong>po\u0219ta rapida<\/strong>(DHL, etc), la<strong> adresa:<\/strong>Funda\u021bia Culturala \u201cPRO PIANO-ROM\u00c2NIA\u201d, pentru d-na prof. Stela Avesalon &#8211; Aleea P\u0103durea Craiului nr.1, Bloc H3, Scara 1, Ap. 11, sector 3, Cod 032719, Of. Post 57, Bucure\u0219ti sau<\/li>\n<li>direct la organizator, numai\u00a0in urm\u0103toarele zile: \u00a0luni 18 mai, mar\u021bi 19 mai \u0219i miercuri 20 mai\u00a02015, \u00eentre orele 8,30 \u2013 15, la Colegiul Na\u021bional de Muzic\u0103 \u201eGeorge Enescu\u201d, str. Gh. Manu nr. 30. \u00cen acest caz,se poate achita \u0219i taxa. Se vor \u00eenregistra numai dosarele complete(completari ulterioare nu sunt admise).<\/li>\n<\/ol>\n<p>Fiecare dosar va trebui s\u0103 con\u0163in\u0103:<\/p>\n<ol>\n<li>lucrarea respectiv\u0103, \u00een\u00a02 (dou\u0103)) exemplare, pe care s\u0103 figureze numai <strong>titlul <\/strong>\u015fi un <strong>motto<\/strong><\/li>\n<li>un plic \u00eenchis pe care se va afla notat motto-ul ce figureaz\u0103 pe partitur\u0103. \u00cen interiorul plicului se vor g\u0103si: formularul de \u00eenscriere (care va cuprinde numele \u015fi prenumele compozitorului, locul \u015fi data na\u015fterii, \u015fcoala din care face parte, adresa complet\u0103, num\u0103rul de telefon, adresa de e-mail), &#8211; copia unui document care s\u0103 ateste data na\u015fterii, \u2013 un scurt curiculum vitae \u2013 o scurt\u0103 prezentare a lucr\u0103rii respective<\/li>\n<li>copia chitantei de achitare a taxei de inscriere<\/li>\n<li>in cazul anexarii CD-ului lucr\u0103rii prezentate \u00een concurs, acesta va purta <strong>motto<\/strong>-ul \u00eenscris pe partitur\u0103, f\u0103r\u0103 nici o alt\u0103 \u00eensemnare sau comentariu.<\/li>\n<\/ol>\n<p>Participarea la concurs implic\u0103 acceptarea integral\u0103 de c\u0103tre concuren\u0163i a prezentului regulament \u015fi a deciziilor juriului. Pentru informa\u0163ii suplimentare, concuren\u0163ii se vor adresa secretariatului artistic al Fundatiei.<\/p>\n<p><strong>Juriul: <\/strong>Juriul va fi format din personalit\u0103\u0163i prestigioase ale vie\u0163ii muzicale rom\u00e2ne\u015fti.<\/p>\n<p><strong>Premii: <\/strong>\u00cen urma deliber\u0103rii, juriul va decerna urm\u0103toarele premii: Premiul I, II, III , Premii Speciale(ale juriului \u0219i Sponsorilor), precum \u0219i\u00a0premii importante acordate de Muzeul Na\u021bional \u201eGeorge Enescu\u201d:<\/p>\n<p>&#8211; \u00a0un Premiu Special oferit \u00een Gala Concursului\u00a0,<\/p>\n<p>&#8211; unul sau mai multe recitaluri cu lucr\u0103rile premiate &#8211;\u00a0\u00een cadrul\u00a0Stagiunii Muzicale 2015 &#8211; 2016 \u00a0de la Muzeul Na\u021bional \u201eGeorge Enescu\u201d ,<\/p>\n<p>&#8211; partituri \u0219i CD-uri cu muzic\u0103 de George Enescu.<\/p>\n<p>Juriul \u00ee\u015fi rezerv\u0103 dreptul de a decide asupra neacord\u0103rii oric\u0103reia dintre distinc\u0163iile mai sus men\u0163ionate. Deciziile juriului sunt definitive \u015fi nu pot fi contestate. O parte dintre\u00a0cei premia\u0163i vor fi invita\u0163i s\u0103-\u0219i interpreteze\u00a0piesele \u00een Gal\u0103.<\/p>\n<p><strong>\u00a0<\/strong><\/p>\n<p><strong>Partiturile premiate<\/strong> intr\u0103 \u00een proprietatea Funda\u021biei Culturale \u201cPRO PIANO-ROM\u00c2NIA\u201d. Partiturile care nu au ob\u0163inut premii pot fi restituite, la cerere, autorilor.<\/p>\n<p>Organizatorii vor mediatiza lucr\u0103rile premiate \u00een emisiuni speciale TV \u015fi radio. Totodata, lucr\u0103rile au \u0219ansa sa fie interpretate \u00een audi\u021bii \u0219i recitaluri organizate de Funda\u021bie, pe toat\u0103 durata anului.<\/p>\n","protected":false},"excerpt":{"rendered":"<p>Regulamentul\u00a0Concursului de Compozitie\u00a0\u201cPRO PIANO-ROM\u00c2NIA\u201d \u00a0Edi\u021bia a IV-a, 2015 &nbsp; Concursul se adreseaz\u0103 copiilor \u0219i tinerilor cu v\u00e2rste cuprinse \u00eentre 5 &#8211; 18 ani(inclusiv cei din clasa a XII-a), care studiaz\u0103 muzica \u00een \u0218coli \u0219i Licee(Colegii) de Muzic\u0103, Cluburi, Palate ale Copiilor\u00a0sau \u00een \u00eenv\u0103\u021b\u0103m\u00e2nt particular. Scopul principal este stimularea creativit\u0103\u021bii tinerilor muzicieni, de la cele mai [&hellip;]<\/p>\n","protected":false},"author":1,"featured_media":0,"parent":0,"menu_order":0,"comment_status":"open","ping_status":"open","template":"","meta":{"footnotes":""},"class_list":["post-2837","page","type-page","status-publish","hentry"],"_links":{"self":[{"href":"https:\/\/www.propiano.org\/romanian\/wp-json\/wp\/v2\/pages\/2837","targetHints":{"allow":["GET"]}}],"collection":[{"href":"https:\/\/www.propiano.org\/romanian\/wp-json\/wp\/v2\/pages"}],"about":[{"href":"https:\/\/www.propiano.org\/romanian\/wp-json\/wp\/v2\/types\/page"}],"author":[{"embeddable":true,"href":"https:\/\/www.propiano.org\/romanian\/wp-json\/wp\/v2\/users\/1"}],"replies":[{"embeddable":true,"href":"https:\/\/www.propiano.org\/romanian\/wp-json\/wp\/v2\/comments?post=2837"}],"version-history":[{"count":6,"href":"https:\/\/www.propiano.org\/romanian\/wp-json\/wp\/v2\/pages\/2837\/revisions"}],"predecessor-version":[{"id":3350,"href":"https:\/\/www.propiano.org\/romanian\/wp-json\/wp\/v2\/pages\/2837\/revisions\/3350"}],"wp:attachment":[{"href":"https:\/\/www.propiano.org\/romanian\/wp-json\/wp\/v2\/media?parent=2837"}],"curies":[{"name":"wp","href":"https:\/\/api.w.org\/{rel}","templated":true}]}}