{"id":2834,"date":"2014-07-14T00:06:34","date_gmt":"2014-07-14T00:06:34","guid":{"rendered":"http:\/\/www.propiano.org\/romanian\/?page_id=2834"},"modified":"2015-06-01T15:37:01","modified_gmt":"2015-06-01T15:37:01","slug":"concurs-de-pian-2015-regulament","status":"publish","type":"page","link":"https:\/\/www.propiano.org\/romanian\/concurs-de-pian-2015-regulament\/","title":{"rendered":"Concurs de Pian 2015 &#8211; Regulament \u0219i Formular"},"content":{"rendered":"<h4>Informa\u021bii suplimentare se pot ob\u021bine la Tel\/Fax: (021) 341.16.88 sau Tel\/mobil : 0722.38.26.26 <strong>(\u00een afara orelor 14-17). <\/strong><\/h4>\n<h4><\/h4>\n<h4><strong><span style=\"color: #800000;\">Orice cerere speciala<\/span> de\u00a0completare sau schimbare\u00a0se va face prin SMS sau e-mail(nu\u00a0prin telefon). <\/strong><\/h4>\n<p>&nbsp;<\/p>\n<h5><strong><span style=\"color: #800000;\"><span style=\"color: #000000;\">Fiind Concurs International\u00a0<\/span> nu\u00a0se admit cereri speciale pentru programari in anumite zile sau ore.<\/span><\/strong><\/h5>\n<h4 style=\"text-align: center;\"><\/h4>\n<h4 style=\"text-align: center;\"><\/h4>\n<h4 style=\"text-align: center;\"><\/h4>\n<h3 style=\"text-align: center;\">Loca\u021bia: Sala ARCUB \u2013 Str. Bati\u0219tei nr.14<\/h3>\n<h4><\/h4>\n<p>&nbsp;<\/p>\n<p>&nbsp;<\/p>\n<h4><strong>Regulamentul \u0219i formularul de \u00eenscriere <\/strong><\/h4>\n<h5><strong>la Concursul Interna\u021bional de\u00a0Interpretare &#8211; Pian \u201cPRO PIANO-ROM\u00c2NIA\u201d, <\/strong><\/h5>\n<h5><strong>Edi\u021bia a XIX-a, 16 \u2013 21 iunie 2015<\/strong><\/h5>\n<p>&nbsp;<\/p>\n<p>Concursul Interna\u021bional \u201cPRO-PIANO-ROM\u00c2NIA\u201d este deschis tinerilor piani\u0219ti de orice na\u021bionalitate, n\u0103scu\u021bi dup\u0103 1 ianuarie 1985 \u0219i se desf\u0103\u0219oar\u0103 \u00een 4 sec\u021biuni: A(Junior 1 \u0219i Junior 2), B, C \u0219i D(4 m\u00e2ini).<\/p>\n<h4><\/h4>\n<h4><\/h4>\n<h4><strong>REGULAMENT<\/strong><\/h4>\n<p>1.<strong> Concursul este structurat \u00een patru sec\u021biuni- A, B, C si D, divizate la r\u00e2ndul lor \u00een categorii, \u00een func\u021bie de anul de na\u0219tere al concuren\u021bilor:<\/strong><\/p>\n<p>&nbsp;<\/p>\n<p><strong>SEC\u021aIUNEA A\u00a0 cu 2 subsec\u021biuni: <\/strong><\/p>\n<p><strong>Junior 1 \u0219i Junior 2\u00a0<\/strong>(o etap\u0103)<\/p>\n<p><strong>Junior 1<\/strong> \u2013 minutaj maxim 5\u2032<\/p>\n<p>Cat 1-a \u2013 n\u0103scu\u021bi \u00een anul 2008(\u0219i dup\u0103)<\/p>\n<p>Cat. a 2-a \u2013 2007<\/p>\n<p><strong>Repertoriu:<\/strong><\/p>\n<ol>\n<li>a) un studiu<\/li>\n<li>b) dou\u0103 piese diferite ca stil<\/li>\n<\/ol>\n<p>&nbsp;<\/p>\n<p><strong>Junior 2 \u2013 <\/strong>minutaj maxim 8\u2019<\/p>\n<p>Cat. a 3-a \u2013 2006<\/p>\n<p>Cat. a 4-a \u2013 2005<\/p>\n<p><strong>Repertoriu:<\/strong><\/p>\n<ol>\n<li>a) un studiu;<\/li>\n<li>b) o pies\u0103 preclasic\u0103;<\/li>\n<li>c) o pies\u0103 clasic\u0103, romantic\u0103 sau modern\u0103 (una la alegere)<\/li>\n<\/ol>\n<p>&nbsp;<\/p>\n<p><strong>SEC\u021aIUNEA \u00a0B<\/strong> \u2013 (2 etape) \u2013 n\u0103scu\u021bi \u00een anii:<\/p>\n<p>Cat. 1-a \u2013 2004 \u00a0&#8211; minutaj maxim:10\u2019(pt. etapa aII-a)<\/p>\n<p>Cat. a 2-a \u2013 2003<\/p>\n<p>Cat. a 3-a \u2013 2002<\/p>\n<p>Cat. a 4-a \u2013 2001<\/p>\n<p>Cat. a 5-a \u2013 2000 \u2013 minutaj maxim: 15\u2019(pt etapa a II-a)<\/p>\n<p>Cat a 6-a \u2013 1999<\/p>\n<p>Cat. a 7-a \u2013 1998 \u2013 minutaj maxim: 20\u2019(pt etapa a \u00a0II-a)<\/p>\n<p>Cat. a 8-a \u2013 1997 si 1996<\/p>\n<p><strong>Repertoriul <\/strong>Sec\u021biunii B (2 etape):<\/p>\n<p><strong>Etapa I<\/strong> (eliminatorie):<\/p>\n<p>a) un studiu;<\/p>\n<p>b) o piesa preclasic\u0103(baroc\u0103) \u2013 Bach, Haendel, Scarlatti, Rameau, etc<\/p>\n<p><strong>Etapa a II-a:<\/strong><\/p>\n<p>a) O pies\u0103 clasic\u0103: PI de Sonat\u0103, sau Tema cu varia\u021biuni, sau\u00a0Rondo(piesa de sine st\u0103t\u0103toare)<\/p>\n<p>b) O pies\u0103 romantic\u0103, modern\u0103 sau rom\u00e2neasc\u0103 (una, la alegere)<\/p>\n<p>&nbsp;<\/p>\n<p><strong>SEC\u021aIUNEA \u00a0C<\/strong> \u2013 (3 etape ) n\u0103scu\u021bi dup\u0103 1985<\/p>\n<p><strong>Repertoriu:<\/strong><\/p>\n<p><strong>Etapa I (<\/strong>eliminatorie):<\/p>\n<p>a) Dou\u0103 studii de virtuozitate(Chopin, Liszt, Schumann, Rahmaninov, Debussy, Skriabin, Prokofiev)<\/p>\n<p>b) J. S. Bach \u2013 Preludiu \u0219i fug\u0103 sau 3 mi\u0219c\u0103ri(p\u0103r\u021bi) din Suite, Partite<\/p>\n<address><strong>Etapa a II-a<\/strong> (semifinala \u2013 eliminatorie)- maxim 30\u2019<\/address>\n<p>a) o sonat\u0103 clasic\u0103<\/p>\n<p>b) o pies\u0103 modern\u0103, la alegere, din repertoriul universal sau rom\u00e2nesc<\/p>\n<p><strong>Etapa a III-a<\/strong> (finala) \u2013 maxim 30\u2019- recital cu piese de factur\u0103 diferit\u0103 fa\u021b\u0103 de cele prezentate \u00een primele 2 etape, \u00een care sa fie inclus\u0103, \u00een mod obligatoriu o pies\u0103 romantic\u0103.<\/p>\n<p>&nbsp;<\/p>\n<p><strong>SEC\u021aIUNEA \u00a0D<\/strong> \u2013 Ansamblu la 4 m\u00e2ini pe un pian\u2013 (o etap\u0103):<\/p>\n<p>Cat. 1 \u2013 n\u0103scu\u021bi intre 2007 \u2013 2002<\/p>\n<p>Cat. a 2-a-n\u0103scu\u021bi intre 2001 \u2013 1996<\/p>\n<p>Cat. a 3-a-n\u0103scu\u021bi intre 1995- 1985<\/p>\n<p><strong>Repertoriul<\/strong> sec\u021biunii D: piese la alegere, cu urm\u0219torul minutaj maxim: cat. 1 \u2013 5\u2019 cat. a 2-a \u2013 10\u2019 cat. a 3-a \u2013 15\u2032<\/p>\n<p><strong>2.<\/strong> Se poate concura la dou\u0103 categorii: cea a v\u00e2rstei concurentului \u0219i la o categorie superioar\u0103, dar cu repertorii diferite. Repertoriul comunicat prin cererea de \u00eenscriere nu poate fi modificat ulterior. Ordinea de interpretare a pieselor este la libera alegere a candida\u021bilor. \u00cen cazul dep\u0103\u0219irii duratei maxime stabilite pentru etapa a II-a (sau a III-a) juriul va \u00eentrerupe evolu\u021bia candidatului. Toate probele sunt publice. Ordinea intr\u0103rii \u00een concurs este cea alfabetic\u0103 pentru fiecare categorie de v\u00e2rst\u0103.<\/p>\n<p>&nbsp;<\/p>\n<p><strong>3. <\/strong>Termenul limit\u0103 pentru \u00eenscrierea la concurs este data de <strong>1 iunie 2015<\/strong>.<\/p>\n<p><strong>Acte necesare \u00eenscrierii<\/strong>:<\/p>\n<ul>\n<li>certificat de na\u0219tere (copie) \u00b7formularul de \u00eenscriere tip \u2013 completat cu toate datele cerute;<\/li>\n<li>fotografie 4\/5 cm, tip pa\u0219aport;<\/li>\n<li>chitan\u021ba doveditoare pentru plata taxei de \u00eenscriere: categoria A \u2013 200 RON; categoria B \u2013 250 RON; categoria C \u2013 300 RON; categoria D \u2013 100 RON\/ persoan\u0103. Aceast\u0103 sum\u0103 va fi trimis\u0103 in contul Funda\u021biei \u201cPro Piano -Rom\u00e2nia\u201d deschis la B C R \u2013 Sector 3, Bucure\u0219ti: Cod IBAN nr. RO85RNCB0074029228740001 \/ Cod fiscal 9099960.<\/li>\n<\/ul>\n<p>&nbsp;<\/p>\n<p><strong>Modalit\u0103\u021bi de \u00eenscriere<\/strong>:<\/p>\n<p>&#8211; prin <strong>e-mail \u2013 preferabil<\/strong>(actele vor fi scanate si poza va fi \u00een format electronic-JPEG),<\/p>\n<p>&#8211; prin <strong>po\u0219ta rapida(DHL)<\/strong><strong>, <\/strong>pe adresa secretariatului Funda\u021biei Culturale \u201cPRO PIANO-ROM\u00c2NIA\u201d(aleea P\u0103durea Craiului nr.1, Bloc H3, Scara 1, Ap. 11, sector 3, Cod 032719, Of. Post 57, Bucure\u0219ti pentru d-na prof. Stela Avesalon),<\/p>\n<p>&#8211; direct <strong>la organizator<\/strong>, numai\u00a0\u00een urm\u0103toarele zile: luni 18 mai, mar\u021bi 19 mai \u0219i miercuri 20 mai\u00a02015, \u00eentre orele 8,30 \u2013 15, la Colegiul Na\u021bional de Muzic\u0103 \u201eGeorge Enescu\u201d, str. Gh. Manu nr. 30. \u00cen acest caz,se poate achita \u0219i taxa.\u00a0Se vor \u00eenregistra numai dosarele <strong>complete<\/strong>(completari ulterioare nu sunt admise).<\/p>\n<p>&nbsp;<\/p>\n<p><strong>Program\u0103rile intr\u0103rii<\/strong> \u00een concurs se vor anun\u021ba dup\u0103 data de\u00a0<strong>6 iunie<\/strong>. In cazul lipsei unui candidat din lista, rog contactati-ne la tel.\u00a00722.38.26.26(preferabil prin SMS)\u00a0la tel. \u00a0\u00a00722.38.26.26<\/p>\n<p>In caz de neprezentare la concurs taxa nu se restituie.<\/p>\n<p>Cheltuielile de transport, cazare, mas\u0103 vor fi suportate de c\u0103tre participan\u021bi.<\/p>\n<p>&nbsp;<\/p>\n<p><strong>4. Premii:<\/strong> * Marele Premiu al Concursului Interna\u021bional \u201cPro Piano \u2013 Rom\u00e2nia\u201d * C\u00e2te 5 (cinci) premii la fiecare categorie, inclusiv Premiul I de Excelen\u021b\u0103 * Premii speciale * Premiul pentru interpretarea de excep\u021bie a unei piese rom\u00e2ne\u0219ti sau a unei alte piese din repertoriul prezentat * Premii din partea sponsorilor.<\/p>\n<p>Participan\u021bilor din categoria A, care nu s-au calificat pentru unul dintre premiile anun\u021bate \u00een capitolul 4, precum \u0219i celor care nu au promovat \u00een etapa urm\u0103toare(categoriile B \u0219i C), li se vor acorda (numai la cererea lor) Diplom\u0103 de participare \u00a0sau respectiv de semifinalist sau finalist.<\/p>\n<p>Toate premiile concursului vor fi \u00eenm\u00e2nate personal laurea\u021bilor \u00een festivitatea de premiere \u2013 Gala laurea\u021bilor. To\u021bi laurea\u021bii sunt ruga\u021bi s\u0103 se prezinte \u00een \u021binut\u0103 de gal\u0103 la festivitatea de premiere(<strong>\u00een caz contrar, nu vor fi accepta\u021bi \u00een pozele de grup<\/strong>).<\/p>\n<p>&#8211; <strong>Important:<em> \u00een caz de neprezentare personal\u0103\u00a0in gal\u0103, este obligatorie delegarea unei alte persoane pentru ridicarea premiului(se va semna intr-un tabel special numele pentru care se ridic\u0103 premiul). Funda\u021bia nu-\u0219i ia angajamentul trimiterilor ulterioare(nici prin posta, nici pe alta cale).<\/em><\/strong><\/p>\n<p>&nbsp;<\/p>\n<p><strong>5. <\/strong>Juriul concursului va fi alc\u0103tuit din personalit\u0103\u021bi ale vietii muzicale rom\u00e2ne\u0219ti \u0219i interna\u021bionale.<\/p>\n<p>Hot\u0103r\u00e2rile juriului sunt definitive \u0219i inatacabile. Pentru eventualele \u00eenregistr\u0103ri audio-video concuren\u021bii nu vor putea solicita onorariu. Din momentul \u00eenscrierii la concurs, candida\u021bii accept\u0103 prezentul regulament \u0219i auroritatea juriului.<\/p>\n<p>Informa\u021bii suplimentare se pot ob\u021bine la: Tel\/Fax: (021) 341.16.88<\/p>\n<p>Tel\/mobil : 0722.38.26.26 <strong>(\u00een afara orelor 14-17)\u00a0<\/strong><\/p>\n<p>E-mail : <a href=\"mailto:propiano@gmail.com\">propiano@gmail.com<\/a> Web page: <a href=\"http:\/\/www.propiano.org\/\">www.propiano.org<\/a><\/p>\n<p>&nbsp;<\/p>\n<p><strong>\u00a0<\/strong><\/p>\n<p><strong>\u00a0<\/strong><\/p>\n<p><strong>\u00a0FORMULAR de INSCRIERE<\/strong> <strong>Concursul Interna\u021bional de pian \u201cPRO PIANO-ROM\u00c2NIA\u201d (formularul se poate complete online &#8211; dati click pe titlu)<\/strong><\/p>\n<p><strong>Edi\u021bia a XIX- a, 16 \u2013 21 iunie 2015<\/strong><\/p>\n<p><strong>\u00a0<\/strong><strong>Concurent:<\/strong><\/p>\n<ol>\n<li>Nume\u2026\u2026\u2026\u2026\u2026\u2026\u2026\u2026\u2026\u2026\u2026\u2026\u2026\u2026\u2026\u2026\u2026\u2026<\/li>\n<li>Prenume\u2026\u2026\u2026\u2026\u2026\u2026\u2026\u2026\u2026\u2026\u2026\u2026\u2026\u2026\u2026\u2026<\/li>\n<li>\u021aara \u2013 cet\u0103\u021benia\u2026\u2026\u2026\u2026\u2026\u2026\u2026\u2026\u2026\u2026\u2026\u2026.<\/li>\n<li>Data na\u0219terii\u2026\u2026\u2026\u2026\u2026\u2026\u2026\u2026\u2026\u2026\u2026\u2026\u2026\u2026<\/li>\n<\/ol>\n<p>Cod numeric personal\u2026\u2026\u2026\u2026\u2026\u2026\u2026\u2026\u2026<\/p>\n<ol start=\"5\">\n<li>Domiciliul(adresa complet\u0103)\u2026\u2026\u2026\u2026<\/li>\n<li>Tel.Fax\u2026\u2026\u2026\u2026\u2026\u2026\u2026\u2026\u2026\u2026\u2026\u2026\u2026\u2026\u2026\u2026\u2026<\/li>\n<\/ol>\n<p>E-mail\u2026\u2026\u2026\u2026\u2026\u2026\u2026\u2026\u2026\u2026\u2026\u2026\u2026\u2026\u2026\u2026\u2026\u2026<\/p>\n<ol start=\"7\">\n<li>\u0218coala\/liceu\u2026\u2026\u2026\u2026\u2026\u2026\u2026\u2026\u2026\u2026\u2026\u2026\u2026\u2026<\/li>\n<\/ol>\n<p>&nbsp;<\/p>\n<p><strong>Profesor \u00eendrum\u0103tor:<\/strong><\/p>\n<ol start=\"8\">\n<li>Nume si prenume\u2026\u2026\u2026\u2026\u2026\u2026\u2026\u2026\u2026\u2026\u2026\u2026<\/li>\n<\/ol>\n<p>Tel\/Fax\u2026\u2026\u2026\u2026\u2026\u2026\u2026\u2026\u2026\u2026\u2026\u2026\u2026\u2026\u2026\u2026\u2026\u2026\u2026.<\/p>\n<p>E-mail\u2026\u2026\u2026\u2026\u2026\u2026\u2026\u2026\u2026\u2026\u2026\u2026\u2026\u2026\u2026\u2026\u2026\u2026\u2026\u2026<\/p>\n<p>&nbsp;<\/p>\n<ol start=\"9\">\n<li>Curriculum vitae<\/li>\n<li>Repertoriu :<\/li>\n<\/ol>\n<p>&nbsp;<\/p>\n<p><strong>Sectiunile A<\/strong>(Junior\u00a01\u00a0sau\u00a0Junior 2)\u00a0\u0219i D (se va sublinia sec\u021biunea dorit\u0103) &#8211; o etap\u0103:<\/p>\n<p>a\u2026\u2026\u2026\u2026\u2026\u2026\u2026\u2026\u2026\u2026\u2026\u2026\u2026\u2026\u2026\u2026\u2026\u2026\u2026\u2026\u2026\u2026\u2026.<\/p>\n<p>b\u2026\u2026\u2026\u2026\u2026\u2026\u2026\u2026\u2026\u2026\u2026\u2026\u2026\u2026\u2026\u2026\u2026\u2026\u2026\u2026\u2026\u2026\u2026.<\/p>\n<p>c\u2026\u2026\u2026\u2026\u2026\u2026\u2026\u2026\u2026\u2026\u2026\u2026\u2026\u2026\u2026\u2026\u2026\u2026\u2026\u2026\u2026\u2026\u2026.<\/p>\n<p>&nbsp;<\/p>\n<p>&nbsp;<\/p>\n<p><strong>Sectiunea B<\/strong> &#8211;\u00a02 etape:<\/p>\n<p><strong>Etapa I<\/strong><\/p>\n<p>a\u2026\u2026\u2026\u2026\u2026\u2026\u2026\u2026\u2026\u2026\u2026\u2026\u2026\u2026\u2026\u2026\u2026\u2026\u2026\u2026\u2026<\/p>\n<p>b\u2026\u2026\u2026\u2026\u2026\u2026\u2026\u2026\u2026\u2026\u2026\u2026\u2026\u2026\u2026\u2026\u2026\u2026\u2026\u2026\u2026<\/p>\n<p>&nbsp;<\/p>\n<p><strong>Etapa a II-a <\/strong>&#8211;\u00a0minutaj maxim:<\/p>\n<p>cat. 1 \u2013 4 max. 10\u2032 cat. 5 \u2013 6 max. 15\u2032<\/p>\n<p>cat. 7 &#8211;\u00a08 max. 20\u2019<\/p>\n<p>a\u2026\u2026\u2026\u2026\u2026\u2026\u2026\u2026\u2026\u2026\u2026\u2026\u2026\u2026\u2026\u2026\u2026\u2026\u2026\u2026\u2026<\/p>\n<p>b\u2026\u2026\u2026\u2026\u2026\u2026\u2026\u2026\u2026\u2026\u2026\u2026\u2026\u2026\u2026\u2026\u2026\u2026\u2026\u2026\u2026<\/p>\n<p>&nbsp;<\/p>\n<p><strong>\u00a0<\/strong><\/p>\n<p><strong>Sectiunea C<\/strong> \u2013 3 etape:<\/p>\n<p><strong>Etapa I<\/strong>(eliminatorie)<\/p>\n<p>a\u2026\u2026\u2026\u2026\u2026\u2026\u2026\u2026\u2026\u2026\u2026\u2026\u2026\u2026\u2026\u2026\u2026\u2026\u2026\u2026\u2026<\/p>\n<p>b\u2026\u2026\u2026\u2026\u2026\u2026\u2026\u2026\u2026\u2026\u2026\u2026\u2026\u2026\u2026\u2026\u2026\u2026\u2026\u2026\u2026<\/p>\n<p>c\u2026\u2026\u2026\u2026\u2026\u2026\u2026\u2026\u2026\u2026\u2026\u2026\u2026\u2026\u2026\u2026\u2026\u2026\u2026\u2026\u2026<\/p>\n<p>&nbsp;<\/p>\n<p><strong>Etapa a II-a<\/strong> \u2013 semifinala(eliminatorie): max. 30\u2032<\/p>\n<p>a\u2026\u2026\u2026\u2026\u2026\u2026\u2026\u2026\u2026\u2026\u2026\u2026\u2026\u2026\u2026\u2026\u2026\u2026\u2026\u2026\u2026<\/p>\n<p>b\u2026\u2026\u2026\u2026\u2026\u2026\u2026\u2026\u2026\u2026\u2026\u2026\u2026\u2026\u2026\u2026\u2026\u2026\u2026\u2026\u2026<\/p>\n<p>&nbsp;<\/p>\n<p><strong>Etapa a III-a<\/strong> \u2013 finala: max. 30\u2032<\/p>\n<p>a\u2026\u2026\u2026\u2026\u2026\u2026\u2026\u2026\u2026\u2026\u2026\u2026\u2026\u2026\u2026\u2026\u2026\u2026\u2026\u2026\u2026<\/p>\n<p>b\u2026\u2026\u2026\u2026\u2026\u2026\u2026\u2026\u2026\u2026\u2026\u2026\u2026\u2026\u2026\u2026\u2026\u2026\u2026\u2026\u2026<\/p>\n<p>&nbsp;<\/p>\n<p>&nbsp;<\/p>\n<p>Data: \u00a0\u00a0\u00a0\u00a0\u00a0\u00a0\u00a0\u00a0\u00a0\u00a0\u00a0\u00a0\u00a0\u00a0\u00a0\u00a0\u00a0\u00a0\u00a0\u00a0\u00a0\u00a0\u00a0\u00a0\u00a0\u00a0\u00a0\u00a0\u00a0 \u00a0 Semnatura:<\/p>\n","protected":false},"excerpt":{"rendered":"<p>Informa\u021bii suplimentare se pot ob\u021bine la Tel\/Fax: (021) 341.16.88 sau Tel\/mobil : 0722.38.26.26 (\u00een afara orelor 14-17). Orice cerere speciala de\u00a0completare sau schimbare\u00a0se va face prin SMS sau e-mail(nu\u00a0prin telefon). &nbsp; Fiind Concurs International\u00a0 nu\u00a0se admit cereri speciale pentru programari in anumite zile sau ore. Loca\u021bia: Sala ARCUB \u2013 Str. Bati\u0219tei nr.14 &nbsp; &nbsp; Regulamentul [&hellip;]<\/p>\n","protected":false},"author":1,"featured_media":0,"parent":0,"menu_order":0,"comment_status":"open","ping_status":"open","template":"","meta":{"footnotes":""},"class_list":["post-2834","page","type-page","status-publish","hentry"],"_links":{"self":[{"href":"https:\/\/www.propiano.org\/romanian\/wp-json\/wp\/v2\/pages\/2834","targetHints":{"allow":["GET"]}}],"collection":[{"href":"https:\/\/www.propiano.org\/romanian\/wp-json\/wp\/v2\/pages"}],"about":[{"href":"https:\/\/www.propiano.org\/romanian\/wp-json\/wp\/v2\/types\/page"}],"author":[{"embeddable":true,"href":"https:\/\/www.propiano.org\/romanian\/wp-json\/wp\/v2\/users\/1"}],"replies":[{"embeddable":true,"href":"https:\/\/www.propiano.org\/romanian\/wp-json\/wp\/v2\/comments?post=2834"}],"version-history":[{"count":34,"href":"https:\/\/www.propiano.org\/romanian\/wp-json\/wp\/v2\/pages\/2834\/revisions"}],"predecessor-version":[{"id":3353,"href":"https:\/\/www.propiano.org\/romanian\/wp-json\/wp\/v2\/pages\/2834\/revisions\/3353"}],"wp:attachment":[{"href":"https:\/\/www.propiano.org\/romanian\/wp-json\/wp\/v2\/media?parent=2834"}],"curies":[{"name":"wp","href":"https:\/\/api.w.org\/{rel}","templated":true}]}}