{"id":2825,"date":"2014-07-13T23:50:45","date_gmt":"2014-07-13T23:50:45","guid":{"rendered":"http:\/\/www.propiano.org\/romanian\/?page_id=2825"},"modified":"2015-11-15T14:54:15","modified_gmt":"2015-11-15T14:54:15","slug":"recitaluri-2015","status":"publish","type":"page","link":"https:\/\/www.propiano.org\/romanian\/recitaluri-2015\/","title":{"rendered":"Recitaluri 2015"},"content":{"rendered":"<p>Pentru <strong>Recitaluri 2014<\/strong> dati click\u00a0pe linkul\u00a0 \u201dArhiv\u0103 2014\u00a0-Recitaluri 2014\u201d din bara de sus.<\/p>\n<p>&nbsp;<\/p>\n<h4><\/h4>\n<h4>Activitatea Funda\u021biei in 2015<\/h4>\n<p>&nbsp;<\/p>\n<p>&nbsp;<\/p>\n<p><span><span style=\"color: #000000;\"><a style=\"color: #000000; text-decoration: underline;\" href=\"http:\/\/www.propiano.org\/romanian\/wp-content\/uploads\/2015\/11\/Afis-Sinaia-29-nov.-2015-.pdf\" target=\"_blank\"><strong>29 noiembrie<\/strong> 2015,\u00a0ora<strong> <strong>10,30<\/strong><strong>(cu pauz\u0103)<\/strong><strong> &#8211; <\/strong><\/strong>Recital omagial \u201d1 decembrie &#8211; ziua na\u021bional\u0103 a Rom\u00e2niei\u201d &#8211; la Casa Memorial\u0103 \u201dGeorge Enescu\u201d din <strong>Sinaia: <\/strong><strong><strong>ora 10,30 &#8211; <\/strong><\/strong>clasele I &#8211;VII<strong> \u0219i ora 12,30 <\/strong>&#8211; clasele VIII-XII<\/a>\u00a0<\/span><\/span><u>(pentru vizionarea afisului dati click pe titlu)<\/u><\/p>\n<p>&nbsp;<\/p>\n<p><span style=\"text-decoration: underline;\"><span style=\"color: #000000;\"><a style=\"color: #000000; text-decoration: underline;\" href=\"http:\/\/www.propiano.org\/romanian\/wp-content\/uploads\/2015\/11\/Afis-Busteni-30-nov.-2015-1.pdf\" target=\"_blank\"><strong>30 noiembrie<\/strong> 2015\u00a0 , ora <strong>10,30(f\u0103r\u0103 pauz\u0103)<\/strong>&#8211;\u00a0\u00a0 Recital omagial \u201d1 decembrie &#8211; ziua na\u021bional\u0103 a Rom\u00e2niei\u201d &#8211; la Centrul Cultural \u201dAurel Stroe\u201d din <strong>Bu\u0219teni<\/strong><\/a><u>(pentru vizionarea afisului dati click pe titlu)<\/u><\/span><\/span><\/p>\n<p>&nbsp;<\/p>\n<p>&nbsp;<\/p>\n<p><strong>16 &#8211; 20<\/strong> <strong>septembrie<\/strong> &#8211; organizarea \u0219i prezentarea programului la Pia\u021ba Festivalului \u201dGeorge Enescu\u201d<\/p>\n<p>&nbsp;<\/p>\n<p><strong>16 &#8211; 20<\/strong> <strong>iunie<\/strong> &#8211; Concurs Interna\u021bional \u201dPRO PIANO-ROM\u00c2NIA\u201d, edi\u021bia a XIX-a<\/p>\n<p><strong>12 &#8211; 13<\/strong> <strong>iunie<\/strong> &#8211; Concurs \u201dMozart\u201d &#8211; T\u00e2rgovi\u0219te, edi\u021bia a XIX-a(concurs \u00een parteneriat)<\/p>\n<p><strong>29 &#8211; 31 mai<\/strong> &#8211; Festivalul \u201dPrietenii Muzicii\u201d &#8211; Bucure\u0219ti, edi\u021bia a XIII-a<\/p>\n<p>08 &#8211; 09 mai &#8211; Concursul \u201dGradus ad Parnassum\u201d, edi\u021bia a VIII-a(concurs \u00een parteneriat)<\/p>\n<p>04 &#8211; 05 aprilie &#8211; Concursul \u201dBrave claviaturi\u201d, edi\u021bia a VIII-a(concurs \u00een parteneriat)<\/p>\n<p>04 &#8211; 09 martie &#8211; Festivalul \u201dPrietenii Muzicii\u201d &#8211; filiala Sibiu, edi\u021bia a III-a<\/p>\n<p>18 &#8211; 22 februarie &#8211; Festivalul \u201dPrietenii Muzicii\u201d &#8211; filiala Cluj-Napoca, edi\u021bia a VIII-a<\/p>\n<p>&nbsp;<\/p>\n","protected":false},"excerpt":{"rendered":"<p>Pentru Recitaluri 2014 dati click\u00a0pe linkul\u00a0 \u201dArhiv\u0103 2014\u00a0-Recitaluri 2014\u201d din bara de sus. &nbsp; Activitatea Funda\u021biei in 2015 &nbsp; &nbsp; 29 noiembrie 2015,\u00a0ora 10,30(cu pauz\u0103) &#8211; Recital omagial \u201d1 decembrie &#8211; ziua na\u021bional\u0103 a Rom\u00e2niei\u201d &#8211; la Casa Memorial\u0103 \u201dGeorge Enescu\u201d din Sinaia: ora 10,30 &#8211; clasele I &#8211;VII \u0219i ora 12,30 &#8211; clasele VIII-XII\u00a0(pentru [&hellip;]<\/p>\n","protected":false},"author":1,"featured_media":0,"parent":0,"menu_order":0,"comment_status":"open","ping_status":"open","template":"","meta":{"footnotes":""},"class_list":["post-2825","page","type-page","status-publish","hentry"],"_links":{"self":[{"href":"https:\/\/www.propiano.org\/romanian\/wp-json\/wp\/v2\/pages\/2825","targetHints":{"allow":["GET"]}}],"collection":[{"href":"https:\/\/www.propiano.org\/romanian\/wp-json\/wp\/v2\/pages"}],"about":[{"href":"https:\/\/www.propiano.org\/romanian\/wp-json\/wp\/v2\/types\/page"}],"author":[{"embeddable":true,"href":"https:\/\/www.propiano.org\/romanian\/wp-json\/wp\/v2\/users\/1"}],"replies":[{"embeddable":true,"href":"https:\/\/www.propiano.org\/romanian\/wp-json\/wp\/v2\/comments?post=2825"}],"version-history":[{"count":22,"href":"https:\/\/www.propiano.org\/romanian\/wp-json\/wp\/v2\/pages\/2825\/revisions"}],"predecessor-version":[{"id":3709,"href":"https:\/\/www.propiano.org\/romanian\/wp-json\/wp\/v2\/pages\/2825\/revisions\/3709"}],"wp:attachment":[{"href":"https:\/\/www.propiano.org\/romanian\/wp-json\/wp\/v2\/media?parent=2825"}],"curies":[{"name":"wp","href":"https:\/\/api.w.org\/{rel}","templated":true}]}}