{"id":2779,"date":"2014-06-22T23:39:46","date_gmt":"2014-06-22T23:39:46","guid":{"rendered":"http:\/\/www.propiano.org\/romanian\/?page_id=2779"},"modified":"2014-10-23T17:07:16","modified_gmt":"2014-10-23T17:07:16","slug":"2014-2","status":"publish","type":"page","link":"https:\/\/www.propiano.org\/romanian\/2014-2\/","title":{"rendered":"2014"},"content":{"rendered":"<h4 align=\"center\"><strong><span style=\"color: #1c1c1c;\">Premiile Concursului Interna\u021bional \u201dPRO PIANO-ROM\u00c2NIA\u201d<\/span><\/strong><\/h4>\n<p style=\"text-align: center;\" align=\"center\"><span style=\"color: #1c1c1c;\"><strong>Edi\u021bia a XVIII-a, 17 \u2013 22 \u00a0iunie 2014<\/strong><\/span><\/p>\n<table class=\" aligncenter\" style=\"height: 5237px;\" width=\"557\">\n<tbody>\n<tr>\n<td width=\"102\">Categoria<\/td>\n<td width=\"292\">Numele \u015fi prenumele<\/td>\n<td width=\"156\">Premiul<\/td>\n<\/tr>\n<tr>\n<td width=\"102\">A0(2008)<\/td>\n<td width=\"292\">Constanda Bianca Mihaela- Bucure\u0219ti<\/td>\n<td width=\"156\">III<\/td>\n<\/tr>\n<tr>\n<td width=\"102\"><\/td>\n<td width=\"292\">Rusu Nichita Ioan- Bucure\u0219ti<\/td>\n<td width=\"156\">III<\/td>\n<\/tr>\n<tr>\n<td width=\"102\"><\/td>\n<td width=\"292\">Babii Andreea Iolanda &#8211; Bucure\u0219ti<\/td>\n<td width=\"156\">II<\/td>\n<\/tr>\n<tr>\n<td width=\"102\"><\/td>\n<td width=\"292\">Potecea Ana Maria<\/td>\n<td width=\"156\">I<\/td>\n<\/tr>\n<tr>\n<td width=\"102\">A1(2007)<\/td>\n<td width=\"292\">Bokor Lyuba- Bucure\u0219ti<\/td>\n<td width=\"156\">IV<\/td>\n<\/tr>\n<tr>\n<td width=\"102\"><\/td>\n<td width=\"292\">Bercea Aida Maria- Bucure\u0219ti<\/td>\n<td width=\"156\">III<\/td>\n<\/tr>\n<tr>\n<td width=\"102\"><\/td>\n<td width=\"292\">Dobrot\u0103 David \u0218tefan-Bucure\u0219ti<\/td>\n<td width=\"156\">III<\/td>\n<\/tr>\n<tr>\n<td width=\"102\"><\/td>\n<td width=\"292\">T\u0103nase Ene Carina<\/td>\n<td width=\"156\">III<\/td>\n<\/tr>\n<tr>\n<td width=\"102\"><\/td>\n<td width=\"292\">B\u0103la\u0219 Iulia- Bucure\u0219ti<\/td>\n<td width=\"156\">II<\/td>\n<\/tr>\n<tr>\n<td width=\"102\"><\/td>\n<td width=\"292\">Cinc\u0103 David- Bucure\u0219ti<\/td>\n<td width=\"156\">II<\/td>\n<\/tr>\n<tr>\n<td width=\"102\"><\/td>\n<td width=\"292\">Ghi\u021b\u0103 Matei Gabriel- Bucure\u0219ti<\/td>\n<td width=\"156\">II<\/td>\n<\/tr>\n<tr>\n<td width=\"102\"><\/td>\n<td width=\"292\">Mihai Erik Andrei- Bucure\u0219ti<\/td>\n<td width=\"156\">II<\/td>\n<\/tr>\n<tr>\n<td width=\"102\"><\/td>\n<td width=\"292\">Ursuianu Bianca Elenea<\/td>\n<td width=\"156\">II<\/td>\n<\/tr>\n<tr>\n<td width=\"102\"><\/td>\n<td width=\"292\">Diaconu Alexandru- Gala\u021bi<\/td>\n<td width=\"156\">I<\/td>\n<\/tr>\n<tr>\n<td width=\"102\"><\/td>\n<td width=\"292\">Dr\u0103goi Noa- Bucure\u0219ti<\/td>\n<td width=\"156\">I<\/td>\n<\/tr>\n<tr>\n<td width=\"102\"><\/td>\n<td width=\"292\">Ghidiceanu Ruben Natan \u2013 Craiova<\/td>\n<td width=\"156\">I<\/td>\n<\/tr>\n<tr>\n<td width=\"102\"><\/td>\n<td width=\"292\">M\u00eerzac Maria Alexandra &#8211; Gala\u021bi<\/td>\n<td width=\"156\">I<\/td>\n<\/tr>\n<tr>\n<td width=\"102\"><\/td>\n<td width=\"292\">Odov\u00e2nc\u0103 David- Bucure\u0219ti<\/td>\n<td width=\"156\">I<\/td>\n<\/tr>\n<tr>\n<td width=\"102\"><\/td>\n<td width=\"292\">Posoiu Cosmin Andrei- Bucure\u0219ti<\/td>\n<td width=\"156\">I<\/td>\n<\/tr>\n<tr>\n<td width=\"102\">A2(2006)<\/td>\n<td width=\"292\">Lefter Rafaela &#8211; Suceava<\/td>\n<td width=\"156\">IV<\/td>\n<\/tr>\n<tr>\n<td width=\"102\"><\/td>\n<td width=\"292\">Volo\u0219in Andrei &#8211; Suceava<\/td>\n<td width=\"156\">IV<\/td>\n<\/tr>\n<tr>\n<td width=\"102\"><\/td>\n<td width=\"292\">Alexe Maria Alexandra &#8211; Bucure\u0219ti<\/td>\n<td width=\"156\">III<\/td>\n<\/tr>\n<tr>\n<td width=\"102\"><\/td>\n<td width=\"292\">Ghelasi Claudia- Bucure\u0219ti<\/td>\n<td width=\"156\">III<\/td>\n<\/tr>\n<tr>\n<td width=\"102\"><\/td>\n<td width=\"292\">Ion Teodora Ana- Bucure\u0219ti<\/td>\n<td width=\"156\">III<\/td>\n<\/tr>\n<tr>\n<td width=\"102\"><\/td>\n<td width=\"292\">Mih\u0103ilescu Sebastian &#8211; Bucure\u0219ti<\/td>\n<td width=\"156\">III<\/td>\n<\/tr>\n<tr>\n<td width=\"102\"><\/td>\n<td width=\"292\">Mincu Teodora Ioana Ia\u0219i<\/td>\n<td width=\"156\">III<\/td>\n<\/tr>\n<tr>\n<td width=\"102\"><\/td>\n<td width=\"292\">Petrescu Irina &#8211; Bucure\u0219ti<\/td>\n<td width=\"156\">III<\/td>\n<\/tr>\n<tr>\n<td width=\"102\"><\/td>\n<td width=\"292\">Albei Alina Daria &#8211; Pite\u0219ti<\/td>\n<td width=\"156\">II<\/td>\n<\/tr>\n<tr>\n<td width=\"102\"><\/td>\n<td width=\"292\">D\u00eerlosan Eduard Christian- Bra\u0219ov<\/td>\n<td width=\"156\">II<\/td>\n<\/tr>\n<tr>\n<td width=\"102\"><\/td>\n<td width=\"292\">Cosac Anca Elena \u2013 Bucure\u0219ti<\/td>\n<td width=\"156\">II<\/td>\n<\/tr>\n<tr>\n<td width=\"102\"><\/td>\n<td width=\"292\">Gorgos Matei Ioan \u2013 Bucure\u0219ti<\/td>\n<td width=\"156\">II<\/td>\n<\/tr>\n<tr>\n<td width=\"102\"><\/td>\n<td width=\"292\">Grigorescu Valen\u021biu Constantin- Buc.<\/td>\n<td width=\"156\">II<\/td>\n<\/tr>\n<tr>\n<td width=\"102\"><\/td>\n<td width=\"292\">Deaconescu Sara Alexandra- Buc.<\/td>\n<td width=\"156\">I<\/td>\n<\/tr>\n<tr>\n<td width=\"102\"><\/td>\n<td width=\"292\">Savu Maria Irina \u2013 Sighi\u0219oara<\/td>\n<td width=\"156\">I<\/td>\n<\/tr>\n<tr>\n<td width=\"102\"><\/td>\n<td width=\"292\">Lucaci Mario Victor \u2013 Ia\u0219i<\/td>\n<td width=\"156\">I \u0219i Pr. Sp. pt piesa rom\u00e2neasc\u0103<\/td>\n<\/tr>\n<tr>\n<td width=\"102\"><\/td>\n<td width=\"292\">Cre\u021bu Antonio &#8211; Bucure\u0219ti<\/td>\n<td width=\"156\">I de Excelen\u021b\u0103<\/td>\n<\/tr>\n<tr>\n<td width=\"102\"><\/td>\n<td width=\"292\">Garet Eva- Bucure\u0219ti<\/td>\n<td width=\"156\">I de Excelen\u021b\u0103<\/td>\n<\/tr>\n<tr>\n<td width=\"102\">A3(2005)<\/td>\n<td width=\"292\">Ciontu Daria Luciana- Bucure\u0219ti<\/td>\n<td width=\"156\">V<\/td>\n<\/tr>\n<tr>\n<td width=\"102\"><\/td>\n<td width=\"292\">Iorga Vlad Gabriel &#8211; C\u0103l\u0103ra\u0219i<\/td>\n<td width=\"156\">V<\/td>\n<\/tr>\n<tr>\n<td width=\"102\"><\/td>\n<td width=\"292\">Alistar Ilinca &#8211; Bucure\u0219ti<\/td>\n<td width=\"156\">III<\/td>\n<\/tr>\n<tr>\n<td width=\"102\"><\/td>\n<td width=\"292\">Andronache Anne Marie &#8211; Gala\u021bi<\/td>\n<td width=\"156\">III<\/td>\n<\/tr>\n<tr>\n<td width=\"102\"><\/td>\n<td width=\"292\">Vi\u0219an Cristina Ioana &#8211; Giurgiu<\/td>\n<td width=\"156\">III<\/td>\n<\/tr>\n<tr>\n<td width=\"102\"><\/td>\n<td width=\"292\">B\u0103di\u021ba Teodor Nicolae- Bucure\u0219ti<\/td>\n<td width=\"156\">II<\/td>\n<\/tr>\n<tr>\n<td width=\"102\"><\/td>\n<td width=\"292\">Marcu \u0218tefan &#8211; Sibiu<\/td>\n<td width=\"156\">II<\/td>\n<\/tr>\n<tr>\n<td width=\"102\"><\/td>\n<td width=\"292\">M\u0103ciuc\u0103 Miruna &#8211; Bucure\u0219ti<\/td>\n<td width=\"156\">II<\/td>\n<\/tr>\n<tr>\n<td width=\"102\"><\/td>\n<td width=\"292\">N\u0103stase Ana Maria \u0218tefania- Bucure\u0219ti<\/td>\n<td width=\"156\">II<\/td>\n<\/tr>\n<tr>\n<td width=\"102\"><\/td>\n<td width=\"292\">St\u0103nculescu Emanuel David &#8211; T\u00eergovi\u0219te<\/td>\n<td width=\"156\">II<\/td>\n<\/tr>\n<tr>\n<td width=\"102\"><\/td>\n<td width=\"292\">Zbranca R\u0103zvan Mihai- Bucure\u0219ti<\/td>\n<td width=\"156\">II<\/td>\n<\/tr>\n<tr>\n<td width=\"102\"><\/td>\n<td width=\"292\">Brumar Ana Maya &#8211; Sibiu<\/td>\n<td width=\"156\">\u00a0\u00a0\u00a0\u00a0 I<\/td>\n<\/tr>\n<tr>\n<td width=\"102\"><\/td>\n<td width=\"292\">\u0218erban Alexandru Mario \u2013 Bucure\u0219ti<\/td>\n<td width=\"156\">I<\/td>\n<\/tr>\n<tr>\n<td width=\"102\"><\/td>\n<td width=\"292\">Antonescu Victor Gabriel- Bucure\u0219ti<\/td>\n<td width=\"156\">I de Excelen\u021b\u0103<\/td>\n<\/tr>\n<tr>\n<td width=\"102\"><\/td>\n<td width=\"292\">B\u00eerlog Florin Georgian &#8211; T\u00e2rgovi\u0219te<\/td>\n<td width=\"156\">I de Excelen\u021b\u0103<\/td>\n<\/tr>\n<tr>\n<td width=\"102\">A4(2004)<\/td>\n<td width=\"292\">Iliescu Siluana Ioana- Bucure\u0219ti<\/td>\n<td width=\"156\">V<\/td>\n<\/tr>\n<tr>\n<td width=\"102\"><\/td>\n<td width=\"292\">Achim Dariana Elena- Bucure\u0219ti<\/td>\n<td width=\"156\">III<\/td>\n<\/tr>\n<tr>\n<td width=\"102\"><\/td>\n<td width=\"292\">Hri\u021bcu Maria Cristina &#8211; Suceava<\/td>\n<td width=\"156\">III<\/td>\n<\/tr>\n<tr>\n<td width=\"102\"><\/td>\n<td width=\"292\">Tab\u0103r\u0103 Dionisie Cristian Ionu\u021b &#8211; Chiajna<\/td>\n<td width=\"156\">III<\/td>\n<\/tr>\n<tr>\n<td width=\"102\"><\/td>\n<td width=\"292\">Dinic\u0103 Andreea &#8211; Bucure\u0219ti<\/td>\n<td width=\"156\">II<\/td>\n<\/tr>\n<tr>\n<td width=\"102\"><\/td>\n<td width=\"292\">Cadar Erica Agnes- Bucure\u0219ti<\/td>\n<td width=\"156\">I<\/td>\n<\/tr>\n<tr>\n<td width=\"102\"><\/td>\n<td width=\"292\">Hanganu Alexia &#8211; Bucure\u0219ti<\/td>\n<td width=\"156\">I<\/td>\n<\/tr>\n<tr>\n<td width=\"102\"><\/td>\n<td width=\"292\">Mezei Theodore Mihai \u2013 Cluj -Napoca<\/td>\n<td width=\"156\">I<\/td>\n<\/tr>\n<tr>\n<td width=\"102\"><\/td>\n<td width=\"292\">N\u0103stase Ioan &#8211; Bucure\u0219ti<\/td>\n<td width=\"156\">I<\/td>\n<\/tr>\n<tr>\n<td width=\"102\"><\/td>\n<td width=\"292\">Stancu M\u0103d\u0103lin Eduard- Bucure\u0219ti<\/td>\n<td width=\"156\">I de Excelen\u021b\u0103<\/td>\n<\/tr>\n<tr>\n<td width=\"102\"><\/td>\n<td width=\"292\">Stoian Alexandru Drago\u0219 &#8211; Bucure\u0219ti<\/td>\n<td width=\"156\">II<\/td>\n<\/tr>\n<tr>\n<td width=\"102\"><\/td>\n<td width=\"292\">Suciu Sabina Maria \u2013 Bucure\u0219ti<\/td>\n<td width=\"156\">I de Excelen\u021b\u0103<\/td>\n<\/tr>\n<tr>\n<td width=\"102\"><\/td>\n<td width=\"292\"><\/td>\n<td width=\"156\"><\/td>\n<\/tr>\n<tr>\n<td width=\"102\">B1(2003)<\/td>\n<td width=\"292\">Diaconu Iulia &#8211; Ploie\u0219ti<\/td>\n<td width=\"156\">V<\/td>\n<\/tr>\n<tr>\n<td width=\"102\"><\/td>\n<td width=\"292\">Barbu Anastasia Maria &#8211; Bra\u0219ov<\/td>\n<td width=\"156\">IV<\/td>\n<\/tr>\n<tr>\n<td width=\"102\"><\/td>\n<td width=\"292\">B\u0103dan Alin &#8211; Bucure\u0219ti<\/td>\n<td width=\"156\">III<\/td>\n<\/tr>\n<tr>\n<td width=\"102\"><\/td>\n<td width=\"292\">Gogoa\u0219\u0103 Diana Maria &#8211; Bucure\u0219ti<\/td>\n<td width=\"156\">II<\/td>\n<\/tr>\n<tr>\n<td width=\"102\"><\/td>\n<td width=\"292\">Barbu Alexandru &#8211; Bucure\u0219ti<\/td>\n<td width=\"156\">I<\/td>\n<\/tr>\n<tr>\n<td width=\"102\"><\/td>\n<td width=\"292\">Tolea Petru &#8211; Bucure\u0219ti<\/td>\n<td width=\"156\">I<\/td>\n<\/tr>\n<tr>\n<td width=\"102\"><\/td>\n<td width=\"292\">V\u0103c\u0103roiu Daria Cristiana- Bucure\u0219ti<\/td>\n<td width=\"156\">I de Excelen\u021b\u0103 \u0219i Premiu Special pentru piesa rom\u00e2neasc\u0103<\/td>\n<\/tr>\n<tr>\n<td width=\"102\">B2(2002)<\/td>\n<td width=\"292\">Ruscu Albert Octavian- Bucure\u0219ti<\/td>\n<td width=\"156\">III<\/td>\n<\/tr>\n<tr>\n<td width=\"102\"><\/td>\n<td width=\"292\">Stoian George Fabian &#8211; Bucure\u0219ti<\/td>\n<td width=\"156\">II<\/td>\n<\/tr>\n<tr>\n<td width=\"102\"><\/td>\n<td width=\"292\">Lelu\u021biu Oana Alexandra \u2013 Cluj-Napoca<\/td>\n<td width=\"156\">I<\/td>\n<\/tr>\n<tr>\n<td width=\"102\"><\/td>\n<td width=\"292\">Solomon David Rau \u2013 Cluj-Napocal<\/td>\n<td width=\"156\">I<\/td>\n<\/tr>\n<tr>\n<td width=\"102\">B3(2001)<\/td>\n<td width=\"292\">D\u0103n\u0103cic\u0103 Alexia- Bucure\u0219ti<\/td>\n<td width=\"156\">III<\/td>\n<\/tr>\n<tr>\n<td width=\"102\"><\/td>\n<td width=\"292\">Sonea Ieronim &#8211; Bucure\u0219ti<\/td>\n<td width=\"156\">II<\/td>\n<\/tr>\n<tr>\n<td width=\"102\"><\/td>\n<td width=\"292\">B\u0103nescu Sabin &#8211; Rm. V\u00e2lcea<\/td>\n<td width=\"156\">I<\/td>\n<\/tr>\n<tr>\n<td width=\"102\"><\/td>\n<td width=\"292\">Caglayan Ilayda &#8211; Izmir, Turcia<\/td>\n<td width=\"156\">I<\/td>\n<\/tr>\n<tr>\n<td width=\"102\"><\/td>\n<td width=\"292\">Creimerman Robert- Bucure\u0219ti<\/td>\n<td width=\"156\">I<\/td>\n<\/tr>\n<tr>\n<td width=\"102\"><\/td>\n<td width=\"292\">Tolea \u0218tefan \u2013 Bucure\u0219ti<\/td>\n<td width=\"156\">I<\/td>\n<\/tr>\n<tr>\n<td width=\"102\">B4(2000)<\/td>\n<td width=\"292\">Nezami Indira &#8211; Constan\u021ba<\/td>\n<td width=\"156\">IV<\/td>\n<\/tr>\n<tr>\n<td width=\"102\"><\/td>\n<td width=\"292\">An\u0103nu\u021bei Ana Teodora- Bucure\u0219ti<\/td>\n<td width=\"156\">III<\/td>\n<\/tr>\n<tr>\n<td width=\"102\"><\/td>\n<td width=\"292\">Manolache Alexandru &#8211; Bucure\u0219ti<\/td>\n<td width=\"156\">II<\/td>\n<\/tr>\n<tr>\n<td width=\"102\"><\/td>\n<td width=\"292\">Negreanu Diana Mariana &#8211; Bucure\u0219ti<\/td>\n<td width=\"156\">I<\/td>\n<\/tr>\n<tr>\n<td width=\"102\">B5(1999)<\/td>\n<td width=\"292\">Mladin Nil- Bucure\u0219ti<\/td>\n<td width=\"156\">I<\/td>\n<\/tr>\n<tr>\n<td width=\"102\">B6(1998)<\/td>\n<td width=\"292\">Caterenciuc Evelina Ioana \u2013 Chi\u0219in\u0103u, Rep. Moldova<\/td>\n<td width=\"156\">IV<\/td>\n<\/tr>\n<tr>\n<td width=\"102\"><\/td>\n<td width=\"292\">Mlak M\u0103rginean Mihnea- Bucure\u0219ti<\/td>\n<td width=\"156\">III<\/td>\n<\/tr>\n<tr>\n<td width=\"102\"><\/td>\n<td width=\"292\">Stoica Leonard C\u0103t\u0103lin- Bucure\u0219ti<\/td>\n<td width=\"156\">III<\/td>\n<\/tr>\n<tr>\n<td width=\"102\"><\/td>\n<td width=\"292\">Isik Soyluer \u2013 izmir, Turcia<\/td>\n<td width=\"156\">II<\/td>\n<\/tr>\n<tr>\n<td width=\"102\"><\/td>\n<td width=\"292\">Verly Toma Emanuel- Bucure\u0219ti<\/td>\n<td width=\"156\">II<\/td>\n<\/tr>\n<tr>\n<td width=\"102\"><\/td>\n<td width=\"292\">Surdu Andrei Mihai &#8211; Craiova<\/td>\n<td width=\"156\">I<\/td>\n<\/tr>\n<tr>\n<td width=\"102\"><\/td>\n<td width=\"292\">Diaconu Ionu\u021b \u2013 Bucure\u0219ti<\/td>\n<td width=\"156\">I de Excelen\u021b\u0103<\/td>\n<\/tr>\n<tr>\n<td width=\"102\">B7(1997)<\/td>\n<td width=\"292\">Gon\u021ba Gheorghe\u2013Chi\u0219in\u0103u, Rep. Moldova<\/td>\n<td width=\"156\">II<\/td>\n<\/tr>\n<tr>\n<td width=\"102\"><\/td>\n<td width=\"292\">\u021a\u00een\u021bar Andreea &#8211; Bucure\u0219ti<\/td>\n<td width=\"156\">II<\/td>\n<\/tr>\n<tr>\n<td width=\"102\"><\/td>\n<td width=\"292\">Askarov Tokhirjon \u2013 Tashkent\u2013Uzbekistan<\/td>\n<td width=\"156\">I<\/td>\n<\/tr>\n<tr>\n<td width=\"102\"><\/td>\n<td width=\"292\">Balicov Laura \u2013 Chi\u0219in\u0103u, Rep. Moldova<\/td>\n<td width=\"156\">I<\/td>\n<\/tr>\n<tr>\n<td width=\"102\"><\/td>\n<td width=\"292\">Bratu Marina &#8211; T\u00e2rgovi\u0219te<\/td>\n<td width=\"156\">I<\/td>\n<\/tr>\n<tr>\n<td width=\"102\"><\/td>\n<td width=\"292\">Pascal Menke &#8211; Germania<\/td>\n<td width=\"156\">I<\/td>\n<\/tr>\n<tr>\n<td width=\"102\">B8(1996\/95)<\/td>\n<td width=\"292\">Mihai Radu Adrian &#8211; Bucure\u0219ti<\/td>\n<td width=\"156\">II<\/td>\n<\/tr>\n<tr>\n<td width=\"102\"><\/td>\n<td width=\"292\">Georgescu Andrei Sorin &#8211; T\u00e2rgovi\u0219te<\/td>\n<td width=\"156\">I<\/td>\n<\/tr>\n<tr>\n<td width=\"102\">D(4 maini)&nbsp;<\/p>\n<p>&nbsp;<\/p>\n<p>C(1984)<\/td>\n<td style=\"text-align: left;\" width=\"292\">Brumar Patrick Mihai \u0219i Marcu Anna Sofia \u2013 Sibiu I \u00a0Brumar Ana Maya \u0219i Marcu \u0218tefan \u2013 Sibiu &#8211; Pr. I G\u00eerleanu Ioana Demetra \u0219i Cherte\u0219 Iulia Alexandra &#8211; Bucure\u0219tiI &#8211; Pr. I&nbsp;<\/p>\n<p>&nbsp;<\/p>\n<p>Covaci Alexandru- Bucure\u0219ti &#8211; Finalist \u0219i Premiul Special \u201dJ. Haydn\u201d<\/p>\n<p>Scripcaru Tudor &#8211; Bucure\u0219ti &#8211; Premiul I de Excelen\u021b\u0103 \u0219i Premiul Special \u201dF. Chopin\u201d<\/td>\n<\/tr>\n<\/tbody>\n<\/table>\n<p>&nbsp;<\/p>\n<p>&nbsp;<\/p>\n<p align=\"center\">\n","protected":false},"excerpt":{"rendered":"<p>Premiile Concursului Interna\u021bional \u201dPRO PIANO-ROM\u00c2NIA\u201d Edi\u021bia a XVIII-a, 17 \u2013 22 \u00a0iunie 2014 Categoria Numele \u015fi prenumele Premiul A0(2008) Constanda Bianca Mihaela- Bucure\u0219ti III Rusu Nichita Ioan- Bucure\u0219ti III Babii Andreea Iolanda &#8211; Bucure\u0219ti II Potecea Ana Maria I A1(2007) Bokor Lyuba- Bucure\u0219ti IV Bercea Aida Maria- Bucure\u0219ti III Dobrot\u0103 David \u0218tefan-Bucure\u0219ti III T\u0103nase Ene [&hellip;]<\/p>\n","protected":false},"author":1,"featured_media":0,"parent":0,"menu_order":0,"comment_status":"open","ping_status":"open","template":"","meta":{"footnotes":""},"class_list":["post-2779","page","type-page","status-publish","hentry"],"_links":{"self":[{"href":"https:\/\/www.propiano.org\/romanian\/wp-json\/wp\/v2\/pages\/2779","targetHints":{"allow":["GET"]}}],"collection":[{"href":"https:\/\/www.propiano.org\/romanian\/wp-json\/wp\/v2\/pages"}],"about":[{"href":"https:\/\/www.propiano.org\/romanian\/wp-json\/wp\/v2\/types\/page"}],"author":[{"embeddable":true,"href":"https:\/\/www.propiano.org\/romanian\/wp-json\/wp\/v2\/users\/1"}],"replies":[{"embeddable":true,"href":"https:\/\/www.propiano.org\/romanian\/wp-json\/wp\/v2\/comments?post=2779"}],"version-history":[{"count":8,"href":"https:\/\/www.propiano.org\/romanian\/wp-json\/wp\/v2\/pages\/2779\/revisions"}],"predecessor-version":[{"id":2970,"href":"https:\/\/www.propiano.org\/romanian\/wp-json\/wp\/v2\/pages\/2779\/revisions\/2970"}],"wp:attachment":[{"href":"https:\/\/www.propiano.org\/romanian\/wp-json\/wp\/v2\/media?parent=2779"}],"curies":[{"name":"wp","href":"https:\/\/api.w.org\/{rel}","templated":true}]}}