{"id":2522,"date":"2014-02-11T10:02:30","date_gmt":"2014-02-11T10:02:30","guid":{"rendered":"http:\/\/www.propiano.org\/romanian\/?page_id=2522"},"modified":"2014-04-01T15:31:18","modified_gmt":"2014-04-01T15:31:18","slug":"programarea-sibiu-2014","status":"publish","type":"page","link":"https:\/\/www.propiano.org\/romanian\/programarea-sibiu-2014\/","title":{"rendered":"Programarea &#8211; Sibiu 2014"},"content":{"rendered":"<h4 align=\"center\">Festivalul se desf\u0103\u0219oar\u0103\u00a0\u00een Sala Festiv\u0103 a Bibliotecii Jude\u021bene \u201eAstra\u201d din Sibiu &#8211; str. \u00a0G. Bari\u021biu nr. 5<\/h4>\n<h4 align=\"center\"><\/h4>\n<p>&nbsp;<\/p>\n<h4 align=\"center\"><b>Programul de desf\u0103\u015furare:<\/b><\/h4>\n<p align=\"center\"><b>\u00a0<\/b><\/p>\n<p><b><span style=\"text-decoration: underline;\">VINERI, 28\u00a0 MARTIE 2014 <\/span><\/b><\/p>\n<p><b>Ora 11:00\u00a0\u00a0\u00a0\u00a0 \u2013 Deschiderea Festivalului<\/b><\/p>\n<p><b>Ora 11:15\u00a0\u00a0\u00a0\u00a0\u00a0 \u2013 Categoriile B1, B2, B4, B<\/b><b>5, B6 \u2013 13 elevi din Sibiu <\/b><\/p>\n<p><b>\u00a0\u00a0\u00a0\u00a0\u00a0\u00a0\u00a0\u00a0\u00a0\u00a0\u00a0\u00a0\u00a0\u00a0\u00a0\u00a0\u00a0\u00a0\u00a0\u00a0\u00a0\u00a0\u00a0\u00a0\u00a0\u00a0\u00a0\u00a0 B2 \u2013 Bucure\u015fti, B2 \u2013 Reghin<\/b><\/p>\n<p><b>Ora 12:00\u00a0\u00a0\u00a0\u00a0 \u2013 Categoria C4, Sibiu<\/b><\/p>\n<p><b>\u00a0\u00a0\u00a0\u00a0\u00a0\u00a0\u00a0\u00a0\u00a0\u00a0\u00a0\u00a0\u00a0\u00a0\u00a0\u00a0\u00a0\u00a0\u00a0\u00a0\u00a0\u00a0\u00a0\u00a0\u00a0 \u00a0&#8211;\u00a0 Categoria B6, B7, B8, B10\u00a0 &#8211; <\/b><b>5 elevi din Sibiu <\/b><\/p>\n<p><b>Ora 14:30\u00a0\u00a0\u00a0\u00a0 &#8211;\u00a0 A2, A4, A<\/b><b>5, A6, A7, A8 \u2013 14 elevi din Sibiu<\/b><\/p>\n<p><b>Ora 15:45\u00a0\u00a0\u00a0\u00a0 &#8211; A9, A10, A12 \u2013 4 elevi din Sibiu<\/b><\/p>\n<p align=\"center\"><b>PREMIERE<\/b><\/p>\n<p><b>\u00a0<\/b><b>Ora 18:00\u00a0\u00a0\u00a0\u00a0 &#8211; RECITAL DE PIAN sus\u021binut de laureatul Marelui Premiu al festivalului 2013 \u0219i 2 studen\u021bi sibieni(a se vedea afi\u0219ul)<\/b><\/p>\n<p>&nbsp;<\/p>\n<p>&nbsp;<\/p>\n<p><strong><span style=\"text-decoration: underline;\">S\u00c2MB\u0102T\u0102, 29 MARTIE 2014<\/span><\/strong><strong><\/strong><\/p>\n<p><strong>Ora 10:00\u00a0\u00a0\u00a0 &#8211; B3, B4, B<\/strong><strong>5, B6, B9\u00a0 &#8211; 5 elevi din R\u00e2mnicu-V\u00e2lcea<\/strong><strong><\/strong><\/p>\n<p><strong>Ora 10:00\u00a0\u00a0\u00a0 &#8211; A3, A4, A5, A6, A7, A8, A9 \u2013 13 elevi din Sighi\u015foara<\/strong><\/p>\n<p><strong>Ora 11:40\u00a0\u00a0\u00a0 &#8211; B1, B2 \u2013 2 elevi din Pite\u015fti, \u00a0\u00a0\u00a0\u00a0\u00a0\u00a0\u00a0\u00a0\u00a0\u00a0\u00a0\u00a0\u00a0\u00a0\u00a0\u00a0\u00a0\u00a0\u00a0<\/strong><\/p>\n<p><strong>\u00a0\u00a0\u00a0\u00a0\u00a0\u00a0\u00a0\u00a0\u00a0\u00a0\u00a0\u00a0\u00a0\u00a0\u00a0\u00a0\u00a0\u00a0\u00a0\u00a0\u00a0 \u00a0 &#8211; B6 \u2013 Bihor, B8 \u2013 Brad, B6 \u2013 T\u00e2rgovi\u015fte<\/strong><\/p>\n<p><strong>Ora 12:30\u00a0\u00a0\u00a0 &#8211;\u00a0 B1, B4 \u2013 2 elevi din Cluj \u2013 Napoca<\/strong><\/p>\n<p><strong>\u00a0\u00a0\u00a0\u00a0\u00a0\u00a0\u00a0\u00a0\u00a0\u00a0\u00a0\u00a0\u00a0\u00a0\u00a0\u00a0\u00a0\u00a0\u00a0\u00a0\u00a0\u00a0\u00a0 \u00a0&#8211; A3, A4, A8, B12 \u2013 5 elevi din T\u00e2rgu Mure\u015f<\/strong><\/p>\n<div>\n<p><strong>\u00a0<\/strong><strong>14:30\u00a0 \u2013 A5,\u00a0 A7 \u2013 3 elevi din Cluj \u2013 Napoca<\/strong><\/p>\n<\/div>\n<p><strong>\u00a0\u00a0\u00a0\u00a0\u00a0\u00a0\u00a0\u00a0\u00a0\u00a0\u00a0\u00a0\u00a0\u00a0\u00a0\u00a0\u00a0\u00a0\u00a0\u00a0\u00a0\u00a0\u00a0\u00a0 \u00a0&#8211;\u00a0 A9, A10 \u2013 3 elevi din Miercurea Ciuc<\/strong><\/p>\n<p><strong>\u00a0\u00a0\u00a0\u00a0\u00a0\u00a0\u00a0\u00a0\u00a0\u00a0\u00a0\u00a0\u00a0\u00a0\u00a0\u00a0\u00a0\u00a0\u00a0\u00a0\u00a0\u00a0\u00a0\u00a0\u00a0 &#8211; A10 \u2013 R\u00e2mnicu-V\u00e2lcea<\/strong><\/p>\n<p><strong>\u00a0\u00a0\u00a0\u00a0\u00a0\u00a0\u00a0\u00a0\u00a0\u00a0\u00a0\u00a0\u00a0\u00a0\u00a0\u00a0\u00a0\u00a0\u00a0\u00a0\u00a0\u00a0\u00a0\u00a0 \u00a0 &#8211; A10 \u2013 Cluj-Napoca<\/strong><\/p>\n<p><strong>\u00a0\u00a0\u00a0\u00a0\u00a0\u00a0\u00a0\u00a0\u00a0\u00a0\u00a0\u00a0\u00a0\u00a0\u00a0\u00a0\u00a0\u00a0\u00a0\u00a0\u00a0\u00a0\u00a0 \u00a0 &#8211; A11 \u2013 T\u00e2rgu Mure\u015f<\/strong><\/p>\n<p align=\"center\"><b>PREMIERE<\/b><\/p>\n<p><b>\u00a0<\/b><\/p>\n<p><b>\u00a0<\/b><b><span style=\"text-decoration: underline;\">DUMINIC\u0102, 30 MARTIE 2014<\/span><\/b><\/p>\n<p><b><b>Ora 11:00\u00a0 \u2013 GALA\u00a0\u00a0\u00a0 FESTIV\u0102<\/b><\/b><\/p>\n","protected":false},"excerpt":{"rendered":"<p>Festivalul se desf\u0103\u0219oar\u0103\u00a0\u00een Sala Festiv\u0103 a Bibliotecii Jude\u021bene \u201eAstra\u201d din Sibiu &#8211; str. \u00a0G. Bari\u021biu nr. 5 &nbsp; Programul de desf\u0103\u015furare: \u00a0 VINERI, 28\u00a0 MARTIE 2014 Ora 11:00\u00a0\u00a0\u00a0\u00a0 \u2013 Deschiderea Festivalului Ora 11:15\u00a0\u00a0\u00a0\u00a0\u00a0 \u2013 Categoriile B1, B2, B4, B5, B6 \u2013 13 elevi din Sibiu \u00a0\u00a0\u00a0\u00a0\u00a0\u00a0\u00a0\u00a0\u00a0\u00a0\u00a0\u00a0\u00a0\u00a0\u00a0\u00a0\u00a0\u00a0\u00a0\u00a0\u00a0\u00a0\u00a0\u00a0\u00a0\u00a0\u00a0\u00a0 B2 \u2013 Bucure\u015fti, B2 \u2013 Reghin Ora 12:00\u00a0\u00a0\u00a0\u00a0 \u2013 [&hellip;]<\/p>\n","protected":false},"author":1,"featured_media":0,"parent":0,"menu_order":0,"comment_status":"open","ping_status":"open","template":"","meta":{"footnotes":""},"class_list":["post-2522","page","type-page","status-publish","hentry"],"_links":{"self":[{"href":"https:\/\/www.propiano.org\/romanian\/wp-json\/wp\/v2\/pages\/2522","targetHints":{"allow":["GET"]}}],"collection":[{"href":"https:\/\/www.propiano.org\/romanian\/wp-json\/wp\/v2\/pages"}],"about":[{"href":"https:\/\/www.propiano.org\/romanian\/wp-json\/wp\/v2\/types\/page"}],"author":[{"embeddable":true,"href":"https:\/\/www.propiano.org\/romanian\/wp-json\/wp\/v2\/users\/1"}],"replies":[{"embeddable":true,"href":"https:\/\/www.propiano.org\/romanian\/wp-json\/wp\/v2\/comments?post=2522"}],"version-history":[{"count":12,"href":"https:\/\/www.propiano.org\/romanian\/wp-json\/wp\/v2\/pages\/2522\/revisions"}],"predecessor-version":[{"id":2638,"href":"https:\/\/www.propiano.org\/romanian\/wp-json\/wp\/v2\/pages\/2522\/revisions\/2638"}],"wp:attachment":[{"href":"https:\/\/www.propiano.org\/romanian\/wp-json\/wp\/v2\/media?parent=2522"}],"curies":[{"name":"wp","href":"https:\/\/api.w.org\/{rel}","templated":true}]}}