{"id":2489,"date":"2014-02-11T09:28:06","date_gmt":"2014-02-11T09:28:06","guid":{"rendered":"http:\/\/www.propiano.org\/romanian\/?page_id=2489"},"modified":"2014-02-26T17:59:23","modified_gmt":"2014-02-26T17:59:23","slug":"programarea-iasi-2014","status":"publish","type":"page","link":"https:\/\/www.propiano.org\/romanian\/programarea-iasi-2014\/","title":{"rendered":"Programarea \u0219i concluzii finale &#8211; Iasi 2014"},"content":{"rendered":"<p><strong>\u00centre 14 \u2013 16 februarie 2014 a avut loc, la Colegiul Na\u0163ional de Art\u0103 \u201cOctav B\u0103ncil\u0103\u201d Ia\u015fi,\u00a0cea de a III-a\u00a0edi\u0163ie a Festivalului\u201dPrietenii Muzicii \u2013 PRO PIANO-ROM\u00c2NIA\u201d\u00a0&#8211; filiala Ia\u015fi.<\/strong><\/p>\n<p><strong>La Festival s-a \u00eenscris un num\u0103r de\u00a0195 participan\u0163i<em>,<\/em> elevi de la:<\/strong><\/p>\n<p><strong>Colegiul Na\u0163ional de Art\u0103\u00a0\u201dO. B\u0103ncil\u0103\u201d \u2013 Ia\u015fi,\u00a0 Colegiul Na\u0163ional\u00a0&#8211; Ia\u015fi, Colegiul Na\u0163ional de Art\u0103 \u201cG.Apostu\u201d\u00a0&#8211; Bac\u0103u, \u00a0Liceul Republican de Muzic\u0103 \u201cC. Porumbescu\u201d \u2013 Chi\u015fin\u0103u, \u00a0Colegiul de Art\u0103 \u201cC. Porumbescu \u2013 Suceava, \u201cLiceul de Art\u0103 \u201cV. Brauner\u201d \u2013 Piatra Neam\u0163, Liceul de Art\u0103 \u201c\u015etefan Luchian\u201d- Boto\u015fani,\u00a0\u00a0\u015ecoala Popular\u0103\u00a0de Art\u0103 \u015fi Meserii \u2013 Boto\u015fani, \u015ecoala de Art\u0103 \u201cS. Celibidache\u201d \u2013 Roman, \u015ecoala Gimnazial\u0103 de Arte \u201cN. N. Toni\u0163a\u201d\u00a0&#8211; B\u00e2rlad, Clubul Copiilor \u015fi elevilor\u00a0&#8211; Tecuci, precum \u015fi de la \u015ecoli,\u00a0Licee \u015fi Colegii Generale din Gala\u0163i, Sibiu, Hu\u015fi, Podu Ilioaiei, Buhu\u015fi, Vaslui.<\/strong><\/p>\n<h4 align=\"center\"><\/h4>\n<h4 align=\"center\"><\/h4>\n<h4 align=\"center\">Locul de desf\u0103\u0219urare al Festivalului<\/h4>\n<h4 align=\"center\">\u201ePrietenii Muzicii \/ PRO PIANO-ROMANIA\u201d:<\/h4>\n<h4 style=\"text-align: center;\">Colegiul Na\u021bional de Art\u0103 \u201eOctav B\u0103ncil\u0103\u201d\u00a0&#8211; Ia\u0219i, str. Cuza Voda nr. 29<\/h4>\n<p>&nbsp;<\/p>\n<p>&nbsp;<\/p>\n<h4 align=\"center\"><b>PROGRAMUL<\/b><\/h4>\n<h4 align=\"center\"><b>Festivalului \u201dPrietenii Muzicii \/ Pro Piano-Rom\u00e2nia\u201d<\/b><\/h4>\n<h4 align=\"center\"><b>Filiala IA\u0218I, Edi\u021bia a III-a, 14 \u2013 16 februarie 2014<\/b><\/h4>\n<p align=\"center\"><b>\u00a0<\/b><\/p>\n<h4><strong>VINERI 14 februarie 2014<\/strong><\/h4>\n<address><strong>C<\/strong><em><strong>ategoriile A2, A3, A4 \u0219i A5 &#8211; numai perticipan\u021bii din Ia\u0219i<\/strong><\/em><\/address>\n<h5><strong><em>\u00a0<\/em><\/strong><\/h5>\n<address><strong>Ora 14 \u2013 categoriile A2(2007) \u0219i A3(2006)<\/strong><\/address>\n<address><strong>Ora 14,50 \u2013 categoriaA4(2005)<\/strong><\/address>\n<address><strong>Ora 15, 45 \u2013 categoria A5(2004)<\/strong><\/address>\n<address><strong>&#8211; PREMIERE<\/strong><\/address>\n<p><strong>\u00a0<\/strong><\/p>\n<h4><strong>S\u00c2MB\u0102T\u0102 15 februarie 2014<\/strong><\/h4>\n<address><strong>Ora 8,30 \u2013 categoriileA2(2007), A3(2006), A4(2005)<\/strong><\/address>\n<address><strong>Ora 9,15 \u2013 categoria A5(2004)<\/strong><\/address>\n<address><strong>Ora 10\u2013 categoria A6(2003)<\/strong><\/address>\n<address>\u00a0<strong>&#8211; PAUZ\u0102<\/strong><\/address>\n<address><strong>\u00a0<\/strong><strong>Ora 11,15 \u2013 categoria A8(2001)<\/strong><\/address>\n<address><strong>Ora 12 &#8211; Cereri speciale: Sec\u021biunea B<\/strong>\u00a0\u2013\u00a0<b>Mustea\u021b\u0103 Timotei &#8211; B2, Ambros\u0103 Smaranda -B5, Popa Petru Rare\u0219-B6, Di Martino Alinta Miriam &#8211; B9\u00a0\u00a0\u0219i\u00a0<strong>Sec\u021biunea A<\/strong>\u00a0\u2013 Cernei Iana &#8211; A7, Gheorghiu \u0218tefan &#8211; A9.<\/b><\/address>\n<address><b>Ora 12.45 \u2013 Sec\u021biunea C(4 m\u00eeini\u00a0din Ia\u0219i \u0219i Chi\u0219in\u0103u\u00a0)<\/b><\/address>\n<address><strong>&#8211;\u00a0<\/strong><strong>PREMIERE \u2013 PAUZ\u0102<\/strong><\/address>\n<address><strong>\u00a0<\/strong><\/address>\n<address><strong>Ora 15,15\u2013 categoriile A7(2002)<\/strong>\u00a0<b>\u0219i A9(2000)<\/b><\/address>\n<address><strong>Ora 16,15 \u2013 categoria A10(1999)<\/strong><\/address>\n<address><strong>Ora 16,45\u2013\u00a0<\/strong><b>categoriile A11(1998), A12(1997) \u0219i A13(1996)<\/b><strong><\/strong><\/address>\n<address><strong>&#8211; PREMIERE<\/strong><\/address>\n<h4><strong>\u00a0<\/strong><\/h4>\n<h4><strong>DUMINIC\u0102 16 februarie 2014<\/strong><\/h4>\n<address><strong>Ora 9 \u2013 categoriile B0(2009), B1(2008) \u0219i B2(2007)<\/strong><\/address>\n<address><strong>Ora 9,30 \u2013 categoriile B3(2006) \u0219i<\/strong>\u00a0<strong>B4(2005)<\/strong><\/address>\n<address><strong>Ora 10,45 \u2013 categoria B5(2004); Munteanu \u0218erban(A7) \u0219i 4 m\u00eeini(Gala\u021bi \u0219i Vaslui)<\/strong><\/address>\n<address><strong>\u00a0<\/strong><strong>&#8211; PAUZ\u0102<\/strong><\/address>\n<address><strong>\u00a0<\/strong><strong>Ora 11,30 \u2013 categoria B6(2003)<\/strong><\/address>\n<address><strong>Ora 12,15 \u2013 categoria B7(2002)<\/strong><\/address>\n<address><strong>Ora 12,35 \u2013 categoria B8(2001)<\/strong><\/address>\n<address><strong>Ora 13 \u2013 categoria B9(2000)<\/strong><\/address>\n<address><strong>Ora 13,45 \u2013 categoriile B10(1999), B11(1998), B12(1997)<\/strong><\/address>\n<address><strong>&#8211;\u00a0<\/strong><strong>PREMIERE<\/strong><\/address>\n<address>\u00a0<\/address>\n<address>\u00a0<\/address>\n<address>\u00a0<\/address>\n<address>\u00a0<\/address>\n<address>\u00a0<\/address>\n<p align=\"center\">\n","protected":false},"excerpt":{"rendered":"<p>\u00centre 14 \u2013 16 februarie 2014 a avut loc, la Colegiul Na\u0163ional de Art\u0103 \u201cOctav B\u0103ncil\u0103\u201d Ia\u015fi,\u00a0cea de a III-a\u00a0edi\u0163ie a Festivalului\u201dPrietenii Muzicii \u2013 PRO PIANO-ROM\u00c2NIA\u201d\u00a0&#8211; filiala Ia\u015fi. La Festival s-a \u00eenscris un num\u0103r de\u00a0195 participan\u0163i, elevi de la: Colegiul Na\u0163ional de Art\u0103\u00a0\u201dO. B\u0103ncil\u0103\u201d \u2013 Ia\u015fi,\u00a0 Colegiul Na\u0163ional\u00a0&#8211; Ia\u015fi, Colegiul Na\u0163ional de Art\u0103 \u201cG.Apostu\u201d\u00a0&#8211; Bac\u0103u, [&hellip;]<\/p>\n","protected":false},"author":1,"featured_media":0,"parent":0,"menu_order":0,"comment_status":"open","ping_status":"open","template":"","meta":{"footnotes":""},"class_list":["post-2489","page","type-page","status-publish","hentry"],"_links":{"self":[{"href":"https:\/\/www.propiano.org\/romanian\/wp-json\/wp\/v2\/pages\/2489","targetHints":{"allow":["GET"]}}],"collection":[{"href":"https:\/\/www.propiano.org\/romanian\/wp-json\/wp\/v2\/pages"}],"about":[{"href":"https:\/\/www.propiano.org\/romanian\/wp-json\/wp\/v2\/types\/page"}],"author":[{"embeddable":true,"href":"https:\/\/www.propiano.org\/romanian\/wp-json\/wp\/v2\/users\/1"}],"replies":[{"embeddable":true,"href":"https:\/\/www.propiano.org\/romanian\/wp-json\/wp\/v2\/comments?post=2489"}],"version-history":[{"count":10,"href":"https:\/\/www.propiano.org\/romanian\/wp-json\/wp\/v2\/pages\/2489\/revisions"}],"predecessor-version":[{"id":2554,"href":"https:\/\/www.propiano.org\/romanian\/wp-json\/wp\/v2\/pages\/2489\/revisions\/2554"}],"wp:attachment":[{"href":"https:\/\/www.propiano.org\/romanian\/wp-json\/wp\/v2\/media?parent=2489"}],"curies":[{"name":"wp","href":"https:\/\/api.w.org\/{rel}","templated":true}]}}