{"id":2487,"date":"2014-02-11T09:27:38","date_gmt":"2014-02-11T09:27:38","guid":{"rendered":"http:\/\/www.propiano.org\/romanian\/?page_id=2487"},"modified":"2014-02-26T17:56:23","modified_gmt":"2014-02-26T17:56:23","slug":"programarea-cluj-2014","status":"publish","type":"page","link":"https:\/\/www.propiano.org\/romanian\/programarea-cluj-2014\/","title":{"rendered":"Programarea si concluzii finale Cluj 2014"},"content":{"rendered":"<p><strong>\u00centre\u00a021 \u2013\u00a023 februarie 2014 a avut loc, \u00een frumoasa loca\u021bie a\u00a0Muzeului Etnografic al Transilvaniei din Cluj-Napoca,\u00a0cea de a VII-a\u00a0edi\u0163ie a Festivalului\u201dPrietenii Muzicii \u2013 PRO PIANO-ROM\u00c2NIA\u201d\u00a0&#8211; filiala Cluj-Napoca.<\/strong><\/p>\n<p><strong>La Festival s-au \u00eenscris\u00a0257 participan\u0163i<em> din<\/em>:<\/strong><\/p>\n<p style=\"text-align: left;\" align=\"center\"><strong><span style=\"color: #800080;\">Cluj-Napoca:<\/span> Liceul de Muzic\u0103 \u201dSigismund Todu\u021b\u0103\u201d,\u00a0\u0218coala de Muzic\u0103 \u201dAugustin Bena\u201d,\u00a0\u00a0\u0218coala ELF, \u201eTransylvania College\u201d, \u0218coala Waldorf,<\/strong><\/p>\n<p style=\"text-align: left;\" align=\"center\"><strong>Liceul de Arte \u201eRegina Maria\u201d din <span style=\"color: #800080;\">Alba Iulia<\/span>, Liceul de Art\u0103 din <span style=\"color: #800080;\">Baia Mare<\/span>, Liceul de Muzic\u0103 Tudor Jarda\u201d din <span style=\"color: #800080;\">Bistri\u021ba<\/span>, Liceul de Muzic\u0103 \u0219i Arte Plastice \u201dDr. Pallo Imre\u201d din <span style=\"color: #800080;\">Odorheiul Secuiesc<\/span>, Liceul de Art\u0103 din <span style=\"color: #800080;\">Oradea<\/span>, \u0218coala de Arte \u201ePlay\u201d din\u00a0<span style=\"color: #800080;\">Sibiu<\/span>, \u00a0\u0218coala Gimnazial\u0103 de Arte\u00a0din <span style=\"color: #800080;\">Sighetu Marma\u021biei<\/span>, Liceul de Art\u0103 din <span style=\"color: #800080;\">T\u00e2rgu Mure\u0219<\/span>, Asocia\u021bia \u201eTour d&#8217;Art\u201d din <span style=\"color: #800080;\">Turda, Blaj, Gherla<\/span>.<\/strong><\/p>\n<h4 align=\"center\"><\/h4>\n<p>&nbsp;<\/p>\n<h4 align=\"center\"><\/h4>\n<h4 align=\"center\"><b>PLANIFICAREA FESTIVALULUI <\/b><\/h4>\n<p align=\"center\"><b>\u201ePrietenii Muzicii\u201d \u2013 filiala Cluj-Napoca<\/b><\/p>\n<p align=\"center\"><b>Edi\u021bia a VII-a<\/b><\/p>\n<h4 style=\"text-align: justify;\" align=\"center\"><b>VINERI\u00a0 21\u00a0 FEBRUARIE 2014<\/b><\/h4>\n<address>\u00a0 9 \u2013 10\u2026..1. TAMAS VAJDA \u2013 B2<\/address>\n<address>\u00a0\u00a0\u00a0\u00a0\u00a0\u00a0\u00a0\u00a0\u00a0\u00a0\u00a0\u00a0\u00a0\u00a0\u00a0\u00a0\u00a0 2. COZA ROMANA \u2013 B4<\/address>\n<address>\u00a0\u00a0\u00a0\u00a0\u00a0\u00a0\u00a0\u00a0\u00a0\u00a0\u00a0\u00a0\u00a0\u00a0\u00a0\u00a0\u00a0 3. MORAR ADRIANA \u2013 B5<\/address>\n<address>\u00a0\u00a0\u00a0\u00a0\u00a0\u00a0\u00a0\u00a0\u00a0\u00a0\u00a0\u00a0\u00a0\u00a0\u00a0\u00a0\u00a0 4. \u015eTEIU MARA \u2013 B13<\/address>\n<address>\u00a0\u00a0\u00a0\u00a0\u00a0\u00a0\u00a0\u00a0\u00a0\u00a0\u00a0\u00a0\u00a0\u00a0\u00a0\u00a0\u00a0 5. CASIAN ANETT \u2013 A3<\/address>\n<address>\u00a0\u00a0\u00a0\u00a0\u00a0\u00a0\u00a0\u00a0\u00a0\u00a0\u00a0\u00a0\u00a0\u00a0\u00a0\u00a0\u00a0 6. DAVID ROLAND \u2013 A3<\/address>\n<address>\u00a0\u00a0\u00a0\u00a0\u00a0\u00a0\u00a0\u00a0\u00a0\u00a0\u00a0\u00a0\u00a0\u00a0\u00a0\u00a0\u00a0 7. FILEP KLARA \u2013 A3<\/address>\n<address>\u00a0\u00a0\u00a0\u00a0\u00a0\u00a0\u00a0\u00a0\u00a0\u00a0\u00a0\u00a0\u00a0\u00a0\u00a0\u00a0\u00a0 8. VELIMAN SARA \u2013 A4<\/address>\n<address>\u00a0\u00a0\u00a0\u00a0\u00a0\u00a0\u00a0\u00a0\u00a0\u00a0\u00a0\u00a0\u00a0\u00a0\u00a0\u00a0\u00a0 9. DEMETER HANNELORE \u2013 A5<\/address>\n<address>\u00a0\u00a0\u00a0\u00a0\u00a0\u00a0\u00a0\u00a0\u00a0\u00a0\u00a0\u00a0\u00a0\u00a0\u00a0 10. VIGH EMOKE \u2013 A5<\/address>\n<address>\u00a0\u00a0\u00a0\u00a0\u00a0\u00a0\u00a0\u00a0\u00a0\u00a0\u00a0\u00a0\u00a0\u00a0\u00a0 11. ZSOLDES ANDREA \u2013 A6<\/address>\n<address>\u00a0\u00a0\u00a0\u00a0\u00a0\u00a0\u00a0\u00a0\u00a0\u00a0\u00a0\u00a0\u00a0\u00a0\u00a0 12. GHERMAN SARAH \u2013 A8<\/address>\n<address>\u00a0\u00a0\u00a0\u00a0\u00a0\u00a0\u00a0\u00a0\u00a0\u00a0\u00a0\u00a0\u00a0\u00a0\u00a0 13. LUPESCU \u2013 NEMETH \u2013 C<\/address>\n<address>\u00a0\u00a0\u00a0\u00a0\u00a0\u00a0\u00a0\u00a0\u00a0\u00a0\u00a0\u00a0\u00a0\u00a0\u00a0 14. VERESS \u2013 KISS \u2013 C<\/address>\n<address>\u00a0\u00a0\u00a0\u00a0\u00a0\u00a0\u00a0\u00a0\u00a0\u00a0\u00a0\u00a0\u00a0\u00a0\u00a0 15. KRISTALY\u00a0 IMOLA \u2013 PETER ZSOLT &#8211; C<\/address>\n<address>\u00a0<\/address>\n<address>10 \u2013 11\u2026B1, B2, B3, B4<\/address>\n<address>11 \u2013 12\u2026B5, B6, B11<\/address>\n<address>12 \u2013 13\u2026SIGHET<\/address>\n<address>\u00a0\u00a0\u00a0\u00a0\u00a0\u00a0\u00a0\u00a0\u00a0\u00a0\u00a0\u00a0\u00a0\u00a0\u00a0 B7, B12, B13, BISTRI\u0162A<\/address>\n<address>\u00a0\u00a0\u00a0\u00a0\u00a0\u00a0\u00a0\u00a0\u00a0\u00a0\u00a0\u00a0\u00a0\u00a0\u00a0\u00a0\u00a0\u00a0\u00a0\u00a0\u00a0\u00a0\u00a0\u00a0\u00a0\u00a0\u00a0\u00a0\u00a0\u00a0\u00a0 <b><i>PREMIERE<\/i><\/b><\/address>\n<address>14.30\u2026A3<\/address>\n<address>15.30\u2026A4,\u00a0 B8<\/address>\n<address>17\u2026\u2026ALBA, B9<\/address>\n<address>\u00a0\u00a0\u00a0\u00a0\u00a0\u00a0\u00a0\u00a0\u00a0\u00a0\u00a0\u00a0\u00a0\u00a0\u00a0\u00a0\u00a0\u00a0\u00a0\u00a0\u00a0\u00a0\u00a0\u00a0\u00a0\u00a0<\/address>\n<address>18 \u2013 19\u2026..A14<\/address>\n<address>19 \u2013 20\u2026..A12<\/address>\n<address><b><i>PREMIERE<\/i><\/b><\/address>\n<address>\u00a0<\/address>\n<address>\u00a0<\/address>\n<address>\u00a0<\/address>\n<h4 style=\"text-align: justify;\" align=\"center\"><b>S\u00c2MB\u0102T\u0102\u00a0 23 FEBRUARIE 2014<\/b><\/h4>\n<address>\u00a0\u00a0 9 \u2013 10.30\u2026\u2026A5<\/address>\n<address>\u00a0 10.30 \u2013 11.30..A6<\/address>\n<address>\u00a0 11.30 \u2013 12.30\u2026LENARD\u00a0 JANICE KRISZTINA \u2013 A7<\/address>\n<address>\u00a0\u00a0\u00a0\u00a0\u00a0\u00a0\u00a0\u00a0\u00a0\u00a0\u00a0\u00a0\u00a0\u00a0\u00a0\u00a0\u00a0\u00a0\u00a0\u00a0\u00a0\u00a0\u00a0\u00a0\u00a0\u00a0\u00a0 BERTOLI MARTINA \u2013 A12<\/address>\n<address>\u00a0\u00a0\u00a0\u00a0\u00a0\u00a0\u00a0\u00a0\u00a0\u00a0\u00a0\u00a0\u00a0\u00a0\u00a0\u00a0\u00a0\u00a0\u00a0\u00a0\u00a0\u00a0\u00a0\u00a0\u00a0\u00a0\u00a0\u00a0 ODORHEI<\/address>\n<address>\u00a0 12.30 \u2013 13.30\u2026 RADU MATEI\u00a0 &#8211; B3, ORADEA,\u00a0 BAIA MARE, SIBIU<\/address>\n<address><b><i>PREMIERE<\/i><\/b><\/address>\n<address>\u00a0<\/address>\n<address>15 \u2013 16 \u2026MARE\u015e HANNA BLANKA \u2013 A10 &#8211; BAIA MARE<\/address>\n<address>\u00a0\u00a0\u00a0\u00a0\u00a0\u00a0\u00a0\u00a0\u00a0\u00a0\u00a0\u00a0\u00a0\u00a0\u00a0\u00a0\u00a0\u00a0 ALBA<\/address>\n<address>\u00a0 16 \u2013 17\u2026.ALBA<\/address>\n<address>\u00a0\u00a0\u00a0\u00a0\u00a0\u00a0\u00a0\u00a0\u00a0\u00a0\u00a0\u00a0\u00a0\u00a0\u00a0\u00a0\u00a0\u00a0 BARNA COSMINA \u2013 B9 &#8211; BLAJ<\/address>\n<address><b><i>PREMIERE<\/i><\/b><\/address>\n<address>\u00a0<\/address>\n<address>17 \u2013 18\u2026A7<\/address>\n<address>18 \u2013 19..A8<\/address>\n<address>19 \u2013 20..A9\u00a0\u00a0\u00a0\u00a0\u00a0\u00a0\u00a0\u00a0\u00a0\u00a0\u00a0\u00a0\u00a0\u00a0\u00a0\u00a0\u00a0\u00a0\u00a0\u00a0\u00a0\u00a0\u00a0\u00a0\u00a0\u00a0\u00a0\u00a0<\/address>\n<address><b><i>PREMIERE<\/i><\/b><i><\/i><\/address>\n<address>\u00a0<\/address>\n<address>\u00a0<\/address>\n<address>\u00a0<\/address>\n<address>\u00a0\u00a0\u00a0\u00a0\u00a0\u00a0\u00a0\u00a0\u00a0\u00a0\u00a0\u00a0\u00a0\u00a0\u00a0\u00a0\u00a0\u00a0\u00a0\u00a0\u00a0\u00a0\u00a0\u00a0\u00a0\u00a0\u00a0\u00a0\u00a0\u00a0\u00a0\u00a0\u00a0<\/address>\n<h4 style=\"text-align: justify;\" align=\"center\"><b>DUMINICA 24 FEBRUARIE<\/b><\/h4>\n<address>\u00a09 \u2013 10\u2026\u2026..C<\/address>\n<address>10 \u2013 11\u2026\u2026.A10, BISTRI\u0162A<\/address>\n<address>11 \u2013 12.30\u2026A11, A13, LAZAR IZABELA A8<\/address>\n<address>\u00a0\u00a0\u00a0\u00a0\u00a0\u00a0\u00a0\u00a0\u00a0\u00a0\u00a0\u00a0\u00a0\u00a0\u00a0\u00a0\u00a0\u00a0\u00a0\u00a0\u00a0\u00a0\u00a0\u00a0\u00a0<\/address>\n<address><b><i>FESTIVITATE DE PREMIERE \u015eI<\/i><\/b><\/address>\n<address><b><i>\u00ceNCHIDEREA FESTIVALULUI<\/i><\/b><\/address>\n","protected":false},"excerpt":{"rendered":"<p>\u00centre\u00a021 \u2013\u00a023 februarie 2014 a avut loc, \u00een frumoasa loca\u021bie a\u00a0Muzeului Etnografic al Transilvaniei din Cluj-Napoca,\u00a0cea de a VII-a\u00a0edi\u0163ie a Festivalului\u201dPrietenii Muzicii \u2013 PRO PIANO-ROM\u00c2NIA\u201d\u00a0&#8211; filiala Cluj-Napoca. La Festival s-au \u00eenscris\u00a0257 participan\u0163i din: Cluj-Napoca: Liceul de Muzic\u0103 \u201dSigismund Todu\u021b\u0103\u201d,\u00a0\u0218coala de Muzic\u0103 \u201dAugustin Bena\u201d,\u00a0\u00a0\u0218coala ELF, \u201eTransylvania College\u201d, \u0218coala Waldorf, Liceul de Arte \u201eRegina Maria\u201d din Alba [&hellip;]<\/p>\n","protected":false},"author":1,"featured_media":0,"parent":0,"menu_order":0,"comment_status":"open","ping_status":"open","template":"","meta":{"footnotes":""},"class_list":["post-2487","page","type-page","status-publish","hentry"],"_links":{"self":[{"href":"https:\/\/www.propiano.org\/romanian\/wp-json\/wp\/v2\/pages\/2487","targetHints":{"allow":["GET"]}}],"collection":[{"href":"https:\/\/www.propiano.org\/romanian\/wp-json\/wp\/v2\/pages"}],"about":[{"href":"https:\/\/www.propiano.org\/romanian\/wp-json\/wp\/v2\/types\/page"}],"author":[{"embeddable":true,"href":"https:\/\/www.propiano.org\/romanian\/wp-json\/wp\/v2\/users\/1"}],"replies":[{"embeddable":true,"href":"https:\/\/www.propiano.org\/romanian\/wp-json\/wp\/v2\/comments?post=2487"}],"version-history":[{"count":6,"href":"https:\/\/www.propiano.org\/romanian\/wp-json\/wp\/v2\/pages\/2487\/revisions"}],"predecessor-version":[{"id":2553,"href":"https:\/\/www.propiano.org\/romanian\/wp-json\/wp\/v2\/pages\/2487\/revisions\/2553"}],"wp:attachment":[{"href":"https:\/\/www.propiano.org\/romanian\/wp-json\/wp\/v2\/media?parent=2487"}],"curies":[{"name":"wp","href":"https:\/\/api.w.org\/{rel}","templated":true}]}}