{"id":2461,"date":"2014-02-11T07:53:43","date_gmt":"2014-02-11T07:53:43","guid":{"rendered":"http:\/\/www.propiano.org\/romanian\/?page_id=2461"},"modified":"2014-02-11T09:20:53","modified_gmt":"2014-02-11T09:20:53","slug":"regulament-cluj-2014","status":"publish","type":"page","link":"https:\/\/www.propiano.org\/romanian\/regulament-cluj-2014\/","title":{"rendered":"Regulament Cluj 2014"},"content":{"rendered":"<h4><strong>REGULAMENTUL \u0219i Formularul de \u00eenscriere la Festivalul<\/strong><\/h4>\n<h4><strong>\u201cPrietenii Muzicii \/ PRO PIANO-ROMANIA\u201d- filiala Cluj-Napoca,<\/strong><\/h4>\n<h4><strong>editia a VII-a, 21\u2013 23 februarie 2014<\/strong><\/h4>\n<p>&nbsp;<\/p>\n<p>&nbsp;<\/p>\n<h4><strong>I<\/strong>. Manifestarea este deschis\u0103 copiilor cu v\u00e2rsta cuprins\u0103 \u00eentre 5 \u015fi 18 ani, fiind divizat\u0103 \u00een<strong>\u00a03 sec\u0163iuni<\/strong>: A,B,C.<\/h4>\n<address>Sec\u0163iunea\u00a0<strong>A\u00a0<\/strong>\u2013 tineri care studiaz\u0103 pianul ca instrument principal, \u00een \u0219coli \u0219i licee de muzic\u0103<\/address>\n<address>Sec\u0163iunea\u00a0<strong>B<\/strong>\u00a0\u2013 tineri care studiaz\u0103 pianul ca instrument op\u021bional( \u00een \u015fcoli \u015fi licee de muzic\u0103) sau \u00een sistem particular.<strong><\/strong><\/address>\n<address>Sec\u021biunea<strong>\u00a0C<\/strong>\u00a0\u2013 ansamblu la\u00a0<strong>4 m\u00e2ini<\/strong>(pe un pian)<\/address>\n<address><strong>II.<\/strong>\u00a0Pentru o mai bun\u0103 evaluare, fiecare din sectiunile A si B este divizat\u0103 \u00een 15\u00a0<strong>categorii,<\/strong>\u00a0\u00een func\u0163ie de anul na\u015fterii participan\u0163ilor:<\/address>\n<table width=\"571\" border=\"1\" cellspacing=\"0\" cellpadding=\"0\">\n<tbody>\n<tr>\n<td valign=\"top\" width=\"196\">\n<address><strong>\u00a0categoria 0\u20132009<\/strong><\/address>\n<address><strong>\u00a0cat. 1-a\u00a0 \u00a0 \u2013\u00a0\u00a0 2008<\/strong><\/address>\n<address><strong>\u00a0cat. a 2-a \u2013 2007<\/strong><\/address>\n<address><strong>\u00a0<\/strong><strong>cat. a 3-a \u2013 2006<\/strong><\/address>\n<address><strong>\u00a0cat. a 4-a \u2013 2005<\/strong><\/address>\n<\/td>\n<td valign=\"top\" width=\"150\">\n<address><strong>\u00a0cat. a 5-a \u2013 2004<\/strong><\/address>\n<address><strong>\u00a0cat. a 6-a \u2013 2003<\/strong><\/address>\n<address><strong>\u00a0cat. a 7-a \u2013 2002<\/strong><\/address>\n<address><strong>\u00a0cat. a 8-a \u2013 2001<\/strong><\/address>\n<address><strong>\u00a0cat. a 9-a \u2013 2000<\/strong><\/address>\n<\/td>\n<td valign=\"top\" width=\"225\">\n<address><strong>\u00a0cat. a 10-a \u2013 1999<\/strong><\/address>\n<address><strong>\u00a0cat. a 11-a \u2013 1998<\/strong><\/address>\n<address><strong>\u00a0cat. a 12-a \u2013 1997<\/strong><\/address>\n<address><strong>\u00a0cat. a 13-a \u2013 1996<\/strong><\/address>\n<address><strong>\u00a0cat. a 14-a \u2013 1995<\/strong><\/address>\n<\/td>\n<\/tr>\n<\/tbody>\n<\/table>\n<address>Pentru sec\u0163iunea\u00a0<strong>C\u00a0<\/strong>se va \u0163ine cont de v\u00e2rsta celor 2 membrii(nu e obligatorie apartenenta la aceeasi categorie).<\/address>\n<address><strong>III.<\/strong>\u00a0<strong>Repertoriul va\u00a0<\/strong>cuprinde\u00a0<strong>una sau<\/strong>\u00a0<strong>dou\u0103 lucr\u0103ri<\/strong>\u00a0la alegerea participan\u0163ilor \u0219i va fi interpretat din memorie, respect\u00e2nd urm\u0103toarele durate maxime:<\/address>\n<address><strong>Sectiunea A<\/strong><\/address>\n<table border=\"1\" cellspacing=\"0\" cellpadding=\"0\">\n<tbody>\n<tr>\n<td valign=\"top\" width=\"227\"><em>Cat. 1- 4 = 5\u2019<\/em><\/td>\n<td valign=\"top\" width=\"225\"><em>Cat. 9 \u2013 10 = 10\u2019<\/em><\/td>\n<\/tr>\n<tr>\n<td valign=\"top\" width=\"227\"><em>Cat. 5 -8 = 7\u2019<\/em><\/td>\n<td valign=\"top\" width=\"225\"><em>Cat. 11- 12 = 15\u2019<\/em><\/td>\n<\/tr>\n<tr>\n<td colspan=\"2\" valign=\"top\" width=\"452\">\n<p align=\"center\"><em>Cat. 13 \u2013 14 = 20\u2019<\/em><\/p>\n<\/td>\n<\/tr>\n<\/tbody>\n<\/table>\n<address><strong>Sectiunea B<\/strong><\/address>\n<table border=\"1\" cellspacing=\"0\" cellpadding=\"0\">\n<tbody>\n<tr>\n<td valign=\"top\" width=\"227\"><em>Cat. 1- 4 = 3\u2019<\/em><\/td>\n<td valign=\"top\" width=\"225\"><em>Cat. 9 \u2013 10 = 7\u2019<\/em><\/td>\n<\/tr>\n<tr>\n<td valign=\"top\" width=\"227\"><em>Cat. 5 -8 = 5\u2019<\/em><\/td>\n<td valign=\"top\" width=\"225\"><em>Cat. 11- 12 = 10\u2019<\/em><\/td>\n<\/tr>\n<tr>\n<td colspan=\"2\" valign=\"top\" width=\"452\">\n<p align=\"center\"><em>Cat. 13 \u2013 14 = 15\u2019<\/em><\/p>\n<\/td>\n<\/tr>\n<\/tbody>\n<\/table>\n<address><strong><\/strong>\u00a0<\/address>\n<address>\u00a0<\/address>\n<address><strong>IV.<\/strong>\u00a0Programul men\u0163ionat \u00een fi\u015fa de \u00eenscriere nu poate fi modificat ulterior. Ordinea interpret\u0103rii pieselor se stabile\u015fte la libera alegere a participan\u0163ilor.<\/address>\n<address><strong>V<\/strong>. Ordinea prezent\u0103rii participan\u021bilor \u00een Festival este cea alfabetica, in cadrul fiecarei categorii<strong>. \u00cen m\u0103sura posibilit\u0103\u021bilor, organizatorii vor \u021bine seam\u0103 de cerin\u021bele motivate ale participan\u021bilor de a concura \u00een anumite zile. Acestea se vor men\u021biona de la \u00eenceput, pe fi\u0219ele de \u00eenscriere.<\/strong><\/address>\n<address><strong>Dup\u0103 planificarea ordinii de intrare, nu se accept\u0103 schimb\u0103ri.<\/strong><\/address>\n<address><strong>VI.<\/strong>\u00a0Inscrierile se fac pana la data de\u00a0<strong>1 februarie 2014<\/strong>.<\/address>\n<address><strong>Pentru inscriere sunt necesare urmatoarele:<\/strong><\/address>\n<address>&#8211; Formularul de \u00eenscriere (prezentat mai jos)<\/address>\n<address>&#8211; Copia dup\u0103 certificatul de na\u015ftere sau cartea de identitate<\/address>\n<address>&#8211; Taxa de participare de\u00a0<strong>60<\/strong>\u00a0lei(pentru 4 maini &#8211;\u00a0<strong>80<\/strong>\u00a0lei\/ansamblu)<\/address>\n<address>\u00a0<\/address>\n<address>Inscrierile<strong>\u00a0<\/strong>se fac\u00a0\u00a0la organizatori:<\/address>\n<address>\u2013\u00a0 la d-na prof. dr. Monica Noveanu &#8211; direct sau prin\u00a0\u00a0internet la adresa:\u00a0<a href=\"mailto:monicanoveanu@yahoo.com\">monicanoveanu@yahoo.com<\/a>\u00a0<\/address>\n<address>&#8211;\u00a0la d-na\u00a0<a href=\"mailto:opiano@gmail.com(pentru\">prof. Stela Avesalon, numai prin internet, la adresa:\u00a0propiano@gmail.com<\/a><\/address>\n<address>Taxa de participare se poate pl\u0103ti \u0219i \u00een contul Funda\u021biei Pro Piano, deschis la BCR sector 3 Bucuresti, Cod IBAN: RO85RNCB0074029228740001\/C.U.I. 9099960, cu specificarea obligatorie\u00a0pe ordinul de plata, a doua elemente:\u00a0<strong>F<\/strong><strong>estival Cluj\u00a0<\/strong>si\u00a0\u00a0<strong>numele participantului\u00a0<\/strong>pentru care se face plata. La inscriere se va depune\u00a0\u00a0copia chitantei \u00eempreun\u0103 cu celelalte 2 acte. \u00cen cazul ansamblurilor la 4 m\u00e2ini, datele celor doi participan\u0163i vor fi men\u0163ionate pe acela\u015fi formular.<\/address>\n<address>Un elev participant \u00een mai multe forma\u021bii la patru m\u00e2ini, achit\u0103 o singur\u0103 dat\u0103 jum\u0103tatea sa de tax\u0103(40 lei). Iar\u00a0un elev care particip\u0103 \u00een dubl\u0103 calitate- solist \u0219i\u00a0in ansamblu la patru m\u00e2ini (sec\u021biunea C), achit\u0103 o tax\u0103 totala de 100 lei.<\/address>\n<address>\u00cen caz de neprezentare, taxa de participare nu se returneaz\u0103.<\/address>\n<address><strong>VII.<\/strong>\u00a0Cheltuielie de transport, cazare, masa, vor fi suportate de participan\u0163i.<\/address>\n<address><strong>VIII.<\/strong>\u00a0Se vor acorda urm\u0103toarele distinc\u0163ii, pentru fiecare categorie \u00een parte: Diplome de Excelen\u0163\u0103, de Merit, Premii Speciale: pentru cea mai bun\u0103 interpretare a unei piese rom\u00e2ne\u015fti, premiul J. S. Bach, premiul Fr. Liszt, premiul Arpeggione, premiul Fundatiei \u201cPRO PIANO-ROMANIA\u201d, premiu pentru prezen\u0163\u0103 artistic\u0103 deosebit\u0103 etc. Diplomele \u015fi premiile vor fi \u00eenm\u00e2nate participan\u0163ilor \u00een festivit\u0103\u0163ile de premiere, de 2 ori pe zi, conform planific\u0103rilor anun\u021bate \u00een timp util.<\/address>\n<address><strong>IX.<\/strong>\u00a0Juriul concursului va fi format din personalit\u0103\u0163i ale pedagogiei \u015fi muzicii rom\u00e2ne\u015fti.Toate materialele audio-video sau de alt\u0103 natur\u0103 realizate pe parcursul Festivalului de c\u0103tre organizatori, apar\u0163in de drept acestora.<\/address>\n<address>In momentul \u00eenscrierii \u00een Festival, candida\u0163ii accept\u0103 prezentele condi\u0163ii \u015fi autoritatea juriului.<\/address>\n<address><strong>Informa\u0163ii suplimentare:<\/strong><\/address>\n<address>la\u00a0<strong>d-na<\/strong>\u00a0<strong>prof. dr. Monica Noveanu<\/strong>\u00a0\u2013 0745 519636 \/ E-mail:\u00a0<a href=\"mailto:monicanoveanu@yahoo.com\">monicanoveanu@yahoo.com<\/a><\/address>\n<address>la\u00a0<strong>Funda\u0163ia \u201ePro Piano \u2013 Rom\u00e2nia\u201d \u2013 prof. Stela Avesalon \u2013 0722 382 626 \/\u00a0<\/strong>E-mail:\u00a0<a href=\"mailto:propiano@gmail.com\">propiano@gmail.com<\/a><\/address>\n<address>Web page:\u00a0<a href=\"http:\/\/www.propiano.org\/\">www.propiano.org<\/a><\/address>\n<p><strong>\u00a0<\/strong><\/p>\n<p><strong>\u00a0<\/strong><\/p>\n<p><strong>FORMULAR DE \u00ceNSCRIERE la<\/strong><\/p>\n<p><strong>Festivalul \u201cPRIETENII MUZICII\/PRO PIANO-ROM\u00c2NIA\u201d, filiala Cluj-Napoca<\/strong><\/p>\n<p><strong>Edi\u021bia a VII-a, 21 \u2013 23 februarie 2014<\/strong><\/p>\n<p><strong>Elev:<\/strong><\/p>\n<p>1.Numele:_______________________________________<\/p>\n<p>2.Prenumele:_____________________________________<\/p>\n<p>3. \u0162ara \/na\u0163ionalitatea:_____________________________<\/p>\n<p>4. Data na\u015fterii:___________________________________<\/p>\n<p>Cod numeric personal______________________________<\/p>\n<p>5. Adresa permanent\u0103:_____________________________<\/p>\n<p>6.Telefon\/fax:____________________________________<\/p>\n<p>7.Gr\u0103dini\u0163a\/\u015fcoala\/liceul:___________________________<\/p>\n<p><strong>\u00a0<\/strong><\/p>\n<p><strong>Profesor \u00eendrum\u0103tor:<\/strong><\/p>\n<p>8.Numele \u0219i prenumele:____________________________<\/p>\n<p>Telefon\/fax:_____________________________________<\/p>\n<p>9. \u00cencadrat la\u00a0<strong>Sec\u0163iunea<\/strong>:_________<\/p>\n<p><strong>Categoria<\/strong>:_________<\/p>\n<p>&nbsp;<\/p>\n<p><strong>Programul ales(una sau 2 piese):<\/strong><\/p>\n<p>1. Numele compozitorului: ________________________<\/p>\n<p>Titlul lucr\u0103rii:___________________________________<\/p>\n<p>2. Numele compozitorului:________________________<\/p>\n<p>Titlul lucr\u0103rii: __________________________________<\/p>\n<p>Durata total\u0103:..\u2026\u2026\u2026.. minute<\/p>\n<p>Data: Semn\u0103tura:<\/p>\n","protected":false},"excerpt":{"rendered":"<p>REGULAMENTUL \u0219i Formularul de \u00eenscriere la Festivalul \u201cPrietenii Muzicii \/ PRO PIANO-ROMANIA\u201d- filiala Cluj-Napoca, editia a VII-a, 21\u2013 23 februarie 2014 &nbsp; &nbsp; I. Manifestarea este deschis\u0103 copiilor cu v\u00e2rsta cuprins\u0103 \u00eentre 5 \u015fi 18 ani, fiind divizat\u0103 \u00een\u00a03 sec\u0163iuni: A,B,C. Sec\u0163iunea\u00a0A\u00a0\u2013 tineri care studiaz\u0103 pianul ca instrument principal, \u00een \u0219coli \u0219i licee de muzic\u0103 [&hellip;]<\/p>\n","protected":false},"author":1,"featured_media":0,"parent":0,"menu_order":0,"comment_status":"open","ping_status":"open","template":"","meta":{"footnotes":""},"class_list":["post-2461","page","type-page","status-publish","hentry"],"_links":{"self":[{"href":"https:\/\/www.propiano.org\/romanian\/wp-json\/wp\/v2\/pages\/2461","targetHints":{"allow":["GET"]}}],"collection":[{"href":"https:\/\/www.propiano.org\/romanian\/wp-json\/wp\/v2\/pages"}],"about":[{"href":"https:\/\/www.propiano.org\/romanian\/wp-json\/wp\/v2\/types\/page"}],"author":[{"embeddable":true,"href":"https:\/\/www.propiano.org\/romanian\/wp-json\/wp\/v2\/users\/1"}],"replies":[{"embeddable":true,"href":"https:\/\/www.propiano.org\/romanian\/wp-json\/wp\/v2\/comments?post=2461"}],"version-history":[{"count":3,"href":"https:\/\/www.propiano.org\/romanian\/wp-json\/wp\/v2\/pages\/2461\/revisions"}],"predecessor-version":[{"id":2484,"href":"https:\/\/www.propiano.org\/romanian\/wp-json\/wp\/v2\/pages\/2461\/revisions\/2484"}],"wp:attachment":[{"href":"https:\/\/www.propiano.org\/romanian\/wp-json\/wp\/v2\/media?parent=2461"}],"curies":[{"name":"wp","href":"https:\/\/api.w.org\/{rel}","templated":true}]}}