{"id":24,"date":"2011-08-13T01:57:07","date_gmt":"2011-08-13T01:57:07","guid":{"rendered":"http:\/\/www.propiano.org\/romanian\/?page_id=24"},"modified":"2020-12-10T12:49:58","modified_gmt":"2020-12-10T12:49:58","slug":"cem","status":"publish","type":"page","link":"https:\/\/www.propiano.org\/romanian\/cem\/","title":{"rendered":"Despre CEM"},"content":{"rendered":"<h3 style=\"text-align: center;\"><strong>Centrul de Excelenta si Merit &#8220;Pro Piano &#8211; Romania&#8221;<\/strong><\/h3>\n<p>A) Continutul, scopurile si cooptarea beneficiarilor \u201eCEM \u2013 PRO PIANO-ROM\u00c2NIA\u201d.<br \/>\nB) Selectionarea si promovarea beneficiarilor.<br \/>\nCEM = Centrul de Excelenta si Merit&nbsp;este destinat,&nbsp;\u00een principal, tinerilor muzicieni &#8211; interpreti vocali si intrumentisti &#8211; pian, vioara, suflatori, cu v\u00e2rste cuprinse \u00eentre 5 \u2013 30 ani, care au obtinut rezultate deosebite la concursuri nationale, internationale, olimpiade, precum si tinerilor pianisti dornici sa-si prezinte si sa-si testeze \u00een public nivelul si calitatea repertoriului parcurs.<\/p>\n<p><strong>CEM&nbsp;are doua componente, fiecare dintre ele av\u00e2nd caracteristici specifice:<\/strong><\/p>\n<ol>\n<li>Centrul de Excelenta&nbsp;se adreseaza tinerilor supradotati, talentelor de exceptie cu un palmares bogat de premii nationale si internationale<\/li>\n<li>Centrul de Merit&nbsp;se adreseaza unui numar mare de tineri muzicieni cu rezultate bune si foarte bune, dornici de progres si evaluare publica, inclusiv celor pentru care muzica este numai un hobby, o pasiune de suflet<\/li>\n<\/ol>\n<p><strong>Scopurile &#8220;CEM &#8211; Pro Piano Romania&#8221;<\/strong><\/p>\n<p align=\"left\">\u2022&nbsp;&nbsp;Centrul de Excelenta&nbsp;urmareste depistarea, selectionarea, ierarhizarea si promovarea tinerelor&nbsp;talente de exceptie&nbsp;, a copiilor si tinerilor supradotati, \u00eempreuna cu cei care i-au format: profesorii&nbsp;lor. Un alt beneficiu este oferirea unor posibilitati de afirmare pe plan&nbsp;national si international.<br \/>\n\u2022&nbsp;&nbsp;Centrul de Merit&nbsp;urmareste promovarea&nbsp;unui numar c\u00e2t mai mare&nbsp;de tineri muzicieni instrumentisti cu rezultate bune si foarte bune, \u00eencurajind tinerii seriosi, muncitori, pasionati de muzica si dispusi sa-si dedice timpul liber studiul pianului. Acestora le oferim numeroase posibilitati de afirmare artistico-muzicale, \u00een special in \u201catelierele muzicale\u201d.<\/p>\n<p><strong>Cooptarea Beneficiarilor<\/strong><\/p>\n<p>Beneficiarii&nbsp;au obligativitatea sa devina&nbsp;membrii ai Fundatiei \u201cPRO PIANO-ROM\u00c2NIA\u201d,&nbsp;calitate pe care o pot obtine prin depunerea unui dosar la sediul Fundatiei sau prin e-mail, continind o <span style=\"text-decoration: underline; color: #ff9900;\"><strong><a title=\"CEM Cerere de adeziune\" href=\"http:\/\/www.propiano.org\/romanian\/cem-cerere-de-adeziune\/\" target=\"_blank\" rel=\"noopener\"><span style=\"color: #ff9900; text-decoration: underline;\">cerere de adeziune tip<\/span><\/a><\/strong><\/span> si un CV actualizat.<\/p>\n<p>Cei care depun acest dosar inteleg ca au si obligativitatea participarii la una sau mai multe editii&nbsp;ale Concursului International \u201cPRO PIANO-ROM\u00c2NIA\u201d sau &nbsp;Festivalului \u201cPrietenii muzicii\u201d.<\/p>\n<p>Cooptarea membrilor&nbsp;se face permanent, pe tot parcursul anului, iar&nbsp;excluderea&nbsp;unui beneficiar (pentru ne\u00eendeplinirea unor angajamente luate) se va face automat, de catre presedinta Fundatiei, fara posibilitati de constr\u00e2ngere sau pretentii din partea beneficiarului.<\/p>\n<p>&nbsp;<\/p>\n<p><strong>Selectionarea si Promovarea Beneficiarilor &#8220;Centrului de Excelenta&#8221;<\/strong><\/p>\n<p align=\"left\">\u2022&nbsp;&nbsp;selectia&nbsp;se face prin analizarea&nbsp;CV&nbsp;-ului doritorilor, a eventualelor&nbsp;recomandari&nbsp;primite de acestia de la profesori sau personalitati muzicale competente<br \/>\n\u2022&nbsp;&nbsp;rezultate&nbsp;f. bune la Concursul International&nbsp;\u201cPRO PIANO-ROM\u00c2NIA\u201d, inclusiv la alte Concursuri Internationale.<\/p>\n<p><strong>Selectionarea si Promovarea Beneficiarilor &#8220;Centrului de Merit&#8221;<\/strong><\/p>\n<p>\u2022&nbsp;&nbsp;selectia&nbsp;este facuta at\u00e2t prin rezultatele obtinute la Festivalul&nbsp;\u201cPrietenii Muzicii &#8211; PRO PIANO-ROM\u00c2NIA\u201d&nbsp;(toate editiile, inclusive a&nbsp;rezultatelor obtinute la festivalurile&nbsp;din filialele de la Cluj-Napoca, Iasi, Sibiu).<\/p>\n<p><strong>Modalitati de Promovare<\/strong><\/p>\n<p>\u2022&nbsp; oganizarea unor&nbsp;recitaluri, concerte si spectacole&nbsp;de \u00eenalt nivel artistic pe tot parcursul anului,<br \/>\n\u2022&nbsp; organizarea unor numeroase \u201c&nbsp;ateliere muzicale&nbsp;\u201d, prin gasirea unor locatii c\u00e2t mai bune, deosebite, at\u00e2t&nbsp;\u00een Bucuresti c\u00e2t si \u00een tara .&nbsp;Ani de-a r\u00e2ndul, numerosi tineri pianisti au dorit o posibilitate de \u201crodare\u201d a pieselor&nbsp;\u00eensusite, cu scopul prezentarii lor la examene, concursuri nationale sau internationale. \u00cen acest sens le-am oferit sansa de a urca pe scenele unor studiouri de concerte din scoli si licee de muzica din Bucuresti sau din tara (T\u00e2rgoviste, Sinaia, Busteni, Ploiesti), la Palatul National al Copiilor<br \/>\n\u2022&nbsp; prin adaugarea de&nbsp;noi locatii&nbsp;, pe langa cele de Parlamentul Rom\u00e2niei, ArCuB, Casa Memoriala \u201cGeorge Enescu\u201d din Sinaia, Muzeul Sutzu, Muzeul \u201cGeorge Enescu\u201d- Palatul Cantacuzino din Buc, Ateneul rom\u00e2n, Sala \u201cAuditorium\u201d a Muzeului National de Arta al Rom\u00e2niei, Sala \u201cElvira Popescu\u201d a Institutului Francez din Bucuresti, Casa de Cultura \u201cFr. Schiller\u201d, Centrul Cultural al republicii Ungare, Palatul National al Copiilor, etc.<br \/>\n\u2022&nbsp; prin&nbsp;recomandari&nbsp;date celor mai valorosi muzicieni, \u00een scopul obtinerii unor burse de studii \u00een strainatate sau pentru programarea lor \u00een Festivaluri nationale si internationale.<br \/>\n\u2022&nbsp;&nbsp;organizarea unor recitaluri \u00een strainatate: primul recital a avut loc \u00een luna aprilie 2006 \u00een&nbsp;Italia&nbsp;\u2013 la Roma si Venezia. In anul 2007 au avut loc recitaluri \u00een&nbsp;Italia&nbsp;(Venezia si Verona), \u00een&nbsp;Germania&nbsp;(Berlin , \u00een&nbsp;Ungaria&nbsp;(Budapesta). In anul 2008 &#8211; in Franta, la Ambasada Romaniei din Paris si la Parlamentul European de la Strasbourg.<br \/>\n\u2022&nbsp;Tabara Muzicala de Vara, &nbsp;incepind cu anii 2008 si 2009, &nbsp;cu recitaluri \u00een locatii deosebite (in Judetul Constanta<\/p>\n<p>\u2022 realizarea unor CD-uri didactice (informatii suplimentare pe parcursul anului)<\/p>\n<p>&nbsp;<\/p>\n<div align=\"center\"><a name=\"adeziune\"><\/a><\/div>\n","protected":false},"excerpt":{"rendered":"<p>Centrul de Excelenta si Merit &#8220;Pro Piano &#8211; Romania&#8221; A) Continutul, scopurile si cooptarea beneficiarilor \u201eCEM \u2013 PRO PIANO-ROM\u00c2NIA\u201d. B) Selectionarea si promovarea beneficiarilor. CEM = Centrul de Excelenta si Merit&nbsp;este destinat,&nbsp;\u00een principal, tinerilor muzicieni &#8211; interpreti vocali si intrumentisti &#8211; pian, vioara, suflatori, cu v\u00e2rste cuprinse \u00eentre 5 \u2013 30 ani, care au obtinut [&hellip;]<\/p>\n","protected":false},"author":1,"featured_media":0,"parent":0,"menu_order":0,"comment_status":"open","ping_status":"open","template":"","meta":{"footnotes":""},"class_list":["post-24","page","type-page","status-publish","hentry"],"_links":{"self":[{"href":"https:\/\/www.propiano.org\/romanian\/wp-json\/wp\/v2\/pages\/24","targetHints":{"allow":["GET"]}}],"collection":[{"href":"https:\/\/www.propiano.org\/romanian\/wp-json\/wp\/v2\/pages"}],"about":[{"href":"https:\/\/www.propiano.org\/romanian\/wp-json\/wp\/v2\/types\/page"}],"author":[{"embeddable":true,"href":"https:\/\/www.propiano.org\/romanian\/wp-json\/wp\/v2\/users\/1"}],"replies":[{"embeddable":true,"href":"https:\/\/www.propiano.org\/romanian\/wp-json\/wp\/v2\/comments?post=24"}],"version-history":[{"count":32,"href":"https:\/\/www.propiano.org\/romanian\/wp-json\/wp\/v2\/pages\/24\/revisions"}],"predecessor-version":[{"id":7017,"href":"https:\/\/www.propiano.org\/romanian\/wp-json\/wp\/v2\/pages\/24\/revisions\/7017"}],"wp:attachment":[{"href":"https:\/\/www.propiano.org\/romanian\/wp-json\/wp\/v2\/media?parent=24"}],"curies":[{"name":"wp","href":"https:\/\/api.w.org\/{rel}","templated":true}]}}