{"id":2368,"date":"2014-01-13T02:14:32","date_gmt":"2014-01-13T02:14:32","guid":{"rendered":"http:\/\/www.propiano.org\/romanian\/?page_id=2368"},"modified":"2014-03-14T20:08:17","modified_gmt":"2014-03-14T20:08:17","slug":"concursul-mozart","status":"publish","type":"page","link":"https:\/\/www.propiano.org\/romanian\/concursul-mozart\/","title":{"rendered":"Concursul &#8220;Mozart&#8221;"},"content":{"rendered":"<h4 style=\"text-align: center;\" align=\"center\"><b>CONCURS NATIONAL DE <\/b><b>INTEPRETARE \u201e<\/b><b><i>W. A. MOZART\u201d<\/i><\/b><\/h4>\n<h4 style=\"text-align: center;\" align=\"center\"><b>EDITIA a XVIII-a, <\/b><b>13 \u2013 15 iunie 2014 &#8211; <\/b><b>T A R G O V I S T E<\/b><\/h4>\n<h4><\/h4>\n<h4 style=\"text-align: center;\" align=\"center\"><b>CONDITII\u00a0 DE\u00a0 PARTICIPARE<\/b><\/h4>\n<p>&nbsp;<\/p>\n<p>&#8211; \u00a0Concursul se desf\u0103\u0219oar\u0103 pe 2 sec\u021biuni: \u00a0Pian , Vioar\u0103<\/p>\n<p>&nbsp;<\/p>\n<p>PIAN: clasele I \u2013 XII<\/p>\n<p>VIOAR\u0102: clasele I \u2013 XII.<\/p>\n<p>&nbsp;<\/p>\n<p align=\"center\"><b>REPERTORIU\u00a0 DE\u00a0 CONCURS<\/b><\/p>\n<p align=\"center\"><b>\u00a0<\/b><\/p>\n<h4 align=\"center\"><b>PIAN<\/b><\/h4>\n<p align=\"center\"><b>clasele I \u2013VIII<\/b><\/p>\n<p>a)\u00a0\u00a0\u00a0\u00a0\u00a0 o lucrare din creatia lui W. A. Mozart: piesa, sonatina-p I, sonata-p I, tema cu variatiuni, rondo de sine statator, fantezie<\/p>\n<p>b)\u00a0\u00a0\u00a0\u00a0\u00a0 o lucrare din repertoriul preclasic, romantic, modern sau romanesc, diferita ca forma.<\/p>\n<p align=\"center\"><b>clasele IX \u2013 XII<\/b><\/p>\n<p>a)\u00a0\u00a0\u00a0\u00a0\u00a0 o lucrare\u00a0 de W. A. Mozart: sonata-p I, tema cu variatiuni, rondo de sine statator<\/p>\n<p>b)\u00a0\u00a0\u00a0\u00a0\u00a0 o lucrare din repertoriul romantic<\/p>\n<p>c)\u00a0\u00a0\u00a0\u00a0\u00a0 o lucrare din repertoriul modern sau romanesc.<\/p>\n<p>&nbsp;<\/p>\n<p style=\"text-align: left;\" align=\"center\"><span style=\"text-decoration: underline;\">durata repertoriului<\/span>:<\/p>\n<p>\u00a0\u00a0\u00a0\u00a0\u00a0\u00a0 clasele I \u2013II\u00a0 5 minute<\/p>\n<p style=\"text-align: left;\" align=\"center\">\u00a0\u00a0\u00a0\u00a0\u00a0\u00a0\u00a0clasele III \u2013 IV\u00a0 10 minute<\/p>\n<p style=\"text-align: left;\" align=\"center\">\u00a0\u00a0\u00a0\u00a0\u00a0\u00a0\u00a0clasele V \u2013 VIII\u00a0 15 minute<\/p>\n<p style=\"text-align: left;\" align=\"center\">\u00a0\u00a0\u00a0 \u00a0\u00a0\u00a0clasele IX \u2013 X\u00a0 20 minute<\/p>\n<p style=\"text-align: left;\" align=\"center\">\u00a0\u00a0\u00a0\u00a0\u00a0\u00a0\u00a0clasele XI \u2013 XII\u00a0 30 minute.<\/p>\n<h4 style=\"text-align: center;\" align=\"center\"><b>VIOAR\u0102<\/b><\/h4>\n<p style=\"text-align: left;\" align=\"center\"><b>\u00a0<\/b><\/p>\n<p style=\"text-align: left;\" align=\"center\"><b>clasele I \u2013VIII<\/b><\/p>\n<p align=\"center\"><b>\u00a0<\/b><\/p>\n<p>c)\u00a0\u00a0\u00a0\u00a0\u00a0 o lucrare din creatia lui W. A. Mozart.<\/p>\n<p>d)\u00a0\u00a0\u00a0\u00a0 o lucrare din repertoriul preclasic, romantic, modern sau romanesc, diferita ca forma.<\/p>\n<p style=\"text-align: left;\" align=\"center\"><b>clasele IX \u2013 XII<\/b><\/p>\n<p align=\"center\"><b>\u00a0<\/b><\/p>\n<p>d)\u00a0\u00a0\u00a0\u00a0 o lucrare\u00a0 de W. A. Mozart.<\/p>\n<p>e)\u00a0\u00a0\u00a0\u00a0\u00a0 o lucrare din repertoriul preclasic<\/p>\n<p>f)\u00a0\u00a0\u00a0\u00a0\u00a0\u00a0 o lucrare din repertoriul romantic, modern sau romanesc.<\/p>\n<p>&nbsp;<\/p>\n<p style=\"text-align: left;\" align=\"center\"><span style=\"text-decoration: underline;\">durata repertoriului<\/span>:<\/p>\n<p style=\"text-align: left;\">\u00a0\u00a0\u00a0\u00a0\u00a0\u00a0\u00a0\u00a0clasele I \u2013II\u00a0 5 minute<\/p>\n<p style=\"text-align: left;\" align=\"center\">\u00a0\u00a0\u00a0\u00a0\u00a0\u00a0\u00a0 clasele III \u2013 IV\u00a0 10 minute<\/p>\n<p style=\"text-align: left;\" align=\"center\">\u00a0\u00a0\u00a0\u00a0\u00a0\u00a0\u00a0\u00a0clasele V \u2013 VIII\u00a0 15 minute<\/p>\n<p style=\"text-align: left;\" align=\"center\">\u00a0\u00a0\u00a0\u00a0\u00a0\u00a0\u00a0 clasele IX \u2013 X\u00a0 20 minute<\/p>\n<p style=\"text-align: left;\" align=\"center\">\u00a0\u00a0\u00a0\u00a0\u00a0\u00a0\u00a0\u00a0clasele XI \u2013 XII\u00a0 30 minute.<\/p>\n<p align=\"center\"><b>\u00a0<\/b><\/p>\n<h4 align=\"center\"><b>Inscriere &#8211; Regulament<\/b><\/h4>\n<p>INSCRIEREA\u00a0 LA CONCURS se va face pe baza fisei de inscriere anexata prezentului Regulament, insotita de copia chitantei reprezentand taxa de inscriere in valoare de 75 RON, virata in contul: <b>RO49CECEDB0143RON0434582<\/b><b>, Cod fiscal 21759217<\/b> al <b>ASOCIA\u0162IEI DE P\u0102RIN\u0162I \u201cB\u0102LA\u015eA DOAMNA\u201d T\u00c2RGOVI\u015eTE<\/b>, str. Parvan Popescu nr. 60, deschis la CEC T\u00e2rgovi\u015fte, cu specificatia \u201cpentru Concursul W. A. Mozart, editia a XVIII-a\u201d.<\/p>\n<p>1\u00a0\u00a0\u00a0\u00a0\u00a0\u00a0\u00a0 Termenul limita de inscriere este 1 iunie 2014, data postei, sau pe adresa de e-mail.<\/p>\n<p>2\u00a0\u00a0\u00a0\u00a0\u00a0\u00a0\u00a0 In cazul neprezentarii concurentului, taxa nu se returneaza.<\/p>\n<p>3\u00a0\u00a0\u00a0\u00a0\u00a0\u00a0\u00a0 Juriul concursului va fi alcatuit din personalitati ale invatamantului universitar si din profesori de specialitate. Hotararile juriului sunt definitive.<\/p>\n<p>4\u00a0\u00a0\u00a0\u00a0\u00a0\u00a0\u00a0 Concurentii vor fi prezenti cu 30 de minute inainte de intrarea in concurs.<\/p>\n<p>5\u00a0\u00a0\u00a0\u00a0\u00a0\u00a0\u00a0 Nu se admit modificari ulterioare in repertoriul comunicat in fisa de inscriere.<\/p>\n<p>6\u00a0\u00a0\u00a0\u00a0\u00a0\u00a0\u00a0 Se acorda premii si mentiuni pentru fiecare clasa. Se acorda Trofeul \u201cW. A. Mozart\u201d pentru cea mai buna interpretare a unei lucrari mozartiene fiecarei sectii: Pian, Vioar\u0103.<\/p>\n<p>7\u00a0\u00a0\u00a0\u00a0\u00a0\u00a0\u00a0 Concurentii de la cele 2 sectii, premia\u0163i cu Trofeul Mozart vor evolua in Gala laureatilor al\u0103turi de premian\u0163ii desemna\u0163i de\u00a0 juriu pentru a evolua \u00een Gala laurea\u0163ilor.<\/p>\n<p>8\u00a0\u00a0\u00a0\u00a0\u00a0\u00a0\u00a0 La festivitatea de premiere si Gala laureatilor, prezenta tuturor participantilor este obligatorie, premiile urmand a fi inmanate numai personal.<\/p>\n<p>9\u00a0\u00a0\u00a0\u00a0\u00a0\u00a0\u00a0 Organizatorii isi rezerva dreptul de a face public , in scop de promovare , inregistrari video si audio din timpul concursului , inscrierea reprezentand acordul participantilor in acest sens.<\/p>\n<p align=\"center\">CAZAREA SI MASA<\/p>\n<p><b>\u00a0<\/b><b>Nu putem asigura condi\u0163ii de cazare \u015fi mas\u0103.<\/b><\/p>\n<p>&nbsp;<\/p>\n<p>Informatii suplimentare se pot obtine la secretariatul liceului:<\/p>\n<p>tel: 0245\/211166<\/p>\n<p>e-mail: musicschool_<a href=\"mailto:ro@yahoo.com\">ro@yahoo.com<\/a><\/p>\n<p>director Procopciuc Luminita, tel. 0723-256 155.<\/p>\n<p><b>\u00a0\u00a0\u00a0\u00a0\u00a0\u00a0\u00a0\u00a0\u00a0\u00a0 \u00a0\u00a0\u00a0\u00a0\u00a0\u00a0\u00a0\u00a0\u00a0\u00a0\u00a0\u00a0\u00a0\u00a0\u00a0\u00a0\u00a0\u00a0\u00a0\u00a0\u00a0\u00a0\u00a0\u00a0\u00a0\u00a0\u00a0<\/b><b>LICEUL DE ARTE\u00a0 \u201eB\u0102LA\u015eA DOAMNA\u00a0 \u201d\u00a0\u00a0\u00a0\u00a0\u00a0\u00a0\u00a0\u00a0\u00a0\u00a0\u00a0\u00a0\u00a0\u00a0\u00a0\u00a0\u00a0\u00a0\u00a0\u00a0\u00a0\u00a0\u00a0\u00a0\u00a0\u00a0\u00a0\u00a0\u00a0\u00a0\u00a0\u00a0\u00a0\u00a0\u00a0\u00a0\u00a0\u00a0\u00a0\u00a0\u00a0\u00a0\u00a0\u00a0\u00a0\u00a0 <\/b><\/p>\n<p><b>\u00a0\u00a0\u00a0\u00a0\u00a0\u00a0\u00a0\u00a0\u00a0\u00a0\u00a0\u00a0\u00a0\u00a0\u00a0\u00a0\u00a0\u00a0\u00a0\u00a0\u00a0\u00a0\u00a0\u00a0\u00a0\u00a0\u00a0\u00a0\u00a0\u00a0\u00a0\u00a0\u00a0\u00a0\u00a0\u00a0\u00a0\u00a0\u00a0\u00a0\u00a0\u00a0\u00a0\u00a0\u00a0\u00a0\u00a0\u00a0\u00a0\u00a0\u00a0\u00a0 T\u00c2RGOVI\u015eTE<\/b><\/p>\n<p><b>\u00a0\u00a0\u00a0\u00a0\u00a0\u00a0\u00a0\u00a0\u00a0\u00a0\u00a0\u00a0\u00a0\u00a0\u00a0\u00a0\u00a0\u00a0\u00a0\u00a0\u00a0\u00a0\u00a0\u00a0\u00a0\u00a0\u00a0\u00a0\u00a0\u00a0\u00a0\u00a0\u00a0\u00a0\u00a0\u00a0\u00a0\u00a0\u00a0\u00a0 Strada P\u00c2RVAN POPESCU NR.60, TEL.:0372716566, 0732100285<\/b><\/p>\n<p><b>\u00a0\u00a0\u00a0\u00a0\u00a0\u00a0\u00a0\u00a0\u00a0\u00a0\u00a0\u00a0\u00a0\u00a0\u00a0\u00a0\u00a0\u00a0\u00a0\u00a0\u00a0\u00a0\u00a0\u00a0\u00a0\u00a0\u00a0\u00a0\u00a0\u00a0\u00a0\u00a0\u00a0\u00a0\u00a0\u00a0\u00a0\u00a0\u00a0\u00a0 FAX 0245 \/ 21 11 66<\/b><\/p>\n<p><b>\u00a0\u00a0\u00a0\u00a0\u00a0\u00a0\u00a0\u00a0\u00a0\u00a0\u00a0\u00a0\u00a0\u00a0\u00a0\u00a0\u00a0\u00a0\u00a0\u00a0\u00a0\u00a0\u00a0\u00a0\u00a0\u00a0\u00a0\u00a0\u00a0\u00a0\u00a0\u00a0\u00a0\u00a0\u00a0\u00a0\u00a0\u00a0\u00a0\u00a0 Cod po\u015ftal 130078, D\u00e2mbovi\u0163a, Rom\u00e2nia<\/b><\/p>\n<p><b>\u00a0\u00a0\u00a0\u00a0\u00a0\u00a0\u00a0\u00a0\u00a0\u00a0\u00a0\u00a0\u00a0\u00a0\u00a0\u00a0\u00a0\u00a0\u00a0\u00a0\u00a0\u00a0\u00a0\u00a0\u00a0\u00a0\u00a0\u00a0\u00a0\u00a0\u00a0\u00a0\u00a0\u00a0\u00a0\u00a0\u00a0\u00a0\u00a0\u00a0 e-mail musicschool_ro @yahoo.com<\/b><\/p>\n<p><b>\u00a0<\/b><\/p>\n<p>&nbsp;<\/p>\n<p><b>\u00a0<\/b><\/p>\n<h4 align=\"center\"><b>FISA DE INSCRIERE<\/b><\/h4>\n<p align=\"center\"><b>LA CONCURSUL NATIONAL<\/b><b> DE INTERPRETARE \u201dW. A. MOZART\u201d<\/b><\/p>\n<p align=\"center\">Editia a XVIII-a, Targoviste, 13-15 iunie 2014<\/p>\n<p>&nbsp;<\/p>\n<p>Numele si prenumele concurentului &#8230;&#8230;&#8230;&#8230;&#8230;&#8230;&#8230;&#8230;&#8230;&#8230;&#8230;&#8230;&#8230;&#8230;&#8230;&#8230;&#8230;&#8230;&#8230;&#8230;&#8230;&#8230;&#8230;&#8230;&#8230;&#8230;&#8230;&#8230;&#8230;&#8230;&#8230;&#8230;&#8230;&#8230;&#8230;&#8230;&#8230;<\/p>\n<p>&nbsp;<\/p>\n<p>CNP &#8230;&#8230;&#8230;&#8230;&#8230;&#8230;&#8230;&#8230;&#8230;&#8230;&#8230;&#8230;&#8230;&#8230;&#8230;&#8230;&#8230;&#8230;&#8230;&#8230;&#8230;&#8230;&#8230;.. Tel &#8230;&#8230;&#8230;&#8230;&#8230;&#8230;&#8230;&#8230;&#8230;&#8230;&#8230;&#8230;&#8230;&#8230;&#8230;&#8230;&#8230;&#8230;&#8230;&#8230;&#8230;&#8230;&#8230;&#8230;&#8230;&#8230;&#8230;.<\/p>\n<p>&nbsp;<\/p>\n<p>Clasa &#8230;&#8230;&#8230;&#8230;&#8230;.. Scoala &#8230;&#8230;&#8230;&#8230;&#8230;&#8230;&#8230;&#8230;&#8230;&#8230;&#8230;&#8230;&#8230;&#8230;&#8230;&#8230;&#8230;&#8230;&#8230;&#8230;&#8230;&#8230;&#8230;&#8230;&#8230;&#8230;&#8230;&#8230;&#8230;&#8230;&#8230;&#8230;&#8230;&#8230;&#8230;&#8230;&#8230;&#8230;&#8230;&#8230;&#8230;&#8230;&#8230;.<\/p>\n<p>&nbsp;<\/p>\n<p>Localitatea &#8230;&#8230;&#8230;&#8230;&#8230;&#8230;&#8230;&#8230;&#8230;&#8230;&#8230;&#8230;&#8230;&#8230;&#8230;&#8230;&#8230;&#8230;&#8230;&#8230;&#8230;&#8230;&#8230;. Judetul &#8230;&#8230;&#8230;&#8230;&#8230;&#8230;&#8230;&#8230;&#8230;&#8230;&#8230;&#8230;&#8230;&#8230;&#8230;&#8230;&#8230;&#8230;&#8230;&#8230;&#8230;&#8230;.<\/p>\n<p>&nbsp;<\/p>\n<p>Instrument &#8230;&#8230;&#8230;&#8230;&#8230;&#8230;&#8230;&#8230;&#8230;&#8230;&#8230;&#8230;&#8230;&#8230;&#8230;&#8230;&#8230;.. Profesor &#8230;&#8230;&#8230;&#8230;&#8230;&#8230;&#8230;&#8230;&#8230;&#8230;&#8230;&#8230;&#8230;&#8230;&#8230;&#8230;&#8230;&#8230;&#8230;&#8230;&#8230;&#8230;&#8230;&#8230;&#8230;&#8230;&#8230;..<\/p>\n<p>&nbsp;<\/p>\n<p>Profesor acompaniator &#8230;&#8230;&#8230;&#8230;&#8230;&#8230;&#8230;&#8230;&#8230;&#8230;&#8230;&#8230;&#8230;&#8230;&#8230;&#8230;&#8230;&#8230;&#8230;&#8230;&#8230;&#8230;&#8230;&#8230;&#8230;&#8230;&#8230;&#8230;&#8230;&#8230;&#8230;&#8230;&#8230;&#8230;&#8230;&#8230;&#8230;&#8230;&#8230;&#8230;&#8230;&#8230;&#8230;&#8230;<\/p>\n<p>&nbsp;<\/p>\n<h4 align=\"center\">REPERTORIU<\/h4>\n<p><b><span style=\"text-decoration: underline;\">compozitor\u00a0\u00a0\u00a0\u00a0\u00a0\u00a0\u00a0\u00a0\u00a0\u00a0\u00a0\u00a0\u00a0\u00a0\u00a0\u00a0\u00a0\u00a0\u00a0\u00a0\u00a0\u00a0\u00a0\u00a0\u00a0\u00a0\u00a0\u00a0\u00a0\u00a0\u00a0\u00a0\u00a0\u00a0\u00a0\u00a0\u00a0\u00a0\u00a0\u00a0\u00a0\u00a0\u00a0\u00a0\u00a0\u00a0\u00a0\u00a0\u00a0\u00a0 titlul lucrarii\u00a0\u00a0\u00a0\u00a0\u00a0\u00a0\u00a0\u00a0\u00a0\u00a0\u00a0\u00a0\u00a0\u00a0\u00a0\u00a0\u00a0\u00a0\u00a0\u00a0\u00a0\u00a0\u00a0\u00a0\u00a0\u00a0\u00a0\u00a0\u00a0\u00a0\u00a0\u00a0\u00a0\u00a0\u00a0\u00a0\u00a0\u00a0\u00a0\u00a0\u00a0\u00a0\u00a0\u00a0\u00a0\u00a0\u00a0\u00a0\u00a0\u00a0\u00a0\u00a0\u00a0\u00a0\u00a0\u00a0\u00a0\u00a0\u00a0\u00a0\u00a0\u00a0\u00a0 minutaj<\/span><\/b><\/p>\n<p><b><span style=\"text-decoration: underline;\">\u00a0<\/span><\/b><\/p>\n<p><b>1.<\/b>&#8230;&#8230;&#8230;&#8230;&#8230;&#8230;&#8230;&#8230;&#8230;&#8230;&#8230;&#8230;&#8230;&#8230;&#8230;&#8230;&#8230;&#8230;&#8230;&#8230;&#8230;&#8230;&#8230;&#8230;&#8230;&#8230;&#8230;&#8230;&#8230;&#8230;&#8230;&#8230;&#8230;&#8230;&#8230;&#8230;&#8230;&#8230;&#8230;&#8230;&#8230;&#8230;&#8230;&#8230;&#8230;&#8230;&#8230;&#8230;&#8230;&#8230;&#8230;&#8230;&#8230;&#8230;&#8230;..<\/p>\n<p><b>\u00a0<\/b><\/p>\n<p><b>2.<\/b> &#8230;&#8230;&#8230;&#8230;&#8230;&#8230;&#8230;&#8230;&#8230;&#8230;&#8230;&#8230;&#8230;&#8230;&#8230;&#8230;&#8230;&#8230;&#8230;&#8230;&#8230;&#8230;&#8230;&#8230;&#8230;&#8230;&#8230;&#8230;&#8230;&#8230;&#8230;&#8230;&#8230;&#8230;&#8230;&#8230;&#8230;&#8230;&#8230;&#8230;&#8230;&#8230;&#8230;&#8230;&#8230;&#8230;&#8230;&#8230;&#8230;&#8230;&#8230;&#8230;&#8230;&#8230;&#8230;.<\/p>\n<p><b>\u00a0<\/b><\/p>\n<p><b>3.<\/b>&#8230;&#8230;&#8230;&#8230;&#8230;&#8230;&#8230;&#8230;&#8230;&#8230;&#8230;&#8230;&#8230;&#8230;&#8230;&#8230;&#8230;&#8230;&#8230;&#8230;&#8230;&#8230;&#8230;&#8230;&#8230;&#8230;&#8230;&#8230;&#8230;&#8230;&#8230;&#8230;&#8230;&#8230;&#8230;&#8230;&#8230;&#8230;&#8230;&#8230;&#8230;&#8230;&#8230;&#8230;&#8230;&#8230;&#8230;&#8230;&#8230;&#8230;&#8230;&#8230;&#8230;&#8230;&#8230;..<\/p>\n<p><b>\u00a0<\/b><\/p>\n<p><b>4.<\/b>&#8230;&#8230;&#8230;&#8230;&#8230;&#8230;&#8230;&#8230;&#8230;&#8230;&#8230;&#8230;&#8230;&#8230;&#8230;&#8230;&#8230;&#8230;&#8230;&#8230;&#8230;&#8230;&#8230;&#8230;&#8230;&#8230;&#8230;&#8230;&#8230;&#8230;&#8230;&#8230;&#8230;&#8230;&#8230;&#8230;&#8230;&#8230;&#8230;&#8230;&#8230;&#8230;&#8230;&#8230;&#8230;&#8230;&#8230;&#8230;&#8230;&#8230;&#8230;&#8230;&#8230;&#8230;&#8230;..<\/p>\n<p>&nbsp;<\/p>\n<p>Responsabil Catedra\u00a0 -semnatura-\u00a0\u00a0\u00a0\u00a0\u00a0\u00a0\u00a0\u00a0\u00a0\u00a0\u00a0\u00a0\u00a0\u00a0\u00a0\u00a0\u00a0\u00a0\u00a0\u00a0\u00a0\u00a0\u00a0\u00a0\u00a0\u00a0\u00a0\u00a0\u00a0\u00a0\u00a0\u00a0\u00a0\u00a0\u00a0\u00a0\u00a0\u00a0\u00a0\u00a0\u00a0\u00a0\u00a0\u00a0\u00a0\u00a0\u00a0\u00a0\u00a0\u00a0\u00a0\u00a0\u00a0\u00a0\u00a0\u00a0\u00a0\u00a0\u00a0\u00a0\u00a0\u00a0\u00a0\u00a0\u00a0\u00a0\u00a0\u00a0\u00a0\u00a0\u00a0\u00a0\u00a0\u00a0\u00a0\u00a0\u00a0\u00a0 Director &#8211; semnatura-<\/p>\n","protected":false},"excerpt":{"rendered":"<p>CONCURS NATIONAL DE INTEPRETARE \u201eW. A. MOZART\u201d EDITIA a XVIII-a, 13 \u2013 15 iunie 2014 &#8211; T A R G O V I S T E CONDITII\u00a0 DE\u00a0 PARTICIPARE &nbsp; &#8211; \u00a0Concursul se desf\u0103\u0219oar\u0103 pe 2 sec\u021biuni: \u00a0Pian , Vioar\u0103 &nbsp; PIAN: clasele I \u2013 XII VIOAR\u0102: clasele I \u2013 XII. &nbsp; REPERTORIU\u00a0 DE\u00a0 CONCURS [&hellip;]<\/p>\n","protected":false},"author":1,"featured_media":0,"parent":0,"menu_order":0,"comment_status":"open","ping_status":"open","template":"","meta":{"footnotes":""},"class_list":["post-2368","page","type-page","status-publish","hentry"],"_links":{"self":[{"href":"https:\/\/www.propiano.org\/romanian\/wp-json\/wp\/v2\/pages\/2368","targetHints":{"allow":["GET"]}}],"collection":[{"href":"https:\/\/www.propiano.org\/romanian\/wp-json\/wp\/v2\/pages"}],"about":[{"href":"https:\/\/www.propiano.org\/romanian\/wp-json\/wp\/v2\/types\/page"}],"author":[{"embeddable":true,"href":"https:\/\/www.propiano.org\/romanian\/wp-json\/wp\/v2\/users\/1"}],"replies":[{"embeddable":true,"href":"https:\/\/www.propiano.org\/romanian\/wp-json\/wp\/v2\/comments?post=2368"}],"version-history":[{"count":8,"href":"https:\/\/www.propiano.org\/romanian\/wp-json\/wp\/v2\/pages\/2368\/revisions"}],"predecessor-version":[{"id":2564,"href":"https:\/\/www.propiano.org\/romanian\/wp-json\/wp\/v2\/pages\/2368\/revisions\/2564"}],"wp:attachment":[{"href":"https:\/\/www.propiano.org\/romanian\/wp-json\/wp\/v2\/media?parent=2368"}],"curies":[{"name":"wp","href":"https:\/\/api.w.org\/{rel}","templated":true}]}}