{"id":2366,"date":"2014-01-13T02:14:13","date_gmt":"2014-01-13T02:14:13","guid":{"rendered":"http:\/\/www.propiano.org\/romanian\/?page_id=2366"},"modified":"2015-05-04T15:26:05","modified_gmt":"2015-05-04T15:26:05","slug":"concursul-gradus-ad-parnassum","status":"publish","type":"page","link":"https:\/\/www.propiano.org\/romanian\/concursul-gradus-ad-parnassum\/","title":{"rendered":"Concursul &#8220;Gradus ad Parnassum&#8221; 2015"},"content":{"rendered":"<p><strong>PROGRAM\u0102RI 2015<\/strong><\/p>\n<p>&nbsp;<\/p>\n<h3><strong><em>PIAN &#8211; SALA \u201dION VOICU\u201d<\/em><\/strong><\/h3>\n<p><strong>\u00a0<\/strong><\/p>\n<h3><strong>VINERI &#8211; 08.05<\/strong><strong>\u00a0\u00a0\u00a0\u00a0\u00a0\u00a0\u00a0\u00a0\u00a0\u00a0\u00a0\u00a0\u00a0\u00a0\u00a0\u00a0\u00a0\u00a0\u00a0\u00a0<\/strong><\/h3>\n<p><strong>09,30-09,40<\/strong><strong>:<\/strong><strong>-Cotig\u0103 Timeea, cl.II, \u00a0\u00a0\u00a0\u00a0\u00a0\u00a0\u00a0\u00a0\u00a0\u00a0\u00a0\u00a0\u00a0\u00a0\u00a0\u00a0\u00a0\u00a0\u00a0 \u00a0<\/strong><strong>\u00a0\u00a0\u00a0\u00a0\u00a0\u00a0\u00a0\u00a0\u00a0\u00a0\u00a0\u00a0\u00a0\u00a0\u00a0\u00a0\u00a0\u00a0\u00a0<\/strong><\/p>\n<p><strong>\u00a0\u00a0\u00a0\u00a0 <\/strong><strong>Dinic\u0103 Andreea, cl.IV<\/strong><strong>, <\/strong><strong>prof.G.S\u0103l\u0103gean<\/strong> <strong>\u00a0\u00a0\u00a0\u00a0\u00a0\u00a0\u00a0\u00a0\u00a0 <\/strong><strong>\u00a0\u00a0\u00a0\u00a0\u00a0\u00a0\u00a0\u00a0\u00a0\u00a0\u00a0\u00a0\u00a0\u00a0\u00a0\u00a0\u00a0\u00a0\u00a0\u00a0\u00a0\u00a0<\/strong><\/p>\n<p><strong>09,40-10.40, CLASA VIII\u00a0\u00a0\u00a0\u00a0\u00a0\u00a0\u00a0\u00a0\u00a0\u00a0\u00a0\u00a0\u00a0\u00a0\u00a0\u00a0 \u00a0\u00a0\u00a0\u00a0\u00a0\u00a0\u00a0\u00a0 \u00a0\u00a0\u00a0\u00a0\u00a0\u00a0\u00a0\u00a0\u00a0 \u00a0 <\/strong><\/p>\n<p><strong>10,40-11,40, CLASA IX\u00a0\u00a0\u00a0\u00a0\u00a0\u00a0\u00a0\u00a0\u00a0\u00a0\u00a0\u00a0\u00a0\u00a0\u00a0\u00a0\u00a0\u00a0\u00a0\u00a0\u00a0\u00a0 \u00a0\u00a0\u00a0\u00a0\u00a0\u00a0\u00a0\u00a0\u00a0\u00a0\u00a0\u00a0 \u00a0\u00a0\u00a0\u00a0\u00a0<\/strong><\/p>\n<p><strong>11,40-11,50, CLASA X \u00a0\u00a0\u00a0\u00a0\u00a0\u00a0\u00a0\u00a0\u00a0\u00a0\u00a0\u00a0\u00a0\u00a0\u00a0\u00a0\u00a0\u00a0\u00a0\u00a0\u00a0\u00a0 \u00a0\u00a0\u00a0\u00a0\u00a0\u00a0\u00a0\u00a0\u00a0\u00a0 \u00a0\u00a0\u00a0\u00a0\u00a0\u00a0\u00a0\u00a0\u00a0<\/strong><\/p>\n<p><strong>12,00-13,10, CLASA XI\u00a0\u00a0\u00a0\u00a0\u00a0\u00a0\u00a0\u00a0\u00a0\u00a0\u00a0\u00a0\u00a0\u00a0\u00a0\u00a0\u00a0\u00a0\u00a0\u00a0\u00a0\u00a0\u00a0\u00a0\u00a0\u00a0 \u00a0\u00a0\u00a0\u00a0\u00a0 \u00a0\u00a0\u00a0\u00a0\u00a0\u00a0\u00a0\u00a0\u00a0\u00a0\u00a0<\/strong><\/p>\n<p><strong>13,10-13,50, CLASA XII<\/strong><strong>\u00a0\u00a0\u00a0\u00a0\u00a0\u00a0\u00a0\u00a0 \u00a0\u00a0\u00a0\u00a0\u00a0\u00a0\u00a0\u00a0\u00a0\u00a0\u00a0\u00a0\u00a0\u00a0<\/strong><\/p>\n<p><strong>\u00a0\u00a0\u00a0\u00a0\u00a0\u00a0\u00a0\u00a0\u00a0\u00a0\u00a0\u00a0\u00a0\u00a0\u00a0\u00a0\u00a0\u00a0\u00a0\u00a0\u00a0\u00a0\u00a0\u00a0\u00a0\u00a0\u00a0\u00a0\u00a0\u00a0\u00a0\u00a0\u00a0\u00a0\u00a0\u00a0\u00a0\u00a0\u00a0\u00a0\u00a0\u00a0\u00a0\u00a0\u00a0\u00a0\u00a0\u00a0\u00a0\u00a0\u00a0\u00a0\u00a0\u00a0\u00a0\u00a0\u00a0\u00a0\u00a0\u00a0\u00a0\u00a0\u00a0\u00a0\u00a0\u00a0\u00a0\u00a0\u00a0\u00a0\u00a0\u00a0\u00a0\u00a0\u00a0\u00a0\u00a0\u00a0\u00a0\u00a0\u00a0\u00a0\u00a0\u00a0\u00a0\u00a0\u00a0\u00a0\u00a0\u00a0\u00a0\u00a0\u00a0\u00a0\u00a0\u00a0\u00a0\u00a0\u00a0\u00a0\u00a0\u00a0\u00a0\u00a0\u00a0\u00a0\u00a0\u00a0\u00a0\u00a0\u00a0\u00a0\u00a0\u00a0\u00a0\u00a0\u00a0\u00a0\u00a0\u00a0\u00a0\u00a0\u00a0\u00a0\u00a0\u00a0\u00a0\u00a0\u00a0\u00a0\u00a0\u00a0\u00a0\u00a0\u00a0\u00a0\u00a0\u00a0\u00a0\u00a0\u00a0\u00a0\u00a0\u00a0 <\/strong><\/p>\n<p><strong>\u00a0\u00a0\u00a0\u00a0 DECERNARE PREMII CL. VIII-XII, ORELE 14,45<\/strong><\/p>\n<p><strong>\u00a0\u00a0\u00a0\u00a0\u00a0\u00a0\u00a0\u00a0\u00a0\u00a0\u00a0\u00a0\u00a0\u00a0\u00a0\u00a0\u00a0\u00a0\u00a0\u00a0 <\/strong><strong>13,50-15,00, PAUZ\u0102<\/strong><\/p>\n<p><strong>\u00a0\u00a0\u00a0\u00a0\u00a0\u00a0\u00a0\u00a0\u00a0\u00a0\u00a0\u00a0\u00a0\u00a0\u00a0\u00a0\u00a0\u00a0\u00a0\u00a0\u00a0\u00a0 <\/strong><\/p>\n<p><strong>15,00-17,25, CLASA V<\/strong><\/p>\n<p><strong>17,25-18,10, CLASA VI<\/strong><\/p>\n<p><strong>\u00a0\u00a0\u00a0\u00a0\u00a0\u00a0\u00a0\u00a0\u00a0\u00a0\u00a0\u00a0\u00a0\u00a0\u00a0\u00a0\u00a0\u00a0 <\/strong><strong>\u00a0\u00a0\u00a0\u00a0\u00a0 <\/strong><\/p>\n<p><strong>\u00a0\u00a0\u00a0\u00a0\u00a0\u00a0 <\/strong><strong>DECERNARE PREMII CL. V-VI, ORELE 18,30<\/strong><\/p>\n<h3><strong>\u00a0<\/strong><\/h3>\n<h3><strong>\u00a0<\/strong><strong>S\u00c2MB\u0102T\u0102 &#8211; 09.05<\/strong><\/h3>\n<p><strong>09,30-10,20, CLASA I<\/strong><\/p>\n<p><strong>10,20-11,40, CLASA II<\/strong><\/p>\n<p><strong>11,40-12,25, CLASA III<\/strong><\/p>\n<p><strong>12,25- 13,00, JURIZARE<\/strong><\/p>\n<p><strong>13,00-14,20, CLASA IV<\/strong><\/p>\n<p><strong>1<\/strong><strong>4,20-15,30, CLASA VII<\/strong><\/p>\n<p>&nbsp;<\/p>\n<p><strong>16,00 &#8211; DECERNARE PREMII CL. I-VII \u0219i a PREMIILOR SPECIALE<\/strong><\/p>\n<p><strong>\u00a0<\/strong><\/p>\n<p><strong>\u00a0<\/strong><\/p>\n<p><strong>\u00a0<\/strong><\/p>\n<p><strong>\u00a0<\/strong><\/p>\n<h3><strong><em>MUZIC\u0102 DE CAMER\u0102 &#8211; SALA 88<\/em><\/strong><\/h3>\n<h3><strong>VINERI &#8211; 09.05,ORELE 16,30-18,30<\/strong><\/h3>\n<p><strong>\u00a0<\/strong><\/p>\n<p><strong>DECERNARE PREMII ORELE 18,30<\/strong><\/p>\n<p><strong>\u00a0<\/strong><\/p>\n<ul>\n<li><strong>\u00a0<\/strong>PROGRAMAREA PE ORE A CONCUREN\u021aILOR ESTE ORIENTATIV\u0102. NE CEREM \u00a0SCUZE ANTICIPAT PENTRU EVENTUALELE NEAJUNSURI LEGATE DE ACEST ASPECT.<\/li>\n<\/ul>\n<p>&nbsp;<\/p>\n<ul>\n<li>JURIZAREA PREMIILOR SPECIALE: CLEMENTI, PENTRU CEA MAI BUN\u0102 INTERPRETARE A UNEI PIESE ROM\u00c2NE\u0218TI \u0218I PENTRU CEL MAI BUN PIANIST AL CONCURSULUI, SE VA EFECTUA DUP\u0102 AUDIEREA <span style=\"text-decoration: underline;\">INTEGRAL\u0102<\/span> A TUTUROR PARTICIPAN\u021aILOR PREZEN\u021aI \u00ceN CONCURS.<\/li>\n<\/ul>\n<p>\u00ceN CONSECIN\u021a\u0102, DECERNAREA PREMIILOR ENUMERATE MAI SUS SE VA REALIZA \u00ceN ZIUA DE 09.05.2015, ORELE 16.<\/p>\n<p>&nbsp;<\/p>\n<p>&nbsp;<\/p>\n<p>&nbsp;<\/p>\n<h3 style=\"text-align: center;\"><strong>R E G U L A M E N T- INVITA\u0162IE<br \/>\n<\/strong><\/h3>\n<h3 style=\"text-align: center;\"><strong>CONCURSUL NATIONAL DE INTERPRETARE PIANISTICA<\/strong><\/h3>\n<h3 style=\"text-align: center;\">SI MUZICA DE CAMERA &#8220;GRADUS AD PARNASSUM&#8221;<\/h3>\n<h4 style=\"text-align: center;\"><strong><em>\u00a0<\/em><\/strong><strong>Edi\u021bia a VIII &#8211; a, <\/strong><strong>8 &#8211; 10 mai 2015<\/strong><\/h4>\n<p>&nbsp;<\/p>\n<p style=\"text-align: center;\"><strong>Inspectoratul \u0218colar al Municipiului Bucure\u0219ti<\/strong><\/p>\n<p style=\"text-align: center;\"><strong>Colegiul Na\u021bional de Muzic\u0103 ,,George Enescu\u201d<\/strong> <strong>Bucure\u0219ti<\/strong><\/p>\n<p style=\"text-align: center;\"><strong>\u00a0<\/strong><\/p>\n<h4 style=\"text-align: center;\"><\/h4>\n<p><strong>\u00a0<\/strong><\/p>\n<p style=\"text-align: center;\"><strong>\u00a0<\/strong><strong>\u00a0<\/strong><\/p>\n<p style=\"text-align: center;\"><strong>\u00a0\u00a0\u00a0\u00a0\u00a0\u00a0\u00a0\u00a0 <\/strong><\/p>\n<p><strong>\u00a0<\/strong><strong>ART.I <\/strong>Concursul se va desf\u0103\u0219ura \u00een perioada 8-10 mai 2015 la Colegiul Na\u021bional de Muzic\u0103 \u201cGeorge Enescu\u201d din Bucure\u0219ti \u0219i va cuprinde 2 sec\u021biuni distincte:<\/p>\n<p><b><strong>A. \u00a0Sec\u021biunea interpretare pianistic\u0103<\/strong><\/b><\/p>\n<p>Concursul de interpretare pianistic\u0103 se va desf\u0103\u0219ura pe ani de studiu.<\/p>\n<p><strong>Program:<\/strong><\/p>\n<p>&#8211; interpretarea unui studiu (la nivelul maximal al programei anului de studiu).<\/p>\n<p>&#8211; o pies\u0103 la alegerea concurentului.<\/p>\n<p><strong>Op\u021bional,<\/strong>concuren\u021bii pot interpreta \u0219i <strong>a treia<\/strong> <strong>pies\u0103<\/strong>, aleas\u0103 din cadrul repertoriului pianistic rom\u00e2nesc.<\/p>\n<p>Minutajele acordate:<\/p>\n<p><strong>Cls.I-IV\u00a0\u00a0\u00a0\u00a0\u00a0\u00a0\u00a0\u00a0\u00a0\u00a0\u00a0\u00a0 \u00a0\u00a0\u00a0\u00a0\u00a0\u00a0\u00a0max. 5-8 min<\/strong><\/p>\n<p><strong>Cls.V-VIII \u00a0\u00a0\u00a0\u00a0\u00a0\u00a0\u00a0\u00a0\u00a0\u00a0\u00a0\u00a0\u00a0\u00a0\u00a0\u00a0 max.15 min<\/strong><\/p>\n<p><strong>Cls.IX-XII \u00a0\u00a0\u00a0\u00a0\u00a0\u00a0\u00a0\u00a0\u00a0\u00a0\u00a0\u00a0\u00a0\u00a0\u00a0\u00a0 max.30 min<\/strong><\/p>\n<p>Not\u0103:\u00cen cazul concuren\u021bilor care vor c\u00e2nta \u0219i piesa <strong>op\u021bional\u0103<\/strong> dedicate repertoriului pianistic rom\u00e2nesc , este permis\u0103 dep\u0103\u0219irea minutajelor de mai sus.<\/p>\n<p>Sectiunea se va desf\u0103\u0219ura \u00eentr-o singur\u0103 etap\u0103.<\/p>\n<p>&nbsp;<\/p>\n<p><strong>B. Sec\u021biunea Muzic\u0103 de Camer\u0103<\/strong><\/p>\n<p>Sec\u021biunea se adreseaz\u0103 forma\u021biilor de 2-4 instrumenti\u0219ti, organiza\u021bi pe trei categorii de v\u00e2rst\u0103,astfel:<\/p>\n<p><strong>Cls.III-VI \u00a0\u00a0\u00a0\u00a0\u00a0\u00a0\u00a0\u00a0\u00a0\u00a0\u00a0\u00a0\u00a0\u00a0\u00a0\u00a0\u00a0 max. 7 min<\/strong><\/p>\n<p><strong>Cls.VII-VIII\u00a0\u00a0\u00a0\u00a0\u00a0\u00a0\u00a0\u00a0\u00a0\u00a0\u00a0\u00a0\u00a0\u00a0 max.15 min<\/strong><\/p>\n<p><strong>Cls.IX-XII\u00a0\u00a0\u00a0\u00a0\u00a0\u00a0\u00a0\u00a0\u00a0\u00a0\u00a0\u00a0\u00a0\u00a0 \u00a0max. 30 min<\/strong><\/p>\n<p>&nbsp;<\/p>\n<p><strong>Probele sec\u021biunii<\/strong><\/p>\n<p><strong>\u00a0<\/strong>-fiecare forma\u021bie cameral\u0103 va interpreta una sau mai multe p\u0103r\u021bi dintr-o lucrare din crea\u021bia cameral\u0103 universal\u0103. Sec\u021biunea se va desf\u0103\u0219ura \u00eentr-o singur\u0103 etap\u0103.<\/p>\n<p>Not\u0103: \u00cen cazul dep\u0103\u0219irii minutajelor de mai sus, comisia \u00ee\u0219i rezerv\u0103 dreptul de a \u00eentrerupe concuren\u021bii.<\/p>\n<p>&nbsp;<\/p>\n<p>&nbsp;<\/p>\n<p><strong>ART.II-PREMII<\/strong><\/p>\n<p><strong>\u00a0<\/strong>La sec\u021biunea <strong>A<\/strong> vor fi acordate premii I, II \u0219i III pentru fiecare categorie de v\u00e2rst\u0103. De asemenea, vor fi acordate men\u021biuni.<\/p>\n<p>\u00cen cadrul Sec\u021biunii <strong>B<\/strong> vor fi acordate premii I, II \u0219i III. De asemenea, vor fi acordate men\u021biuni.<\/p>\n<p>Deciziile juriului sunt definitive \u0219i nu pot fi contestate.<\/p>\n<p>Va fi acordat <strong><em>Premiul pentru cel mai bun pianist al<\/em><\/strong><em> <strong>edi\u021biei.<\/strong><\/em>(posibil pe cicluri de \u00eenv\u0103t\u0103m\u00e2nt). De asemenea, va fi acordat <strong>Premiul \u201cMuzio<\/strong> <strong>Clementi\u201d<\/strong> pentru cea mai bun\u0103 interpretare a unui studiu din culegerea Gradus ad Parnassum.<\/p>\n<p><strong>Premiul de interpretare a unei piese din crea\u021bia rom\u00e2neasc\u0103,<\/strong>va reveni concurentului care va prezenta cea mai valoroas\u0103 a treia pies\u0103 din programul s\u0103u din concurs,dedicat\u0103 muzicii rom\u00e2ne\u0219ti.<\/p>\n<p>&nbsp;<\/p>\n<p><strong>\u00a0<\/strong><\/p>\n<p><strong>ART.III \u2013 JURIUL<\/strong><\/p>\n<p>Juriile vor avea \u00een componen\u021ba lor personalit\u0103\u021bi ale vie\u021bii muzicale rom\u00e2ne\u0219ti.<\/p>\n<p><strong>Pre\u0219edintele de onoare al Concursului este Profesor Universitar Doctor Constantin Ionescu-Vovu<\/strong><\/p>\n<p><strong>\u00a0<\/strong><\/p>\n<p><strong>\u00a0<\/strong><strong>ART.IV <\/strong><\/p>\n<p><strong>Nu se percepe tax\u0103 de participare.<\/strong> Cheltuielile de transport \u0219i cazare pentru concuren\u021bii din provincie intr\u0103 \u00een sarcina acestora. <strong>Termenul limit\u0103 de \u00eenscriere este 25 aprilie 2015.<\/strong><\/p>\n<p>\u00censcrierile se vor putea face prin e-mail,telefon sau direct(vezi adresele \u0219i numerele de telefon din CONTACT de pe verso) , prin completarea <strong>FI\u0218EI DE \u00ceNSCRIERE<\/strong> pe care o g\u0103si\u021bi mai jos.<\/p>\n<p><strong>\u00a0<\/strong><\/p>\n<p><strong>\u00a0\u00a0 \u00a0\u00a0\u00a0\u00a0\u00a0\u00a0\u00a0\u00a0\u00a0\u00a0\u00a0\u00a0\u00a0\u00a0\u00a0\u00a0\u00a0\u00a0 \u00a0\u00a0<\/strong><\/p>\n<p><strong>\u00a0MEMBRII JURIU PIAN<\/strong><\/p>\n<p>-prof.met. <strong>Gabriela GOGONCEA<\/strong>,\u0219ef catedr\u0103 pian principal<\/p>\n<p>(Liceul de Muzic\u0103 \u201cDimitrie Cuclin\u201d, Gala\u021bi)<\/p>\n<p>&nbsp;<\/p>\n<p>-prof.met. <strong>Carmen \u0218OLTUZ<\/strong>, \u0219ef catedr\u0103 pian principal<\/p>\n<p>(Colegiul National de Muzic\u0103\u201dOctav B\u0103ncil\u0103\u201d, Ia\u0219i)<\/p>\n<p>&nbsp;<\/p>\n<p>-prof. <strong>Stela AVESALON, <\/strong>pre\u0219edinta Funda\u021biei Culturale <strong>\u201cPRO PIANO &#8211; ROM\u00c2NIA\u201d<\/strong><\/p>\n<p>&nbsp;<\/p>\n<p><strong>\u00a0<\/strong>\u00a0-prof.met.<strong>Venera BABE\u0218<\/strong>,Director adjunct<\/p>\n<p>( Colegiul National de Muzic\u0103 \u201cDinu Lipatti\u201d, Bucure\u0219ti)<\/p>\n<p>&nbsp;<\/p>\n<p>-prof.met. <strong>Mihaela ZAMFIRESCU, <\/strong>\u0219ef catedr\u0103,pian principal<\/p>\n<p>(Colegiul National de Muzic\u0103 \u201cGeorge Enescu\u201d, Bucure\u0219ti)<\/p>\n<p>&nbsp;<\/p>\n<p>-prof. <strong>Viorica NISTOROIU<\/strong><\/p>\n<p>(Colegiul National de Muzic\u0103 \u201cGeorge Enescu\u201d, Bucure\u0219ti)<\/p>\n<p>&nbsp;<\/p>\n<p>&nbsp;<\/p>\n<p>&nbsp;<\/p>\n<p><strong>MEMBRII JURIU MUZIC\u0102 DE CAMER\u0102\u00a0\u00a0\u00a0\u00a0 <\/strong><\/p>\n<p>-prof.met.<strong>Iulian LEVEN\u021aIU <\/strong>\u0219ef catedr\u0103 muzic\u0103 de camer\u0103<\/p>\n<p>(Colegiul National de Muzic\u0103 \u201cGeorge Enescu\u201d,Bucure\u0219ti)<\/p>\n<p>&nbsp;<\/p>\n<p>-prof. <strong>Ani-Marie PALADI<\/strong> ,Director<\/p>\n<p>(\u0218coala de Muzic\u0103 nr.1 \u201cIosif Sava\u201d, Bucure\u0219ti)<\/p>\n<p>&nbsp;<\/p>\n<p>-compozitor <strong>Laura Ana M\u00c2NZAT<\/strong>,realizator la Radio Rom\u00e2nia Muzical<\/p>\n<p>&nbsp;<\/p>\n<p><strong>Pre\u0219edinte de onoare al concursului: <\/strong><strong>Profesor Universitar Doctor <\/strong><strong>Constantin Ionescu-VOVU<\/strong><\/p>\n<p><strong>Director coordonator al concursului: <\/strong><strong>prof.met<\/strong>.<strong>Cristina Maria SEBASTIAN &#8211; <\/strong><strong>Directorul Colegiului de Muzica\u201dGeorge.Enescu<\/strong>\u201d<\/p>\n<p><strong>Pre\u0219edintele concursului: <\/strong><strong>i<\/strong><strong>nspector de specialitate muzic\u0103 prof.dr.<\/strong> <strong>Georgeta A.B\u0102CIOIU<\/strong><\/p>\n<p><strong>\u00a0<\/strong><strong>Pre\u0219edintele juriului PIAN: <\/strong><strong>conf.univ.dr. Vlad DIMULESCU &#8211; <\/strong><strong>\u0219ef catedr\u0103 pian principal U.N.M.B.<\/strong><\/p>\n<p><strong>Pre\u0219edintele juriului MUZIC\u0102 DE CAMER\u0102: <\/strong><strong>-prof.met<\/strong>.<strong>Iulian LEVEN\u021aIU,\u0219ef catedr\u0103 muzic\u0103 de camera<\/strong><\/p>\n<p>&nbsp;<\/p>\n<p><strong>Director artistic al concursului: <\/strong><strong>prof.met.<\/strong> <strong>Andrei PODLACHA<\/strong><\/p>\n<p><strong>Secretariatul concursului: <\/strong><strong>&#8211; prof.Cristina RALEA<\/strong><\/p>\n<p><strong>\u00a0\u00a0\u00a0\u00a0\u00a0\u00a0\u00a0\u00a0\u00a0\u00a0\u00a0\u00a0\u00a0\u00a0\u00a0\u00a0\u00a0\u00a0\u00a0\u00a0\u00a0\u00a0\u00a0\u00a0\u00a0\u00a0\u00a0\u00a0\u00a0\u00a0\u00a0\u00a0\u00a0\u00a0\u00a0\u00a0\u00a0\u00a0\u00a0\u00a0\u00a0\u00a0\u00a0\u00a0\u00a0\u00a0\u00a0\u00a0\u00a0\u00a0\u00a0\u00a0\u00a0\u00a0\u00a0&#8211; prof.\u00eenv\u0103\u021b. primar Georgiana Onisoru<\/strong><\/p>\n<p>&nbsp;<\/p>\n<p><strong>Contacte:<\/strong><\/p>\n<p>&#8211; prof.Cristina Ralea &#8211; e-mail <a href=\"mailto:cristinadoctor@yahoo.com\">cristinadoctor@yahoo.com<\/a>, tel.0745328190<\/p>\n<p>&#8211; prof. Andrei Podlacha &#8211; e-mail <a href=\"mailto:apodlacha@yahoo.com\">apodlacha@yahoo.com<\/a>, tel.0721 438 861\/0751 529 962<\/p>\n<p>&#8211; Colegiul National de Muzic\u0103 George Enescu &#8211; <a href=\"mailto:george.enescu.ro@gmail.com\">george.enescu.ro@gmail.com<\/a><\/p>\n<p>&nbsp;<\/p>\n<p>&nbsp;<\/p>\n<p>&nbsp;<\/p>\n<p>&nbsp;<\/p>\n<p><strong>FI\u015e\u0102 DE \u00ceNSCRIERE<\/strong><\/p>\n<p><strong>\u00a0<\/strong><\/p>\n<p><strong>1.NUME:\u2026\u2026\u2026\u2026\u2026\u2026\u2026\u2026\u2026\u2026\u2026\u2026\u2026\u2026\u2026\u2026\u2026\u2026\u2026.<\/strong><\/p>\n<p><strong> \u00a0\u00a0\u00a0\u00a0 Clasa:\u2026\u2026\u2026\u2026\u2026\u2026\u2026\u2026\u2026\u2026\u2026\u2026\u2026\u2026\u2026\u2026\u2026\u2026\u2026<\/strong><\/p>\n<p><strong>\u00a0<\/strong><\/p>\n<p><strong>2.<\/strong><strong>\u015eCOALA:\u2026\u2026\u2026\u2026\u2026\u2026\u2026\u2026\u2026\u2026\u2026\u2026\u2026\u2026\u2026\u2026\u2026\u2026.<\/strong><\/p>\n<p><strong>\u00a0\u00a0\u00a0\u00a0\u00a0\u00a0 Localitatea:\u2026\u2026\u2026\u2026\u2026\u2026\u2026\u2026\u2026\u2026\u2026\u2026\u2026\u2026\u2026\u2026<\/strong><\/p>\n<p><strong>\u00a0\u00a0\u00a0\u00a0\u00a0\u00a0 Profesor:\u2026\u2026\u2026\u2026\u2026\u2026\u2026\u2026\u2026\u2026\u2026\u2026\u2026\u2026\u2026\u2026\u2026.<\/strong><\/p>\n<p><strong>\u00a0<\/strong><\/p>\n<p><strong>3.SEC<\/strong><strong>\u0162IUNE CONCURS:\u2026\u2026\u2026\u2026\u2026\u2026\u2026\u2026\u2026\u2026\u2026..<\/strong><\/p>\n<p><strong>\u00a0<\/strong><\/p>\n<p><strong>4.REPERTORIU:<\/strong><\/p>\n<ul>\n<li><strong>Studiu:\u2026\u2026\u2026\u2026\u2026\u2026\u2026\u2026\u2026\u2026\u2026\u2026.Minutaj\u2026..<\/strong><\/li>\n<li>\u00a0<strong>Piesa I:\u2026\u2026\u2026\u2026\u2026\u2026\u2026\u2026\u2026\u2026\u2026\u2026Minutaj\u2026..<\/strong><\/li>\n<li>\u00a0<strong>Piesa II:\u2026\u2026\u2026\u2026\u2026\u2026\u2026\u2026\u2026\u2026\u2026..Minutaj\u2026..<\/strong><\/li>\n<li>\u00a0<strong>Piesa<\/strong> III\u2026\u2026\u2026\u2026\u2026\u2026\u2026\u2026\u2026\u2026\u2026\u2026..<strong>Minutaj\u2026..<\/strong><\/li>\n<\/ul>\n<p>&nbsp;<\/p>\n<p><strong>5.TELEFON:\u2026\u2026\u2026\u2026\u2026\u2026\u2026\u2026\u2026\u2026\u2026\u2026\u2026\u2026\u2026\u2026\u2026\u2026.<\/strong><\/p>\n<p><strong>6.ADRES<\/strong><strong>\u0102 E-<\/strong><strong>MAIL:&#8230;&#8230;&#8230;&#8230;&#8230;&#8230;&#8230;&#8230;&#8230;&#8230;&#8230;&#8230;&#8230;..<\/strong><\/p>\n<p><strong>\u00a0<\/strong><\/p>\n","protected":false},"excerpt":{"rendered":"<p>PROGRAM\u0102RI 2015 &nbsp; PIAN &#8211; SALA \u201dION VOICU\u201d \u00a0 VINERI &#8211; 08.05\u00a0\u00a0\u00a0\u00a0\u00a0\u00a0\u00a0\u00a0\u00a0\u00a0\u00a0\u00a0\u00a0\u00a0\u00a0\u00a0\u00a0\u00a0\u00a0\u00a0 09,30-09,40:-Cotig\u0103 Timeea, cl.II, \u00a0\u00a0\u00a0\u00a0\u00a0\u00a0\u00a0\u00a0\u00a0\u00a0\u00a0\u00a0\u00a0\u00a0\u00a0\u00a0\u00a0\u00a0\u00a0 \u00a0\u00a0\u00a0\u00a0\u00a0\u00a0\u00a0\u00a0\u00a0\u00a0\u00a0\u00a0\u00a0\u00a0\u00a0\u00a0\u00a0\u00a0\u00a0\u00a0 \u00a0\u00a0\u00a0\u00a0 Dinic\u0103 Andreea, cl.IV, prof.G.S\u0103l\u0103gean \u00a0\u00a0\u00a0\u00a0\u00a0\u00a0\u00a0\u00a0\u00a0 \u00a0\u00a0\u00a0\u00a0\u00a0\u00a0\u00a0\u00a0\u00a0\u00a0\u00a0\u00a0\u00a0\u00a0\u00a0\u00a0\u00a0\u00a0\u00a0\u00a0\u00a0\u00a0 09,40-10.40, CLASA VIII\u00a0\u00a0\u00a0\u00a0\u00a0\u00a0\u00a0\u00a0\u00a0\u00a0\u00a0\u00a0\u00a0\u00a0\u00a0\u00a0 \u00a0\u00a0\u00a0\u00a0\u00a0\u00a0\u00a0\u00a0 \u00a0\u00a0\u00a0\u00a0\u00a0\u00a0\u00a0\u00a0\u00a0 \u00a0 10,40-11,40, CLASA IX\u00a0\u00a0\u00a0\u00a0\u00a0\u00a0\u00a0\u00a0\u00a0\u00a0\u00a0\u00a0\u00a0\u00a0\u00a0\u00a0\u00a0\u00a0\u00a0\u00a0\u00a0\u00a0 \u00a0\u00a0\u00a0\u00a0\u00a0\u00a0\u00a0\u00a0\u00a0\u00a0\u00a0\u00a0 \u00a0\u00a0\u00a0\u00a0\u00a0 11,40-11,50, CLASA X \u00a0\u00a0\u00a0\u00a0\u00a0\u00a0\u00a0\u00a0\u00a0\u00a0\u00a0\u00a0\u00a0\u00a0\u00a0\u00a0\u00a0\u00a0\u00a0\u00a0\u00a0\u00a0 \u00a0\u00a0\u00a0\u00a0\u00a0\u00a0\u00a0\u00a0\u00a0\u00a0 \u00a0\u00a0\u00a0\u00a0\u00a0\u00a0\u00a0\u00a0\u00a0 12,00-13,10, CLASA XI\u00a0\u00a0\u00a0\u00a0\u00a0\u00a0\u00a0\u00a0\u00a0\u00a0\u00a0\u00a0\u00a0\u00a0\u00a0\u00a0\u00a0\u00a0\u00a0\u00a0\u00a0\u00a0\u00a0\u00a0\u00a0\u00a0 \u00a0\u00a0\u00a0\u00a0\u00a0 \u00a0\u00a0\u00a0\u00a0\u00a0\u00a0\u00a0\u00a0\u00a0\u00a0\u00a0 13,10-13,50, CLASA XII\u00a0\u00a0\u00a0\u00a0\u00a0\u00a0\u00a0\u00a0 \u00a0\u00a0\u00a0\u00a0\u00a0\u00a0\u00a0\u00a0\u00a0\u00a0\u00a0\u00a0\u00a0\u00a0 \u00a0\u00a0\u00a0\u00a0\u00a0\u00a0\u00a0\u00a0\u00a0\u00a0\u00a0\u00a0\u00a0\u00a0\u00a0\u00a0\u00a0\u00a0\u00a0\u00a0\u00a0\u00a0\u00a0\u00a0\u00a0\u00a0\u00a0\u00a0\u00a0\u00a0\u00a0\u00a0\u00a0\u00a0\u00a0\u00a0\u00a0\u00a0\u00a0\u00a0\u00a0\u00a0\u00a0\u00a0\u00a0\u00a0\u00a0\u00a0\u00a0\u00a0\u00a0\u00a0\u00a0\u00a0\u00a0\u00a0\u00a0\u00a0\u00a0\u00a0\u00a0\u00a0\u00a0\u00a0\u00a0\u00a0\u00a0\u00a0\u00a0\u00a0\u00a0\u00a0\u00a0\u00a0\u00a0\u00a0\u00a0\u00a0\u00a0\u00a0\u00a0\u00a0\u00a0\u00a0\u00a0\u00a0\u00a0\u00a0\u00a0\u00a0\u00a0\u00a0\u00a0\u00a0\u00a0\u00a0\u00a0\u00a0\u00a0\u00a0\u00a0\u00a0\u00a0\u00a0\u00a0\u00a0\u00a0\u00a0\u00a0\u00a0\u00a0\u00a0\u00a0\u00a0\u00a0\u00a0\u00a0\u00a0\u00a0\u00a0\u00a0\u00a0\u00a0\u00a0\u00a0\u00a0\u00a0\u00a0\u00a0\u00a0\u00a0\u00a0\u00a0\u00a0\u00a0\u00a0\u00a0\u00a0\u00a0\u00a0\u00a0\u00a0\u00a0\u00a0 \u00a0\u00a0\u00a0\u00a0 DECERNARE PREMII CL. [&hellip;]<\/p>\n","protected":false},"author":1,"featured_media":0,"parent":0,"menu_order":0,"comment_status":"open","ping_status":"open","template":"","meta":{"footnotes":""},"class_list":["post-2366","page","type-page","status-publish","hentry"],"_links":{"self":[{"href":"https:\/\/www.propiano.org\/romanian\/wp-json\/wp\/v2\/pages\/2366","targetHints":{"allow":["GET"]}}],"collection":[{"href":"https:\/\/www.propiano.org\/romanian\/wp-json\/wp\/v2\/pages"}],"about":[{"href":"https:\/\/www.propiano.org\/romanian\/wp-json\/wp\/v2\/types\/page"}],"author":[{"embeddable":true,"href":"https:\/\/www.propiano.org\/romanian\/wp-json\/wp\/v2\/users\/1"}],"replies":[{"embeddable":true,"href":"https:\/\/www.propiano.org\/romanian\/wp-json\/wp\/v2\/comments?post=2366"}],"version-history":[{"count":15,"href":"https:\/\/www.propiano.org\/romanian\/wp-json\/wp\/v2\/pages\/2366\/revisions"}],"predecessor-version":[{"id":3307,"href":"https:\/\/www.propiano.org\/romanian\/wp-json\/wp\/v2\/pages\/2366\/revisions\/3307"}],"wp:attachment":[{"href":"https:\/\/www.propiano.org\/romanian\/wp-json\/wp\/v2\/media?parent=2366"}],"curies":[{"name":"wp","href":"https:\/\/api.w.org\/{rel}","templated":true}]}}