{"id":2220,"date":"2013-10-28T09:33:18","date_gmt":"2013-10-28T09:33:18","guid":{"rendered":"http:\/\/www.propiano.org\/romanian\/?page_id=2220"},"modified":"2015-01-10T11:40:20","modified_gmt":"2015-01-10T11:40:20","slug":"recitaluri-2014","status":"publish","type":"page","link":"https:\/\/www.propiano.org\/romanian\/recitaluri-2014\/","title":{"rendered":"Recitaluri 2014"},"content":{"rendered":"<p>&nbsp;<\/p>\n<h3 style=\"text-align: center;\">Activitatea Funda\u021biei in 2014<\/h3>\n<p>&nbsp;<\/p>\n<p><strong>19 decembrie 2014<\/strong> &#8211; Spectacolul de Cr\u0103ciun\u00a0<strong>\u201dPovestiri Muzicale\u201d<\/strong> &#8211; edi\u021bia a II-a. \u00a0Loca\u021bia: Sala de spectacole a Universit\u0103\u021bii Populare \u201dIoan I. Dalles\u201d &#8211; Bd. N. B\u0103lcescu nr. 18, sector 1, Bucure\u0219ti<\/p>\n<p>&nbsp;<\/p>\n<p><strong>05-07 decmbrie 2014 &#8211;<\/strong> <strong>Festivalul \u201dPrietenii Muzicii\u201d<\/strong>\/filiala <strong>Ia\u0219i<\/strong>(edi\u021bia a IV-a).\u00a0\u00a0Loca\u021bia: Colegiului Na\u0163ional de Art\u0103 &#8220;Octav B\u0103ncil\u0103&#8221; din Ia\u0219i &#8211; str. Cuza Vod\u0103 nr. 29<\/p>\n<p>&nbsp;<\/p>\n<p><a title=\"http:\/\/www.propiano.org\/romanian\/wp-content\/uploads\/2014\/11\/Afis-Busteni-30-nov.-.pdf\" href=\"http:\/\/www.propiano.org\/romanian\/wp-content\/uploads\/2014\/11\/Afis-Busteni-30-nov.-.pdf\" target=\"_blank\"><strong><span style=\"text-decoration: underline;\"><span style=\"color: #000000; text-decoration: underline;\">30 noiembrie 2014 &#8211;\u00a0 \u201dRecital Omagial &#8211; 1 decembrie\u201d, <\/span><\/span><\/strong><span style=\"text-decoration: underline; color: #000000;\">la Centrul Cultural \u201dAurel Stroe\u201d din Bu\u0219teni &#8211; Bd. Libert\u0103\u021bii nr. 93(vizavi de sta\u021bia CFR Bu\u0219teni, l\u00e2ng\u0103 Biserica Domneasc\u0103 \u0219i Magazinul Co\u0219tila)<\/span><\/a><\/p>\n<p><span style=\"color: #000000;\">\u00a0<\/span><\/p>\n<p><span style=\"color: #000000;\"><a style=\"color: #000000;\" title=\"http:\/\/www.propiano.org\/romanian\/wp-content\/uploads\/2014\/11\/Afis-Sinaia-29-nov.-.pdf\" href=\"http:\/\/www.propiano.org\/romanian\/wp-content\/uploads\/2014\/11\/Afis-Sinaia-29-nov.-.pdf\" target=\"_blank\"><span style=\"text-decoration: underline;\"><strong>29 noiembrie 2014<\/strong> &#8211; <strong>\u201dRecital Omagial &#8211; 1 decembrie\u201d,<\/strong> la Casa Memorial\u0103 \u201dGeorge Enescu\u201d din Sinaia &#8211; str. Yehudy Menuhin nr. 2, Cump\u0103tu(pe \u0219osea &#8211; varianta gar\u0103)<\/span><\/a><\/span><\/p>\n<p><span style=\"color: #000000;\">\u00a0<\/span><\/p>\n<p><span style=\"text-decoration: underline;\"><span style=\"color: #000000; text-decoration: underline;\"><strong><a style=\"color: #000000; text-decoration: underline;\" title=\"http:\/\/www.propiano.org\/romanian\/wp-content\/uploads\/2014\/11\/Afis-Tineri-compozitori-2014-21-nov..pdf\" href=\"http:\/\/www.propiano.org\/romanian\/wp-content\/uploads\/2014\/11\/Afis-Tineri-compozitori-2014-21-nov..pdf\" target=\"_blank\">21 noiembrie 2014 &#8211; Recitalul \u201dTineri compozitori \u0219i invita\u021bii lor\u201d. <\/a><\/strong><a style=\"color: #000000; text-decoration: underline;\" title=\"http:\/\/www.propiano.org\/romanian\/wp-content\/uploads\/2014\/11\/Afis-Tineri-compozitori-2014-21-nov..pdf\" href=\"http:\/\/www.propiano.org\/romanian\/wp-content\/uploads\/2014\/11\/Afis-Tineri-compozitori-2014-21-nov..pdf\" target=\"_blank\">Loca\u021bia: Muzeul Na\u021bional \u201dGeorge Enescu\u201d,\u00a0Bucure\u0219ti &#8211; Calea Victoriei nr. 141, sector<\/a> 1<\/span><\/span><\/p>\n<p>&nbsp;<\/p>\n<p><strong>\u00a016 &#8211; 23 iunie 2014<\/strong> &#8211; Concursul Interna\u021bional de Interpretare \u0219i Compozi\u021bie<strong> \u201dPRO PIANO-ROM\u00c2NIA<\/strong>\u201d(edi\u021bia a XVIII-a). Loca\u021bia: ARCUB &#8211; Centrul Cultural al Municipiului Bucure\u0219ti<\/p>\n<p>&nbsp;<\/p>\n<p><strong>13-15\u00a0 Iunie 2014<\/strong> &#8211; participare \u00een juriul Concursului Na\u021bional de Interpretare Instrumental\u0103 \u201dW. A. Mozart\u201d &#8211; T\u00e2rgovi\u0219te. Loca\u021bia: Liceul de Arte \u201cBala\u015fa Doamna\u201d, T\u00e2rgovi\u015fte &#8211; str. P\u00e2rvan Popescu nr. 60<\/p>\n<p>&nbsp;<\/p>\n<p><strong>30 mai &#8211; 1 iunie 2014 &#8211;<\/strong> Festivalul \u201dPrietenii Muzicii\u201d &#8211; Bucure\u0219ti(edi\u021bia a XII-a).<\/p>\n<p>Loca\u021bia: Colegiul Na\u021bional de Muzic\u0103 &#8220;George Enescu&#8221; &#8211; Bucure\u0219ti<\/p>\n<p>&nbsp;<\/p>\n<p><strong>28 &#8211; 30 martie\u00a02014 &#8211;<\/strong> Festivalul \u201dPrietenii Muzicii\u201d &#8211; filiala Sibiu (edi\u021bia a II-a).<\/p>\n<p>Loca\u021bia: S<span style=\"color: #333333; line-height: 115%; font-family: 'Georgia',serif; font-size: 10pt;\">ala de\u00a0concerte a Bibiliotecii \u201dAstra\u201d din Sibiu &#8211; str. G. Bari\u021biu nr. 5<\/span><\/p>\n<p>&nbsp;<\/p>\n<p><strong>03 martie <strong>2014<\/strong> ora 17, Recital instrumental organizat\u00a0la cererea \u00a0M.A.E. <\/strong>(vezi comentariul de mai jos)<\/p>\n<p>Loca\u021bia:\u00a0Muzeul Satului &#8211; Bucure\u0219ti<\/p>\n<p>&nbsp;<\/p>\n<p><strong>21- 23 februarie\u00a02014 &#8211;<\/strong> Festivalul \u201dPrietenii Muzicii\u201d &#8211; filiala Cluj-Napocai(edi\u021bia a VII-a).<\/p>\n<p>Loca\u021bia: Muzeul Etnografic al Transilvaniei din Cluj-Napoca &#8211; str. Memorandumului nr. 21.<\/p>\n<p>&nbsp;<\/p>\n<p><strong>15-17 februarie 2014 &#8211;<\/strong> Festivalul \u201dPrietenii Muzicii\u201d &#8211; filiala Ia\u0219i(edi\u021bia a III-a).<\/p>\n<p>Loca\u021bia: Colegiului Na\u0163ional de Art\u0103 &#8220;Octav B\u0103ncil\u0103&#8221; din Ia\u0219i &#8211; str. Cuza Vod\u0103 nr. 29<\/p>\n<h3><\/h3>\n<p>&nbsp;<\/p>\n<h3>Comentarii:<\/h3>\n<p>In colaborare cu Funda\u021bia Cultural\u0103 \u201ePRO PIANO-ROM\u00c2NIA\u201d, pentru marcarea zilelor\u00a0 de 1-8 martie, luni 3 martie 2014 ora 17, a avut loc un Recital instrumental organizat de M.A.E..<\/p>\n<p>Loca\u021bia:\u00a0Muzeul Satului &#8211; Bucure\u0219ti. \u00a0Spectacolul a fost dedicat \u00een principal unui public select- majoritar feminin format de so\u021biile Ambasadorilor acredita\u021bi \u00een Rom\u00e2nia.<\/p>\n<p>Recitalul a fost sus\u021binut de 3 elevi-violoni\u0219ti de la Colegiul Na\u021bional de Muzic\u0103 \u201eGeorge Enescu\u201d:<b> <\/b>Mihaela Mitrofan \u0219i Mircea Dumitrescu(prof. Olivia Papa) \u0219i Iulian B\u0103lu\u021bel(prof. Elena Baltaga).\u00a0 \u00cen program au figurat lucr\u0103ri solo \u0219i duete de mare polularitate din repertoriul universal \u0219i rom\u00e2nesc, (P. Sarasate, N. Paganini, F. Kreissler, O. Novacek, \u00a0E. Elgar, S. Joplin, G. Enescu, Grigora\u0219 Dinicu).<\/p>\n<p>Succesul a fost f. mare, apreciindu-se \u00een unanimitate at\u00e2t talentul tinerilor interpre\u021bi, c\u00e2t \u0219i nivelul deosebit al \u0219colii violonistice rom\u00e2ne\u0219ti, reprezentat de profesorii de marc\u0103.<\/p>\n<div class=\"itemIntroText\"><\/div>\n","protected":false},"excerpt":{"rendered":"<p>&nbsp; Activitatea Funda\u021biei in 2014 &nbsp; 19 decembrie 2014 &#8211; Spectacolul de Cr\u0103ciun\u00a0\u201dPovestiri Muzicale\u201d &#8211; edi\u021bia a II-a. \u00a0Loca\u021bia: Sala de spectacole a Universit\u0103\u021bii Populare \u201dIoan I. Dalles\u201d &#8211; Bd. N. B\u0103lcescu nr. 18, sector 1, Bucure\u0219ti &nbsp; 05-07 decmbrie 2014 &#8211; Festivalul \u201dPrietenii Muzicii\u201d\/filiala Ia\u0219i(edi\u021bia a IV-a).\u00a0\u00a0Loca\u021bia: Colegiului Na\u0163ional de Art\u0103 &#8220;Octav B\u0103ncil\u0103&#8221; din [&hellip;]<\/p>\n","protected":false},"author":1,"featured_media":0,"parent":0,"menu_order":0,"comment_status":"open","ping_status":"open","template":"","meta":{"footnotes":""},"class_list":["post-2220","page","type-page","status-publish","hentry"],"_links":{"self":[{"href":"https:\/\/www.propiano.org\/romanian\/wp-json\/wp\/v2\/pages\/2220","targetHints":{"allow":["GET"]}}],"collection":[{"href":"https:\/\/www.propiano.org\/romanian\/wp-json\/wp\/v2\/pages"}],"about":[{"href":"https:\/\/www.propiano.org\/romanian\/wp-json\/wp\/v2\/types\/page"}],"author":[{"embeddable":true,"href":"https:\/\/www.propiano.org\/romanian\/wp-json\/wp\/v2\/users\/1"}],"replies":[{"embeddable":true,"href":"https:\/\/www.propiano.org\/romanian\/wp-json\/wp\/v2\/comments?post=2220"}],"version-history":[{"count":34,"href":"https:\/\/www.propiano.org\/romanian\/wp-json\/wp\/v2\/pages\/2220\/revisions"}],"predecessor-version":[{"id":3146,"href":"https:\/\/www.propiano.org\/romanian\/wp-json\/wp\/v2\/pages\/2220\/revisions\/3146"}],"wp:attachment":[{"href":"https:\/\/www.propiano.org\/romanian\/wp-json\/wp\/v2\/media?parent=2220"}],"curies":[{"name":"wp","href":"https:\/\/api.w.org\/{rel}","templated":true}]}}