{"id":2199,"date":"2013-10-28T09:24:59","date_gmt":"2013-10-28T09:24:59","guid":{"rendered":"http:\/\/www.propiano.org\/romanian\/?page_id=2199"},"modified":"2014-06-02T13:08:18","modified_gmt":"2014-06-02T13:08:18","slug":"concurs-pian-2014","status":"publish","type":"page","link":"https:\/\/www.propiano.org\/romanian\/concurs-pian-2014\/","title":{"rendered":"Regulament Concurs Pian, formularul de \u00eenscriere si Master Class 2014"},"content":{"rendered":"<h6 style=\"text-align: center;\"><span style=\"color: #000000;\"><strong><span style=\"text-decoration: underline;\"><a title=\"http:\/\/www.propiano.org\/romanian\/concurs-compozitie-2014\/\" href=\"http:\/\/www.propiano.org\/romanian\/concurs-compozitie-2014\/\" target=\"_blank\"><span style=\"color: #000000; text-decoration: underline;\">Anun\u021buri importante:<\/span><\/a><\/span><\/strong><\/span><\/h6>\n<p style=\"text-align: center;\"><strong>&#8211; <\/strong><span style=\"color: #000000;\"><strong>\u00een perioada 16 \u2013 22 iunie 2014, \u00een paralel cu Concursul Interna\u021bional de Pian\u00a0 vor avea loc alte 2 manifestari 1)Masterclass(16 iunie) \u0219i 2)cea de a <\/strong><strong>III-a<\/strong><strong>\u00a0edi\u021bie a\u00a0 a Concursului de Crea\u021bie \u2013 Compozi\u021bie pentru copii \u0219i tineri cu v\u00e2rste cuprinse \u00eentre 6-15 ani.<\/strong><\/span><\/p>\n<p style=\"text-align: left;\"><strong>\u00a0<span style=\"color: #000000;\">&#8211; programarea intr\u0103rii \u00een Concurs se va afisa pe Sit, in linkul <em><span style=\"color: #0000ff;\">Concurs Pian 2014 Programari<\/span> <\/em>dup\u0103 data de 6 iunie 2014<\/span><\/strong><\/p>\n<p style=\"text-align: left;\">&#8211; <strong>Concursul se va desf\u0103\u0219ura la Sala ARCUB, str. Bati\u0219tei nr.14, sector 2<\/strong><\/p>\n<p style=\"text-align: left;\"><strong>Informa\u0163ii suplimentare zilnic, numai \u00eentre orele\u00a09 &#8211; 14 \u0219i 17 &#8211; 22<\/strong><\/p>\n<h5 style=\"text-align: center;\"><\/h5>\n<p>&nbsp;<\/p>\n<p>&nbsp;<\/p>\n<h6 style=\"text-align: center;\"><strong>Regulamentul \u0219i formularul de \u00eenscriere la <\/strong><strong>Concursul Interna\u021bional de Interpretare \u201cPRO PIANO-ROM\u00c2NIA\u201d, <\/strong><\/h6>\n<h6 style=\"text-align: center;\"><strong>Edi\u021bia a XVIII-a, 17 \u2013 22 iunie 2014 la Sala Arcub<\/strong><\/h6>\n<h6 style=\"text-align: center;\"><strong>(in\u00a0ziua de\u00a0luni 16 iunie vor avea loc cursurile\u00a0 Master Class &#8211; la Arcub)<\/strong><\/h6>\n<p>&nbsp;<\/p>\n<p>Concursul Interna\u021bional \u201cPRO-PIANO-ROM\u00c2NIA\u201d este deschis tinerilor piani\u0219ti de orice na\u021bionalitate, n\u0103scu\u021bi dup\u0103 1 ianuarie 1984 \u0219i se desf\u0103\u0219oar\u0103 \u00een 4 sec\u021biuni: A(Junior 1 \u0219i Junior 2), B, C \u0219i D(4 m\u00e2ini).<\/p>\n<p align=\"center\"><strong>REGULAMENT PIAN<\/strong><\/p>\n<p><strong>1.<\/strong> Concursul este structurat \u00een patru sec\u021biuni- A, B, C si D, divizate la r\u00e2ndul lor \u00een categorii, \u00een func\u021bie de anul de na\u0219tere al concuren\u021bilor:<\/p>\n<address><strong>SEC\u021aIUNEA A<\/strong><strong>\u00a0<\/strong><strong> cu 2 subsec\u021biuni: <\/strong><\/address>\n<address><strong>Junior 1 \u0219i Junior 2\u00a0<\/strong>(o etap\u0103)\u00a0<\/address>\n<address>\u00a0<\/address>\n<address><strong>Junior 1<\/strong> \u2013 minutaj maxim 5\u2032<\/address>\n<address><em>Cat 1-a \u2013 n\u0103scu\u021bi \u00een anul 2007(\u0219i dup\u0103)<\/em><\/address>\n<address><em>Cat. a 2-a \u2013 2006<\/em><\/address>\n<address><strong>Repertoriu:<\/strong><\/address>\n<address>a) un studiu<\/address>\n<address>b) dou\u0103 piese diferite ca stil<\/address>\n<address>\u00a0<\/address>\n<address>\u00a0<\/address>\n<address><strong>Junior 2 \u2013 <\/strong>minutaj<strong> <\/strong>maxim 8\u2019<\/address>\n<address>Cat. a 3-a \u2013 2005<br \/>\nCat. a 4-a \u2013 2004<\/address>\n<address><strong>Repertoriu<\/strong><strong>:<\/strong><\/address>\n<address>a) un studiu;<\/address>\n<address>b) o pies\u0103 preclasic\u0103(Bach, Haendel, Scarlatti, Rameau, etc)<\/address>\n<address>c) o pies\u0103 clasic\u0103, romantic\u0103 sau modern\u0103 (una la alegere)<\/address>\n<p>&nbsp;<\/p>\n<p><strong>Sec\u021biunea B<\/strong> \u2013 (2 etape) \u2013 n\u0103scu\u021bi \u00een anii:<\/p>\n<address>Cat. 1-a \u2013 2003 \u00a0&#8211; minutaj maxim:10\u2019(pt. etapa aII-a)<\/address>\n<address>Cat. a 2-a \u2013 2002<br \/>\nCat. a 3-a \u2013 2001<br \/>\nCat. a 4-a \u2013 2000<\/address>\n<address>\u00a0Cat. a 5-a \u2013 1999 \u2013 minutaj maxim: 15\u2019(pt etapa a II-a)<\/address>\n<address>Cat a 6-a \u2013 1998<\/address>\n<address>\u00a0Cat. a 7-a \u2013 1997 \u2013 minutaj maxim: 20\u2019(pt etapa a \u00a0II-a)<\/address>\n<address>Cat. a 8-a \u2013 1996 si 1995<\/address>\n<address>\u00a0<\/address>\n<address><strong>Repertoriul <\/strong>Sec\u021biunii B (2 etape):<\/address>\n<address><strong>Etapa I<\/strong> (eliminatorie):<br \/>\na) un studiu;<\/address>\n<address>b) o piesa preclasic\u0103 &#8211; baroc\u0103(Bach, Haendel, Scarlatti, Rameau, etc)<\/address>\n<address><strong>Etapa a II-a:<\/strong><\/address>\n<address>a) O pies\u0103 clasic\u0103: PI de Sonat\u0103, sau Rondo(piesa de sine st\u0103t\u0103toare), sau Tema cu varia\u021biuni(de Haydn, Mozart sau Beethoven)<br \/>\nb) O pies\u0103 romantic\u0103, modern\u0103 sau rom\u00e2neasc\u0103 (una, la alegere)<\/address>\n<address>\u00a0<\/address>\n<address>\u00a0<\/address>\n<address><strong>Sec\u021biunea C<\/strong> \u2013 (3 etape ) n\u0103scu\u021bi dup\u0103 1984<\/address>\n<address><strong>Repertoriu:<\/strong><\/address>\n<address><strong>Etapa I (<\/strong>eliminatorie):<\/address>\n<address>a) Dou\u0103 studii de virtuozitate(Chopin, Liszt, Schumann, Rahmaninov, Debussy, Skriabin, Prokofiev)<br \/>\nb) J. S. Bach \u2013 Preludiu \u0219i fug\u0103 sau 3 mi\u0219c\u0103ri(p\u0103r\u021bi) din Suite, Partite<\/address>\n<address>\u00a0<\/address>\n<address><strong>Etapa a II-a<\/strong> (semifinala \u2013 eliminatorie)- maxim 30\u2019<\/address>\n<address>a) o sonat\u0103 clasic\u0103 (Haydn, Mozart sau Beethoven)<\/address>\n<address>b) o pies\u0103 modern\u0103, la alegere, din repertoriul universal sau rom\u00e2nesc<\/address>\n<address>\u00a0<\/address>\n<p><strong>Etapa a III-a<\/strong> (finala) \u2013 maxim 30\u2019- recital cu piese de factur\u0103 diferit\u0103 fa\u021b\u0103 de cele prezentate \u00een primele 2 etape, \u00een care sa fie inclus\u0103, \u00een mod obligatoriu o pies\u0103 romantic\u0103.<\/p>\n<p>&nbsp;<\/p>\n<address><strong>Sec\u021biunea D<\/strong> \u2013 Ansamblu la 4 m\u00e2ini pe un pian\u2013 (o etap\u0103):<\/address>\n<address>Cat. 1 \u2013 n\u0103scu\u021bi intre 2005 \u2013 2001<br \/>\nCat. a 2-a-n\u0103scu\u021bi intre 2000 \u2013 1994<br \/>\nCat. a 3-a-n\u0103scu\u021bi intre 1993- 1984<\/address>\n<p><strong>Repertoriul<\/strong> sec\u021biunii D: piese la alegere, cu urm\u0219torul minutaj maxim:<br \/>\ncat. 1 \u2013 5\u2019<br \/>\ncat. a 2-a \u2013 10\u2019<br \/>\ncat. a 3-a \u2013 15\u2032<\/p>\n<p><strong>2.<\/strong> Se poate concura la dou\u0103 categorii: cea a v\u00e2rstei concurentului \u0219i la o categorie superioar\u0103, dar cu repertorii diferite. Repertoriul comunicat prin cererea de \u00eenscriere nu poate fi modificat ulterior.<br \/>\nOrdinea de interpretare a pieselor este la libera alegere a candida\u021bilor. \u00cen cazul dep\u0103\u0219irii duratei maxime stabilite pentru etapa a II-a (sau a III-a) juriul va \u00eentrerupe evolu\u021bia candidatului. Toate probele sunt publice. Ordinea intr\u0103rii \u00een concurs este cea alfabetic\u0103 pentru fiecare categorie de v\u00e2rst\u0103.<\/p>\n<p><strong>3.<\/strong> Termenul limit\u0103 pentru \u00eenscrierea la concurs este data de <strong>5 iunie 2014<\/strong>.<\/p>\n<address><strong>Acte necesare \u00eenscrierii<\/strong>:<\/address>\n<address>\u00b7 <em>certificat de na\u0219tere (copie)<\/em><br \/>\n<em> \u00b7formularul de \u00eenscriere<\/em> tip \u2013 completat cu toate datele cerute;<br \/>\n\u00b7 fotografie 4\/5 cm, tip pa\u0219aport;<br \/>\n\u00b7 chitan\u021ba doveditoare pentru plata taxei de \u00eenscriere: categoria A \u2013 200 RON; categoria B \u2013 250 RON; categoria C \u2013 300 RON; categoria D \u2013 100 RON\/ persoan\u0103.<br \/>\nAceast\u0103 sum\u0103 va fi trimis\u0103 in contul Funda\u021biei \u201cPro Piano -Rom\u00e2nia\u201d deschis la B C R \u2013 Sector 3, Bucure\u0219ti: Cod IBAN nr. RO85RNCB0074029228740001 \/ Cod fiscal 9099960.<\/address>\n<p>&nbsp;<\/p>\n<address><strong>Modalit\u0103\u021bi de \u00eenscriere<\/strong>:<\/address>\n<address>a. prin <strong>e-mail &#8211; preferabil<\/strong>(actele vor fi scanate si poza va fi \u00een format electronic-JPEG),<\/address>\n<address>b. prin <strong>po\u0219t\u0103<\/strong>(plic simplu, nu recomandat)<strong>, <\/strong>pe adresa secretariatului Funda\u021biei Culturale \u201cPRO PIANO-ROM\u00c2NIA\u201d(aleea P\u0103durea Craiului nr.1, Bloc H3, Scara 1, Ap. 11, sector 3, Cod 032719, Of. Post 57, Bucure\u0219ti pentru d-na prof. Stela Avesalon),<\/address>\n<address>c.\u00a0direct\u00a0<strong>la organizator &#8211; <\/strong>numai\u00a0<strong>vineri 16<\/strong> mai,\u00a0 <strong>mar\u021bi 20 <\/strong>mai\u00a0\u0219i <strong>joi 22<\/strong> mai\u00a02014, \u00eentre orele 8,30 &#8211; 15, la Colegiul Na\u021bional de Muzic\u0103 \u201eGeorge Enescu\u201d, str. Gh. Manu nr. 30. \u00cen acest caz, taxa se poate achita \u0219i la inscriere.<\/address>\n<address>\u00a0<\/address>\n<address><strong>Program\u0103rile intr\u0103rii<\/strong> \u00een concurs se vor anun\u021ba dup\u0103 data de\u00a08 iunie.<\/address>\n<address>In caz de neprezentare la concurs taxa nu se restituie.<\/address>\n<address>Cheltuielile de transport, cazare, mas\u0103 vor fi suportate de c\u0103tre participan\u021bi.<\/address>\n<p>&nbsp;<\/p>\n<p><strong>4.<\/strong> <strong>Premii:<\/strong><br \/>\n* Marele Premiu al Concursului Interna\u021bional \u201cPro Piano \u2013 Rom\u00e2nia\u201d<br \/>\n* C\u00e2te 5 (cinci) premii la fiecare categorie, inclusiv Premiul I de Excelen\u021b\u0103<br \/>\n* Premii speciale<br \/>\n* Premiul pentru interpretarea de excep\u021bie a unei piese rom\u00e2ne\u0219ti sau a unei alte piese din repertoriul prezentat<br \/>\n* Premii din partea sponsorilor<\/p>\n<p>Participan\u021bilor din categoria A, care nu s-au calificat pentru unul dintre premiile anuntate \u00een capitolul 4, precum \u0219i celor care nu au promovat \u00een etapa urm\u0103toare(categoriile B \u0219i C), li se vor acorda (numai la cererea lor) Diplom\u0103 de participare \u00a0sau respectiv de semifinalist sau finalist.<\/p>\n<p>Toate premiile concursului vor fi \u00eenm\u00e2nate personal laurea\u021bilor \u00een festivitatea de premiere \u2013 Gala laurea\u021bilor. To\u021bi laurea\u021bii sunt ruga\u021bi s\u0103 se prezinte \u00een \u021binut\u0103 de gal\u0103 la festivitatea de premiere(<strong>\u00een caz contrar, nu vor fi accepta\u021bi \u00een pozele de grup<\/strong>).<\/p>\n<p><strong>5.<\/strong> Juriul concursului va fi alc\u0103tuit din personalit\u0103\u021bi ale vietii muzicale rom\u00e2ne\u0219ti \u0219i interna\u021bionale.<\/p>\n<p>Hot\u0103r\u00e2rile juriului sunt definitive \u0219i inatacabile. Pentru eventualele \u00eenregistr\u0103ri audio-video concuren\u021bii nu vor putea solicita onorariu. Din momentul \u00eenscrierii la concurs, candida\u021bii accept\u0103 prezentul regulament \u0219i auroritatea juriului.<\/p>\n<p><strong>Informa\u0163ii suplimentare zilnic \u00eentre orele\u00a09 &#8211; 14 \u0219i 17 &#8211; 22<\/strong><br \/>\nTel\/Fax: (021) 341.16.88(vezi intervalul orar de mai sus)<br \/>\nTel\/mobil : 0722.38.26.26(vezi intervalul orar de mai sus)<br \/>\nE-mail : <a href=\"mailto:propiano@gmail.com\">propiano@gmail.com<\/a><br \/>\nWeb page: <a title=\"Propiano\" href=\"http:\/\/www.propiano.org\/\">www.propiano.org<\/a><\/p>\n<p><strong>\u00a0<\/strong><\/p>\n<address style=\"text-align: center;\"><strong>\u00a0FORMULAR de INSCRIERE<\/strong><br \/>\n<strong>Concursul Interna\u021bional de pian \u201cPRO PIANO-ROM\u00c2NIA\u201d<\/strong><\/address>\n<address style=\"text-align: center;\"><strong>Edi\u021bia a XVIII- a, 17 \u2013 22 iunie 2014<\/strong><\/address>\n<address style=\"text-align: center;\"><strong><\/strong>\u00a0<\/address>\n<address><strong>\u00a0<\/strong><strong>Concurent:<\/strong><\/address>\n<address>1. Nume\u2026\u2026\u2026\u2026\u2026\u2026\u2026\u2026\u2026\u2026\u2026\u2026\u2026\u2026\u2026\u2026\u2026\u2026<\/address>\n<address>2. Prenume\u2026\u2026\u2026\u2026\u2026\u2026\u2026\u2026\u2026\u2026\u2026\u2026\u2026\u2026\u2026\u2026<\/address>\n<address>3. \u021aara \u2013 cet\u0103\u021benia\u2026\u2026\u2026\u2026\u2026\u2026\u2026\u2026\u2026\u2026\u2026\u2026.<\/address>\n<address>4. Data na\u0219terii\u2026\u2026\u2026\u2026\u2026\u2026\u2026\u2026\u2026\u2026\u2026\u2026\u2026\u2026<\/address>\n<address>Cod numeric personal\u2026\u2026\u2026\u2026\u2026\u2026\u2026\u2026\u2026<\/address>\n<address>5. Domiciliul(adresa complet\u0103)\u2026\u2026\u2026\u2026<\/address>\n<address>6. Tel.Fax\u2026\u2026\u2026\u2026\u2026\u2026\u2026\u2026\u2026\u2026\u2026\u2026\u2026\u2026\u2026\u2026\u2026<\/address>\n<address>E-mail\u2026\u2026\u2026\u2026\u2026\u2026\u2026\u2026\u2026\u2026\u2026\u2026\u2026\u2026\u2026\u2026\u2026\u2026<\/address>\n<address>7. \u0218coala\/liceu\u2026\u2026\u2026\u2026\u2026\u2026\u2026\u2026\u2026\u2026\u2026\u2026\u2026\u2026<\/address>\n<address>\u00a0<\/address>\n<address><strong>\u00a0<\/strong><strong>Profesor \u00eendrum\u0103tor\u00a0:<\/strong><\/address>\n<address>8. Nume si prenume\u2026\u2026\u2026\u2026\u2026\u2026\u2026\u2026\u2026\u2026\u2026\u2026<\/address>\n<address>Tel\/Fax\u2026\u2026\u2026\u2026\u2026\u2026\u2026\u2026\u2026\u2026\u2026\u2026\u2026\u2026\u2026\u2026\u2026\u2026\u2026.<\/address>\n<address>E-mail\u2026\u2026\u2026\u2026\u2026\u2026\u2026\u2026\u2026\u2026\u2026\u2026\u2026\u2026\u2026\u2026\u2026\u2026\u2026\u2026<\/address>\n<p>9. Curriculum vitae<\/p>\n<p>10. Repertoriu :<\/p>\n<p><strong>Sectiunile A<\/strong>(Junior\u00a01\u00a0sau\u00a0Junior 2)<strong>\u00a0\u0219i D<\/strong> (se va sublinia sec\u021biunea dorit\u0103) &#8211;<strong> o etap\u0103<\/strong>:<\/p>\n<address>a\u2026\u2026\u2026\u2026\u2026\u2026\u2026\u2026\u2026\u2026\u2026\u2026\u2026\u2026\u2026\u2026\u2026\u2026\u2026\u2026\u2026\u2026\u2026.<\/address>\n<address>b\u2026\u2026\u2026\u2026\u2026\u2026\u2026\u2026\u2026\u2026\u2026\u2026\u2026\u2026\u2026\u2026\u2026\u2026\u2026\u2026\u2026\u2026\u2026.<\/address>\n<address>c\u2026\u2026\u2026\u2026\u2026\u2026\u2026\u2026\u2026\u2026\u2026\u2026\u2026\u2026\u2026\u2026\u2026\u2026\u2026\u2026\u2026\u2026\u2026.<\/address>\n<address>\u00a0<\/address>\n<address>\u00a0<strong>Sectiunea B &#8211;<\/strong>\u00a0<strong>2 etape<\/strong>:<\/address>\n<address><strong>Etapa I<\/strong><\/address>\n<address>a\u2026\u2026\u2026\u2026\u2026\u2026\u2026\u2026\u2026\u2026\u2026\u2026\u2026\u2026\u2026\u2026\u2026\u2026\u2026\u2026\u2026<\/address>\n<address>b\u2026\u2026\u2026\u2026\u2026\u2026\u2026\u2026\u2026\u2026\u2026\u2026\u2026\u2026\u2026\u2026\u2026\u2026\u2026\u2026\u2026<\/address>\n<address><strong>Etapa a II-a<\/strong> &#8211;\u00a0<strong>minutaj maxim: <\/strong><\/address>\n<address>cat. 1 &#8211; 4 max. 10&#8242;<br \/>\ncat. 5 \u2013 6 max. 15\u2032<\/address>\n<address>cat. 7 &#8211;\u00a08 max. 20\u2019<\/address>\n<address>a\u2026\u2026\u2026\u2026\u2026\u2026\u2026\u2026\u2026\u2026\u2026\u2026\u2026\u2026\u2026\u2026\u2026\u2026\u2026\u2026\u2026<\/address>\n<address>b\u2026\u2026\u2026\u2026\u2026\u2026\u2026\u2026\u2026\u2026\u2026\u2026\u2026\u2026\u2026\u2026\u2026\u2026\u2026\u2026\u2026<\/address>\n<address>\u00a0<\/address>\n<address><strong>Sectiunea C<\/strong> \u2013 <strong>3 etape<\/strong>:<\/address>\n<address><strong>Etapa I<\/strong>(eliminatorie)<\/address>\n<address>a\u2026\u2026\u2026\u2026\u2026\u2026\u2026\u2026\u2026\u2026\u2026\u2026\u2026\u2026\u2026\u2026\u2026\u2026\u2026\u2026\u2026<\/address>\n<address>b\u2026\u2026\u2026\u2026\u2026\u2026\u2026\u2026\u2026\u2026\u2026\u2026\u2026\u2026\u2026\u2026\u2026\u2026\u2026\u2026\u2026<\/address>\n<address>c\u2026\u2026\u2026\u2026\u2026\u2026\u2026\u2026\u2026\u2026\u2026\u2026\u2026\u2026\u2026\u2026\u2026\u2026\u2026\u2026\u2026<\/address>\n<address><strong>Etapa a II-a<\/strong> \u2013 semifinala(eliminatorie): max. 30\u2032<\/address>\n<address>a\u2026\u2026\u2026\u2026\u2026\u2026\u2026\u2026\u2026\u2026\u2026\u2026\u2026\u2026\u2026\u2026\u2026\u2026\u2026\u2026\u2026<\/address>\n<address>b\u2026\u2026\u2026\u2026\u2026\u2026\u2026\u2026\u2026\u2026\u2026\u2026\u2026\u2026\u2026\u2026\u2026\u2026\u2026\u2026\u2026<\/address>\n<address><strong>Etapa a III-a<\/strong> \u2013 finala: max. 30\u2032<\/address>\n<address>a\u2026\u2026\u2026\u2026\u2026\u2026\u2026\u2026\u2026\u2026\u2026\u2026\u2026\u2026\u2026\u2026\u2026\u2026\u2026\u2026\u2026<\/address>\n<address>b\u2026\u2026\u2026\u2026\u2026\u2026\u2026\u2026\u2026\u2026\u2026\u2026\u2026\u2026\u2026\u2026\u2026\u2026\u2026\u2026\u2026<\/address>\n<address>\u00a0<\/address>\n<address>\u00a0<\/address>\n<address>Data: \u00a0\u00a0\u00a0\u00a0\u00a0\u00a0\u00a0\u00a0\u00a0\u00a0\u00a0\u00a0\u00a0\u00a0\u00a0\u00a0\u00a0\u00a0\u00a0\u00a0\u00a0\u00a0\u00a0\u00a0\u00a0\u00a0\u00a0\u00a0\u00a0 \u00a0 Semnatura:<\/address>\n<p>&#8212;&#8212;&#8212;&#8212;&#8212;&#8212;&#8212;&#8212;&#8212;&#8212;&#8212;&#8212;&#8212;&#8212;&#8212;&#8212;&#8212;&#8212;&#8212;&#8212;&#8212;&#8212;&#8212;&#8212;&#8212;&#8212;&#8212;&#8212;&#8212;&#8212;&#8212;&#8212;&#8212;&#8212;&#8212;-<\/p>\n<h4 align=\"center\"><\/h4>\n<h4 align=\"center\"><strong>Informa\u021bii pentru MASTER\u00a0 CLASS:<\/strong><\/h4>\n<address><em>In ziua de 16 iunie vor avea loc cursurile master class, sustinute de Prof. Dr. Constantin Sandu din Porto(Portugalia) si\u00a0 Conf. Univ. Dr. Vlad Dimulescu(Bucuresti).<\/em><\/address>\n<address><em>Sunt acceptati toti cei care doresc indicatii tehnice si interpretative de specialitate, pe un repertoriu stabilit in prealabil de interpret(nu este obligatorie inscrierea si la concurs).<\/em><\/address>\n<address><em>Inscrierile pentru Master Class se fac pana la data de <strong>22 mai 2014<\/strong>.<\/em><\/address>\n<address>\u00a0<\/address>\n<address><em><strong>Documente necesare:<\/strong><\/em><\/address>\n<address>&#8211;\u00a0\u00a0\u00a0\u00a0\u00a0\u00a0\u00a0 copia certificatului de nastere(pasaport), <strong><\/strong><\/address>\n<address>&#8211;\u00a0\u00a0\u00a0\u00a0\u00a0\u00a0\u00a0 formularul completat cu toate datele cerute \u00a0<strong><\/strong><\/address>\n<address>&#8211;\u00a0\u00a0\u00a0\u00a0\u00a0\u00a0\u00a0 numele profesorului dorit <strong><\/strong><\/address>\n<address><strong>&#8211;\u00a0\u00a0\u00a0\u00a0\u00a0\u00a0\u00a0 <\/strong>taxa de participare de 30 EURO(pt o participare\u00a0 de\u00a045&#8242;, plus posibilitatea de a asista la al\u021bi participan\u021bi).<\/address>\n<p>&nbsp;<\/p>\n<p align=\"center\"><strong>FORMULAR de INSCRIERE \u2013 MASTER CLASS<\/strong><br \/>\n<strong>\u201cPRO PIANO-ROM\u00c2NIA\u201d \/ <\/strong>16 iunie 2014<\/p>\n<p><strong>\u00a0<\/strong><strong>Participant:<\/strong><\/p>\n<address>1. Nume\u2026\u2026\u2026\u2026\u2026\u2026\u2026\u2026\u2026\u2026\u2026\u2026\u2026\u2026\u2026\u2026\u2026\u2026<\/address>\n<address>2. Prenume\u2026\u2026\u2026\u2026\u2026\u2026\u2026\u2026\u2026\u2026\u2026\u2026\u2026\u2026\u2026\u2026<\/address>\n<address>3. \u021aara \u2013 cet\u0103\u021benia\u2026\u2026\u2026\u2026\u2026\u2026\u2026\u2026\u2026\u2026\u2026\u2026.<\/address>\n<address>4. Data na\u0219terii\u2026\u2026\u2026\u2026\u2026\u2026\u2026\u2026\u2026\u2026\u2026\u2026\u2026\u2026<\/address>\n<address>\u00a0\u00a0\u00a0\u00a0 Cod numeric personal\u2026\u2026\u2026\u2026\u2026\u2026\u2026\u2026\u2026<\/address>\n<address>5. Domiciliul(adresa complet\u0103)\u2026\u2026\u2026\u2026<\/address>\n<address>6. Tel.Fax\u2026\u2026\u2026\u2026\u2026\u2026\u2026\u2026\u2026\u2026\u2026\u2026\u2026\u2026\u2026\u2026\u2026<\/address>\n<address>\u00a0\u00a0\u00a0\u00a0 E-mail\u2026\u2026\u2026\u2026\u2026\u2026\u2026\u2026\u2026\u2026\u2026\u2026\u2026\u2026\u2026\u2026\u2026\u2026<\/address>\n<address>7. \u0218coala\/liceu\u2026\u2026\u2026\u2026\u2026\u2026\u2026\u2026\u2026\u2026\u2026\u2026\u2026\u2026<\/address>\n<address>8. Profesor \u00eendrum\u0103tor&#8230;&#8230;&#8230;&#8230;&#8230;&#8230;&#8230;&#8230;&#8230;&#8230;&#8230;&#8230;&#8230;&#8230;&#8230;<\/address>\n<address>9. Repertoriul propus &#8230;&#8230;&#8230;&#8230;&#8230;&#8230;&#8230;&#8230;&#8230;&#8230;&#8230;&#8230;&#8230;&#8230;&#8230;<\/address>\n<address>&#8230;&#8230;&#8230;&#8230;&#8230;&#8230;&#8230;&#8230;&#8230;&#8230;&#8230;&#8230;&#8230;&#8230;&#8230;&#8230;&#8230;&#8230;&#8230;&#8230;&#8230;&#8230;&#8230;&#8230;&#8230;&#8230;&#8230;&#8230;.<\/address>\n<address><strong>\u00a0<\/strong><\/address>\n<address><strong>Profesor ales pentru Master Class:<\/strong><\/address>\n<address>\u00a0<\/address>\n<table border=\"1\" cellspacing=\"0\" cellpadding=\"0\" align=\"left\">\n<tbody>\n<tr>\n<td valign=\"top\" width=\"21\">\n<address>\u00a0<\/address>\n<\/td>\n<\/tr>\n<\/tbody>\n<\/table>\n<address>Prof. Dr. <strong>Constantin Sandu<\/strong>(Portugalia) \u00a0<\/address>\n<address>\u00a0<\/address>\n<table border=\"1\" cellspacing=\"0\" cellpadding=\"0\" align=\"left\">\n<tbody>\n<tr>\n<td valign=\"top\" width=\"21\">\n<address>\u00a0<\/address>\n<\/td>\n<\/tr>\n<\/tbody>\n<\/table>\n<address>Conf. Univ. Dr. <strong>Vald Dimulescu<\/strong>(Bucure\u0219ti)<\/address>\n<address>\u00a0<\/address>\n<address>\u00a0<\/address>\n<address>\u00a0<\/address>\n<address>\u00a0<\/address>\n<address>Data: \u00a0\u00a0\u00a0\u00a0\u00a0\u00a0\u00a0\u00a0\u00a0\u00a0\u00a0\u00a0\u00a0\u00a0\u00a0\u00a0\u00a0\u00a0\u00a0\u00a0\u00a0\u00a0\u00a0\u00a0\u00a0\u00a0 Semn\u0103tura:<\/address>\n<address>\u00a0<\/address>\n<address>\u00a0<\/address>\n<address>&#8212;&#8212;&#8212;&#8212;&#8212;&#8212;&#8212;&#8212;&#8212;&#8212;&#8212;&#8212;&#8212;&#8212;&#8212;&#8212;&#8212;&#8212;&#8212;&#8212;&#8212;&#8212;&#8212;&#8212;&#8212;&#8212;&#8212;&#8212;&#8212;&#8212;&#8211;<\/address>\n<address>\u00a0<\/address>\n<address>\u00a0<\/address>\n","protected":false},"excerpt":{"rendered":"<p>Anun\u021buri importante: &#8211; \u00een perioada 16 \u2013 22 iunie 2014, \u00een paralel cu Concursul Interna\u021bional de Pian\u00a0 vor avea loc alte 2 manifestari 1)Masterclass(16 iunie) \u0219i 2)cea de a III-a\u00a0edi\u021bie a\u00a0 a Concursului de Crea\u021bie \u2013 Compozi\u021bie pentru copii \u0219i tineri cu v\u00e2rste cuprinse \u00eentre 6-15 ani. \u00a0&#8211; programarea intr\u0103rii \u00een Concurs se va afisa [&hellip;]<\/p>\n","protected":false},"author":1,"featured_media":0,"parent":0,"menu_order":0,"comment_status":"open","ping_status":"open","template":"","meta":{"footnotes":""},"class_list":["post-2199","page","type-page","status-publish","hentry"],"_links":{"self":[{"href":"https:\/\/www.propiano.org\/romanian\/wp-json\/wp\/v2\/pages\/2199","targetHints":{"allow":["GET"]}}],"collection":[{"href":"https:\/\/www.propiano.org\/romanian\/wp-json\/wp\/v2\/pages"}],"about":[{"href":"https:\/\/www.propiano.org\/romanian\/wp-json\/wp\/v2\/types\/page"}],"author":[{"embeddable":true,"href":"https:\/\/www.propiano.org\/romanian\/wp-json\/wp\/v2\/users\/1"}],"replies":[{"embeddable":true,"href":"https:\/\/www.propiano.org\/romanian\/wp-json\/wp\/v2\/comments?post=2199"}],"version-history":[{"count":44,"href":"https:\/\/www.propiano.org\/romanian\/wp-json\/wp\/v2\/pages\/2199\/revisions"}],"predecessor-version":[{"id":2642,"href":"https:\/\/www.propiano.org\/romanian\/wp-json\/wp\/v2\/pages\/2199\/revisions\/2642"}],"wp:attachment":[{"href":"https:\/\/www.propiano.org\/romanian\/wp-json\/wp\/v2\/media?parent=2199"}],"curies":[{"name":"wp","href":"https:\/\/api.w.org\/{rel}","templated":true}]}}