{"id":2057,"date":"2013-05-22T22:16:48","date_gmt":"2013-05-22T22:16:48","guid":{"rendered":"http:\/\/www.propiano.org\/romanian\/?page_id=2057"},"modified":"2013-06-26T11:38:16","modified_gmt":"2013-06-26T11:38:16","slug":"programarea-concursului-2013","status":"publish","type":"page","link":"https:\/\/www.propiano.org\/romanian\/programarea-concursului-2013\/","title":{"rendered":"Programarea Concursului 2013"},"content":{"rendered":"<h3 align=\"center\"><strong><strong>F. Important: concurentii care nu si-au luat diplomele sau medaliiie sunt rugati sa se intereseze de modalitatile de recuperare dupa 10 septembie 2013. Orice alt demers nu va fi posibil.<\/strong><\/strong><\/h3>\n<h3 align=\"center\"><strong><\/strong><\/h3>\n<h3 align=\"center\"><strong><\/strong><\/h3>\n<h3 align=\"center\"><strong><\/strong><\/h3>\n<h3 align=\"center\"><strong>PROGRAMAREA <\/strong><\/h3>\n<h3 align=\"center\"><strong>CONCURSULUI\u00a0INTERNA\u0162IONAL<\/strong><strong> <\/strong><strong>\u201cPRO PIANO-ROMANIA\u201d<\/strong><strong><\/strong><\/h3>\n<h4 align=\"center\"><strong>Edi\u021bia a XVII-a, 18-23 iunie 2013<\/strong><\/h4>\n<p align=\"center\"><strong>Concursul se va desf\u0103\u0219ura la Sala ARCUB, Str. Bati\u0219tei nr. 14(l\u00e2ng\u0103 Hotelul Intercontinental)<\/strong><\/p>\n<p align=\"center\"><strong>\u00a0<\/strong><\/p>\n<h3>\u00b7\u00a0\u00a0\u00a0\u00a0\u00a0\u00a0\u00a0\u00a0 Mar\u021bi (Tuesday) 18 iunie 2013<\/h3>\n<p><strong>Ora 10:00 \u2013 Etapa I-a<\/strong> \u2013 Categoria <strong>B1<\/strong>(2002)<\/p>\n<p><strong>Ora 10,45 \u2013 Etapa I-a<\/strong> \u2013 Categoria <strong>B2<\/strong>(2001)<\/p>\n<p><strong>Ora 12 \u2013 Etapa I-a<\/strong> \u2013 Categoriile <strong>B3<\/strong>(2000)<\/p>\n<p><strong>\u2014\u2014\u2014\u2014\u2014\u2014\u2014\u2014\u2014\u2014\u2014\u2014\u2014\u2014\u2014\u2014\u2014\u2014\u2014\u2014\u2014<\/strong><\/p>\n<p><strong>Ora 15:00 \u2013 Etapa I-a<\/strong> \u2013 Categoriile <strong>B4<\/strong>(1999), <strong>B5<\/strong>(1998), <strong>B6<\/strong>(1997)<\/p>\n<p><strong>Ora 16:15 \u2013 Etapa I-a<\/strong> \u2013 Categoria <strong>C<\/strong>(1983-1993)<\/p>\n<p>&nbsp;<\/p>\n<p>&nbsp;<\/p>\n<h3>\u00b7\u00a0\u00a0\u00a0\u00a0\u00a0\u00a0\u00a0\u00a0 Miercuri (Wednesday 19 iunie 2013<\/h3>\n<p><strong>Ora 09:00 \u2013 Etapa I-a<\/strong><strong> \u2013 <\/strong>Categoria<strong> <strong>B7<\/strong><\/strong>(1996)<strong>\u00a0 <strong>\u00a0\u00a0\u00a0\u00a0\u00a0\u00a0\u00a0\u00a0\u00a0\u00a0\u00a0\u00a0\u00a0\u00a0<\/strong><\/strong><\/p>\n<p><strong>Ora <\/strong><strong>09,45<\/strong><strong> <\/strong><strong>\u2013<strong> Etapa I-a &#8211;\u00a0<\/strong><\/strong>Categoria<strong> <strong>B8<\/strong><\/strong>(1995, 1994)<strong> <\/strong><strong><\/strong><\/p>\n<p><strong>Ora <\/strong><strong>11<\/strong><strong> <\/strong><strong>&#8211; <\/strong>Categoria<strong> <strong>A<\/strong><strong>0<\/strong><\/strong>(2007) \u0219i <strong>A1<\/strong>(2006)<strong><\/strong><\/p>\n<p><strong>Ora 12\u2013<\/strong><strong> <\/strong>Categoria<strong> <strong>A<\/strong><strong>3<\/strong><\/strong>(2004)<strong><\/strong><\/p>\n<p><strong>\u2014\u2014\u2014\u2014\u2014\u2014\u2014\u2014\u2014\u2014\u2014\u2014\u2014\u2014\u2014\u2014\u2014\u2014\u2014\u2013<\/strong><\/p>\n<p><strong>Ora 15:00 \u2013 <\/strong><strong>Categoria <strong>A<\/strong><strong>2<\/strong><\/strong>(2005)<strong><\/strong><\/p>\n<p><strong>Ora 16:00 <\/strong><strong>\u2013 <strong>Etapa a II-a<\/strong>(semifinala) \u2013 Categoria <strong>C <\/strong><\/strong><\/p>\n<p>&nbsp;<\/p>\n<p>&nbsp;<\/p>\n<h3>\u00b7\u00a0\u00a0\u00a0\u00a0\u00a0\u00a0\u00a0 Joi (Thursday) 20\u00a0 iunie 2013<\/h3>\n<p><strong>Ora 09:00<\/strong> \u2013 <strong>Etapa a II-a<\/strong> pentru categoriile <strong>B1<\/strong>(2002), <strong>B2<\/strong>(2001), <strong>B7<\/strong>(1996), <strong>B8<\/strong>(1995, 1994)<\/p>\n<p><strong>Programarea pe ore se va afi\u015fa dup\u0103 etapa I-a<\/strong><\/p>\n<p><strong>\u2014\u2014\u2014\u2014\u2014\u2014\u2014\u2014\u2014\u2014\u2014\u2014\u2014\u2014\u2014\u2014\u2014\u2014\u2014<\/strong><\/p>\n<p><strong>Ora 15:00 \u2013 <\/strong>Categoria <strong>A4<\/strong>(2003)<strong><\/strong><\/p>\n<p><strong>Ora 16,15 &#8211; Etapa a III-a \u2013 <\/strong>Categoria <strong>C<\/strong>(finala)<\/p>\n<p>&nbsp;<\/p>\n<p>&nbsp;<\/p>\n<h3>\u00b7\u00a0\u00a0\u00a0\u00a0\u00a0\u00a0\u00a0\u00a0 Vineri (Friday) 21 iunie 2013<\/h3>\n<p><strong>Ora 09:00<\/strong> \u2013 <strong>Etapa a II-a \u2013 <\/strong><strong>pentru <\/strong><strong>c<\/strong>ategoriile <strong>B4(1999), B5<\/strong>(1998)<strong>, B6 <\/strong>(1997)<\/p>\n<p><strong>Programarea pe ore se va afi\u0219a dup\u0103 etapa I-a<\/strong><\/p>\n<p><strong>\u00a0<\/strong><\/p>\n<p><strong>Ora 11 \u2013 Etapa a II-a \u2013 Categoria B3<\/strong><strong>(2000)<\/strong><strong> <\/strong><\/p>\n<p><strong>Ora 13\u2013 <\/strong>Categoriile <strong>D (4 m\u00e2ini) <\/strong><\/p>\n<p>&nbsp;<\/p>\n<p>&nbsp;<\/p>\n<h3>\u00b7\u00a0\u00a0\u00a0\u00a0\u00a0\u00a0\u00a0 S\u00e2mb\u0103t\u0103 (Saturday) 22 iunie 2013 \u2013 ora 11<\/h3>\n<h4><strong>\u00a0Festivitatea de premiere \u015fi GALA laurea\u0163ilor la\u00a0ARCUB<\/strong><\/h4>\n<p><strong>\u00a0<\/strong><\/p>\n<p><strong>Studiul individual<\/strong><strong> pentru participan\u021bii care nu sunt din Bucure\u0219ti, este asigurat la Colegiul Na\u021bional de Muzic\u0103 \u201cGeorge Enescu\u201d \u2013 str. General Gheorghe Manu nr. 30(Calea Victoriei, l\u00e2ng\u0103 Muzeul \u201cGeorge Enescu\u201d). Programarea se va face numai in zilele si orele specificate mai jos, la o persoana desemnata special pentru acet lucru\u00a0si indicata de portarul scolii din ziua respectiva .<\/strong><\/p>\n<p><strong>Zilele pentru studiu si programari:<\/strong><\/p>\n<address><strong>&#8211; <\/strong><strong>luni 17 iunie ( \u00eentre orele 15 \u2013 19)<\/strong><\/address>\n<address><strong>&#8211; mar\u021bi <\/strong><strong>18<\/strong><strong> iunie(\u00eentre orele <strong>8 \u2013 18<\/strong><strong><\/strong>)<\/strong><\/address>\n<address><strong>\u00a0&#8211; miercuri <\/strong><strong>19<\/strong><strong> iunie(\u00eentre orele <strong>8 \u2013 18)<\/strong> <\/strong><\/address>\n<address><strong>&#8211; joi <\/strong><strong>20<\/strong><strong> iunie (\u00eentre orele <\/strong><strong>8 \u2013 18<\/strong><strong>)<\/strong><\/address>\n<address><strong>&#8211; vineri \u00a021 iunie(orele 8 &#8211; 12)<\/strong><\/address>\n<p>&nbsp;<\/p>\n","protected":false},"excerpt":{"rendered":"<p>F. Important: concurentii care nu si-au luat diplomele sau medaliiie sunt rugati sa se intereseze de modalitatile de recuperare dupa 10 septembie 2013. Orice alt demers nu va fi posibil. PROGRAMAREA CONCURSULUI\u00a0INTERNA\u0162IONAL \u201cPRO PIANO-ROMANIA\u201d Edi\u021bia a XVII-a, 18-23 iunie 2013 Concursul se va desf\u0103\u0219ura la Sala ARCUB, Str. Bati\u0219tei nr. 14(l\u00e2ng\u0103 Hotelul Intercontinental) \u00a0 \u00b7\u00a0\u00a0\u00a0\u00a0\u00a0\u00a0\u00a0\u00a0 [&hellip;]<\/p>\n","protected":false},"author":1,"featured_media":0,"parent":0,"menu_order":0,"comment_status":"open","ping_status":"open","template":"","meta":{"footnotes":""},"class_list":["post-2057","page","type-page","status-publish","hentry"],"_links":{"self":[{"href":"https:\/\/www.propiano.org\/romanian\/wp-json\/wp\/v2\/pages\/2057","targetHints":{"allow":["GET"]}}],"collection":[{"href":"https:\/\/www.propiano.org\/romanian\/wp-json\/wp\/v2\/pages"}],"about":[{"href":"https:\/\/www.propiano.org\/romanian\/wp-json\/wp\/v2\/types\/page"}],"author":[{"embeddable":true,"href":"https:\/\/www.propiano.org\/romanian\/wp-json\/wp\/v2\/users\/1"}],"replies":[{"embeddable":true,"href":"https:\/\/www.propiano.org\/romanian\/wp-json\/wp\/v2\/comments?post=2057"}],"version-history":[{"count":9,"href":"https:\/\/www.propiano.org\/romanian\/wp-json\/wp\/v2\/pages\/2057\/revisions"}],"predecessor-version":[{"id":2110,"href":"https:\/\/www.propiano.org\/romanian\/wp-json\/wp\/v2\/pages\/2057\/revisions\/2110"}],"wp:attachment":[{"href":"https:\/\/www.propiano.org\/romanian\/wp-json\/wp\/v2\/media?parent=2057"}],"curies":[{"name":"wp","href":"https:\/\/api.w.org\/{rel}","templated":true}]}}