{"id":1854,"date":"2013-01-28T11:44:21","date_gmt":"2013-01-28T11:44:21","guid":{"rendered":"http:\/\/www.propiano.org\/romanian\/?page_id=1854"},"modified":"2013-01-28T11:45:12","modified_gmt":"2013-01-28T11:45:12","slug":"regulament-prietenii-muzicii-2013-iasi","status":"publish","type":"page","link":"https:\/\/www.propiano.org\/romanian\/regulament-prietenii-muzicii-2013-iasi\/","title":{"rendered":"Regulament &#8211; &#8220;Prietenii Muzicii&#8221; 2013 Iasi"},"content":{"rendered":"<div>\n<h3 align=\"center\"><strong>Regulamentul \u0219i Formularul de \u00eenscriere la Festivalul<\/strong><\/h3>\n<h3 align=\"center\"><strong>&#8220;Prietenii Muzicii &#8211; PRO PIANO-ROMANIA&#8221; Filiala Ia\u0219i<\/strong><\/h3>\n<h3 align=\"center\"><strong>Edi\u021bia a II-a, 15 &#8211; 16 februarie 2013<\/strong><\/h3>\n<address><strong>I.<\/strong>\u00a0Manifestarea este deschis\u0103 tinerilor piani\u015fti cu v\u00e2rsta cuprins\u0103 \u00eentre 5-18 ani.<\/address>\n<address>Este divizat\u0103 \u00een 3 sec\u0163iuni:\u00a0<strong>A, B, C:<\/strong><\/address>\n<address><strong>A.<\/strong>\u00a0Elevi care studiaz\u0103 pianul \u00een cadrul \u015fcolilor \u015fi liceelor de muzic\u0103<\/address>\n<address><strong>B.<\/strong>\u00a0Elevi care studiaz\u0103 pianul ca instrument secundar \u00een cadrul \u015fcolilor \u015fi liceelor de muzic\u0103 sau elevi proveni\u0163i din sectorul particular<\/address>\n<address><strong>C.<\/strong>\u00a0Ansamblu la 4 m\u00e2ini(pe un pian)<\/address>\n<address>\u00a0<\/address>\n<address><strong>II.<\/strong>\u00a0Sec\u0163iunile A \u015fi B sunt divizate \u00een urm\u0103toarele categorii de v\u00e2rst\u0103, conform anului na\u015fterii:<\/address>\n<table width=\"630\" border=\"1\" cellspacing=\"0\" cellpadding=\"0\">\n<tbody>\n<tr>\n<td valign=\"top\" width=\"203\">\n<address>\u00a0cat. 0 &#8211; 2008<\/address>\n<address>\u00a0cat.\u00a01-a \u2013 2007<\/address>\n<address>\u00a0cat. a 2-a \u2013 2006<\/address>\n<address>\u00a0cat. a 3-a \u2013 2005<\/address>\n<address>\u00a0cat. a 4-a \u2013 2004<\/address>\n<\/td>\n<td valign=\"top\" width=\"173\">\n<address>\u00a0cat. a 5-a \u2013 2003<\/address>\n<address>\u00a0cat. a 6-a \u2013 2002<\/address>\n<address>\u00a0cat. a 7-a \u2013 2001<\/address>\n<address>\u00a0cat. a 8-a \u2013 2000<\/address>\n<address>\u00a0cat. a 9-a \u2013 1999<\/address>\n<\/td>\n<td valign=\"top\" width=\"255\">\n<address>\u00a0cat. a 10-a \u2013 1998<\/address>\n<address>\u00a0cat. a 11-a \u2013 1997<\/address>\n<address>\u00a0cat.\u00a0a 12-a \u2013 1996<\/address>\n<address>\u00a0cat. a 13-a \u2013 1995<\/address>\n<address>\u00a0cat. a 14-a &#8211; 1994<\/address>\n<\/td>\n<\/tr>\n<\/tbody>\n<\/table>\n<address>\u00a0Pentru sec\u0163iunea C(4 m\u00e2ini) se va \u0163ine cont de v\u00e2rsta celor 2 membrii, nefiind obligatorie apartenen\u0163a la aceea\u015fi categorie.<\/address>\n<address><strong><\/strong>\u00a0<\/address>\n<address><strong>III.<\/strong>\u00a0Programul va con\u0163ine\u00a0<strong>una sau<\/strong>\u00a0<strong>2 piese<\/strong>\u00a0la alegerea participantului, interpretate din memorie,\u00a0<strong>f<\/strong><strong>\u0103r\u0103 repeti\u021bii<\/strong>, cu durata maxim\u0103 cumulat\u0103 \u00eentre 3 \u015fi 15 minute, \u00een func\u0163ie de categorie, dup\u0103 cum urmeaz\u0103:<\/address>\n<address>Sec\u0163iunea\u00a0<strong>A<\/strong>:<br \/>\ncat. 1 \u2013 4 = 5&#8242;<\/address>\n<\/div>\n<address>cat. 5 \u2013 8 = 7&#8242;<br \/>\ncat. 9\u201311 = 10&#8242;<\/address>\n<address>cat. 12-14 &#8211; 15&#8242;<\/address>\n<div>\n<address>Sec\u0163iunea\u00a0<strong>B<\/strong>:<br \/>\ncat. 1 \u2013 4 = 3&#8242;<\/address>\n<address>cat. 5 \u2013 8 = 5&#8242;<br \/>\ncat. 9\u201311 = 7&#8242;<\/address>\n<address>cat. 12-14 &#8211; 10&#8242;<\/address>\n<\/div>\n<address>Pentru sec\u0163iunea C durata maxim\u0103 poate corespunde v\u00e2rstei participantului celui mai mare.<\/address>\n<address><strong><\/strong>\u00a0<\/address>\n<address><strong>IV.<\/strong>\u00a0Programul men\u0163ionat \u00een fi\u015fa de \u00eenscriere nu poate fi modificat ulterior. Ordinea interpret\u0103rii pieselor este la libera alegere a participan\u0163ilor.<\/address>\n<address><strong><\/strong>\u00a0<\/address>\n<address><strong>V.\u00a0<\/strong>Ordinea prezent\u0103rii \u00een Festival este cea alfabetic\u0103, \u00een cadrul sec\u0163iunii, respectiv a categoriei.\u00a0\u00cen m\u0103sura posibilit\u0103\u021bilor, organizatorii vor \u021bine seam\u0103<strong>\u00a0de cerin\u021bele motivate ale participan\u021bilor\u00a0<\/strong>de a\u00a0se prezenta \u00a0\u00een anumite zile. Acestea se vor men\u021biona\u00a0<strong>de la \u00eenceput<\/strong>,\u00a0<strong>pe fi\u0219ele de \u00eenscriere<\/strong>. Dup\u0103 planificarea ordinii de intrare, nu se accept\u0103 schimb\u0103ri. Programarea categoriilor pe zile \u0219i ore va fi afi\u0219at\u0103 online, i\u00een timp util.<\/address>\n<address><strong><\/strong>\u00a0<\/address>\n<address><strong>VI.<\/strong>\u00a0<strong>\u00censcrierile<\/strong>\u00a0se fac la Funda\u021bia Cultural\u0103 \u201dPRO PIANO-ROM\u00c2NIA\u201d, \u00een 2 modalit\u0103\u021bi:<\/address>\n<address>1.\u00a0\u00a0\u00a0\u00a0\u00a0 prin\u00a0<strong>e-mail,\u00a0<\/strong>la adresa:\u00a0<a href=\"mailto:propiano@gmail.com\">propiano@gmail.com<\/a>\u00a0(actele se vor scana)\u00a0\u00a0<\/address>\n<address>2.\u00a0\u00a0\u00a0\u00a0\u00a0 prin\u00a0<strong>po\u0219t\u0103<\/strong>, pe adresa secretariatului Funda\u021biei Culturale \u201cPRO PIANO &#8211; ROM\u00c2NIA\u201d: aleea P\u0103durea Craiului nr.1, Bloc H3, Scara 1, Ap. 11, sector 3, Cod 032719, Of. Post 57, Bucure\u0219ti,\u00a0 pentru d-na prof. Stela Avesalon. Termenul limit\u0103 pentru \u00eenscrierea la Festival este\u00a0<strong>3 februarie\u00a02013<\/strong>\u00a0(data po\u0219tei).<strong>\u00a0<\/strong><\/address>\n<address><strong>Important:\u00a0<\/strong>este necesar sa aveti\u00a0<strong>confirmarea<\/strong>\u00a0noastra de primire a actelor de inscriere(confirmarea se va face prin replay la mesajul Dv sau prin telefon).<\/address>\n<address><strong>Acte necesare \u00eenscrierii:<\/strong><\/address>\n<address><strong>\u00b7<\/strong>\u00a0certificat de na\u0219tere (copie)<br \/>\n<strong>\u00b7<\/strong>formularul de \u00eenscriere tip \u2013 completat cu toate datele cerute; \u00een cazul ansamblurilor la 4 m\u00e2ini, datele celor doi participan\u0163i vor fi men\u0163ionate pe acela\u015fi formular<br \/>\n<strong>\u00b7<\/strong>\u00a0copia\u00a0chitan\u0163ei care dovede\u0219te plata taxei de participare &#8211;\u00a0<strong>50 lei, iar pentru sec\u021biunea C<\/strong>(ansamblu la 4 m\u00e2ini)<strong>, taxa este de 60 lei<\/strong>(c\u00e2te 30 lei\/persoan\u0103), depus\u0103 \u00een contul Funda\u0163iei \u201cPRO PIANO-ROM\u00c2NIA\u201d: Cod IBAN:<strong>RO85RNCB0074029228740001,\u00a0<\/strong>deschis la B.C.R sector 3\/<strong>CUI 9099960<\/strong>.\u00a0<strong>N<strong>u se admit mandate postale<\/strong><\/strong>.\u00a0<strong>Este obligatorie specificarea,\u00a0<\/strong>pe ordinul de plata, a<strong>\u00a0numelui candidatului<\/strong>\u00a0pentru care se face plata.<\/address>\n<address>\u00cen caz de neprezentare, taxa de participare nu se returneaz\u0103.<\/address>\n<address><strong><\/strong>\u00a0<\/address>\n<address><strong>VII.<\/strong>\u00a0Rezolvarea problemelor privind transportul, cazarea c\u00e2t \u015fi costurile acestora revine \u00een \u00eentregime participan\u0163ilor. La cerere, se pot face rezerv\u00e3ri la c\u0103minul Colegiului na\u0163ional de Art\u00e3 \u201eOctav B\u00e3ncil\u00e3\u201d Ia\u015fi.<\/address>\n<address><strong><\/strong>\u00a0<\/address>\n<address><strong>VIII.<\/strong>\u00a0Se vor acorda urm\u0103toarele distinc\u0163ii, pentru fiecare categorie \u00een parte: Diplome de Onoare, de Merit, de Excelen\u0163\u0103 (corespunz\u0103toare premiilor III, II \u015fi I) \u015fi Premii speciale: pentru cea mai bun\u0103 interpretare a unei piese rom\u00e2ne\u015fti, Premiu J. S. Bach, Premiu Fr. Liszt, Premiu pentru prezen\u0163\u0103 artistic\u0103 deosebit\u0103, Premiile sponsorilor(cu aprobarea juriului), etc. Diplomele \u015fi premiile vor fi \u00eenm\u00e2nate participan\u0163ilor \u00een festivit\u0103\u0163ile de premiere, care vor avea loc conform program\u0103rilor anun\u021bate din timp, de 2 ori\/zi.<\/address>\n<address>\u00a0<\/address>\n<address><strong>IX.<\/strong>\u00a0Juriul concursului va fi format din personalit\u0103\u0163i ale pedagogiei \u015fi muzicii rom\u00e2ne\u015fti. Toate materialele audio-video sau de alt\u0103 natur\u0103 realizate pe parcursul Festivalului de c\u0103tre organizatori, apar\u0163in de drept acestora. In momentul \u00eenscrierii \u00een Festival, candida\u0163ii accept\u0103 prezentele condi\u0163ii \u015fi autoritatea juriului.<\/address>\n<address><strong>\u00a0<\/strong><\/address>\n<address><strong>Informa\u0163ii suplimentare<\/strong>\u00a0la:<\/address>\n<address>Funda\u0163ia Cultural\u0103\u201ePRO PIANO-ROM\u00c2NIA\u201d &#8211; prof. Stela Avesalon:<\/address>\n<address>Tel: 0722.38.26.26 \u00a0\u00a0\u00a0\u00a0\u00a0\u00a0\u00a0\u00a0\u00a0\u00a0\u00a0\u00a0\u00a0\u00a0\u00a0\u00a0\u00a0\u00a0\u00a0\u00a0\u00a0\u00a0\u00a0\u00a0\u00a0\u00a0\u00a0\u00a0\u00a0\u00a0\u00a0\u00a0\u00a0\u00a0\u00a0\u00a0 Tel\/Fax: 021\/341.16.88<\/address>\n<address>E-mail:\u00a0<a href=\"mailto:propiano@gmail.com\">propiano@gmail.com<\/a>\u00a0\u00a0\u00a0\u00a0\u00a0\u00a0\u00a0\u00a0\u00a0\u00a0\u00a0\u00a0\u00a0\u00a0\u00a0 Web page:\u00a0<a href=\"http:\/\/www.propiano.org\/\">www.propiano.org<\/a><\/address>\n<address>\u00a0<\/address>\n<address>\u00a0<\/address>\n<address>\u00a0<\/address>\n<address><strong>FORMULAR DE \u00ceNSCRIERE la FESTIVALUL<\/strong><strong><br \/>\n<strong>\u201ePRIETENII MUZICII \/ PRO PIANO &#8211; ROM\u00c2NIA\u201d<\/strong><\/strong><\/address>\n<address><strong>Edi\u0163ia a II-a, 15 \u2013 16 februarie 2013 \/ Ia\u0219i<\/strong><\/address>\n<p><strong>\u00a0<\/strong><\/p>\n<p><strong>Elev:<\/strong><\/p>\n<p>Numele \u015fi prenumele ________________________<\/p>\n<p>Data na\u015fterii ______________________________<\/p>\n<p>Codul numeric personal_______________________<\/p>\n<p>Adresa __________________________________<\/p>\n<p>Telefon __________________________________<\/p>\n<p>E-mail___________________________________<\/p>\n<p>Gr\u0103dini\u0163a \/ \u015ecoala \/ Liceul ____________________<\/p>\n<p><strong>\u00a0<\/strong><em>\u00cencadrat la\u00a0<\/em><strong>Sec\u0163iunea<\/strong><em>:_________<\/em><\/p>\n<p><strong>Categoria<\/strong><em>:_________<\/em><em><\/em><\/p>\n<p>&nbsp;<\/p>\n<p><strong>Profesorul \u00eendrum\u0103tor<\/strong><\/p>\n<p>Numele si prenumele________________________<\/p>\n<p>Telefon \/ Fax _____________________________<\/p>\n<p>E-mail__________________________________<\/p>\n<p><strong>\u00a0<\/strong><\/p>\n<p><strong>Programul ales<\/strong>(una sau 2 piese):<\/p>\n<p>1. Numele compozitorului: _______________________<\/p>\n<p>Titlul lucr\u0103rii: _______________________________<\/p>\n<p>2. Numele compozitorului: ______________________<\/p>\n<p>Titlul lucr\u0103rii: _______________________________<\/p>\n<p>Durata total\u0103_____________minute.<\/p>\n<p>&nbsp;<\/p>\n<p>Data ________________\u00a0\u00a0\u00a0\u00a0\u00a0\u00a0\u00a0\u00a0\u00a0\u00a0\u00a0\u00a0\u00a0\u00a0\u00a0\u00a0\u00a0\u00a0\u00a0\u00a0\u00a0\u00a0\u00a0\u00a0\u00a0\u00a0\u00a0\u00a0\u00a0\u00a0\u00a0\u00a0\u00a0\u00a0\u00a0\u00a0\u00a0\u00a0\u00a0\u00a0\u00a0\u00a0\u00a0 Semn\u0103tura______________________<\/p>\n","protected":false},"excerpt":{"rendered":"<p>Regulamentul \u0219i Formularul de \u00eenscriere la Festivalul &#8220;Prietenii Muzicii &#8211; PRO PIANO-ROMANIA&#8221; Filiala Ia\u0219i Edi\u021bia a II-a, 15 &#8211; 16 februarie 2013 I.\u00a0Manifestarea este deschis\u0103 tinerilor piani\u015fti cu v\u00e2rsta cuprins\u0103 \u00eentre 5-18 ani. Este divizat\u0103 \u00een 3 sec\u0163iuni:\u00a0A, B, C: A.\u00a0Elevi care studiaz\u0103 pianul \u00een cadrul \u015fcolilor \u015fi liceelor de muzic\u0103 B.\u00a0Elevi care studiaz\u0103 pianul [&hellip;]<\/p>\n","protected":false},"author":1,"featured_media":0,"parent":0,"menu_order":0,"comment_status":"open","ping_status":"open","template":"","meta":{"footnotes":""},"class_list":["post-1854","page","type-page","status-publish","hentry"],"_links":{"self":[{"href":"https:\/\/www.propiano.org\/romanian\/wp-json\/wp\/v2\/pages\/1854","targetHints":{"allow":["GET"]}}],"collection":[{"href":"https:\/\/www.propiano.org\/romanian\/wp-json\/wp\/v2\/pages"}],"about":[{"href":"https:\/\/www.propiano.org\/romanian\/wp-json\/wp\/v2\/types\/page"}],"author":[{"embeddable":true,"href":"https:\/\/www.propiano.org\/romanian\/wp-json\/wp\/v2\/users\/1"}],"replies":[{"embeddable":true,"href":"https:\/\/www.propiano.org\/romanian\/wp-json\/wp\/v2\/comments?post=1854"}],"version-history":[{"count":2,"href":"https:\/\/www.propiano.org\/romanian\/wp-json\/wp\/v2\/pages\/1854\/revisions"}],"predecessor-version":[{"id":1857,"href":"https:\/\/www.propiano.org\/romanian\/wp-json\/wp\/v2\/pages\/1854\/revisions\/1857"}],"wp:attachment":[{"href":"https:\/\/www.propiano.org\/romanian\/wp-json\/wp\/v2\/media?parent=1854"}],"curies":[{"name":"wp","href":"https:\/\/api.w.org\/{rel}","templated":true}]}}