{"id":1680,"date":"2012-11-01T08:48:14","date_gmt":"2012-11-01T08:48:14","guid":{"rendered":"http:\/\/www.propiano.org\/romanian\/?page_id=1680"},"modified":"2012-11-01T08:48:14","modified_gmt":"2012-11-01T08:48:14","slug":"concurs-de-compozitie-si-muzicologie-2012","status":"publish","type":"page","link":"https:\/\/www.propiano.org\/romanian\/concurs-de-compozitie-si-muzicologie-2012\/","title":{"rendered":"Concurs de Compozitie si Muzicologie 2012"},"content":{"rendered":"<h3>Regulamentul \u00a0si formularul de inscriere la\u00a0Sec\u021biunea a II-a<\/h3>\n<h3>a Concursului International\u00a0&#8220;PRO PIANO-ROMANIA&#8221;<\/h3>\n<h3>\u00a0Compozitie\u00a0\u00a0si Muzicologie \/\u00a0<strong>Editia a II-a, 2012<\/strong><\/h3>\n<ul>\n<li>\n<div><strong>\u00a0COMPOZI\u021aIE<\/strong><\/div>\n<\/li>\n<\/ul>\n<p>Concursul se adreseaz\u0103 elevilor, studen\u0163ilor \u015fi masteranzilor din Liceele, Colegiile, Universit\u0103\u0163ile, Academiile \u015fi Facult\u0103\u0163ile de Muzic\u0103. Este impartit in 2 sub-sec\u021biuni, pe criteriul varstei:<\/p>\n<p><strong>a)<\/strong>\u00a0pana in 18 ani<\/p>\n<p><strong>b)<\/strong>\u00a0intre 19-30 ani<\/p>\n<p>Concursul urm\u0103re\u015fte: &#8211;\u00a0stimularea si incurajarea creativitatii tinerilor muzicieni, &#8211;\u00a0depistarea si promovarea celor mai bune compozitii, prin\u00a0 mediatizarea\u00a0crea\u0163iilor premiate, &#8211;\u00a0imbogatirea repertoriului romanesc destinat in special elevilor din primele doua cicluri scolare(elementar si gimnazial), segment sarac in piese didactice, adecvate nivelului lor de interpretare &#8211;\u00a0imbogatirea repertoriu romanesc existent, cu noi piese de valoare.<\/p>\n<p><strong>Tematica<\/strong>(structura de con\u0163inut a concursului) este variabil\u0103 de la o edi\u0163ie la alta. Pentru edi\u0163ia 2012 se pot prezenta 2 variante de lucrari pentru\u00a0pian.\u00a0\u00a0<strong>1)\u00a0\u00a0<\/strong>lucr\u0103ri de dificultate usoara si medie, pentru copii cu varste cuprinse intre 5 \u2013 12 ani, la 2 si 4 maini( pe acelasi pian), in diverse forme (lied, tema cu variatiuni, mini-suite tematice, rondo, etc),cu o durata intre 2\u20135\u00a0minute\u00a0\u00a0\u00a0\u00a0\u00a0\u00a0\u00a0\u00a0\u00a0\u00a0\u00a0\u00a0\u00a0\u00a0<strong>2)\u00a0\u00a0\u00a0<\/strong>lucrare mai ampla, cu durata intre 5 \u2013 15 min.<\/p>\n<p><strong>Conditii de participare:\u00a0<\/strong><strong>&#8211;\u00a0<\/strong>Un concurent este admis cu o singur\u0103 lucrare(pentru varianta 2), sau cu una sau mai multe piese scurte,\u00a0conform minutajului(pentru prima varianta), cu specificarea variantei alese(1 sau 2).<br \/>\nSe poate concura si la ambele variante. &#8211; Taxa de inscriere: pentru o singura varianta \u2013 50 lei, iar pentru ambele variante \u2013 100 lei &#8211; Lucrarea prezentat\u0103 trebuie sa fie originala si\u00a0 nepublicat\u0103 p\u00e2n\u0103 la data prezentului concurs. Se admit partituri \u00een manuscris (cu caractere de culoare neagr\u0103), xerocopiate sau tehnoredactate \u00eenso\u0163ite sau nu de CD-uri cu caracter documentar, con\u0163in\u00e2nd \u00eenregistrarea pieselor prezentate \u00een concurs. Aceste exemplare vor avea mentionate numai un titlu \u015fi un motto pentru identificare(fara nume sau semn\u0103tur\u0103).<\/p>\n<p><strong>Inscrierea\u00a0<\/strong>se va face pana la data de\u00a0<strong>5 iunie 2012\u00a0<\/strong>(data po\u015ftei). Fiecare trimitere va trebui s\u0103 con\u0163in\u0103:\u00a0<strong>1.\u00a0\u00a0\u00a0\u00a0<\/strong>lucrarea respectiva, in 3(trei)) exemplare, pe care sa figureze numai\u00a0<strong>titlul\u00a0<\/strong>\u015fi un\u00a0<strong>motto<\/strong>\u00a0\u00a0<strong>2.\u00a0\u00a0\u00a0\u00a0\u00a0<\/strong>un plic \u00eenchis pe care se va afla notat motto-ul ce figureaz\u0103 pe partitur\u0103. \u00cen interiorul plicului se vor g\u0103si: &#8211; formularul de \u00eenscriere (care va cuprinde numele \u015fi prenumele compozitorului, locul \u015fi data na\u015fterii, \u015fcoala din care face parte, adresa complet\u0103, num\u0103rul de telefon, adresa de e-mail),\u00a0&#8211;\u00a0 copia unui document care s\u0103 ateste data na\u015fterii, &#8211; un scurt curiculum vitae &#8211; o scurt\u0103 prezentare a lucr\u0103rii respective\u00a0<strong>3.\u00a0<\/strong>copia chitantei de achitare a taxei de inscriere\u00a0<strong>4.\u00a0<\/strong>in cazul anexarii CD-ului lucr\u0103rii prezentate \u00een concurs, acesta va purta\u00a0<strong>motto<\/strong>-ul \u00eenscris pe partitur\u0103, f\u0103r\u0103 nici o alt\u0103 \u00eensemnare sau comentariu.<\/p>\n<p>Participarea la concurs implic\u0103 acceptarea integral\u0103 de c\u0103tre concuren\u0163i a prezentului regulament \u015fi a deciziilor juriului. Pentru informa\u0163ii suplimentare, concuren\u0163ii se vor adresa secretariatului artistic al Fundatiei.<\/p>\n<p><strong>Juriul:\u00a0<\/strong>Juriul va fi format din personalit\u0103\u0163i prestigioase ale vie\u0163ii muzicale rom\u00e2ne\u015fti.<\/p>\n<p><strong>Premii:\u00a0<\/strong>\u00cen urma deliber\u0103rii, juriul va decerna urm\u0103toarele premii: Premiul I, II, III pentru fiecare din\u00a0cele 2 variante. Juriul \u00ee\u015fi rezerv\u0103 dreptul de a decide asupra neacord\u0103rii oric\u0103reia dintre distinc\u0163iile mai sus men\u0163ionate. Deciziile juriului sunt definitive \u015fi nu pot fi contestate.\u00a0 Autorii premia\u0163i vor fi invita\u0163i s\u0103 participe la Concertul de Gal\u0103 al Concursului, in data care va fi anuntata dupa incheierea inscrierilor(in jurul datei de 23-24 iunie 2012).<\/p>\n<p><strong>Partiturile premiate<\/strong>\u00a0intr\u0103 \u00een proprietatea Fundatiei Culturale \u201cPRO PIANO-ROMANIA\u201d. Partiturile care nu au ob\u0163inut premii pot fi restituite, la cerere, autorilor.<\/p>\n<p>Organizatorii vor mediatiza lucr\u0103rile premiate prin publicarea lor intr-un\u00a0 volum special, in emisiuni speciale TV \u015fi radio. Totodata, lucrarile au sansa sa fie interpretate in auditii si recitaluri organizate de Fundatie, pe toata durata anului.<\/p>\n<p>&nbsp;<\/p>\n<ul>\n<li><strong>MUZICOLOGIE<\/strong><\/li>\n<\/ul>\n<p>Concursul se adreseaz\u0103 elevilor, studen\u0163ilor \u015fi masteranzilor din Scoli, Licee, Colegii, Universit\u0103\u0163i, Academii \u015fi Facult\u0103\u0163i de Muzic\u0103(pentru concurentii din strainatate este preferata limba engleza). Concursul const\u0103 \u00eentr-o singur\u0103 prob\u0103 scris\u0103\u00a0\u0219i presupune\u00a0<strong>comentarea<\/strong>\u00a0unei lucr\u0103ri muzicale din secolul XX(lucrare care va fi prezentat\u0103 \u00een momentul concursului).\u00a0Ora \u0219i locul de desf\u0103\u0219urare se va anun\u021ba la sf\u00e2r\u0219itul lunii mai.<\/p>\n<p>\u00censcrierile se vor face p\u00e2n\u0103\u00a0la data de\u00a0<strong>5\u00a0iunie 2012<\/strong>, prin e-mail sau direct la organizator(informatii la telefon)<\/p>\n<p><strong>Pentru \u00eenscriere sunt necesare urm\u0103toarele:<\/strong><\/p>\n<p><strong>1.<\/strong>\u00a0copia unui act de identitate<\/p>\n<p><strong>2.<\/strong>\u00a0formularul de\u00a0 \u00eenscriere de mai jos, completat<\/p>\n<p><strong>3.<\/strong>\u00a0copia achit\u0103rii taxei de participare de 50 lei<\/p>\n<p>Se vor acorda: premiul I, II, III si premii speciale. Premiile constau in Diplome, iar Premiul I si in bani.<\/p>\n<p>Gala de premiere va avea loc odata cu premierea pentru sectiunea interpretare si compozitie, la o data ce se va anunta ulterior(23 sau 24 iunie 2012).<\/p>\n<address><em>Informa\u021bii suplimentare\u00a0la:<\/em><\/address>\n<address><em>Tel: 0722 38 26 26<\/em><\/address>\n<address><em>E-mail:\u00a0<a href=\"mailto:propiano@gmail.com\">propiano@gmail.com<\/a><\/em><\/address>\n<address><em>Web:\u00a0<a title=\"link\" href=\"http:\/\/www.propiano.org\/contact\">www.propiano.org<\/a><\/em><\/address>\n<address>\u00a0<\/address>\n<address>\u00a0<\/address>\n<address><strong>FORMULAR de INSCRIERE<\/strong><br \/>\nConcursul International &#8220;PRO PIANO-ROMANIA&#8221;\u00a0<\/address>\n<address>Sectiunea muzicologie &#8211; edi\u021bia a II-a, 2012<\/address>\n<p>1.\u00a0\u00a0\u00a0\u00a0\u00a0\u00a0Nume\u2026\u2026\u2026\u2026\u2026\u2026\u2026\u2026\u2026\u2026\u2026\u2026\u2026\u2026\u2026\u2026\u2026&#8230;<\/p>\n<p>2.\u00a0\u00a0\u00a0\u00a0\u00a0Prenume\u2026\u2026\u2026\u2026\u2026\u2026\u2026\u2026\u2026\u2026\u2026\u2026\u2026\u2026\u2026\u2026<\/p>\n<p>3.\u00a0\u00a0\u00a0\u00a0\u00a0Data nasterii\u2026\u2026\u2026\u2026\u2026\u2026\u2026\u2026\u2026\u2026\u2026\u2026\u2026\u2026<\/p>\n<p>4.\u00a0\u00a0\u00a0\u00a0Tara \u2013 cetatenia\u2026\u2026\u2026\u2026\u2026\u2026\u2026\u2026\u2026\u2026\u2026\u2026.<\/p>\n<p>5.\u00a0\u00a0\u00a0\u00a0Cod numeric personal\u2026\u2026\u2026\u2026\u2026\u2026\u2026\u2026\u2026.\u2026.<\/p>\n<p>6.\u00a0\u00a0\u00a0\u00a0Domiciliul(adresa completa)\u2026\u2026\u2026\u2026&#8230;&#8230;<\/p>\n<p>7. \u00a0 Tel.Fax\u2026\u2026\u2026\u2026\u2026\u2026\u2026\u2026\u2026\u2026\u2026\u2026\u2026\u2026\u2026\u2026\u2026\u2026<\/p>\n<p>8. \u00a0 E-mail\u2026\u2026\u2026\u2026\u2026\u2026\u2026\u2026\u2026\u2026\u2026\u2026\u2026\u2026\u2026\u2026\u2026\u2026.<\/p>\n<p>9. \u00a0 Institu\u021bia de \u00eenv\u0103\u021b\u0103m\u00e2nt&#8230;&#8230;&#8230;&#8230;&#8230;&#8230;&#8230;&#8230;..\u2026\u2026\u2026\u2026\u2026\u2026\u2026\u2026\u2026\u2026\u2026\u2026\u2026\u2026<\/p>\n<p>9. \u00a0 \u00a0Clasa\/anul\u2026\u2026\u2026\u2026\u2026\u2026\u2026\u2026\u2026\u2026\u2026\u2026\u2026\u2026\u2026\u2026.<\/p>\n<p>10. \u00a0 Profesor- Nume si prenume\u2026\u2026\u2026\u2026\u2026\u2026\u2026\u2026\u2026\u2026\u2026\u2026\u2026\u2026\u2026\u2026\u2026\u2026\u2026\u2026\u2026\u2026\u2026\u2026\u2026<\/p>\n","protected":false},"excerpt":{"rendered":"<p>Regulamentul \u00a0si formularul de inscriere la\u00a0Sec\u021biunea a II-a a Concursului International\u00a0&#8220;PRO PIANO-ROMANIA&#8221; \u00a0Compozitie\u00a0\u00a0si Muzicologie \/\u00a0Editia a II-a, 2012 \u00a0COMPOZI\u021aIE Concursul se adreseaz\u0103 elevilor, studen\u0163ilor \u015fi masteranzilor din Liceele, Colegiile, Universit\u0103\u0163ile, Academiile \u015fi Facult\u0103\u0163ile de Muzic\u0103. Este impartit in 2 sub-sec\u021biuni, pe criteriul varstei: a)\u00a0pana in 18 ani b)\u00a0intre 19-30 ani Concursul urm\u0103re\u015fte: &#8211;\u00a0stimularea si incurajarea [&hellip;]<\/p>\n","protected":false},"author":1,"featured_media":0,"parent":0,"menu_order":0,"comment_status":"open","ping_status":"open","template":"","meta":{"footnotes":""},"class_list":["post-1680","page","type-page","status-publish","hentry"],"_links":{"self":[{"href":"https:\/\/www.propiano.org\/romanian\/wp-json\/wp\/v2\/pages\/1680","targetHints":{"allow":["GET"]}}],"collection":[{"href":"https:\/\/www.propiano.org\/romanian\/wp-json\/wp\/v2\/pages"}],"about":[{"href":"https:\/\/www.propiano.org\/romanian\/wp-json\/wp\/v2\/types\/page"}],"author":[{"embeddable":true,"href":"https:\/\/www.propiano.org\/romanian\/wp-json\/wp\/v2\/users\/1"}],"replies":[{"embeddable":true,"href":"https:\/\/www.propiano.org\/romanian\/wp-json\/wp\/v2\/comments?post=1680"}],"version-history":[{"count":2,"href":"https:\/\/www.propiano.org\/romanian\/wp-json\/wp\/v2\/pages\/1680\/revisions"}],"predecessor-version":[{"id":1684,"href":"https:\/\/www.propiano.org\/romanian\/wp-json\/wp\/v2\/pages\/1680\/revisions\/1684"}],"wp:attachment":[{"href":"https:\/\/www.propiano.org\/romanian\/wp-json\/wp\/v2\/media?parent=1680"}],"curies":[{"name":"wp","href":"https:\/\/api.w.org\/{rel}","templated":true}]}}