{"id":1676,"date":"2012-11-01T08:45:20","date_gmt":"2012-11-01T08:45:20","guid":{"rendered":"http:\/\/www.propiano.org\/romanian\/?page_id=1676"},"modified":"2012-11-01T08:45:20","modified_gmt":"2012-11-01T08:45:20","slug":"concurs-pian-2012","status":"publish","type":"page","link":"https:\/\/www.propiano.org\/romanian\/concurs-pian-2012\/","title":{"rendered":"Concurs Pian 2012"},"content":{"rendered":"<h2>Regulamentul si formularul de inscriere la<\/h2>\n<h2>Concursul International de Interpretare<\/h2>\n<h2>\u201cPRO PIANO-ROMANIA\u201d<\/h2>\n<p>Editia a XVI-a, 19-24 iunie 2012<\/p>\n<p>&nbsp;<\/p>\n<p>Concursul International \u201cPRO-PIANO-ROMANIA\u201d este deschis tinerilor pianisti de orice nationalitate, nascuti dupa 1 ianuarie 1982 si se desf\u0103soar\u0103 \u00een 2 sectiuni distincte: interpretare(editia a XVI-a) \u0219i crea\u021bie muzical\u0103(compozi\u021bie) \/muzicologie(editia a II-a).<\/p>\n<p>&nbsp;<\/p>\n<p>1. Concursul este structurat \u00een patru sec\u021biuni &#8211; A, B, C si D, divizate la r\u00e2ndul lor \u00een categorii, \u00een func\u021bie de anul de na\u0219tere al concuren\u021bilor:<\/p>\n<p><strong>Sectiunea A (o etapa)\u2013 max. 8\u2019, nascuti in anii:<\/strong><\/p>\n<p>Cat 1-a \u2013 2005(si dupa)<\/p>\n<p>Cat. a 2-a \u2013 2004<\/p>\n<p>Cat. a 3-a \u2013 2003<\/p>\n<p>Cat. a 4-a \u2013 2002<\/p>\n<p>Repertoriul Sectiunii A ( 1 etapa):<\/p>\n<p>a) un studiu;<\/p>\n<p>b) o piesa preclasica(baroca);<\/p>\n<p>c) o piesa &#8211; sau clasica, sau romantica, sau moderna (una la alegere)<\/p>\n<p>&nbsp;<\/p>\n<p><strong>Sectiunea B \u2013 (2 etape) &#8211; nascuti in:<\/strong><\/p>\n<p>Cat. 1-a \u2013 2001 &#8211; max:10\u2019(pt etapa aII-a)<\/p>\n<p>Cat. a 2-a \u2013 2000<\/p>\n<p>Cat. a 3-a \u2013 1999<\/p>\n<p>Cat. a 4-a \u2013 1998<\/p>\n<p>Cat. a 5-a \u2013 1997 \u2014 max: 15\u2019(pt etapa a II-a)<\/p>\n<p>Cat a 6-a \u2013 1996<\/p>\n<p>Cat. a 7-a \u2013 1995 \u2013 max: 20\u2019(pt et II)<\/p>\n<p>Cat. a 8-a \u2013 1994 si 1993<\/p>\n<p>Repertoriul Sectiunii B (2 etape):<\/p>\n<p>Etapa I (eliminatorie):<\/p>\n<p>a) un studiu;<\/p>\n<p>b) o piesa preclasica(baroca)<\/p>\n<p>Etapa a II-a:<\/p>\n<p>a) O piesa clasica: PI de Sonata, sau Rondo(piesa de sine statatoare), sau Tema cu variatiuni<\/p>\n<p>b) O piesa romantica, moderna sau romaneasca (una, la alegere)<\/p>\n<p>&nbsp;<\/p>\n<p><strong>Sectiunea C \u2013 (3 etape ) nascuti dupa 1982<\/strong><\/p>\n<p>Repertoriu:<\/p>\n<p>Etapa I (eliminatorie):<\/p>\n<p>a) Doua studii de virtuozitate(Chopin, Liszt, Schumann, Rahmaninov, Debussy, Skriabin, Prokofiev)<\/p>\n<p>c) J. S. Bach \u2013 Preludiu si fuga sau 3 miscari(parti) din Suite, Partite<\/p>\n<p>Etapa a II-a (semifinala \u2013 eliminatorie)- max. 30\u2019<\/p>\n<p>a) o sonata clasica (Haydn, Mozart sau Beethoven)<\/p>\n<p>b) o piesa moderna, la alegere, din repertoriul universal sau romanesc<\/p>\n<p>Etapa a III-a (finala) \u2013 maxim 30\u2019<\/p>\n<p>&#8211; recital cu piese de factura diferita fata de cele prezentate in primele 2 etape, in care sa fie inclusa, in mod obligatoriu o piesa romantica.<\/p>\n<p>&nbsp;<\/p>\n<p><strong>Sectiunea D \u2013 Ansamblu la 4 maini &#8211; (o etapa):<\/strong><\/p>\n<p>Cat. 1 \u2013 nascuti intre 2004 \u2013 2000<\/p>\n<p>Cat. a 2-a-nascuti intre 1999 \u2013 1993<\/p>\n<p>Cat. a 3-a-nascuti intre 1992 \u2013 1982<\/p>\n<p>Repertoriul sectiunii D: piese la alegere, cu urmatorul minutaj maxim:<\/p>\n<p>cat. 1 \u2013 5\u2019<\/p>\n<p>cat. a 2-a \u2013 8\u2019<\/p>\n<p>cat. a 3-a \u2013 15&#8242;<\/p>\n<p>&nbsp;<\/p>\n<p>2. Se poate concura la doua categorii: : cea a varstei concurentului si la o categorie superioara, dar cu repertorii diferite. Repertoriul comunicat prin cererea de inscriere nu poate fi modificat ulterior.<\/p>\n<p>Ordinea de interpretare a pieselor este la libera alegere a candidatilor. In cazul depasirii duratei maxime stabilite pentru etapa a II-a (sau a III-a) juriul va intrerupe evolutia candidatului. Toate probele sunt publice. Ordinea intrarii in concurs este cea alfabetica pentru fiecare categorie de varsta.<\/p>\n<p>&nbsp;<\/p>\n<p>3. Termenul limit\u0103 pentru \u00eenscrierea la concurs este data de 25 mai 2012. In perioada 15 martie \u2013 30 aprilie 2012, singura modalitate de contact sau comunicare cu secretariatul concursului va fi numai prin internet \u2013 e-mail. (contactul prin telefon sau Fax nu va fi posibil). De aceea, este de preferat ca urmatoarele acte necesare inscrierii sa fie trimise prin e-mail(internet):<\/p>\n<p>\u00b7 certificat de na\u0219tere (copie scanata)<\/p>\n<p>\u00b7formularul de \u00eenscriere tip \u2013 completat cu toate datele cerute;<\/p>\n<p>\u00b7 fotografie 4 \/ 5 cm, tip pa\u0219aport, \u00een format electronic(Jpeg);<\/p>\n<p>\u00b7 chitan\u021ba doveditoare pentru plata taxei de \u00eenscriere: categoria A \u2013 200 RON; categoria B \u2013 250 RON; categoria C \u2013 300 RON; categoria D \u2013 100 RON\/ persoan\u0103.<\/p>\n<p>Aceast\u0103 sum\u0103 va fi trimis\u0103 in contul Funda\u021biei \u201cPro Piano -Rom\u00e2nia\u201d deschis la B C R \u2013 Sector 3, Bucure\u0219ti: Cod IBAN nr. RO85RNCB0074029228740001 \/ Cod fiscal 9099960.<\/p>\n<p>&nbsp;<\/p>\n<p>Inscrierile se pot trimite \u0219i prin po\u0219t\u0103, pe adresa secretariatului Funda\u021biei Culturale \u201cPRO PIANO-ROM\u00c2NIA\u201d, pentru d-na prof. Stela Avesalon(Aleea P\u0103durea Craiului nr.1, Bloc H3, Scara 1, Ap. 11, sector 3, Cod 032719, Of. Post 57, Bucure\u0219ti), dar confirmarea primirii actelor, precum \u0219i alte informatii (eventual trimiterea invita\u021biilor), vor fi posibile fie pana la 15 martie, fie dup\u0103 1 mai 2012.<\/p>\n<p>Se pot face inscrieri si direct la organizatori, in perioada 1 \u2013 25 mai 2012, , la o adresa si dupa un program ce se va anunta ulterior.<\/p>\n<p>In caz de neprezentare la concurs taxa nu se restituie.<\/p>\n<p>Cheltuielile de transport, cazare, mas\u0103 vor fi suportate de c\u0103tre participan\u021bi.<\/p>\n<p>&nbsp;<\/p>\n<p><strong>4. PREMII:<\/strong><\/p>\n<p>* Marele Premiu al Concursului International \u201cPro Piano \u2013 Romania\u201d<\/p>\n<p>* Cate 5 (cinci) premii la fiecare categorie, inclusiv Premiul I de Excelenta<\/p>\n<p>* Premii speciale<\/p>\n<p>* Premiul pentru interpretarea de exceptie a unei piese romanesti sau a unei alte piese din repertoriul prezentat<\/p>\n<p>* Premii din partea sponsorilor<\/p>\n<p>&nbsp;<\/p>\n<p>Participantilor din categoria A, care nu s-au calificat pentru unul dintre premiile anuntate in cap. IV, precum si celor care nu au promovat in etapa urmatoare(categoriile B si C), li se vor acorda (numai la cererea lor) Diploma de participare sau respectiv de semifinalist sau finalist.<\/p>\n<p>&nbsp;<\/p>\n<p>Toate premiile concursului vor fi inmanate personal laureatilor in festivitatea de premiere: Gala laureatilor.<\/p>\n<p>&nbsp;<\/p>\n<p>5. Juriul concursului va fi alcatuit din personalitati ale vietii muzicale romanesti si internationale.<\/p>\n<p>&nbsp;<\/p>\n<p>Hotararile juriului sunt definitive si inatacabile. Pentru eventualele inregistrari audio-video concurentii nu vor putea solicita onorariu. Din momentul inscrierii la concurs, candidatii accepta prezentul regulament si<\/p>\n<p>autoritatea juriului.<\/p>\n<p>&nbsp;<\/p>\n<p>Informatii suplimentare se pot obtine la:<\/p>\n<p>Tel: (021) 644.23.74<\/p>\n<p>Fax: (021)\/ 341.16.88<\/p>\n<p>Tel\/mobil : 0722.38.26.26<\/p>\n<p>E-mail : propiano@gmail.com<\/p>\n<p>Web page:\u00a0<a href=\"http:\/\/www.propiano.org\">www.propiano.org<\/a><\/p>\n<p>&nbsp;<\/p>\n<p>&nbsp;<\/p>\n<p>&nbsp;<\/p>\n<p><strong>FORMULAR de INSCRIERE<\/strong><\/p>\n<p>Concursul International \u201cPRO PIANO-ROMANIA\u201d<\/p>\n<p>Sectiunea Interpretare \/ Editia a XVI- a, 19 \u2013 24 iunie 2012.<\/p>\n<p>&nbsp;<\/p>\n<p>CONCURENT<\/p>\n<p>&nbsp;<\/p>\n<p>1. Nume\u2026\u2026\u2026\u2026\u2026\u2026\u2026\u2026\u2026\u2026\u2026\u2026\u2026\u2026\u2026\u2026\u2026\u2026<\/p>\n<p>2. Prenume\u2026\u2026\u2026\u2026\u2026\u2026\u2026\u2026\u2026\u2026\u2026\u2026\u2026\u2026\u2026\u2026<\/p>\n<p>3. Tara \u2013 cetatenia\u2026\u2026\u2026\u2026\u2026\u2026\u2026\u2026\u2026\u2026\u2026\u2026.<\/p>\n<p>4. Data nasterii\u2026\u2026\u2026\u2026\u2026\u2026\u2026\u2026\u2026\u2026\u2026\u2026\u2026\u2026<\/p>\n<p>Cod numeric personal\u2026\u2026\u2026\u2026\u2026\u2026\u2026\u2026\u2026.\u2026\u2026<\/p>\n<p>5. Domiciliul(adresa completa)\u2026\u2026\u2026\u2026&#8230;&#8230;..<\/p>\n<p>6. Tel.Fax\u2026\u2026\u2026\u2026\u2026\u2026\u2026\u2026\u2026\u2026\u2026\u2026\u2026\u2026\u2026\u2026\u2026\u2026<\/p>\n<p>E-mail\u2026\u2026\u2026\u2026\u2026\u2026\u2026\u2026\u2026\u2026\u2026\u2026\u2026\u2026\u2026\u2026\u2026\u2026\u2026.<\/p>\n<p>7. Scoala\/liceul\u2026\u2026\u2026\u2026\u2026\u2026\u2026\u2026\u2026\u2026\u2026\u2026\u2026\u2026&#8230;<\/p>\n<p>8. Curriculum vitae<\/p>\n<p>&nbsp;<\/p>\n<p>PROFESOR:<\/p>\n<p>Nume si prenume\u2026\u2026\u2026\u2026\u2026\u2026\u2026\u2026\u2026\u2026\u2026\u2026\u2026\u2026\u2026\u2026&#8230;..<\/p>\n<p>Tel\/Fax\u2026\u2026\u2026\u2026\u2026\u2026\u2026\u2026\u2026\u2026\u2026\u2026\u2026\u2026\u2026\u2026\u2026\u2026\u2026\u2026\u2026.<\/p>\n<p>E-mail\u2026\u2026\u2026\u2026\u2026\u2026\u2026\u2026\u2026\u2026\u2026\u2026\u2026\u2026\u2026\u2026\u2026\u2026\u2026\u2026\u2026<\/p>\n<p>&nbsp;<\/p>\n<p>REPERTORIU :<\/p>\n<p>Sectiunile A si D (o etapa)-a se vedea minutajul in regulament) :<\/p>\n<p>a\u2026\u2026\u2026\u2026\u2026\u2026\u2026\u2026\u2026\u2026\u2026\u2026\u2026\u2026\u2026\u2026\u2026\u2026\u2026\u2026\u2026\u2026\u2026.<\/p>\n<p>b\u2026\u2026\u2026\u2026\u2026\u2026\u2026\u2026\u2026\u2026\u2026\u2026\u2026\u2026\u2026\u2026\u2026\u2026\u2026\u2026\u2026\u2026\u2026.<\/p>\n<p>c\u2026\u2026\u2026\u2026\u2026\u2026\u2026\u2026\u2026\u2026\u2026\u2026\u2026\u2026\u2026\u2026\u2026\u2026\u2026\u2026\u2026\u2026\u2026.<\/p>\n<p>&nbsp;<\/p>\n<p>Sectiunea B ( 2 etape) :<\/p>\n<p>Etapa I(eliminatorie):<\/p>\n<p>a\u2026\u2026\u2026\u2026\u2026\u2026\u2026\u2026\u2026\u2026\u2026\u2026\u2026\u2026\u2026\u2026\u2026\u2026\u2026\u2026\u2026<\/p>\n<p>b\u2026\u2026\u2026\u2026\u2026\u2026\u2026\u2026\u2026\u2026\u2026\u2026\u2026\u2026\u2026\u2026\u2026\u2026\u2026\u2026\u2026<\/p>\n<p>Etapa a II-a &#8211; minutaj: cat.1-4 max. 10;<\/p>\n<p>cat. 5 \u2013 6 max. 15\u2032 cat. 7-8 max. 20\u2019<\/p>\n<p>a\u2026\u2026\u2026\u2026\u2026\u2026\u2026\u2026\u2026\u2026\u2026\u2026\u2026\u2026\u2026\u2026\u2026\u2026\u2026\u2026\u2026<\/p>\n<p>b\u2026\u2026\u2026\u2026\u2026\u2026\u2026\u2026\u2026\u2026\u2026\u2026\u2026\u2026\u2026\u2026\u2026\u2026\u2026\u2026\u2026<\/p>\n<p>&nbsp;<\/p>\n<p>Sectiunea C (3 etape):<\/p>\n<p>Etapa I(eliminatorie)<\/p>\n<p>a\u2026\u2026\u2026\u2026\u2026\u2026\u2026\u2026\u2026\u2026\u2026\u2026\u2026\u2026\u2026\u2026\u2026\u2026\u2026\u2026\u2026<\/p>\n<p>b\u2026\u2026\u2026\u2026\u2026\u2026\u2026\u2026\u2026\u2026\u2026\u2026\u2026\u2026\u2026\u2026\u2026\u2026\u2026\u2026\u2026<\/p>\n<p>c\u2026\u2026\u2026\u2026\u2026\u2026\u2026\u2026\u2026\u2026\u2026\u2026\u2026\u2026\u2026\u2026\u2026\u2026\u2026\u2026\u2026<\/p>\n<p>Etapa a II-a \u2013 semifinala(eliminatorie): max. 30\u2032<\/p>\n<p>a\u2026\u2026\u2026\u2026\u2026\u2026\u2026\u2026\u2026\u2026\u2026\u2026\u2026\u2026\u2026\u2026\u2026\u2026\u2026\u2026\u2026<\/p>\n<p>b\u2026\u2026\u2026\u2026\u2026\u2026\u2026\u2026\u2026\u2026\u2026\u2026\u2026\u2026\u2026\u2026\u2026\u2026\u2026\u2026\u2026<\/p>\n<p>Etapa a III-a \u2013 finala: max. 30\u2032<\/p>\n<p>a\u2026\u2026\u2026\u2026\u2026\u2026\u2026\u2026\u2026\u2026\u2026\u2026\u2026\u2026\u2026\u2026\u2026\u2026\u2026\u2026\u2026<\/p>\n<p>b\u2026\u2026\u2026\u2026\u2026\u2026\u2026\u2026\u2026\u2026\u2026\u2026\u2026\u2026\u2026\u2026\u2026\u2026\u2026\u2026\u2026<\/p>\n<p>&nbsp;<\/p>\n<p>Data:<\/p>\n<p>Semnatura<\/p>\n","protected":false},"excerpt":{"rendered":"<p>Regulamentul si formularul de inscriere la Concursul International de Interpretare \u201cPRO PIANO-ROMANIA\u201d Editia a XVI-a, 19-24 iunie 2012 &nbsp; Concursul International \u201cPRO-PIANO-ROMANIA\u201d este deschis tinerilor pianisti de orice nationalitate, nascuti dupa 1 ianuarie 1982 si se desf\u0103soar\u0103 \u00een 2 sectiuni distincte: interpretare(editia a XVI-a) \u0219i crea\u021bie muzical\u0103(compozi\u021bie) \/muzicologie(editia a II-a). &nbsp; 1. Concursul este structurat [&hellip;]<\/p>\n","protected":false},"author":1,"featured_media":0,"parent":0,"menu_order":0,"comment_status":"open","ping_status":"open","template":"","meta":{"footnotes":""},"class_list":["post-1676","page","type-page","status-publish","hentry"],"_links":{"self":[{"href":"https:\/\/www.propiano.org\/romanian\/wp-json\/wp\/v2\/pages\/1676","targetHints":{"allow":["GET"]}}],"collection":[{"href":"https:\/\/www.propiano.org\/romanian\/wp-json\/wp\/v2\/pages"}],"about":[{"href":"https:\/\/www.propiano.org\/romanian\/wp-json\/wp\/v2\/types\/page"}],"author":[{"embeddable":true,"href":"https:\/\/www.propiano.org\/romanian\/wp-json\/wp\/v2\/users\/1"}],"replies":[{"embeddable":true,"href":"https:\/\/www.propiano.org\/romanian\/wp-json\/wp\/v2\/comments?post=1676"}],"version-history":[{"count":1,"href":"https:\/\/www.propiano.org\/romanian\/wp-json\/wp\/v2\/pages\/1676\/revisions"}],"predecessor-version":[{"id":1677,"href":"https:\/\/www.propiano.org\/romanian\/wp-json\/wp\/v2\/pages\/1676\/revisions\/1677"}],"wp:attachment":[{"href":"https:\/\/www.propiano.org\/romanian\/wp-json\/wp\/v2\/media?parent=1676"}],"curies":[{"name":"wp","href":"https:\/\/api.w.org\/{rel}","templated":true}]}}