{"id":1658,"date":"2012-10-27T23:40:46","date_gmt":"2012-10-27T23:40:46","guid":{"rendered":"http:\/\/www.propiano.org\/romanian\/?page_id=1658"},"modified":"2026-01-16T17:50:33","modified_gmt":"2026-01-16T17:50:33","slug":"istoricul-fundatiei","status":"publish","type":"page","link":"https:\/\/www.propiano.org\/romanian\/istoricul-fundatiei\/","title":{"rendered":"Istoricul Fundatiei"},"content":{"rendered":"<h3 style=\"text-align: center;\"><strong>Istoricul Fundatiei<\/strong><strong>\u00a0Culturale cu Statut de Utilitate Publica<\/strong><\/h3>\n<h3 style=\"text-align: center;\"><strong>\u201cPRO PIANO \u2013 ROM\u00c2NIA\u201d<\/strong><\/h3>\n<p><strong>Funda\u0163ia Cultural\u0103\u00a0\u201cPRO PIANO-ROM\u00c2NIA\u201d <\/strong>este persoan\u0103 juridic\u0103 rom\u00e2n\u0103 de drept privat, infiintata in anul 1996, cu <strong>STATUT de UTILITATE PUBLICA<\/strong> din anul 2004. Doamna <strong>Stela Avesalon<\/strong>, presedinta fundatiei\u00a0 este profesoar\u0103 de pian gradul I, cu Grada\u0163ie de Merit \u0219i Diplom\u0103 de Excelen\u021b\u0103 conferit de Ministerul Inva\u021b\u0103m\u00e2ntului.<br \/>\nPotrivit statutului s\u0103u, funda\u0163ia are ca scop principal educarea, selec\u021bionarea \u015fi subven\u0163ionarea unei elitei artistice, culturale, muzicale, prin \u015fcolarizarea \u00een \u00eenv\u0103\u0163\u0103m\u00e2nt autorizat a persoanelor fizice de orice v\u00e2rst\u0103, precum \u015fi prin sprijinirea \u015fi promovarea tinerilor supradota\u0163i, a talentelor reprezentative pentru muzica vocal\u0103 \u015fi instrumental\u0103 laic\u0103 \u015fi religioas\u0103, pe plan na\u0163ional \u015fi interna\u0163ional.<br \/>\nIn acord cu scopul \u015fi obiectul s\u0103u de activitate, funda\u0163ia, \u00eenc\u0103 de la \u00eenfiin\u0163are a organizat<strong>\u00a0<\/strong>\u015fi subven\u0163ionat(prin atragere de sponsori) participarea unor tineri piani\u015fti la concursuri na\u0163ionale(Bra\u015fov, Constan\u0163a, Ploie\u015fti, Piatra-Neam\u0163, Suceava, T\u00e2rgu-Jiu, Tulcea,) \u015fi interna\u0163ionale:Franta(Hyeres), Italia(San Bartolomeo, Agropoli, Moncalieri, Salerno), Grecia (Marcopoulo si Pireu), Bulgaria(Burgas) precum \u015fi numeroase spectacole de \u00eenalt\u0103 \u0163inut\u0103 artistic\u0103 \u015fi cultural\u0103. Acestea au contribuit din plin la sprijinirea tinerilor \u00een drumul lor spre afirmare( fapt reflectat \u00een premiile ob\u0163inute de elevi de-a lungul anilor, precum \u015fi \u00een articole de pres\u0103).<\/p>\n<p>In\u00a0 1997 a fost initiat <em>\u00a0<\/em>Concursul Interna\u0163ional de Interpretare \u201cPRO PIANO-ROM\u00c2NIA.<strong> D<\/strong>estinat\u0103 tinerilor piani\u015fti cu v\u00e2rste cuprinse \u00eentre 5 \u201330 ani, competi\u0163ia interna\u0163ional\u0103 este unica in tara, fiind singurul concurs interna\u0163ional pentru copii \u015fi tineri muzicieni cu care se desfasoara anual.<\/p>\n<p>Concursul este divizat \u00een 4 sec\u0163iuni(A, B, C, D), fiecare dintre ele av\u00e2nd o desf\u0103\u015furare proprie. Originalitatea concursului const\u0103 \u00een structurarea primelor 2 sec\u0163iuni &#8211; A \u015fi B(de v\u00e2rste mici) pe criteriul strict al v\u00e2rstei: fiecare an de na\u015ftere este reprezentat printr-o categorie separat\u0103, fiind \u00eenscri\u015fi concuren\u0163i cu aceea\u015fi v\u00e2rst\u0103. Cele 4 categorii existente \u00een concurs: A, B, C \u015fi D ofer\u0103 posibilitatea unor aprecieri mult mai echilibrate, echitabile a concuren\u0163ilor, \u00een compara\u0163ie cu sistemul de apreciere existent \u00een majoritatea competi\u0163iilor interna\u0163ionale. Acest fapt a atras \u00eenscrierea chiar de la prima edi\u0163ie a unui num\u0103r record de concuren\u0163i -130, iar la edi\u0163ia urm\u0103toare chiar 190 concuren\u0163i\/edi\u021bie.<\/p>\n<p>\u00cen paralel, din anul 2011 se desf\u0103\u0219oar\u0103 \u0219i Concursul de Compozi\u021bie muzical\u0103(crea\u021bie)<\/p>\n<p>Primele 29 edi\u0163ii ale Concursului de Interpretare au<strong>\u00a0<\/strong>\u00eensumat un num\u0103r de cca. 3900 concuren\u0163i din 32 de \u0163\u0103ri: Austria, Azerbaidjan, Belarus, Bulgaria, Canada, China, Coreea, Croatia, Estonia, Georgia, Germania, Grecia, Iordania, Japonia, Kazahstan, Letonia, Lituania, Macedonia, Rep. Moldova, Polonia, Portugalia, Rusia, Serbia-Muntenegru, Slovacia, Slovenia, SUA, Suedia, Turcia, Ucraina, Ungaria, Uzbekistan \u015fi Rom\u00e2nia. Din 1997, acest proiect s-a desf\u0103\u015furat an de an \u00een luna iunie, \u00een s\u0103lile: \u201cAuditorium\u201d a Muzeului Na\u0163ional de Art\u0103 al Rom\u00e2niei, ArCuB \u015fi Filarmonica \u201eGeorge Enescu\u201d\u2013Ateneul Rom\u00e2n.<\/p>\n<p>Rezultate ob\u0163inute:\u00a0depistarea, selec\u0163ionarea \u015fi erarhizarea talentelor pianistice autentice<strong>,\u00a0<\/strong>precum \u015fi lansarea lor \u00een via\u0163a muzical\u0103 na\u0163ional\u0103 \u015fi interna\u0163ional\u0103. To\u0163i <strong>laurea\u0163ii Marelui Premiu<\/strong> s-au lansat cu brio \u00een via\u0163a muzical\u0103 interna\u0163ional\u0103:<\/p>\n<p><strong>1.<\/strong> <strong>Alexandru Timofeev<\/strong>-Rep. Moldova(1997), <strong>2.<\/strong> <strong>Anca Lacea<\/strong> &#8211; Rom\u00e2nia(1998),\u00a0 <strong>3.<\/strong> <strong>Lucian Velciu<\/strong> &#8211; Rom\u00e2nia (2001), <strong>4.<\/strong> <strong>Mariusz Adamczak <\/strong>&#8211; Polonia(2002), <strong>5.<\/strong> <strong>Sebastian Shwan<\/strong>-Rom\u00e2nia(2003), <strong>6.<\/strong> <strong>Kana Kashihara<\/strong> \u2013 Japonia(2008),\u00a0 <strong>7.<\/strong> <strong>Ekaterina Shiskina<\/strong> \u2013 Rusia(2011),\u00a0 <strong>8.<\/strong> <strong>Eva Garet<\/strong> &#8211; Romania(2018),\u00a0 <strong>9.<\/strong> <strong>Manuel Nicholas M\u0103rgineanu<\/strong> &#8211; Spania(2021), 10. <strong>Gligor Lungan Vladimir<\/strong> &#8211; Rom\u00e2nia(2025)<\/p>\n<p>\u00cen anul\u00a01997\u00a0am desf\u0103\u015furat un al doilea proiect PHARE prin care s-au realizat materiale promo\u0163ionale pentru Funda\u0163ie, iar \u00een anul\u00a01998,\u00a0tot cu o finan\u0163are FDSC \u2013 PHARE, \u00een colaborare cu Funda\u0163ia \u201cPreasf\u00e2nta Fecioara Maria\u201d am organizat un\u00a0proiect \u2013spectacol:\u00a0\u201c25 decembrie-na\u015fterea Domnului Iisus Hristos \u2013 o posibilitate de dialog \u00eentre occident \u015fi orientul orodox\u201c. Deci am finalizat \u00een bune condi\u0163ii\u00a0<strong>3 proiecte PHARE<\/strong>, primind numeroase aprecieri pozitive referitoare la derularea proiectelor.<\/p>\n<p><strong>Anul 1999:<\/strong><\/p>\n<p>&#8211; Turneu de recitaluri de pian cu 2 eleve in Italia, la \u201cAccademia di Romania\u201d din Roma, Institutul Cultural din Venetia si in Verona.<br \/>\n&#8211; Seria de recitaluri\u00a0cu numero\u015fi copii si \u00a0tineri talenta\u0163i, l\u0103rgind aria celor programa\u0163i cu violoni\u015fti \u015fi c\u00e2nt\u0103re\u0163i.<br \/>\nPrimele recitaluri au avut loc la Centrul Cultural al Ungariei, Cehiei, Germaniei, Fran\u0163ei, la Casa Oamenilor de \u015etiin\u0163\u0103 (CO\u015e), la sala \u201c Ioan I. Dalles\u201d.<\/p>\n<p>Stagiuni de recitaluri \u015fi spectacole ini\u0163iate \u015fi organizate de Funda\u0163ie:<\/p>\n<ul>\n<li>\u00centre anii 2000 \u2013 2003 la Funda\u0163ia European\u0103 Dr\u0103gan,\u00a0sub genericul\u00a0\u201cFunda\u0163iile sprijin\u0103 tinere talente\u201d-\u00a0proiect ini\u0163iat \u015fi organizat de Funda\u0163ia noastr\u0103;<\/li>\n<li>Din aprilie 2001 \u015fi p\u00een\u0103 \u00een 2005, la Parlamentul Rom\u00e2niei\u00a0\u2013 sala Clubul Parlamentarilor Rom\u00e2ni \u201cIon Ra\u0163iu\u201dsub genericul\u00a0\u201cStelu\u0163ele Parlamentului\u201d;<\/li>\n<li>Din septembrie 2000 \u2013 2005 &#8211; la Casa Memorial\u0103 \u201cGeorge Enescu\u201d din Sinaia, cu sprijinul Centrului European de Cultur\u0103-Sinaia, sub 2 tiluri generice:\u00a01.\u201cLa por\u0163ile M\u0103iestriei \u201c si 2.\u00a0\u201cDEDICA\u0162II\u201d,\u00a0cu diverse ocazii ca de ex: \u00een luna decembrie- \u201cVine, vine,Mo\u015f Cr\u0103ciun\u201d; \u00een luna martie-\u00a0\u201cM\u0103r\u0163i\u015foare muzicale\u2026 pentru mame, bunici si profesoare\u201d; \u00een luna iunie-\u00a0\u201cCopil\u0103rie \u00eemplinit\u0103&#8230;prin art\u0103\u201d. Aceste spectacole au fost manifest\u0103ri sincretice de muzic\u0103 instrumental\u0103 \u015fi vocal\u0103, poezie, expozi\u0163ii de pictur\u0103, toate fiind realizate \u00een exclusivitate de participan\u0163ii respectivi.<\/li>\n<\/ul>\n<ul>\n<li>Ateneul Rom\u00e2n \u2013sala mare de concerte- 2001, 2002(Gala laurea\u0163ilor edi\u0163iilor a V-a \u015fi a VI-a);\u00a0&#8211;\u00a0sala mic\u0103 \u2013 2001-2004;<\/li>\n<li>Palatul \u015eU\u0162U\u00a0\u2013 Muzeul Municipiului Bucure\u015fti &#8211; 2003, 2004, \u00een parteneriat cu Prim\u0103ria sectorului 3;<\/li>\n<li>ArCuB\u00a0\u2013 Centrul de Proiecte Culturale al Prim\u0103riei Municipiului Bucure\u015fti- din anul 2003 p\u00e2n\u0103 \u00een prezent;<\/li>\n<li>Sala de Concerte a \u015ecolii de Muzic\u0103 \u015fi Arte Plastice nr. 3- \u201cCuibul cu barz\u0103\u201d- 2004; 2005;<\/li>\n<li>Amfiteatrul Liceului de Muzic\u0103 \u015fi Arte Plastice \u2013\u00a0T\u00e2rgovi\u015fte \u2013\u00a02004; 2005;<\/li>\n<li>Ateneu\u00a0\u2013 concert cerut \u015fi finan\u0163at de BCR \u2013 07 decembrie 2004<\/li>\n<li>Muzeul Na\u0163ional \u201cGeorge Enescu\u201d- Palatul Cantacuzino, Bucure\u015fti \u2013 2006, 2007<\/li>\n<li>Palatul Na\u0163ional al Copiilor\u00a0&#8211; 2006, 2007<\/li>\n<\/ul>\n<p><strong>Sponsori care ne-au sprijinit de-a lungul anilor \u00een realizarea acestor proiecte:<\/strong><\/p>\n<ul>\n<li>B R D \u2013 GROUPE SOCIETE GENERALE;<\/li>\n<li>B.C.R;<\/li>\n<li>Hotelurile: Intercontinental, Ambasador, Triumf, \u015fi Rembrandt;<\/li>\n<li>CREDIDAM<\/li>\n<\/ul>\n<p><strong>Parteneri:<\/strong><\/p>\n<ul>\n<li>ArCuB\u00a0\u2013 Centrul de Proiecte Culturale al Prim\u0103riei Municipiului Bucure\u015fti<\/li>\n<li>Casa Memorial\u0103 \u201eGeorge Enescu\u201d &#8211; Sinaia<\/li>\n<li>Casa de Cultur\u0103 \u201cFr. Schiller\u201d<\/li>\n<li>Centrul Cultural \u201dAurel Stroe\u201d &#8211; Bu\u0219teni<\/li>\n<li>Centrul European de Cultur\u0103 \u2013 Sinaia<\/li>\n<li>Centrul Cultural al Republicii Ungare<\/li>\n<li>Colegiul Na\u021bional de Arte \u201cDinu Lipatti\u201d-Bucure\u015fti<\/li>\n<li>Colegiul Na\u021bional de Muzic\u0103 \u201dGeorge Enescu\u201d<\/li>\n<li>Colegiul Na\u021bional de Art\u0103 \u201dOctav B\u0103ncil\u0103\u201d \u2013 Ia\u0219i<\/li>\n<li>Filarmonica \u201cGeorge Enescu\u201d \u2013\u00a0Ateneul Rom\u00e2n<\/li>\n<li>Funda\u0163ia \u201cPresf\u00e2nta Fecioara Maria\u201d<\/li>\n<li>Institutul Francez ;<\/li>\n<li>Institutul German \u201cGoethe;<\/li>\n<li>Institutul Polonez;<\/li>\n<li>Liceul de Muzic\u0103 din T\u00e2rgovi\u015fte<\/li>\n<li>Ministerul Culturii \u015fi Cultelor<\/li>\n<li>Muzeul Etnografic al Transilvaniei \u2013 Cluj-Napoca<\/li>\n<li>Palatul Na\u0163ional al Copiilor &#8211; Bucure\u015fti<\/li>\n<li>Prim\u0103ria Municipiului Bucure\u015fti<\/li>\n<li>\u015ecoalile de Muzic\u0103 \u015fi Arte Plastice nr. 1, 3 \u015fi nr. 4 \u2013 Bucure\u0219ti<\/li>\n<\/ul>\n<p>\u00cen anii 1999, 2000, 2001, 2002, 2003, 2004 2005, 2006, 2007 si 2008 am realizat numeroase\u00a0colabor\u0103ri cu organiza\u0163ii similare\u00a0ca: Funda\u0163ia European\u0103 Dr\u0103gan, Funda\u0163ia \u201cPrea Sf\u00e2nta Fecioara Maria\u201d, Funda\u0163ia \u201cRemember Enescu\u201d, Funda\u0163ia \u201cPRO ARTE\u201d, Funda\u0163ia \u201cH. Coand\u0103\u201d, Funda\u0163ia \u201cAperto\u201d, Funda\u0163ia Na\u0163ional\u0103 pentru Cultur\u0103, Art\u0103 \u015fi Literatur\u0103 \u201c Mihai Eminescu\u201d( la care sunt pre\u015fedint\u0103 de onoare), Asocia\u0163ia \u201cOrizont 21\u201d, Uniunea Criticilor Muzicali din Rom\u00e2nia, \u015ecoalile de Muzic\u0103 \u015fi Arte Plastice nr. 3 \u015fi nr. 4, Liceul de Muzic\u0103 \u015fi Arte Plastice din T\u00e2rgovi\u015fte. Aceste colabor\u0103ri constau \u00een promovarea tinerelor talente prin diverse mijloace: concursuri, festivaluri, concerte, recitaluri, precum \u015fi prin stimularea studiului individual prin acordarea unor premii, diplome, burse de studiu, turnee de concerte \u00een \u0163ar\u0103 \u015fi str\u0103in\u0103tate, schimburi culturale.<\/p>\n<h4><strong>Alte proiecte \u201cPRO PIANO-ROM\u00c2NIA\u201d:<\/strong><\/h4>\n<p><strong>I. FESTIVALUL \u00a0laurea\u0163ilor &#8211;\u00a0 <\/strong>din anul\u00a02002 &#8211;\u00a0\u00een paralel cu concursul &#8211;\u00a0\u00a0cu o desf\u0103\u0219urare anual(\u00een luna mai). Const\u0103 \u00eentr-o serie de 5 -9 recitaluri de promovare a\u00a0laurea\u0163ilor concursului PRO PIANO \u0219i a altor concursuri na\u021bionale \u0219i interna\u021bionale.<\/p>\n<p><strong>II. Festivalul\u00a0\u201cPRIETENII MUZICII\/PRO PIANO-ROM\u00c2NIA\u201d &#8211;\u00a0<\/strong>din anul\u00a02003, \u00een paralel\u00a0cu concursul.\u00a0\u00a0\u00a0\u00a0\u00a0\u00a0 El este\u00a0destinat copiilor \u015fi tinerilor care \u00eenva\u0163\u0103 pianul \u00een \u015fcoli \u0219i licee de muzic\u0103(ca instrument principal sau op\u021bional) sau\u00a0\u00een cercurile de la\u00a0Palatele Copiilor, Cluburi \u0219i\u00a0\u00een sistem particular.<\/p>\n<p style=\"text-align: left;\"><strong>\u00a0\u00a0\u00a0\u00a0\u00a0\u00a0\u00a0\u00a0\u00a0\u00a0 &#8211; Loca\u021biile<\/strong> Festivalului \u201dPrietenii Muzicii\u201d(toate cu def\u0103\u0219urare anual\u0103):<\/p>\n<ol>\n<li><strong>Bucure\u0219ti<\/strong> &#8211; din anul 2003<\/li>\n<li><strong>Cluj-Napoca<\/strong> din anul\u00a02008<\/li>\n<li><strong>\u00a0Ia\u0219i<\/strong> &#8211; din anul\u00a02012<\/li>\n<li>\u00a0<strong>Sibiu <\/strong>&#8211;\u00a0din anul 2013<\/li>\n<li><strong>\u00a0Timi\u0219oara<\/strong> &#8211; din anul 2016<\/li>\n<\/ol>\n<p><strong>\u00a0III. \u201cMINI PRO PIANO\u201d<\/strong> anul\u00a02005 &#8211; \u2013 Centru de educa\u0163ie muzical\u0103 \u015fi ini\u0163iere pianistic\u0103<\/p>\n<p><strong>IV. CEM<\/strong> \u2013 Centru de EXCELEN\u0162\u0102 \u015fi MERIT<\/p>\n<p><strong>V.<\/strong> Tabere muzicale de var\u0103<\/p>\n<p><strong>VI. Mini-Festival \u201d1 decembrie Ziua Na\u021bional\u0103 a Rom\u00e2niei\u201d<\/strong> &#8211; din anul 2010, cu desf\u0103\u0219urare \u00een 3 locatii: Muzeul National \u201dGeorge Enescu\u201d- Bucurer\u0219ti, Casa Memorial\u0103 \u201dGeorge Enescu\u201d &#8211; Sinaia \u0219i Centrul Cultural \u201dAurel Stroe\u201d &#8211; Bu\u0219teni.<\/p>\n<p>VII. <strong>Recitale interna\u021bionale<\/strong><\/p>\n<ul>\n<li>2006 &#8211; recitauri \u00een Italia, la \u201cAccademia di Romania\u201d din Roma \u015fi la Institutul de Studii \u015fi Cercet\u0103ri Umanistice din Vene\u0163ia;<\/li>\n<li>2007 &#8211; recitaluri \u00een Italia(Venezia \u0219i Verona), Germania(Berlin), Ungaria(Budapesta)<\/li>\n<li>2008 &#8211; &#8211;\u00a0recitaluri \u00een Fran\u0163a, la Ambasada Rom\u00e2niei din Paris \u015fi la Parlamentul European de la Strasbourg<\/li>\n<\/ul>\n<h5><strong>Particip\u0103ri \u015fi activit\u0103\u0163i de lobby\u00a0pentru via\u0163a cultural\u0103 rom\u00e2n\u0103<\/strong>:<\/h5>\n<ul>\n<li>numeroase emisiuni radio \u015fi TV(emisiuni speciale despre funda\u0163ie la Radio Actualit\u0103\u0163i, Cultural, la TV Acas\u0103, Antena 1, TVRM, Pro TV);\u00a0FAR\u00a0(T\u00e2rgul Asocia\u0163iilor \u015fi Funda\u0163iilor ) \u00een 1999 \u015fi 2000 cu\u00a0stand propriu; \u00eentre 1 \u20137 iulie 2001 \u015fi 2002 am organizat o\u00a0tab\u0103r\u0103 muzical\u0103\u00a0pentru 12 tineri piani\u015fti la Cump\u0103tu-Sinaia, care s-a \u00eencheiat cu un recital la Casa Memorial\u0103 \u201cGeorge Enescu\u201d din Sinaia;<\/li>\n<li>6 septembrie, la Parlamentul Rom\u00e2niei &#8211;\u00a0Workshop-ul organiza\u0163iilor neguvernamentale;<\/li>\n<li>\u00een\u00a0Pia\u0163a Festivalului\u00a0( \u00een cadrul Festivalului Interna\u0163ional \u201cGeorge Enescu\u201d edi\u0163iile\u00a0 XV, XVI, XX, XXI, XXII) am asigurat program permanent timp de 3 s\u0103pt\u0103m\u00e2ni, cu laurea\u0163i ai concursului funda\u0163iei noastre, fapt reflectat \u00een caietul Festivalului, precum \u015fi \u00een \u201cJurnalul zilnic\u201d al Festivalului;<\/li>\n<li>\u00eentre 22\u201327 septembrie 2001, \u00een cadrul\u00a0Simpozionului Interna\u0163ional\u201dCrescendo Quattro\u201d desf\u0103\u015furat la Sala Palatului ( tot cu ocazia Festivalului Interna\u0163ional \u201cGeorge Enescu), am prezentat\u00a0RAPORT\u00a0despre activitatea Funda\u0163iei \u201cPRO PIANO-ROM\u00c2NIA\u201d, la solicitarea d-nei Renate Ronnefeld \u2013 Secretar General al WFIMC ( The World Federation of International Music Competitions ) \u015fi a d-lui Tamas Klenjanszky \u2013 Secretar General EFA ( The European Festivals Association).<\/li>\n<\/ul>\n<h5><strong>Alte activitati ale presedintei fundatiei:<\/strong><\/h5>\n<ul>\n<li>realizarea caietului-program al concursului \u015fi secretara juriului sec\u0163iei pian, la Concursul Interna\u0163ional \u201cGeorge Enescu\u201d edi\u0163ia a XV-a-2001 \u015fi edi\u0163ia a XVI-a \u2013 2003;<\/li>\n<li>participare la\u00a0Workshop-ul destinat organiza\u0163iilor neguvernamentale organizat la palatul Parlamentului \u2013 6 sept. 2001), prilej cu care am prezentat activitatea funda\u0163iei \u015fi materiale promo\u0163ionale;<\/li>\n<li>participare la\u00a0FORUMUL Na\u0163ional al Organiza\u0163iilor Neguvernamentale,\u00a0edi\u0163ia a VIII-a, de la Palatul Parlamentului \u00eentre 17 \u2013 20 ianuarie 2002;<\/li>\n<li>organizarea unor\u00a0tabere muzicale\u00a0la Sinaia \u00een iulie 2002 \u015fi 2003: timp de 2 s\u0103pt\u0103m\u00e2ni, un num\u0103r de12 tineri piani\u015fti s-au receeat activ, studiind repertorii la 4 m\u00e2ini. Tab\u0103ra s-a \u00eencheiat cu un recital la Casa Memorial\u0103 \u201cGeorge Enescu\u201d din Sinaia, cu piesele \u00eenv\u0103\u0163ate aici;<\/li>\n<li>membr\u0103 a \u201cAmerican College of Musicians\u201d(a se vedea copia certificatului, precum \u015fi revista \u201cPiano guild notes\u201d, vol. 54, nr.2-2004, pag. 57<\/li>\n<li>turnee de recitaluri la Roma \u015fi Vene\u0163ia(30 martie\u201311aprilie 2006), iar \u00een 2007\u2013in Italia, Germania, Ungaria<\/li>\n<li>Membr\u0103 \u00een Jurii na\u0163ionale \u015fi interna\u0163ionale: &#8211;\u00a0\u00een anul 2000 \u2013 \u00een juriul Concursului Interna\u0163ional\u00a0\u201cCarl Filtsch\u201d\u00a0\u2013\u00a0Sibiu; &#8211; \u00een 2001 \u0219i 2002 \u00een juriul <em>Concursului Interna\u0163ional \u201cKONZERTEUM\u201d<\/em>\u00a0din\u00a0Grecia; &#8211; \u00een 2001, 2014, 2015\u00a0\u00een juriul Concursului \u201cMozart\u201d de la\u00a0T\u00e2rgovi\u015fte ;\u00a0\u00een\u00a02002\u00a0\u015fi\u00a02003\u00a0\u00een juriul Concursului Interna\u0163ional de la Salerno-Italia; \u00een 2004 pre\u0219edinta juriului la concursul na\u0163ional \u201cIn Memoriam\u201dde la \u015ecoala de Muzic\u0103 \u015fi Arte Plastice nr.3.<\/li>\n<\/ul>\n<h5><strong>Recunoa\u015fteri oficiale<\/strong>:<\/h5>\n<ul>\n<li>Ob\u0163inerea\u00a0Statutului de Utilitate Public\u0103\u00a0a Funda\u0163iei- publicat \u00een Monitorul Oficial al Rom\u00e2niei, partea I, Nr. 266\/25 III,2004.<\/li>\n<li>Premiul\u00a0Uniunii Criticilor, Redactorilor \u015fi Realizatorilor muzicali din Rom\u00e2nia\u00a0conferit pre\u015fedintei Funda\u0163iei- D-na Stela Avesalon, \u00een ianuarie 2004, pentru \u201cCREATIVITATE \u015fi MANAGEMENT \u00een realizarea Concursului Interna\u0163ional PRO PIANO-ROM\u00c2NIA\u201d;<\/li>\n<li>Men\u0163ionarea d-nei pre\u015fedinte Stela Avesalon \u00een\u00a0\u201cENCICLOPEDIA MUZICII ROM\u00c2NE\u015eTI \u201d\u00a0al muzicologului Viorel Cosma \u2013 ed. 2005, pag. 343;<\/li>\n<li>Conferirea\u00a0\u201cDIPLOMEI de EXCELEN\u0162\u0102\u201d\u00a0pentru \u00eentreaga activitate a d-nei pre\u015fedinte, de c\u0103tre Ministerul \u00eenv\u0103\u0163\u0103m\u00e2ntului \u015fi Inspectoratul \u015fcolar, \u00een anul 2005.<\/li>\n<\/ul>\n<h5><strong>In presa:<\/strong><\/h5>\n<ul>\n<li>numeroase articole de pres\u0103, reviste, pliante(o parte sunt prezentate \u00een Revista \u201cPRO PIANO-ROM\u00c2NIA\u201d, Funda\u0163ie \u015fi Concurs Interna\u0163ional-edi\u0163ia omagial\u0103 editat\u0103 la 5 ani de la \u00eenfiin\u0163are;<\/li>\n<li>figur\u0103m \u00een caietul Festivalului Interna\u0163ional \u201cGeorge Enescu\u201d \u2013 anul 2001;<\/li>\n<li>\u00een revista \u201cAtitudini \u201d- Revista Organiza\u0163iilor Neguvernamentale din Rom\u00e2nia nr. 11\/2000 editat\u0103 de CENTRAS ;<\/li>\n<li>\u00een revista Insight Tarom, edi\u0163ia de toamn\u0103 2001;<\/li>\n<li>\u00een cele dou\u0103 Cataloage ale Organiza\u0163iilor Neguvernamentale din Rom\u00e2nia, din 1999 \u015fi 2001<\/li>\n<li>( forma scris\u0103 \u015fi electronic\u0103- CD);<\/li>\n<li>\u00een Catalogul Concursurilor Interna\u0163ionale: International piano competitions, pag. 3, la adresa: webmaster@piano-net.com, fiind singurul concurs din Rom\u00e2nia men\u0163ionat;<\/li>\n<li>\u00een catalogul editat \u00een Japonia de Asocia\u0163ia \u201cChopin- Chopin\u201d;<\/li>\n<li>pe Sitt \u2013ul UNESCO \u015fi SLAVOPHILLIA ( pentru Europa de est);<\/li>\n<li>\u00een\u00a0Catalogul Concursurilor Interna\u0163ionale de pian\u00a0a Funda\u0163iei \u201cGustav Alink \u2013 Marta Argherich\u201d \u2013 edi\u0163ia a IV-a,2003, pag.180;<\/li>\n<li>figur\u0103m pe numeroase Sitt-uri ale Concursurilor Interna\u0163ionale de pian;<\/li>\n<\/ul>\n<p>Patrimoniul Funda\u0163iei\u00a0s-a \u00eembog\u0103\u0163it \u00een fiecare an \u015fi prin dona\u0163iile de c\u0103r\u0163i \u015fi partituri din partea Funda\u0163iei \u201cPRO ARTE\u201d, a Institutului Goethe, FDSC, etc.<\/p>\n<p>Pentru viitor,\u00a0funda\u0163ia \u00ee\u015fi propune:<br \/>\n* s\u0103 organizeze an de an cele 3 sec\u0163iuni \u201cPRO PIANO-ROM\u00c2NIA: Concurs Interna\u0163ional(de interpretare \u0219i compozi\u021bie), Festivalul \u201cPrietenii Muzicii\u201d, \u015fi Festivalul laurea\u0163ilor,<\/p>\n<p>*organizare de noi filiale \u201cPrietenii Muzicii\u201d \u00een alte zone din \u0163ar\u0103,<\/p>\n<p>* l\u0103rgirea ariei colabor\u0103rilor cu Organiza\u0163ii similare din \u0163ar\u0103 \u015fi str\u0103in\u0103tate,<br \/>\n* ini\u0163ierea unor noi parteneriate,<\/p>\n<p>* dezvoltarea parteneriatului cu Administra\u0163ia Public\u0103 central\u0103 \u015fi local\u0103,<br \/>\n* noi proiecte CEM.<\/p>\n","protected":false},"excerpt":{"rendered":"<p>Istoricul Fundatiei\u00a0Culturale cu Statut de Utilitate Publica \u201cPRO PIANO \u2013 ROM\u00c2NIA\u201d Funda\u0163ia Cultural\u0103\u00a0\u201cPRO PIANO-ROM\u00c2NIA\u201d este persoan\u0103 juridic\u0103 rom\u00e2n\u0103 de drept privat, infiintata in anul 1996, cu STATUT de UTILITATE PUBLICA din anul 2004. Doamna Stela Avesalon, presedinta fundatiei\u00a0 este profesoar\u0103 de pian gradul I, cu Grada\u0163ie de Merit \u0219i Diplom\u0103 de Excelen\u021b\u0103 conferit de Ministerul [&hellip;]<\/p>\n","protected":false},"author":1,"featured_media":0,"parent":0,"menu_order":0,"comment_status":"open","ping_status":"open","template":"","meta":{"footnotes":""},"class_list":["post-1658","page","type-page","status-publish","hentry"],"_links":{"self":[{"href":"https:\/\/www.propiano.org\/romanian\/wp-json\/wp\/v2\/pages\/1658","targetHints":{"allow":["GET"]}}],"collection":[{"href":"https:\/\/www.propiano.org\/romanian\/wp-json\/wp\/v2\/pages"}],"about":[{"href":"https:\/\/www.propiano.org\/romanian\/wp-json\/wp\/v2\/types\/page"}],"author":[{"embeddable":true,"href":"https:\/\/www.propiano.org\/romanian\/wp-json\/wp\/v2\/users\/1"}],"replies":[{"embeddable":true,"href":"https:\/\/www.propiano.org\/romanian\/wp-json\/wp\/v2\/comments?post=1658"}],"version-history":[{"count":35,"href":"https:\/\/www.propiano.org\/romanian\/wp-json\/wp\/v2\/pages\/1658\/revisions"}],"predecessor-version":[{"id":11025,"href":"https:\/\/www.propiano.org\/romanian\/wp-json\/wp\/v2\/pages\/1658\/revisions\/11025"}],"wp:attachment":[{"href":"https:\/\/www.propiano.org\/romanian\/wp-json\/wp\/v2\/media?parent=1658"}],"curies":[{"name":"wp","href":"https:\/\/api.w.org\/{rel}","templated":true}]}}