{"id":1570,"date":"2012-09-25T23:30:58","date_gmt":"2012-09-25T23:30:58","guid":{"rendered":"http:\/\/www.propiano.org\/romanian\/?page_id=1570"},"modified":"2013-05-02T15:15:58","modified_gmt":"2013-05-02T15:15:58","slug":"regulamentul-concursului-de-pian-2013","status":"publish","type":"page","link":"https:\/\/www.propiano.org\/romanian\/regulamentul-concursului-de-pian-2013\/","title":{"rendered":"Regulamentul Concursului de Pian 2013"},"content":{"rendered":"<h3 align=\"center\"><strong>Regulamentul \u0219i formularul de \u00eenscriere la<\/strong><\/h3>\n<h3 align=\"center\"><strong>Concursul Interna\u021bional de Interpretare &#8220;PRO PIANO-ROM\u00c2NIA&#8221;,<\/strong><\/h3>\n<p align=\"center\"><strong>Edi<\/strong><strong>\u021b<\/strong><strong>ia a XVII-a, 18 \u2013 23 iunie 2013<\/strong><\/p>\n<p align=\"center\"><strong>\u00a0<\/strong><\/p>\n<p>Concursul Interna\u021bional &#8220;PRO-PIANO-ROM\u00c2NIA&#8221; este deschis tinerilor piani\u0219ti de orice na\u021bionalitate, n\u0103scu\u021bi dup\u0103 1 ianuarie 1983 \u0219i se desf\u0103\u0219oar\u0103 \u00een 3 sec\u021biuni distincte: interpretare(edi\u021bia a XVII-a), compozi\u021bie (crea\u021bie muzical\u0103- edi\u021bia a III-a) \u0219i muzicologie(edi\u021bia a III-a).<\/p>\n<address>\u00a0<\/address>\n<address><em><strong>Regulamentul sec\u021biunii interpretare<\/strong><\/em><\/address>\n<address><em><strong>1.<\/strong> Concursul este structurat \u00een patru sec\u021biuni- A, B, C si D, divizate la r\u00e2ndul lor \u00een categorii, \u00een func\u021bie de anul de na\u0219tere al concuren\u021bilor:<\/em><\/address>\n<address><em><strong><span style=\"color: #800000;\"><span style=\"color: #000000;\">Sec\u021biunea A<\/span>\u00a0<\/span> are 2 subsec\u021biuni: Junior 1 \u0219i Junior 2\u00a0<\/strong>(o etap\u0103)\u00a0 <\/em><\/address>\n<address><em><strong>Junior 1<\/strong> &#8211; minutaj maxim 5&#8242;<\/em><\/address>\n<address><em>Cat 1-a \u2013 n\u0103scu\u021bi \u00een anul 2006(\u0219i dup\u0103)<\/em><\/address>\n<address><em>Cat. a 2-a \u2013 2005<\/em><\/address>\n<address><span style=\"color: #000000;\"><strong>Repertoriu:<\/strong><\/span><\/address>\n<address>a) un studiu<\/address>\n<address>b) dou\u0103 piese diferite ca stil<\/address>\n<address><strong><em><\/em><\/strong>\u00a0<\/address>\n<address><strong>Junior 2 &#8211; <\/strong>minutaj<strong> <\/strong>maxim 8\u2019<\/address>\n<address><em>Cat. a 3-a \u2013 2004<\/em><br \/>\n<em>Cat. a 4-a \u2013 2003<\/em><\/address>\n<address><strong><span style=\"color: #000000;\">Repertoriu<\/span>:<\/strong><\/address>\n<address>a) un studiu;<\/address>\n<address>b) o pies\u0103 preclasic\u0103;<\/address>\n<address>c) o pies\u0103 clasic\u0103, romantic\u0103 sau modern\u0103 (una la alegere)<\/address>\n<address>\u00a0<\/address>\n<address><span style=\"color: #000000;\"><strong>Sec\u021biunea B<\/strong> <\/span>\u2013 (2 etape) \u2013 n\u0103scu\u021bi \u00een anii:<\/address>\n<address>Cat. 1-a &#8211; 2002 \u00a0&#8211; minutaj maxim:10\u2019(pt. etapa aII-a)<\/address>\n<address>Cat. a 2-a \u2013 2001<br \/>\nCat. a 3-a \u2013 2000<br \/>\nCat. a 4-a \u2013 1999<\/address>\n<address>\u00a0<\/address>\n<address>Cat. a 5-a \u2013 1998 \u2013 minutaj maxim: 15\u2019(pt etapa a II-a)<\/address>\n<address>Cat a 6-a \u2013 1997<\/address>\n<address>\u00a0<\/address>\n<address>Cat. a 7-a \u2013 1996 &#8211; minutaj maxim: 20\u2019(pt etapa a \u00a0II-a)<\/address>\n<address>Cat. a 8-a \u2013 1995 si 1994<\/address>\n<address><span style=\"color: #000000;\"><strong>Repertoriul <\/strong><\/span>Sec\u021biunii B (2 etape):<\/address>\n<address><strong>Etapa I<\/strong> (eliminatorie):<br \/>\na) un studiu;<\/address>\n<address>b) o piesa preclasic\u0103(baroc\u0103)<\/address>\n<address><strong>Etapa a II-a:<\/strong><\/address>\n<address>a) O pies\u0103 clasic\u0103: PI de Sonat\u0103, sau Rondo(piesa de sine st\u0103t\u0103toare), sau Tema cu varia\u021biuni<br \/>\nb) O pies\u0103 romantic\u0103, modern\u0103 sau rom\u00e2neasc\u0103 (una, la alegere)<\/address>\n<address><strong><\/strong>\u00a0<\/address>\n<address><span style=\"color: #000000;\"><strong>Sec\u021biunea C<\/strong> <\/span>\u2013 (3 etape ) n\u0103scu\u021bi dup\u0103 1983<br \/>\n<span style=\"color: #000000;\"><strong>Repertoriu:<\/strong><\/span><\/address>\n<address><strong>Etapa I (<\/strong>eliminatorie):<\/address>\n<address>a) Dou\u0103 studii de virtuozitate(Chopin, Liszt, Schumann, Rahmaninov, Debussy, Skriabin, Prokofiev)<br \/>\nb) J. S. Bach \u2013 Preludiu \u0219i fug\u0103 sau 3 mi\u0219c\u0103ri(p\u0103r\u021bi) din Suite, Partite<\/address>\n<address><strong>Etapa a II-a<\/strong> (semifinala \u2013 eliminatorie)- maxim 30\u2019<\/address>\n<address>a) o sonat\u0103 clasic\u0103 (Haydn, Mozart sau Beethoven)<br \/>\nb) o pies\u0103 modern\u0103, la alegere, din repertoriul universal sau rom\u00e2nesc<\/address>\n<address><strong>Etapa a III-a<\/strong> (finala) \u2013 maxim 30\u2019<\/address>\n<address>&#8211; recital cu piese de factur\u0103 diferit\u0103 fa\u021b\u0103 de cele prezentate \u00een primele 2 etape, \u00een care sa fie inclus\u0103, \u00een mod obligatoriu o pies\u0103 romantic\u0103.<\/address>\n<address><strong><\/strong>\u00a0<\/address>\n<address><span style=\"color: #000000;\"><strong>Sec\u021biunea D<\/strong> <\/span>\u2013 Ansamblu la 4 m\u00e2ini &#8211; (o etap\u0103):<\/address>\n<address>Cat. 1 \u2013 n\u0103scu\u021bi intre 2004 \u2013 2000<br \/>\nCat. a 2-a-n\u0103scu\u021bi intre 1999 &#8211; 1993<br \/>\nCat. a 3-a-n\u0103scu\u021bi intre 1992- 1982<\/address>\n<address><span style=\"color: #000000;\"><strong>Repertoriul<\/strong> <\/span>sec\u021biunii D: piese la alegere, cu urm\u0219torul minutaj maxim:<br \/>\ncat. 1 \u2013 5\u2019<br \/>\ncat. a 2-a \u2013 10\u2019<br \/>\ncat. a 3-a \u2013 15&#8242;<\/address>\n<address>\u00a0<\/address>\n<address><strong>2.<\/strong> Se poate concura la dou\u0103 categorii: cea a v\u00e2rstei concurentului \u0219i la o categorie superioar\u0103, dar cu repertorii diferite. Repertoriul comunicat prin cererea de \u00eenscriere nu poate fi modificat ulterior.<br \/>\nOrdinea de interpretare a pieselor este la libera alegere a candida\u021bilor. \u00cen cazul dep\u0103\u0219irii duratei maxime stabilite pentru etapa a II-a (sau a III-a) juriul va \u00eentrerupe evolu\u021bia candidatului. Toate probele sunt publice. Ordinea intr\u0103rii \u00een concurs este cea alfabetic\u0103 pentru fiecare categorie de v\u00e2rst\u0103.<\/address>\n<address>\u00a0<\/address>\n<address><strong>3.<\/strong> Termenul limit\u0103 pentru \u00eenscrierea la concurs este data de 25 mai 2013.<\/address>\n<address>Acte necesare \u00eenscrierii:<\/address>\n<address>\u00b7 certificat de na\u0219tere (copie)<br \/>\n\u00b7formularul de \u00eenscriere tip \u2013 completat cu toate datele cerute;<br \/>\n\u00b7 fotografie 4\/5 cm, tip pa\u0219aport;<br \/>\n\u00b7 chitan\u021ba doveditoare pentru plata taxei de \u00eenscriere: categoria A &#8211; 200 RON; categoria B &#8211; 250 RON; categoria C &#8211; 300 RON; categoria D &#8211; 100 RON\/ persoan\u0103.<br \/>\nAceast\u0103 sum\u0103 va fi trimis\u0103 in contul Funda\u021biei &#8220;Pro Piano -Rom\u00e2nia&#8221; deschis la B C R &#8211; Sector 3, Bucure\u0219ti: Cod IBAN nr. RO85RNCB0074029228740001 \/ Cod fiscal 9099960.<\/address>\n<address><strong>Modalit\u0103\u021bi de \u00eenscriere<\/strong>:<\/address>\n<address>1. prin <strong>e-mail<\/strong>(actele vor fi scanate si poza va fi \u00een format electronic-JPEG),<\/address>\n<address>2. prin <strong>po\u0219t\u0103, <\/strong>pe adresa secretariatului Funda\u021biei Culturale \u201cPRO PIANO-ROM\u00c2NIA\u201d(aleea P\u0103durea Craiului nr.1, Bloc H3, Scara 1, Ap. 11, sector 3, Cod 032719, Of. Post 57, Bucure\u0219ti pentru d-na prof. Stela Avesalon),\u00a0<\/address>\n<address>3. \u00a0direct <strong>la organizator<\/strong>, \u00een datele de 15 si 16 mai 2013, la Colegiul Na\u021bional de Muzic\u0103 &#8220;George Enescu&#8221;, str. Gen George Manu nr. 30, \u00eentre orele\u00a08 &#8211; 14. Elevii CNM &#8220;George Enescu&#8221; se pot \u0103nscrie \u0219i la d-na prof. Mihaela Zamfirescu.<\/address>\n<address><strong>Program\u0103rile intr\u0103rii<\/strong> \u00een concurs se vor anun\u021ba dup\u0103 data de 6 iunie.<\/address>\n<address>In caz de neprezentare la concurs taxa nu se restituie.Cheltuielile de transport, cazare, mas\u0103 vor fi suportate de c\u0103tre participan\u021bi.<\/address>\n<address><strong><\/strong>\u00a0<\/address>\n<address><strong>4.<\/strong> Premii:<br \/>\n* Marele Premiu al Concursului Interna\u021bional \u201cPro Piano \u2013 Rom\u00e2nia\u201d<br \/>\n* C\u00e2te 5 (cinci) premii la fiecare categorie, inclusiv Premiul I de Excelen\u021b\u0103<br \/>\n* Premii speciale<br \/>\n* Premiul pentru interpretarea de excep\u021bie a unei piese rom\u00e2ne\u0219ti sau a unei alte piese din repertoriul prezentat<br \/>\n* Premii din partea sponsorilor<\/address>\n<address>Participan\u021bilor din categoria A, care nu s-au calificat pentru unul dintre premiile anuntate \u00een capitolul 4, precum \u0219i celor care nu au promovat \u00een etapa urm\u0103toare(categoriile B \u0219i C), li se vor acorda (numai la cererea lor) Diplom\u0103 de participare sau respectiv de semifinalist sau finalist.<\/address>\n<address>Toate premiile concursului vor fi \u00eenm\u00e2nate personal laurea\u021bilor \u00een festivitatea de premiere &#8211; Gala laurea\u021bilor. To\u021bi laurea\u021bii sunt ruga\u021bi s\u0103 se prezinte \u00een \u021binut\u0103 de gal\u0103 la festivitatea de premiere(<strong>\u00een caz contrar, nu vor fi accepta\u021bi \u00een pozele de grup<\/strong>).<\/address>\n<address><strong><\/strong>\u00a0<\/address>\n<address><strong>5.<\/strong> Juriul concursului va fi alc\u0103tuit din personalit\u0103\u021bi ale vietii muzicale rom\u00e2ne\u0219ti \u0219i interna\u021bionale.<\/address>\n<address>Hot\u0103r\u00e2rile juriului sunt definitive \u0219i inatacabile. Pentru eventualele \u00eenregistr\u0103ri audio-video concuren\u021bii nu vor putea solicita onorariu. Din momentul \u00eenscrierii la concurs, candida\u021bii accept\u0103 prezentul regulament \u0219i auroritatea juriului.<\/address>\n<address>Informa\u021bii suplimentare se pot ob\u021bine la:<br \/>\nTel\/Fax: (021) 341.16.88<br \/>\nTel\/mobil : 0722.38.26.26<br \/>\nE-mail : <a href=\"mailto:propiano@gmail.com\">propiano@gmail.com<\/a><br \/>\nWeb page: <a title=\"Propiano\" href=\"http:\/\/www.propiano.org\/\">www.propiano.org<\/a><\/address>\n<address>\u00a0<\/address>\n<address><strong>\u00a0<\/strong><\/address>\n<address>\u00a0<\/address>\n<address><strong>FORMULAR de INSCRIERE<\/strong><br \/>\nConcursul Interna\u021bional \u201cPRO PIANO-ROM\u00c2NIA\u201d &#8211; Sec\u021biunea Interpretare<\/address>\n<address>Edi\u021bia a XVII- a, 18 \u2013 23 iunie 2013<\/address>\n<address><strong>\u00a0<\/strong><\/address>\n<address><strong>Concurent:<\/strong><\/address>\n<address>1. Nume\u2026\u2026\u2026\u2026\u2026\u2026\u2026\u2026\u2026\u2026\u2026\u2026\u2026\u2026\u2026\u2026\u2026\u2026<\/address>\n<address>2. Prenume\u2026\u2026\u2026\u2026\u2026\u2026\u2026\u2026\u2026\u2026\u2026\u2026\u2026\u2026\u2026\u2026<\/address>\n<address>3. \u021aara \u2013 cet\u0103\u021benia\u2026\u2026\u2026\u2026\u2026\u2026\u2026\u2026\u2026\u2026\u2026\u2026.<\/address>\n<address>4. Data na\u0219terii\u2026\u2026\u2026\u2026\u2026\u2026\u2026\u2026\u2026\u2026\u2026\u2026\u2026\u2026<\/address>\n<address>\u00a0\u00a0\u00a0\u00a0 Cod numeric personal\u2026\u2026\u2026\u2026\u2026\u2026\u2026\u2026\u2026<\/address>\n<address>5. Domiciliul(adresa complet\u0103)\u2026\u2026\u2026\u2026<\/address>\n<address>6. Tel.Fax\u2026\u2026\u2026\u2026\u2026\u2026\u2026\u2026\u2026\u2026\u2026\u2026\u2026\u2026\u2026\u2026\u2026<\/address>\n<address>\u00a0\u00a0\u00a0\u00a0 E-mail\u2026\u2026\u2026\u2026\u2026\u2026\u2026\u2026\u2026\u2026\u2026\u2026\u2026\u2026\u2026\u2026\u2026\u2026<\/address>\n<address>7. \u0218coala\/liceu\u2026\u2026\u2026\u2026\u2026\u2026\u2026\u2026\u2026\u2026\u2026\u2026\u2026\u2026<\/address>\n<address><strong>\u00a0<\/strong><\/address>\n<address><strong>Profesor \u00eendrum\u0103tor\u00a0:<\/strong><\/address>\n<address>8. Nume si prenume\u2026\u2026\u2026\u2026\u2026\u2026\u2026\u2026\u2026\u2026\u2026\u2026<\/address>\n<address>Tel\/Fax\u2026\u2026\u2026\u2026\u2026\u2026\u2026\u2026\u2026\u2026\u2026\u2026\u2026\u2026\u2026\u2026\u2026\u2026\u2026.<\/address>\n<address>E-mail\u2026\u2026\u2026\u2026\u2026\u2026\u2026\u2026\u2026\u2026\u2026\u2026\u2026\u2026\u2026\u2026\u2026\u2026\u2026\u2026<\/address>\n<address>\u00a0<\/address>\n<address>9. Curriculum vitae<\/address>\n<address>10. Repertoriu :<\/address>\n<address><strong><\/strong>\u00a0<\/address>\n<address><strong>Sectiunile A(Junior\u00a01\u00a0sau\u00a0Junior 2)\u00a0\u0219i D<\/strong> (se va sublinia sec\u021biunea dorit\u0103) &#8211;<strong> o etap\u0103<\/strong>:<\/address>\n<address>a\u2026\u2026\u2026\u2026\u2026\u2026\u2026\u2026\u2026\u2026\u2026\u2026\u2026\u2026\u2026\u2026\u2026\u2026\u2026\u2026\u2026\u2026\u2026.<\/address>\n<address>b\u2026\u2026\u2026\u2026\u2026\u2026\u2026\u2026\u2026\u2026\u2026\u2026\u2026\u2026\u2026\u2026\u2026\u2026\u2026\u2026\u2026\u2026\u2026.<\/address>\n<address>c\u2026\u2026\u2026\u2026\u2026\u2026\u2026\u2026\u2026\u2026\u2026\u2026\u2026\u2026\u2026\u2026\u2026\u2026\u2026\u2026\u2026\u2026\u2026.<\/address>\n<address><strong><\/strong>\u00a0<\/address>\n<address><strong>Sectiunea B &#8211;<\/strong>\u00a0<strong>2 etape<\/strong>:<\/address>\n<address>Etapa I<\/address>\n<address>a\u2026\u2026\u2026\u2026\u2026\u2026\u2026\u2026\u2026\u2026\u2026\u2026\u2026\u2026\u2026\u2026\u2026\u2026\u2026\u2026\u2026<\/address>\n<address>b\u2026\u2026\u2026\u2026\u2026\u2026\u2026\u2026\u2026\u2026\u2026\u2026\u2026\u2026\u2026\u2026\u2026\u2026\u2026\u2026\u2026<\/address>\n<address>Etapa a II-a: cat.1-4 max. 10;<br \/>\ncat. 5 \u2013 6 max. 15\u2032 cat. 7-8 max. 20\u2019<\/address>\n<address>a\u2026\u2026\u2026\u2026\u2026\u2026\u2026\u2026\u2026\u2026\u2026\u2026\u2026\u2026\u2026\u2026\u2026\u2026\u2026\u2026\u2026<\/address>\n<address>b\u2026\u2026\u2026\u2026\u2026\u2026\u2026\u2026\u2026\u2026\u2026\u2026\u2026\u2026\u2026\u2026\u2026\u2026\u2026\u2026\u2026<\/address>\n<address><strong><\/strong>\u00a0<\/address>\n<address><strong>Sectiunea C<\/strong> &#8211; <strong>3 etape<\/strong>:<\/address>\n<address>Etapa I<\/address>\n<address>a\u2026\u2026\u2026\u2026\u2026\u2026\u2026\u2026\u2026\u2026\u2026\u2026\u2026\u2026\u2026\u2026\u2026\u2026\u2026\u2026\u2026<\/address>\n<address>b\u2026\u2026\u2026\u2026\u2026\u2026\u2026\u2026\u2026\u2026\u2026\u2026\u2026\u2026\u2026\u2026\u2026\u2026\u2026\u2026\u2026<\/address>\n<address>c\u2026\u2026\u2026\u2026\u2026\u2026\u2026\u2026\u2026\u2026\u2026\u2026\u2026\u2026\u2026\u2026\u2026\u2026\u2026\u2026\u2026<\/address>\n<address>Etapa a II-a \u2013 semifinala: max. 30\u2032<\/address>\n<address>a\u2026\u2026\u2026\u2026\u2026\u2026\u2026\u2026\u2026\u2026\u2026\u2026\u2026\u2026\u2026\u2026\u2026\u2026\u2026\u2026\u2026<\/address>\n<address>b\u2026\u2026\u2026\u2026\u2026\u2026\u2026\u2026\u2026\u2026\u2026\u2026\u2026\u2026\u2026\u2026\u2026\u2026\u2026\u2026\u2026<\/address>\n<address>Etapa a III-a \u2013 finala: max. 30\u2032<\/address>\n<address>a\u2026\u2026\u2026\u2026\u2026\u2026\u2026\u2026\u2026\u2026\u2026\u2026\u2026\u2026\u2026\u2026\u2026\u2026\u2026\u2026\u2026<\/address>\n<address>b\u2026\u2026\u2026\u2026\u2026\u2026\u2026\u2026\u2026\u2026\u2026\u2026\u2026\u2026\u2026\u2026\u2026\u2026\u2026\u2026\u2026<\/address>\n<address>Data: \u00a0\u00a0\u00a0\u00a0\u00a0\u00a0\u00a0\u00a0\u00a0\u00a0\u00a0\u00a0\u00a0\u00a0\u00a0\u00a0\u00a0\u00a0\u00a0\u00a0\u00a0\u00a0\u00a0\u00a0\u00a0\u00a0\u00a0 Semnatura<\/address>\n","protected":false},"excerpt":{"rendered":"<p>Regulamentul \u0219i formularul de \u00eenscriere la Concursul Interna\u021bional de Interpretare &#8220;PRO PIANO-ROM\u00c2NIA&#8221;, Edi\u021bia a XVII-a, 18 \u2013 23 iunie 2013 \u00a0 Concursul Interna\u021bional &#8220;PRO-PIANO-ROM\u00c2NIA&#8221; este deschis tinerilor piani\u0219ti de orice na\u021bionalitate, n\u0103scu\u021bi dup\u0103 1 ianuarie 1983 \u0219i se desf\u0103\u0219oar\u0103 \u00een 3 sec\u021biuni distincte: interpretare(edi\u021bia a XVII-a), compozi\u021bie (crea\u021bie muzical\u0103- edi\u021bia a III-a) \u0219i muzicologie(edi\u021bia a [&hellip;]<\/p>\n","protected":false},"author":1,"featured_media":0,"parent":0,"menu_order":0,"comment_status":"open","ping_status":"open","template":"","meta":{"footnotes":""},"class_list":["post-1570","page","type-page","status-publish","hentry"],"_links":{"self":[{"href":"https:\/\/www.propiano.org\/romanian\/wp-json\/wp\/v2\/pages\/1570","targetHints":{"allow":["GET"]}}],"collection":[{"href":"https:\/\/www.propiano.org\/romanian\/wp-json\/wp\/v2\/pages"}],"about":[{"href":"https:\/\/www.propiano.org\/romanian\/wp-json\/wp\/v2\/types\/page"}],"author":[{"embeddable":true,"href":"https:\/\/www.propiano.org\/romanian\/wp-json\/wp\/v2\/users\/1"}],"replies":[{"embeddable":true,"href":"https:\/\/www.propiano.org\/romanian\/wp-json\/wp\/v2\/comments?post=1570"}],"version-history":[{"count":13,"href":"https:\/\/www.propiano.org\/romanian\/wp-json\/wp\/v2\/pages\/1570\/revisions"}],"predecessor-version":[{"id":2037,"href":"https:\/\/www.propiano.org\/romanian\/wp-json\/wp\/v2\/pages\/1570\/revisions\/2037"}],"wp:attachment":[{"href":"https:\/\/www.propiano.org\/romanian\/wp-json\/wp\/v2\/media?parent=1570"}],"curies":[{"name":"wp","href":"https:\/\/api.w.org\/{rel}","templated":true}]}}