{"id":1562,"date":"2012-09-25T23:25:06","date_gmt":"2012-09-25T23:25:06","guid":{"rendered":"http:\/\/www.propiano.org\/romanian\/?page_id=1562"},"modified":"2013-03-06T16:37:54","modified_gmt":"2013-03-06T16:37:54","slug":"prietenii-muzicii-iasi-2013","status":"publish","type":"page","link":"https:\/\/www.propiano.org\/romanian\/prietenii-muzicii-iasi-2013\/","title":{"rendered":"&#8220;Prietenii Muzicii&#8221; Iasi &#8211; Programarea 2013"},"content":{"rendered":"<h4 style=\"text-align: center;\"><span style=\"color: #000000;\"><a href=\"http:\/\/www.propiano.org\/romanian\/wp-content\/uploads\/2012\/09\/Iasi3.jpg\"><img loading=\"lazy\" decoding=\"async\" class=\"aligncenter size-full wp-image-1932\" title=\"Iasi\" src=\"http:\/\/www.propiano.org\/romanian\/wp-content\/uploads\/2012\/09\/Iasi3.jpg\" alt=\"\" width=\"300\" height=\"225\" srcset=\"https:\/\/www.propiano.org\/romanian\/wp-content\/uploads\/2012\/09\/Iasi3.jpg 300w, https:\/\/www.propiano.org\/romanian\/wp-content\/uploads\/2012\/09\/Iasi3-160x120.jpg 160w\" sizes=\"auto, (max-width: 300px) 100vw, 300px\" \/><\/a><\/span><\/h4>\n<h3 style=\"text-align: center;\">\u00a0<span style=\"font-size: 13px;\">\u00a0<\/span><\/h3>\n<h3 style=\"text-align: center;\">Festivalul \u201dPrietenii Muzicii\/Pro Piano-Rom\u00e2nia\u201d-<strong> Filiala IA\u0218I\u00a0<\/strong><\/h3>\n<h4 style=\"text-align: left;\"><\/h4>\n<h4><strong>A doua edi\u021bie a Festivalului\u00a0s-a desf\u0103\u0219urat \u00eentre 14 &#8211; 16 februarie 2013,\u00a0la Colegiul Na\u021bional de Art\u0103 &#8220;Octav B\u0103ncila&#8221; din Ia\u0219i.\u00a0S-au prezentat\u00a0 170 de copii si tineri piani\u0219ti din Bac\u0103u, Boto\u0219ani, Bicaz, B\u00eerlad, Buhu\u0219i, Gala\u021bi, Hu\u0219i, Ia\u0219i, One\u0219ti, Piatra Naem\u021b, Roman, Suceava, Tecuci, Vaslui.\u00a0<\/strong><\/h4>\n<p><span style=\"font-size: 1em; text-align: center;\">\u00a0<\/span><\/p>\n<h4 style=\"text-align: center;\"><strong>PROGRAMUL\u00a0<\/strong>\u00a0<strong>Festivalului<\/strong><\/h4>\n<h4><span style=\"color: #800000;\"><strong>Joi 14 februarie 2013<\/strong><\/span><\/h4>\n<address><strong>Ora 16 &#8211; Deschiderea Festivalului<\/strong>\u00a0<\/address>\n<address><strong>Ora 16, 15 \u2013 categoriile A10(1998) <\/strong><strong>\u0219i <\/strong><strong>\u00a0A 11(1997)<\/strong>\u00a0<\/address>\n<address><strong>Ora 17, 15 \u2013 categoria A 12(1996)<\/strong>\u00a0<\/address>\n<address><strong>Ora 17, 45\u00a0 &#8211; categoriile A 13(1995) \u0219i A 14(1994)<\/strong>\u00a0<\/address>\n<p><strong>PREMIERE<\/strong><\/p>\n<h4 style=\"text-align: center;\"><\/h4>\n<h4><span style=\"color: #800000;\"><strong>Vineri 15 februarie 2013<\/strong><\/span><\/h4>\n<address><strong>Ora 9 \u2013 categoriileA1(2007), A2(2006), A3(2005)<\/strong>\u00a0<\/address>\n<address><strong>Ora 9,45 \u2013 categoria A4(2004)<\/strong><\/address>\n<address><strong>Ora 11,15 \u2013 categoriile A6(2002)\u00a0\u00a0\u0219i A8(2000)<\/strong><\/address>\n<address><strong>Ora 12,30 &#8211;\u00a0 <\/strong><strong>Cat. B<\/strong> \u2013 Epure Andrei Georgian, Prodan Ecaterina, Galan\u00a0 Albert Dorel, Ambros\u0103 Smaranda \u0219i\u00a0<strong>Cat. A<\/strong> &#8211; Dediu Ana Maria, Barticel Karina Andreea, Buzdugan \u0218tefan Ciprian, Bolum Bianca Maria, Preda Andrei Constantin, Sab\u0103u Adelina.\u00a0<\/address>\n<p><strong>\u00a0<\/strong><strong>PREMIERE &#8211; PAUZ\u0102<\/strong><\/p>\n<address><strong>\u00a0<\/strong><em><strong>Ora<\/strong><\/em><strong> 15<\/strong><em><strong>\u2013 categoria <\/strong><\/em><em><strong>\u00a0A5(2003)<\/strong><\/em>\u00a0<\/address>\n<address><em><strong>Ora 16 \u2013 categoria A7(2001)<\/strong><\/em>\u00a0<\/address>\n<address><strong>Ora 17, 15 \u2013 categoria A9(1999)<\/strong>\u00a0<\/address>\n<p><strong>PREMIERE<\/strong><\/p>\n<h4 style=\"text-align: center;\"><\/h4>\n<h4><strong><\/strong>\u00a0<span style=\"color: #800000;\"><strong>S\u00e2mb\u0103t\u0103 16 februarie 2013\u00a0<\/strong><\/span><\/h4>\n<address><em><strong>Ora <\/strong><\/em><strong>9<\/strong><em><strong> &#8211; categoriile <\/strong><\/em><strong>B0(2008), \u00a0B1(2007) \u0219i B2<\/strong><em><strong>(2006), B3(2005)<\/strong><\/em>\u00a0<\/address>\n<address><em><strong>Ora <\/strong><\/em><strong>9,35 <\/strong><em><strong>\u00a0\u2013 categoriile B4(2004), B6(2002), B7(2001)\u00a0<\/strong><\/em>\u00a0<\/address>\n<address><em><strong>Ora <\/strong><\/em><strong>10<\/strong><em><strong> \u2013 categoriile\u00a0 B8(2000), B9(1999)<\/strong><\/em>\u00a0<\/address>\n<address><em><strong>Ora <\/strong><\/em><strong>11 \u2013 categoriile B10(1998), B13(1995)<\/strong>\u00a0<\/address>\n<address><strong>Ora 11,15<\/strong><em><strong> \u2013<\/strong><\/em><strong>cat. B<\/strong> \u2013 de la Palatul Copiilor din Tecuci(7 participan\u021bi), Ispas Daria \u00a0\u0219i Horincar Sabina Andreea\u00a0<\/address>\n<address><em><strong>Ora 12 \u2013 categoria B5(2003)<\/strong><\/em>\u00a0<\/address>\n<address><em><strong>Ora 12,30 \u2013 categoriile C(4 m\u00e2ini)\u00a0<\/strong><\/em>\u00a0\u00a0<\/address>\n<p><strong>PREMIERE<\/strong><\/p>\n<h4 style=\"text-align: center;\"><\/h4>\n<h4 style=\"text-align: center;\">\u00a0<span style=\"color: #000000;\"><a title=\"http:\/\/www.propiano.org\/romanian\/regulament-prietenii-muzicii-2013-iasi\/\" href=\"http:\/\/www.propiano.org\/romanian\/regulament-prietenii-muzicii-2013-iasi\/\" target=\"_blank\"><span style=\"color: #000000;\"><span style=\"text-decoration: underline;\">Regulamentul<\/span><\/span><\/a><\/span><\/h4>\n","protected":false},"excerpt":{"rendered":"<p>\u00a0\u00a0 Festivalul \u201dPrietenii Muzicii\/Pro Piano-Rom\u00e2nia\u201d- Filiala IA\u0218I\u00a0 A doua edi\u021bie a Festivalului\u00a0s-a desf\u0103\u0219urat \u00eentre 14 &#8211; 16 februarie 2013,\u00a0la Colegiul Na\u021bional de Art\u0103 &#8220;Octav B\u0103ncila&#8221; din Ia\u0219i.\u00a0S-au prezentat\u00a0 170 de copii si tineri piani\u0219ti din Bac\u0103u, Boto\u0219ani, Bicaz, B\u00eerlad, Buhu\u0219i, Gala\u021bi, Hu\u0219i, Ia\u0219i, One\u0219ti, Piatra Naem\u021b, Roman, Suceava, Tecuci, Vaslui.\u00a0 \u00a0 PROGRAMUL\u00a0\u00a0Festivalului Joi 14 februarie [&hellip;]<\/p>\n","protected":false},"author":1,"featured_media":1929,"parent":0,"menu_order":0,"comment_status":"open","ping_status":"open","template":"","meta":{"footnotes":""},"class_list":["post-1562","page","type-page","status-publish","has-post-thumbnail","hentry"],"_links":{"self":[{"href":"https:\/\/www.propiano.org\/romanian\/wp-json\/wp\/v2\/pages\/1562","targetHints":{"allow":["GET"]}}],"collection":[{"href":"https:\/\/www.propiano.org\/romanian\/wp-json\/wp\/v2\/pages"}],"about":[{"href":"https:\/\/www.propiano.org\/romanian\/wp-json\/wp\/v2\/types\/page"}],"author":[{"embeddable":true,"href":"https:\/\/www.propiano.org\/romanian\/wp-json\/wp\/v2\/users\/1"}],"replies":[{"embeddable":true,"href":"https:\/\/www.propiano.org\/romanian\/wp-json\/wp\/v2\/comments?post=1562"}],"version-history":[{"count":43,"href":"https:\/\/www.propiano.org\/romanian\/wp-json\/wp\/v2\/pages\/1562\/revisions"}],"predecessor-version":[{"id":1642,"href":"https:\/\/www.propiano.org\/romanian\/wp-json\/wp\/v2\/pages\/1562\/revisions\/1642"}],"wp:featuredmedia":[{"embeddable":true,"href":"https:\/\/www.propiano.org\/romanian\/wp-json\/wp\/v2\/media\/1929"}],"wp:attachment":[{"href":"https:\/\/www.propiano.org\/romanian\/wp-json\/wp\/v2\/media?parent=1562"}],"curies":[{"name":"wp","href":"https:\/\/api.w.org\/{rel}","templated":true}]}}