{"id":1561,"date":"2012-09-25T23:24:56","date_gmt":"2012-09-25T23:24:56","guid":{"rendered":"http:\/\/www.propiano.org\/romanian\/?page_id=1561"},"modified":"2013-03-01T14:05:07","modified_gmt":"2013-03-01T14:05:07","slug":"prietenii-muzicii-cluj-2013","status":"publish","type":"page","link":"https:\/\/www.propiano.org\/romanian\/prietenii-muzicii-cluj-2013\/","title":{"rendered":"&#8220;Prietenii Muzicii&#8221; Cluj, 2013"},"content":{"rendered":"<h4 style=\"text-align: center;\"><a href=\"http:\/\/www.propiano.org\/romanian\/wp-content\/uploads\/2012\/09\/Cluj.jpg\"><img loading=\"lazy\" decoding=\"async\" class=\"wp-image-1934 alignleft\" title=\"Cluj\" src=\"http:\/\/www.propiano.org\/romanian\/wp-content\/uploads\/2012\/09\/Cluj.jpg\" alt=\"\" width=\"178\" height=\"178\" srcset=\"https:\/\/www.propiano.org\/romanian\/wp-content\/uploads\/2012\/09\/Cluj.jpg 283w, https:\/\/www.propiano.org\/romanian\/wp-content\/uploads\/2012\/09\/Cluj-150x150.jpg 150w, https:\/\/www.propiano.org\/romanian\/wp-content\/uploads\/2012\/09\/Cluj-184x184.jpg 184w, https:\/\/www.propiano.org\/romanian\/wp-content\/uploads\/2012\/09\/Cluj-211x211.jpg 211w\" sizes=\"auto, (max-width: 178px) 100vw, 178px\" \/><\/a><\/h4>\n<h3 style=\"text-align: center;\">Festivalul \u201dPrietenii Muzicii\/Pro Piano-Rom\u00e2nia\u201d- Filiala\u00a0Cluj-Napoca<\/h3>\n<p>&nbsp;<\/p>\n<h3>\u00a0<\/h3>\n<h4>\u00a0A\u00a0\u0219asea edi\u021bie a Festivalului s-a desf\u0103\u0219urat \u00eentre 22\u2013\u00a024 <strong>februarie 2013, la Muzeul Etnografic al Transilvaniei din Cluj-Napoca. S-au prezentat<\/strong><span style=\"color: #800000;\"> 255\u00a0copii si tineri piani\u0219ti<\/span> de la: Liceul de Muzic\u0103 \u201dS. Todu\u021b\u0103\u201d din Cluj-Napoca, \u0218coala de Muzic\u0103 \u201dA. Bena\u201d din Cluj-Napoca, \u0218coala ELF din Cluj-Napoca, Liceul de Arte din Alba Iulia, Liceul \u201dS. Pascu\u201d din Apahida, Liceul de Art\u0103 din Baia Mare, Liceul de Muzic\u0103 T. Jarda\u201d din Bistri\u021ba, Liceul de Muzic\u0103 \u0219i Arte Plastice \u201dDr. Pallo Imre\u201d din Odorheiul Secuiesc, Liceul de Art\u0103 din Oradea, Sibiu, \u00a0\u0218coala Gimnazial\u0103 de Arte\u00a0din Sighetul Marma\u021biei, Liceul de Art\u0103 din T\u00e2rgu Mure\u0219, Turda, Zal\u0103u\u00a0.<\/h4>\n<h4>\u00a0<\/h4>\n<p>&nbsp;<\/p>\n<p style=\"text-align: center;\">\u00a0\u00a0\u00a0\u00a0\u00a0\u00a0\u00a0\u00a0\u00a0<strong>\u00a0 PLANIFICAREA PE ZILE \u0218I ORE \u00a0A\u00a0 PARTICIPAN\u021aILOR LA FESTIVALUL<\/strong><\/p>\n<p><strong>\u00a0\u00a0\u00a0\u00a0\u00a0\u00a0\u00a0\u00a0\u00a0\u00a0\u00a0\u00a0\u00a0\u00a0\u00a0\u00a0\u00a0\u00a0\u00a0\u00a0\u00a0\u00a0\u00a0\u00a0\u00a0\u00a0\u00a0\u00a0\u00a0\u00a0\u00a0\u00a0\u00a0\u00a0\u00a0\u00a0\u00a0\u00a0\u00a0\u00a0\u00a0\u00a0\u00a0\u00a0\u00a0\u00a0\u00a0 ,,PRIETENII MUZICII\/PRO PIANO-ROM\u00c2NIA\u201d 2013<\/strong><\/p>\n<p>&nbsp;<\/p>\n<h4>\u00a0\u00a0\u00a0\u00a0\u00a0\u00a0\u00a0\u00a0\u00a0\u00a0\u00a0\u00a0\u00a0\u00a0\u00a0\u00a0\u00a0\u00a0\u00a0\u00a0\u00a0\u00a0\u00a0\u00a0\u00a0\u00a0\u00a0\u00a0\u00a0\u00a0\u00a0\u00a0\u00a0\u00a0\u00a0\u00a0\u00a0\u00a0\u00a0\u00a0\u00a0\u00a0\u00a0\u00a0<strong>\u00a0\u00a0VINERI 22 FEBRUARIE<\/strong><\/h4>\n<p>\u00a0\u00a0 9-10\u2026&#8230;\u20261.DEMETER HANNELORE(A4)<\/p>\n<p>\u00a0\u00a0\u00a0\u00a0\u00a0\u00a0\u00a0\u00a0\u00a0\u00a0\u00a0\u00a0\u00a0\u00a0\u00a0\u00a0\u00a0\u00a0\u00a0\u00a0 2.KOVACS ANABELL(A4)<\/p>\n<p>\u00a0\u00a0\u00a0\u00a0\u00a0\u00a0\u00a0\u00a0\u00a0\u00a0\u00a0\u00a0\u00a0\u00a0\u00a0\u00a0\u00a0\u00a0\u00a0\u00a0 3.ZSOLDOS ANDREA(A5)<\/p>\n<p>\u00a0\u00a0\u00a0\u00a0\u00a0\u00a0\u00a0\u00a0\u00a0\u00a0\u00a0\u00a0\u00a0\u00a0\u00a0\u00a0\u00a0\u00a0\u00a0\u00a0 4.MORAR ADRIEN(B4)<\/p>\n<p>\u00a0\u00a0\u00a0\u00a0\u00a0\u00a0\u00a0\u00a0\u00a0\u00a0\u00a0\u00a0\u00a0\u00a0\u00a0\u00a0\u00a0\u00a0\u00a0\u00a0 5.CASIAN IMOLA(A8)<\/p>\n<p>\u00a0\u00a0\u00a0\u00a0\u00a0\u00a0\u00a0\u00a0\u00a0\u00a0\u00a0\u00a0\u00a0\u00a0\u00a0\u00a0\u00a0\u00a0\u00a0\u00a0 6.KOVACS ADRIENN(A8)<\/p>\n<p>\u00a0\u00a0\u00a0\u00a0\u00a0\u00a0\u00a0\u00a0\u00a0\u00a0\u00a0\u00a0\u00a0\u00a0\u00a0\u00a0\u00a0\u00a0\u00a0\u00a0 7.DEMETER HELENA(A9)<\/p>\n<p>\u00a0\u00a0\u00a0\u00a0\u00a0\u00a0\u00a0 \u00a0\u00a0\u00a0\u00a0\u00a0\u00a0\u00a0\u00a0\u00a0\u00a0\u00a0\u00a0\u00a08.PASZTOR GRETA(A13)\u00a0\u00a0\u00a0\u00a0\u00a0\u00a0\u00a0\u00a0\u00a0\u00a0\u00a0\u00a0\u00a0<\/p>\n<p>\u00a0\u00a0\u00a0\u00a0\u00a0\u00a0\u00a0\u00a0\u00a0\u00a0\u00a0\u00a0\u00a0\u00a0\u00a0\u00a0\u00a0\u00a0\u00a0\u00a0\u00a0\u00a0\u00a0 B13<\/p>\n<p>10-11\u2026\u2026\u2026B0, B1, B2, B3, A2<\/p>\n<p>\u00a0\u00a0\u00a0\u00a0\u00a0\u00a0\u00a0\u00a0\u00a0\u00a0\u00a0\u00a0\u00a0\u00a0\u00a0\u00a0\u00a0\u00a0\u00a0\u00a0\u00a0 BISTRI\u021aA(4ELEVI)<\/p>\n<p>11-12\u2026\u2026\u2026SIGHET<\/p>\n<p>12-13\u2026\u2026\u2026ZAL\u0102U<\/p>\n<p>\u00a0\u00a0\u00a0\u00a0\u00a0\u00a0\u00a0\u00a0\u00a0\u00a0\u00a0\u00a0\u00a0\u00a0\u00a0\u00a0\u00a0\u00a0\u00a0\u00a0 ALBA IULIA(3 ELEVI)<\/p>\n<p><strong>FESTIVITATE DE PREMIERE<\/strong><\/p>\n<p>&nbsp;<\/p>\n<p>14-15\u2026\u2026\u2026B4, B5<\/p>\n<p>15-17\u2026\u2026\u2026PINTICAN ARA(A7) \u2013 BAIA MARE<\/p>\n<p>\u00a0\u00a0\u00a0\u00a0\u00a0\u00a0\u00a0\u00a0\u00a0\u00a0\u00a0\u00a0\u00a0\u00a0\u00a0\u00a0\u00a0\u00a0\u00a0\u00a0\u00a0 A3, A4\u00a0<\/p>\n<p>17-18\u2026\u2026\u2026A5<\/p>\n<p>18-19\u2026\u2026\u2026POPOVICI\u00a0 IRINA(A7)<\/p>\n<p>\u00a0\u00a0\u00a0\u00a0\u00a0\u00a0\u00a0\u00a0\u00a0\u00a0\u00a0\u00a0\u00a0\u00a0\u00a0\u00a0\u00a0\u00a0\u00a0\u00a0\u00a0 IACOB IULIA DARIA(A9)<\/p>\n<p>\u00a0\u00a0\u00a0\u00a0\u00a0\u00a0\u00a0\u00a0\u00a0\u00a0\u00a0\u00a0\u00a0\u00a0\u00a0\u00a0\u00a0\u00a0\u00a0\u00a0\u00a0 A11<\/p>\n<p>\u00a0<strong>FESTIVITATE DE PREMIERE<\/strong><\/p>\n<p><strong><\/strong>\u00a0<\/p>\n<h4>\u00a0\u00a0\u00a0\u00a0\u00a0\u00a0\u00a0\u00a0\u00a0\u00a0\u00a0\u00a0\u00a0\u00a0\u00a0\u00a0\u00a0\u00a0\u00a0\u00a0\u00a0\u00a0\u00a0\u00a0\u00a0\u00a0\u00a0\u00a0\u00a0\u00a0\u00a0\u00a0\u00a0\u00a0\u00a0\u00a0\u00a0\u00a0\u00a0\u00a0\u00a0\u00a0\u00a0\u00a0<strong>S\u00c2MB\u0102T\u0102 23 FEBRUARIE<\/strong><\/h4>\n<p>\u00a0\u00a09-10\u2026\u2026\u2026B6, B7, B8<\/p>\n<p>10-11.30\u2026..ALBA IULIA<\/p>\n<p>11.30-13\u2026..ODORHEIUL SECUIESC<\/p>\n<p><strong>FESTIVITATE DE PREMIERE<\/strong><\/p>\n<p>14-15\u2026\u2026\u2026\u2026B9, B10, B11, B14<\/p>\n<p>15-16\u2026\u2026\u2026\u2026A6<\/p>\n<p>16-17\u2026\u2026\u2026\u2026A7<\/p>\n<p>17-18\u2026\u2026\u2026\u2026T\u00c2RGU MURE\u0218<\/p>\n<p>\u00a0\u00a0\u00a0\u00a0\u00a0\u00a0\u00a0\u00a0\u00a0\u00a0\u00a0\u00a0\u00a0\u00a0\u00a0\u00a0\u00a0\u00a0\u00a0 \u00a0\u00a0\u00a0\u00a0\u00a0\u00a0A8<\/p>\n<p>18-20\u2026\u2026\u2026\u2026A13<\/p>\n<p><strong>FESTIVITATE DE PREMIERE<\/strong><\/p>\n<p>&nbsp;<\/p>\n<h4><strong>\u00a0\u00a0\u00a0\u00a0\u00a0\u00a0\u00a0\u00a0\u00a0\u00a0\u00a0\u00a0\u00a0\u00a0\u00a0\u00a0\u00a0\u00a0\u00a0\u00a0\u00a0\u00a0\u00a0\u00a0\u00a0\u00a0\u00a0\u00a0\u00a0\u00a0\u00a0\u00a0\u00a0\u00a0\u00a0\u00a0\u00a0\u00a0\u00a0\u00a0\u00a0 DUMINIC\u0102\u00a0 24 FEBRUARIE<\/strong><\/h4>\n<p><strong>\u00a0<\/strong>\u00a0 9-10\u2026\u2026\u2026\u2026\u2026\u2026\u2026.A9<\/p>\n<p>10-11\u2026\u2026\u2026\u2026\u2026\u2026\u2026.A10<\/p>\n<p>11-12\u2026\u2026\u2026\u2026\u2026\u2026\u2026.A12, A14<\/p>\n<p>12.30\u2026\u2026\u2026\u2026\u2026\u2026\u2026..SIBIU<\/p>\n<p><strong>CATEGORIA C<\/strong><\/p>\n<h4 style=\"text-align: center;\">_______________________________________________________________\u00a0<\/h4>\n<h4 style=\"text-align: center;\"><span style=\"text-decoration: underline;\"><span style=\"color: #000000;\"><a title=\"http:\/\/www.propiano.org\/romanian\/regulament-prietenii-muzicii-2013-cluj\/\" href=\"http:\/\/www.propiano.org\/romanian\/regulament-prietenii-muzicii-2013-cluj\/\"><span style=\"color: #000000; text-decoration: underline;\">Regulamentul<\/span><\/a><\/span><\/span><\/h4>\n<h3 align=\"center\">\u00a0<\/h3>\n","protected":false},"excerpt":{"rendered":"<p>Festivalul \u201dPrietenii Muzicii\/Pro Piano-Rom\u00e2nia\u201d- Filiala\u00a0Cluj-Napoca &nbsp; \u00a0 \u00a0A\u00a0\u0219asea edi\u021bie a Festivalului s-a desf\u0103\u0219urat \u00eentre 22\u2013\u00a024 februarie 2013, la Muzeul Etnografic al Transilvaniei din Cluj-Napoca. S-au prezentat 255\u00a0copii si tineri piani\u0219ti de la: Liceul de Muzic\u0103 \u201dS. Todu\u021b\u0103\u201d din Cluj-Napoca, \u0218coala de Muzic\u0103 \u201dA. Bena\u201d din Cluj-Napoca, \u0218coala ELF din Cluj-Napoca, Liceul de Arte din Alba [&hellip;]<\/p>\n","protected":false},"author":1,"featured_media":0,"parent":0,"menu_order":0,"comment_status":"open","ping_status":"open","template":"","meta":{"footnotes":""},"class_list":["post-1561","page","type-page","status-publish","hentry"],"_links":{"self":[{"href":"https:\/\/www.propiano.org\/romanian\/wp-json\/wp\/v2\/pages\/1561","targetHints":{"allow":["GET"]}}],"collection":[{"href":"https:\/\/www.propiano.org\/romanian\/wp-json\/wp\/v2\/pages"}],"about":[{"href":"https:\/\/www.propiano.org\/romanian\/wp-json\/wp\/v2\/types\/page"}],"author":[{"embeddable":true,"href":"https:\/\/www.propiano.org\/romanian\/wp-json\/wp\/v2\/users\/1"}],"replies":[{"embeddable":true,"href":"https:\/\/www.propiano.org\/romanian\/wp-json\/wp\/v2\/comments?post=1561"}],"version-history":[{"count":39,"href":"https:\/\/www.propiano.org\/romanian\/wp-json\/wp\/v2\/pages\/1561\/revisions"}],"predecessor-version":[{"id":1612,"href":"https:\/\/www.propiano.org\/romanian\/wp-json\/wp\/v2\/pages\/1561\/revisions\/1612"}],"wp:attachment":[{"href":"https:\/\/www.propiano.org\/romanian\/wp-json\/wp\/v2\/media?parent=1561"}],"curies":[{"name":"wp","href":"https:\/\/api.w.org\/{rel}","templated":true}]}}