{"id":1560,"date":"2012-09-25T23:24:28","date_gmt":"2012-09-25T23:24:28","guid":{"rendered":"http:\/\/www.propiano.org\/romanian\/?page_id=1560"},"modified":"2013-06-06T09:17:57","modified_gmt":"2013-06-06T09:17:57","slug":"prietenii-muzicii-bucuresti-2013","status":"publish","type":"page","link":"https:\/\/www.propiano.org\/romanian\/prietenii-muzicii-bucuresti-2013\/","title":{"rendered":"&#8220;Prietenii Muzicii&#8221; Bucuresti &#8211; Programarea 2013"},"content":{"rendered":"<h4 style=\"text-align: center;\"><strong>Festivalul \u201dPrietenii Muzicii\/PRO PIANO-ROM\u00c2NIA\u201d &#8211; <\/strong><strong>edi\u021bia a XI-a, <\/strong><\/h4>\n<h4 style=\"text-align: center;\"><strong>Bucure\u0219ti, 7 &#8211; 9 iunie 2013<\/strong><\/h4>\n<p style=\"text-align: center;\"><strong>LOCA\u021aIA Festivalului: Colegiul Na\u021bional de Muzic\u0103 \u201dGeorge Enescu\u201d, <\/strong><strong>Str. Gheorghe Manu nr. 30<\/strong><\/p>\n<h4 align=\"center\"><\/h4>\n<h4 align=\"center\">PROGRAMAREA intr\u0103rii participan\u021bilor \u00een Festival:<\/h4>\n<address><strong><span style=\"text-decoration: underline;\">Vineri \u00a07 \u00a0iunie 2013<\/span><\/strong><\/address>\n<address>\u00a0<\/address>\n<address><strong>Ora 9 \u2013 grupa cererilor speciale:<\/strong><\/address>\n<address><strong>Sec\u021biunea B\u2013<\/strong>Arsene Maria Magdalena, Culea Nina, Popovici Anna Catinca, Bugheanu Alexia Maria, David <em>Andrei \u0218tefan,<\/em> Dima Vlad Matei, Inceu Alina Maria, Nichifor Voicu Mara Ioana, Pistol Andreea, Filip Gabriel Dumitru, Murariu Diana.<\/address>\n<div>\n<address><strong>Sec\u021biunea A \u2013<\/strong> Gavril\u0103 Eduard, Briot Philippe, Ghosn Natalia, Str\u00e2mbu Dima Ervin, Constantinescu Horia.<\/address>\n<\/div>\n<address><span style=\"text-decoration: underline;\"><em>Ora<\/em><\/span><strong><span style=\"text-decoration: underline;\"><strong><em> 9,40 <\/em><\/strong><em>\u2013 <\/em><\/span><\/strong><span style=\"text-decoration: underline;\"><em>categoriile <\/em><\/span><span style=\"text-decoration: underline;\"><strong><em>A2<\/em><\/strong><em>(2006) si <\/em><strong><em>A3<\/em><\/strong><em>(2005)<\/em><\/span><\/address>\n<address><em>Ora<strong> 10,25<\/strong> \u2013 categoria <strong>A4<\/strong>(2004)<\/em><em><\/em><\/address>\n<address><em>Ora <strong>11,30<\/strong> \u2013 categoria <strong>A5<\/strong>(2003)<\/em><em><\/em><\/address>\n<address><em>Ora <strong>12,30<\/strong> \u2013 categoria <strong>A6<\/strong>(2002)<\/em><\/address>\n<address><strong>Premiere &#8211; Pauz\u0103<\/strong><\/address>\n<address><strong><\/strong>\u00a0<\/address>\n<address><em>Ora <\/em><strong>15 <\/strong><em>\u2013 categoria <\/em><strong>A7<\/strong><em>(2001)<\/em><\/address>\n<address><em>Ora <\/em><strong>16,15<\/strong><em> \u2013 categoria <\/em><strong>A8<\/strong><em>(2000), <\/em><strong>A9<\/strong><em>(1999)<\/em><\/address>\n<address><em>Ora <\/em><strong>17 <\/strong><em>\u2013 categoriiile <\/em><strong>A10<\/strong><em>(1998), <strong>A11<\/strong>(1997), <\/em><strong>A 12<\/strong><em>(1996)<\/em><\/address>\n<div>\n<address><strong>Premiere<\/strong><\/address>\n<\/div>\n<h4><\/h4>\n<p>&nbsp;<\/p>\n<address><strong><span style=\"text-decoration: underline;\">S<\/span><\/strong><strong><span style=\"text-decoration: underline;\">\u00e2mb\u0103t\u0103 8 <\/span><\/strong><strong><span style=\"text-decoration: underline;\">iunie 2013<\/span><\/strong><\/address>\n<address><em>Ora <\/em><strong>9<\/strong><em> \u2013 <\/em><strong>grupa cererilor speciale: <\/strong>Dima Albert Filip, Busuioc Ioana, Marin Gabriela Miruna, Dumitru David Ionu\u021b, Vin\u021ban Atena Smaranda<strong>, <\/strong>Dr\u0103gu\u0219anu Cristian, Iorgu Andrei, Dumitrescu Ana,\u00a0 Minc\u0103 Andreea Timeea, Pana Andrei Alexandru, Andrei Ioana, Dumitrescu Andrei, Dumitrescu Maria, Mehedin\u021bu Andra Maria,\u00a0 Popa Erminia Petra.<!--?xml:namespace prefix = \"o\" ns = \"urn:schemas-microsoft-com:office:office\" \/--><\/address>\n<address><em>Ora <\/em><strong>9,20<\/strong><em> \u2013 Clubul <strong>\u201eChitzi-Bush\u201d<\/strong><\/em><\/address>\n<address><em>Ora <strong>9, 30<\/strong> &#8211; categoriile <\/em><strong>B0<\/strong><em>(2009, 2008), <\/em><strong>B1<\/strong><em>(2007)<\/em><\/address>\n<address><em>Ora <\/em><strong>10,20<\/strong><em> \u2013 categoria <\/em><strong>B2<\/strong><em>(2006)<\/em><\/address>\n<address><em>Ora <\/em><strong>11,30<\/strong><em> \u2013 categoria <\/em><strong>B3<\/strong><em>(2005)<\/em><\/address>\n<address><em>Ora <strong>12,15<\/strong> &#8211; \u00a0categoria <\/em><strong>C(4 maini)<\/strong><\/address>\n<address><em>Ora <\/em><strong>12,30<\/strong><em> \u2013 categoriile <\/em><strong>B8<\/strong><em>(2000) \u0219i <\/em><strong>B9<\/strong><em>(1999)<\/em><\/address>\n<address><strong>Premiere \u2013 Pauz\u0103<\/strong><\/address>\n<address>\u00a0<\/address>\n<address><em>Ora <\/em><strong>15 <\/strong><em>\u2013 Categoria <\/em><strong>B4<\/strong><em>(2004)<\/em><\/address>\n<address><em>Ora <\/em><strong>16<\/strong><em> \u2013 categoria <\/em><strong>B5<\/strong><em>(2003)<\/em><\/address>\n<address><em>Ora <\/em><strong>16,45<\/strong><em> \u2013 categoria <\/em><strong>B6<\/strong><em>(2002)<\/em><\/address>\n<address><strong><span style=\"text-decoration: underline;\"><strong>Premiere<\/strong><\/span><\/strong><\/address>\n<address><strong><\/strong>\u00a0<\/address>\n<div>\n<address><strong><\/strong>\u00a0<!--?xml:namespace prefix = \"o\" ns = \"urn:schemas-microsoft-com:office:office\" \/--><\/address>\n<\/div>\n<address><strong><\/strong>\u00a0<\/address>\n<address><strong><span style=\"text-decoration: underline;\">Duminic\u0103 \u00a09 \u00a0iunie 2013<\/span><\/strong><\/address>\n<address>Ora <strong>9<\/strong> \u2013 <strong>grupa cererilor speciale<\/strong> \u2013 prof. Nina Gheorghe<\/address>\n<address>Ora <strong>9,30<\/strong> \u2013 \u0218coala de Muzic\u0103 <strong>\u201eBoem Club\u201d<\/strong><\/address>\n<address>Ora <strong>10,15<\/strong> \u2013\u00a0\u00a0\u00a0Botezatu Alexandru(B4), Cristodor David Bogdan-(B5)<strong> <\/strong><\/address>\n<address><strong>\u00a0\u00a0\u00a0\u00a0\u00a0\u00a0\u00a0\u00a0\u00a0\u00a0\u00a0\u00a0\u00a0\u00a0&#8211; \u00a0Buz\u0103u<\/strong> \u2013 prof. Gabriela Cristea \u0219i\u00a0\u00a0prof. Cristiana Duguleana<\/address>\n<address>Ora <strong>11,15<\/strong> \u2013 <strong>Giurgiu<\/strong><\/address>\n<address>Ora <strong>11,45 <\/strong>\u2013 categoria <strong>B7<\/strong>(2001)<\/address>\n<address>Ora <strong>12,30 <\/strong>&#8211; categoriile: <strong>B10<\/strong>(1998), <strong>B11<\/strong>(1997), <strong>B12<\/strong>(1996),<strong> B13<\/strong>(1995)<\/address>\n<address><strong>Premiere<\/strong><br \/>\n____________________________________________________<\/address>\n<address>\u00a0<\/address>\n<h3><\/h3>\n<h2 style=\"text-align: left;\"><strong><span style=\"text-decoration: underline;\"><span style=\"color: #000000;\"><a style=\"font-size: 13px;\" title=\"http:\/\/www.propiano.org\/romanian\/prietenii-muzicii-regulament-2013\/\" href=\"http:\/\/www.propiano.org\/romanian\/prietenii-muzicii-regulament-2013\/\"><span style=\"color: #000000; text-decoration: underline;\">Regulamentul<\/span><\/a><\/span><\/span><\/strong><\/h2>\n","protected":false},"excerpt":{"rendered":"<p>Festivalul \u201dPrietenii Muzicii\/PRO PIANO-ROM\u00c2NIA\u201d &#8211; edi\u021bia a XI-a, Bucure\u0219ti, 7 &#8211; 9 iunie 2013 LOCA\u021aIA Festivalului: Colegiul Na\u021bional de Muzic\u0103 \u201dGeorge Enescu\u201d, Str. Gheorghe Manu nr. 30 PROGRAMAREA intr\u0103rii participan\u021bilor \u00een Festival: Vineri \u00a07 \u00a0iunie 2013 \u00a0 Ora 9 \u2013 grupa cererilor speciale: Sec\u021biunea B\u2013Arsene Maria Magdalena, Culea Nina, Popovici Anna Catinca, Bugheanu Alexia Maria, [&hellip;]<\/p>\n","protected":false},"author":1,"featured_media":0,"parent":0,"menu_order":0,"comment_status":"open","ping_status":"open","template":"","meta":{"footnotes":""},"class_list":["post-1560","page","type-page","status-publish","hentry"],"_links":{"self":[{"href":"https:\/\/www.propiano.org\/romanian\/wp-json\/wp\/v2\/pages\/1560","targetHints":{"allow":["GET"]}}],"collection":[{"href":"https:\/\/www.propiano.org\/romanian\/wp-json\/wp\/v2\/pages"}],"about":[{"href":"https:\/\/www.propiano.org\/romanian\/wp-json\/wp\/v2\/types\/page"}],"author":[{"embeddable":true,"href":"https:\/\/www.propiano.org\/romanian\/wp-json\/wp\/v2\/users\/1"}],"replies":[{"embeddable":true,"href":"https:\/\/www.propiano.org\/romanian\/wp-json\/wp\/v2\/comments?post=1560"}],"version-history":[{"count":87,"href":"https:\/\/www.propiano.org\/romanian\/wp-json\/wp\/v2\/pages\/1560\/revisions"}],"predecessor-version":[{"id":1620,"href":"https:\/\/www.propiano.org\/romanian\/wp-json\/wp\/v2\/pages\/1560\/revisions\/1620"}],"wp:attachment":[{"href":"https:\/\/www.propiano.org\/romanian\/wp-json\/wp\/v2\/media?parent=1560"}],"curies":[{"name":"wp","href":"https:\/\/api.w.org\/{rel}","templated":true}]}}