{"id":15,"date":"2011-08-13T01:54:24","date_gmt":"2011-08-13T01:54:24","guid":{"rendered":"http:\/\/www.propiano.org\/romanian\/?page_id=15"},"modified":"2020-05-03T21:10:21","modified_gmt":"2020-05-03T21:10:21","slug":"festival","status":"publish","type":"page","link":"https:\/\/www.propiano.org\/romanian\/festival\/","title":{"rendered":"Festivaluri"},"content":{"rendered":"\n<h2 class=\"has-text-align-center wp-block-heading\"><strong>EDITIA a II-a<\/strong><\/h2>\n\n\n\n<h3 class=\"has-text-align-center wp-block-heading\">Festivalul International de pian on-line  #Totul Va Fi Bine 2020<\/h3>\n\n\n\n<p><\/p>\n\n\n\n<div class=\"wp-block-image\"><figure class=\"aligncenter size-large\"><img loading=\"lazy\" decoding=\"async\" width=\"1024\" height=\"536\" src=\"http:\/\/www.propiano.org\/romanian\/wp-content\/uploads\/2020\/05\/Afis-ed-2-FB_IMG_5179259737153622427-1024x536.jpg\" alt=\"\" class=\"wp-image-6539\" srcset=\"https:\/\/www.propiano.org\/romanian\/wp-content\/uploads\/2020\/05\/Afis-ed-2-FB_IMG_5179259737153622427-1024x536.jpg 1024w, https:\/\/www.propiano.org\/romanian\/wp-content\/uploads\/2020\/05\/Afis-ed-2-FB_IMG_5179259737153622427-300x157.jpg 300w, https:\/\/www.propiano.org\/romanian\/wp-content\/uploads\/2020\/05\/Afis-ed-2-FB_IMG_5179259737153622427-768x402.jpg 768w, https:\/\/www.propiano.org\/romanian\/wp-content\/uploads\/2020\/05\/Afis-ed-2-FB_IMG_5179259737153622427.jpg 1080w\" sizes=\"auto, (max-width: 1024px) 100vw, 1024px\" \/><\/figure><\/div>\n\n\n\n<p><\/p>\n\n\n\n<p><\/p>\n\n\n\n<p><\/p>\n\n\n\n<p><\/p>\n\n\n\n<p><\/p>\n\n\n\n<h2 class=\"has-text-align-center wp-block-heading\"><strong>Pentru deschiderea link-urilor (cu  portocaliu), dati  dublu-click<\/strong><\/h2>\n\n\n\n<p><\/p>\n\n\n\n<p><\/p>\n\n\n\n<p><\/p>\n\n\n\n<p><\/p>\n\n\n\n<h2 class=\"has-text-align-center wp-block-heading\"><strong>REGULAMENT \u00een rom\u00e2na &#8211; editia a II-a , 13-14 mai 2020<\/strong><\/h2>\n\n\n\n<p><\/p>\n\n\n\n<p><\/p>\n\n\n\n<div class=\"wp-block-file\"><a href=\"http:\/\/www.propiano.org\/romanian\/wp-content\/uploads\/2020\/05\/Regulament_ed2-romana.pdf\"><br>Regulament_ed2-romana<\/a><a href=\"http:\/\/www.propiano.org\/romanian\/wp-content\/uploads\/2020\/05\/Regulament_ed2-romana.pdf\" class=\"wp-block-file__button\" download>Download<\/a><\/div>\n\n\n\n<p><\/p>\n\n\n\n<p><\/p>\n\n\n\n<p><\/p>\n\n\n\n<p><\/p>\n\n\n\n<p><\/p>\n\n\n\n<h2 class=\"has-text-align-center wp-block-heading\"><strong>FORMULAR de INSCRIERE &#8211; romana<\/strong><\/h2>\n\n\n\n<p><\/p>\n\n\n\n<p><\/p>\n\n\n\n<div class=\"wp-block-file\"><a href=\"http:\/\/www.propiano.org\/romanian\/wp-content\/uploads\/2020\/05\/Formular_inscriere-romana-editia-2.xls\">Formular_inscriere-romana-editia-2<\/a><a href=\"http:\/\/www.propiano.org\/romanian\/wp-content\/uploads\/2020\/05\/Formular_inscriere-romana-editia-2.xls\" class=\"wp-block-file__button\" download>Download<\/a><\/div>\n\n\n\n<p><\/p>\n\n\n\n<p><\/p>\n\n\n\n<p><\/p>\n\n\n\n<p><\/p>\n\n\n\n<p><\/p>\n\n\n\n<p><\/p>\n\n\n\n<p><\/p>\n\n\n\n<h2 class=\"has-text-align-center wp-block-heading\"><strong>REGULATION <\/strong><\/h2>\n\n\n\n<h2 class=\"has-text-align-center wp-block-heading\"><strong>REGULAMENT \u00een engleza<\/strong><\/h2>\n\n\n\n<p><\/p>\n\n\n\n<div class=\"wp-block-file\"><a href=\"http:\/\/www.propiano.org\/romanian\/wp-content\/uploads\/2020\/05\/Regulation-edition-2-EU.pdf\">Regulation-edition-2-EU<\/a><a href=\"http:\/\/www.propiano.org\/romanian\/wp-content\/uploads\/2020\/05\/Regulation-edition-2-EU.pdf\" class=\"wp-block-file__button\" download><\/a><\/div>\n\n\n\n<p><\/p>\n\n\n\n<p><\/p>\n\n\n\n<p><\/p>\n\n\n\n<h2 class=\"has-text-align-center wp-block-heading\"><strong>REGISTRATION FORM &#8211; 2nd Edition<\/strong><\/h2>\n\n\n\n<h4 class=\"has-text-align-center wp-block-heading\"><strong>FORMULAR de INSCRIERE-ENGLEZA<\/strong><\/h4>\n\n\n\n<p><\/p>\n\n\n\n<div class=\"wp-block-file\"><a href=\"http:\/\/www.propiano.org\/romanian\/wp-content\/uploads\/2020\/05\/Registration-Form-2nd-edition.xls\">Registration-Form-2nd-edition<\/a><a href=\"http:\/\/www.propiano.org\/romanian\/wp-content\/uploads\/2020\/05\/Registration-Form-2nd-edition.xls\" class=\"wp-block-file__button\" download>Download<\/a><\/div>\n\n\n\n<p><\/p>\n\n\n\n<p><\/p>\n\n\n\n<p><\/p>\n\n\n\n<p><\/p>\n\n\n\n<p><\/p>\n\n\n\n<p><\/p>\n\n\n\n<p><\/p>\n\n\n\n<hr class=\"wp-block-separator\"\/>\n\n\n\n<p><\/p>\n\n\n\n<p><\/p>\n\n\n\n<p><\/p>\n\n\n\n<p><\/p>\n\n\n\n<p><\/p>\n\n\n\n<p><\/p>\n\n\n\n<p><\/p>\n\n\n\n<p><\/p>\n\n\n\n<p><\/p>\n\n\n\n<p><\/p>\n\n\n\n<p><\/p>\n\n\n\n<p><\/p>\n\n\n\n<p><\/p>\n\n\n\n<p><\/p>\n\n\n\n<p><\/p>\n\n\n\n<p><\/p>\n\n\n\n<p><\/p>\n\n\n\n<p><\/p>\n\n\n\n<p><\/p>\n\n\n\n<p><\/p>\n\n\n\n<p><\/p>\n\n\n\n<p><\/p>\n\n\n\n<p><\/p>\n\n\n\n<p><\/p>\n\n\n\n<p><\/p>\n\n\n\n<p><\/p>\n\n\n\n<p><\/p>\n\n\n\n<p><\/p>\n\n\n\n<p><\/p>\n\n\n\n<p><\/p>\n\n\n\n<p><\/p>\n\n\n\n<p><\/p>\n\n\n\n<p><\/p>\n\n\n\n<p><\/p>\n\n\n\n<p><\/p>\n\n\n\n<p><\/p>\n\n\n\n<p><\/p>\n\n\n\n<p><\/p>\n\n\n\n<p><\/p>\n\n\n\n<p><\/p>\n\n\n\n<h2 class=\"has-text-align-center wp-block-heading\"><strong>EDI\u021aIA I-a<\/strong><\/h2>\n\n\n\n<h2 class=\"has-text-align-center wp-block-heading\"><strong># TOTUL VA FI BINE 2020<\/strong><\/h2>\n\n\n\n<figure class=\"wp-block-image size-large\"><img loading=\"lazy\" decoding=\"async\" width=\"1024\" height=\"536\" src=\"http:\/\/www.propiano.org\/romanian\/wp-content\/uploads\/2020\/04\/IMG-20200329-WA0048-1024x536.jpg\" alt=\"\" class=\"wp-image-6402\" srcset=\"https:\/\/www.propiano.org\/romanian\/wp-content\/uploads\/2020\/04\/IMG-20200329-WA0048-1024x536.jpg 1024w, https:\/\/www.propiano.org\/romanian\/wp-content\/uploads\/2020\/04\/IMG-20200329-WA0048-300x157.jpg 300w, https:\/\/www.propiano.org\/romanian\/wp-content\/uploads\/2020\/04\/IMG-20200329-WA0048-768x402.jpg 768w, https:\/\/www.propiano.org\/romanian\/wp-content\/uploads\/2020\/04\/IMG-20200329-WA0048.jpg 1134w\" sizes=\"auto, (max-width: 1024px) 100vw, 1024px\" \/><\/figure>\n\n\n\n<p><\/p>\n\n\n\n<h2 class=\"wp-block-heading\"><font style=\"vertical-align: inherit;\"><font style=\"vertical-align: inherit;\"> <\/font><\/font><\/h2>\n\n\n\n<p><\/p>\n\n\n\n<p><\/p>\n\n\n\n<div class=\"wp-block-file\"><a href=\"http:\/\/www.propiano.org\/romanian\/wp-content\/uploads\/2020\/04\/Regulament-modificat-Totul-Va-Fi-Bine-2020.docx\">Regulament-modificat-Totul-Va-Fi-Bine-2020<\/a><a href=\"http:\/\/www.propiano.org\/romanian\/wp-content\/uploads\/2020\/04\/Regulament-modificat-Totul-Va-Fi-Bine-2020.docx\" class=\"wp-block-file__button\" download>Download<\/a><\/div>\n\n\n\n<p><\/p>\n\n\n\n<p><\/p>\n\n\n\n<h4 class=\"wp-block-heading\"><\/h4>\n\n\n\n<p><\/p>\n\n\n\n<p><\/p>\n","protected":false},"excerpt":{"rendered":"<p>EDITIA a II-a Festivalul International de pian on-line #Totul Va Fi Bine 2020 Pentru deschiderea link-urilor (cu portocaliu), dati dublu-click REGULAMENT \u00een rom\u00e2na &#8211; editia a II-a , 13-14 mai 2020 FORMULAR de INSCRIERE &#8211; romana REGULATION REGULAMENT \u00een engleza REGISTRATION FORM &#8211; 2nd Edition FORMULAR de INSCRIERE-ENGLEZA EDI\u021aIA I-a # TOTUL VA FI BINE [&hellip;]<\/p>\n","protected":false},"author":1,"featured_media":281,"parent":0,"menu_order":0,"comment_status":"open","ping_status":"open","template":"","meta":{"footnotes":""},"class_list":["post-15","page","type-page","status-publish","has-post-thumbnail","hentry"],"_links":{"self":[{"href":"https:\/\/www.propiano.org\/romanian\/wp-json\/wp\/v2\/pages\/15","targetHints":{"allow":["GET"]}}],"collection":[{"href":"https:\/\/www.propiano.org\/romanian\/wp-json\/wp\/v2\/pages"}],"about":[{"href":"https:\/\/www.propiano.org\/romanian\/wp-json\/wp\/v2\/types\/page"}],"author":[{"embeddable":true,"href":"https:\/\/www.propiano.org\/romanian\/wp-json\/wp\/v2\/users\/1"}],"replies":[{"embeddable":true,"href":"https:\/\/www.propiano.org\/romanian\/wp-json\/wp\/v2\/comments?post=15"}],"version-history":[{"count":178,"href":"https:\/\/www.propiano.org\/romanian\/wp-json\/wp\/v2\/pages\/15\/revisions"}],"predecessor-version":[{"id":6594,"href":"https:\/\/www.propiano.org\/romanian\/wp-json\/wp\/v2\/pages\/15\/revisions\/6594"}],"wp:featuredmedia":[{"embeddable":true,"href":"https:\/\/www.propiano.org\/romanian\/wp-json\/wp\/v2\/media\/281"}],"wp:attachment":[{"href":"https:\/\/www.propiano.org\/romanian\/wp-json\/wp\/v2\/media?parent=15"}],"curies":[{"name":"wp","href":"https:\/\/api.w.org\/{rel}","templated":true}]}}