{"id":124,"date":"2011-08-15T09:36:16","date_gmt":"2011-08-15T09:36:16","guid":{"rendered":"http:\/\/www.propiano.org\/romanian\/?page_id=124"},"modified":"2013-10-28T12:35:12","modified_gmt":"2013-10-28T12:35:12","slug":"concursul-de-interpretare-pianistica","status":"publish","type":"page","link":"https:\/\/www.propiano.org\/romanian\/concursul-de-interpretare-pianistica\/","title":{"rendered":"Concursul de Interpretare Pianistica &#8211; Generalitati"},"content":{"rendered":"<h2 style=\"text-align: center;\">\u00a0<strong><span style=\"color: #333333;\">Concursul International de Interpretare Pianistica<\/span><\/strong><\/h2>\n<h2 style=\"text-align: center;\"><\/h2>\n<p>Scopul principal al concursului este depistarea, incurajarea, stimularea si evaluarea performantelor instrumentale si creative a tinerilor pianisti. Este un concurs original, atat ca mod de desfasurare cat si ca frecventa (anual).<\/p>\n<p><strong>Desfasurarea:<\/strong><\/p>\n<p>Concurs de interpretare\u00a0este structurat \u00een\u00a04 sectiuni: A, B, C si D\u00a0(ultima fiind pentru ansamblul la 4 m\u00e2ini). Sectiunile A si B sunt divizate \u00een 4 si respectiv 8 categorii, pe criteriul strict\u00a0al v\u00e2rstei( fiecare an de nastere este reprezentat printr-o categorie aparte). Considerentul principal al acestei structurari a fost realizarea unei evaluari finale, mult mai corecta si mai aproape de valoarea reala a participantilor.<\/p>\n<p><strong>Obiective:<\/strong><\/p>\n<ul>\n<li>competitia profesionala, parte componenta obligatorie si extrem de necesara tinerilor pianisti \u00een procesul lor de formare artistica<\/li>\n<li>evaluarea nivelului scolii muzicale romanesti \u00een context international<\/li>\n<li>schimb de experienta \u00eentre scolile pianistice mondiale prezente \u00een concurs<\/li>\n<li>ameliorarea imaginii tarii prin contactul direct al participantilor din strainatate (concurenti, parinti, profesori) cu realitatile romanesti<\/li>\n<\/ul>\n<p>&nbsp;<\/p>\n<p><strong>Originalitatea Concursului<\/strong> :<\/p>\n<ul>\n<li>Prin \u00a0structurarea sa, datorit\u0103\u00a0diferen\u021belor de v\u00e2rst\u0103\u00a0 \u0219i nivel de pregatire tehnic\u0103 \u0219i interpretativ\u0103 pianistica a tinerilor participan\u021bi si\u00a0pentru o mai bun\u0103 evaluare a lor, proiectul este impartit in\u00a04 sectiuni\u00a0, \u00a0iar fiecare din cele patru sectiuni este la randul ei impartita in\u00a0categorii. Aceasta structurare permite\u00a0 incadrarea\u00a0concurentilor intr-o sectiune sau categorie anume, pe baza varstei concurentului (anul lui de nastere). De exemplu, in \u00a0sectiunea\u00a0A se vor incadra \u00a0copii de 6 \u2013 10 ani, \u00a0sectiunea\u00a0B\u00a0pentru tineri intre 10 \u2013 18 ani iar sectiunea\u00a0C\u00a0este destinata pianistilor intre 18 pana la\u00a030\u00a0ani. Cea de-a patra sectiune, \u00a0D\u00a0este diferita, destinata ansamblului la 4 maini (pe un pian)<\/li>\n<li>Prin \u00a0numarul de etape\u00a0al fiecarei sectiuni :\u00a0A si D\u00a0\u2013 o etapa,\u00a0B\u00a0\u2013 2 etape,\u00a0C\u00a0\u2013 3 etape (numar diferit de etape)<\/li>\n<li>Includerea categoriei D\u00a0(4 maini), inexistenta la alte concursuri, aditie benefica \u0219i originala<\/li>\n<li>Un sistem de evaluare mult imbunatatit, comparativ cu alte concursuri internationale unde intr-o categorie sunt inclusi concurenti cu diferente de varsta de 2-3 ani<\/li>\n<\/ul>\n<p><strong>Sistemul de premiere<\/strong>:\u00a0la sectiunea interpretare\u00a0se acorda\u00a0Marele Premiu,\u00a0cate\u00a05 premii\u00a0pentru fiecare categorie( inclusiv ex-aequo, daca este cazul), si numeroase premii speciale sau ale sponsorilor.<\/p>\n<p><strong>Locatia<\/strong>\u00a0&#8211;\u00a0primele\u00a017 editii ale concursului s-au desfasurat in\u00a0salile: \u201c Auditorium\u201d\u00a0a Muzeului National de Arta al Romaniei,\u00a0ArCuB si Ateneul Rom\u0103n. Perioada de desfasurare: sfarsitul lunii iunie al fiec\u0103rui an.<\/p>\n<p><strong>Numarul de participanti<\/strong>:\u00a0primele\u00a017 editii au totalizat peste\u00a02.245 de concurenti din\u00a031\u00a0de tari: Austria, Azerbaidjan, Belarus, Bulgaria, Canada, China, Coreea,\u00a0Croatia, Estonia, Georgia, Germania, Iordania, Japonia, Kazahstan, Letonia, Lituania, Macedonia, Rep. Moldova, Polonia, Rusia, Muntenegru,\u00a0Portugalia,\u00a0Slovacia, Slovenia, SUA,\u00a0Suedia,\u00a0Turcia, Ucraina, Ungaria, Uzbekistan si Rom\u00e2nia. Recordul de participare l-a detinut editia a II-a cu un numar de 190 concurenti. Impresionant a fost nu numai numarul ci si potentialul artistic al fiecarui concurent, \u00een sensul ca majoritatea participantilor au prezentat un CV deosebit de bogat si interesant, at\u00e2t sub aspectul repertoriului parcurs c\u00e2t si al palmaresului premiilor internationale obtinute.<\/p>\n<p><strong>Juriul<\/strong>\u00a0a fost format de fiecare data din personalitati marcante ale vietii muzicale romanesti si internationale (pianisti, muzicologi, compozitori) din Bulgaria, Canada, Franta, Germania, Grecia, Italia, Monaco,\u00a0Portugalia,\u00a0SUA, Romania.<\/p>\n<p><strong>Rezultatele scontate<\/strong>: selectionarea tinerelor talente pianistice, ierarhizarea \u00a0si lansarea lor in viata muzicala nationala si internationala.\u00a0Toti laureatii Marelui Premiu\u00a0s-au lansat cu brio in viata muzicala internationala: 1. Alexandru Timofeev- Rep. Moldova(1997), 2. Anca Lacea &#8211; Romania(1998), 3. Lucian Velciu &#8211; Romania(2001), 4. Mariusz Adamczak-Polonia(2002), 5. Sebastian Shwan-Romania(2003),\u00a06.\u00a0Kana Kashihara \u2013 Japonia(2008),\u00a07. Ekaterina Shiskina \u2013 Rusia(2011).<\/p>\n<p><strong>Citate\u00a0din presa despre concurs:<\/strong><br \/>\n&#8220;\u2026este competitia marilor sperante si a marilor stradanii&#8221;\u2026<br \/>\n&#8220;\u2026este o cale de a strapunge barierele continentului catre marele circuit al valorilor universale. Este un mod de etalare a demnitatii nationale\u2026&#8221;\u00a0<em>(Prof. Dumitru Avakian &#8211; muzicolog)\u00a0<\/em><br \/>\n&#8220;\u2026concursul este o propunere deja bine afirmata, pentru generatiile de muzicieni ale mileniului trei.&#8221;\u00a0<em>(Prof. Univ. Dr. Grigore Constantinescu &#8211; muzicolog)\u00a0<\/em><\/p>\n<p>&nbsp;<\/p>\n<p><strong><span style=\"color: #ff0000;\">Co-organizator:<\/span> ArCuB<\/strong>\u00a0&#8211; <strong>Centrul de Proiecte Culturale a Primariei Municipiului Bucuresti<\/strong><\/p>\n<p>&nbsp;<\/p>\n<p><span style=\"color: #ff0000;\"><strong>Parteneri:<\/strong><\/span><br \/>\nColegiul Na\u021bional de Muzic\u0103 \u201dGeorge Enescu\u201d<\/p>\n<p>Casa de Cultur\u0103 \u201dFriedrich Schiller\u201d<\/p>\n<p><strong><span style=\"text-decoration: underline;\"><br \/>\n<\/span><\/strong><\/p>\n<div align=\"center\">Laureata \u00a0Concursului International \u201cPRO PIANO-ROMANIA\u201d 2011<\/div>\n<table width=\"550\" border=\"0\" cellspacing=\"0\" cellpadding=\"2\" align=\"center\">\n<tbody>\n<tr align=\"center\">\n<td><\/td>\n<td><\/td>\n<\/tr>\n<tr align=\"center\">\n<td><a class=\"wpGallery mceItem\" title=\"gallery\" href=\"http:\/\/www.propiano.org\/blog\/wp-content\/uploads\/2011\/12\/Gala24.jpg\" rel=\"prettyPhoto&lt;img src=\">\u00a0<\/a><img loading=\"lazy\" decoding=\"async\" title=\"Ekaterina Shishkina - Rusia\" src=\"http:\/\/www.propiano.org\/blog\/wp-content\/uploads\/2011\/12\/Gala24-160x120.jpg\" alt=\"\" width=\"243\" height=\"187\" \/><\/td>\n<td><\/td>\n<\/tr>\n<\/tbody>\n<\/table>\n<p>&nbsp;<\/p>\n<p>&nbsp;<\/p>\n","protected":false},"excerpt":{"rendered":"<p>\u00a0Concursul International de Interpretare Pianistica Scopul principal al concursului este depistarea, incurajarea, stimularea si evaluarea performantelor instrumentale si creative a tinerilor pianisti. Este un concurs original, atat ca mod de desfasurare cat si ca frecventa (anual). Desfasurarea: Concurs de interpretare\u00a0este structurat \u00een\u00a04 sectiuni: A, B, C si D\u00a0(ultima fiind pentru ansamblul la 4 m\u00e2ini). Sectiunile [&hellip;]<\/p>\n","protected":false},"author":1,"featured_media":0,"parent":0,"menu_order":0,"comment_status":"open","ping_status":"open","template":"","meta":{"footnotes":""},"class_list":["post-124","page","type-page","status-publish","hentry"],"_links":{"self":[{"href":"https:\/\/www.propiano.org\/romanian\/wp-json\/wp\/v2\/pages\/124","targetHints":{"allow":["GET"]}}],"collection":[{"href":"https:\/\/www.propiano.org\/romanian\/wp-json\/wp\/v2\/pages"}],"about":[{"href":"https:\/\/www.propiano.org\/romanian\/wp-json\/wp\/v2\/types\/page"}],"author":[{"embeddable":true,"href":"https:\/\/www.propiano.org\/romanian\/wp-json\/wp\/v2\/users\/1"}],"replies":[{"embeddable":true,"href":"https:\/\/www.propiano.org\/romanian\/wp-json\/wp\/v2\/comments?post=124"}],"version-history":[{"count":34,"href":"https:\/\/www.propiano.org\/romanian\/wp-json\/wp\/v2\/pages\/124\/revisions"}],"predecessor-version":[{"id":440,"href":"https:\/\/www.propiano.org\/romanian\/wp-json\/wp\/v2\/pages\/124\/revisions\/440"}],"wp:attachment":[{"href":"https:\/\/www.propiano.org\/romanian\/wp-json\/wp\/v2\/media?parent=124"}],"curies":[{"name":"wp","href":"https:\/\/api.w.org\/{rel}","templated":true}]}}