{"id":10963,"date":"2026-01-02T17:41:38","date_gmt":"2026-01-02T17:41:38","guid":{"rendered":"https:\/\/www.propiano.org\/romanian\/?page_id=10963"},"modified":"2026-03-26T19:28:29","modified_gmt":"2026-03-26T19:28:29","slug":"regulament-2026","status":"publish","type":"page","link":"https:\/\/www.propiano.org\/romanian\/regulament-2026\/","title":{"rendered":"Regulament 2026"},"content":{"rendered":"\n<p><\/p>\n\n\n\n<p><\/p>\n\n\n\n<h2 class=\"wp-block-heading has-text-align-center\"><strong>\u201cPRO PIANO-ROMANIA\u201d<\/strong><strong>&nbsp;&#8211; EDITIE ANIVERSARA<\/strong><\/h2>\n\n\n\n<h3 class=\"wp-block-heading has-text-align-center\"><strong>Concurs International de interpretare pianistica ONLINE, <\/strong><strong><\/strong><\/h3>\n\n\n\n<h3 class=\"wp-block-heading has-text-align-center\"><strong>Editia a XX<\/strong><strong>X<\/strong><strong>-a , <\/strong><strong>11<\/strong><strong>&nbsp;iunie 202<\/strong><strong>6<\/strong><\/h3>\n\n\n\n<p><\/p>\n\n\n\n<p><\/p>\n\n\n\n<h2 class=\"wp-block-heading has-text-align-center\"><strong>REGULAMENT<\/strong><strong><\/strong><\/h2>\n\n\n\n<p>A XXX-a edi\u021bie a&nbsp;Concursului Interna\u021bional \u201cPRO-PIANO-ROM\u00c2NIA\u201d este o edi\u021bie aniversar\u0103 &#8211; 30 de ani \u0219i se va desf\u0103\u0219ura \u00een variant\u0103 online, cu larg\u0103 deschidere interna\u021bional\u0103 (ca juriu \u0219i participan\u021bi).<\/p>\n\n\n\n<p>Concursul Interna\u021bional \u201cPRO-PIANO-ROM\u00c2NIA\u201d se adreseaaz\u0103&nbsp;tinerilor piani\u0219ti de orice na\u021bionalitate, n\u0103scu\u021bi dup\u0103 1 ianuarie 1996, fie din \u00eenv\u0103\u021b\u0103m\u00e2ntul voca\u021bional de stat, fie&nbsp;din cel privat \u0219i se desf\u0103\u0219oar\u0103 \u00een 4 sec\u021biuni&nbsp;(\u00een func\u021bie de anul de na\u0219tere al concuren\u021bilor, fiecare sec\u021biune fiind \u00eemp\u0103r\u021bit\u0103 \u00een categorii, \u00een func\u021bie de v\u00eersta perticipan\u021bilor, astfel:<\/p>\n\n\n\n<h4 class=\"wp-block-heading has-text-align-center\"><strong>A( 4 categorii),&nbsp;  B( 8 categorii),   C (o categorie) si   D(4 m\u00e2ini- 3 categorii)!<\/strong><\/h4>\n\n\n\n<p><\/p>\n\n\n\n<p><\/p>\n\n\n\n<p><\/p>\n\n\n\n<h3 class=\"wp-block-heading\"><strong>I. SECTIUNILE si CATEGORIILE&nbsp;<\/strong>(&nbsp;in functie de anul nasterii) :<\/h3>\n\n\n\n<p><\/p>\n\n\n\n<p><\/p>\n\n\n\n<h3 class=\"wp-block-heading\"><strong>SECTIUNEA&nbsp; A&nbsp;<\/strong>&nbsp;\u2013 4 categorii: nascuti \u00eentre anii 2019\u2013 2016<\/h3>\n\n\n\n<p><strong>Repertoriu: trei piese<\/strong> ( poate fi si un studiu cu dou\u0103 piese, sau 3 piese diferite ).<\/p>\n\n\n\n<p>Categoria A1 \u2013 pentru cei n\u0103scu\u021bi \u00een anul 2019(\u0219i dup\u0103) \u2013 minutaj maxim: 10\u2019<\/p>\n\n\n\n<p>Categoria&nbsp;A2 \u2013 2018<\/p>\n\n\n\n<p>Categoria&nbsp;A3 \u2013 2017\u2013 Minutaj: 12\u2019<\/p>\n\n\n\n<p>Categoria&nbsp;A4 \u2013 2016<\/p>\n\n\n\n<p><\/p>\n\n\n\n<h3 class=\"wp-block-heading\"><strong>SECTIUNEA&nbsp; B&nbsp;<\/strong>\u2013 8 categorii \u2013 nascuti \u00een anii 2015&nbsp;\u2013 2007<\/h3>\n\n\n\n<h4 class=\"wp-block-heading\"><strong>Repertoriu:<\/strong> un studiu si doua piese.<\/h4>\n\n\n\n<p>Categoria&nbsp;B1 \u2013 2015&nbsp; \u2013 minutaj maxim:15\u2032&nbsp;&#8211; 20\u2019<\/p>\n\n\n\n<p>Categoria&nbsp;B2 \u2013 2014<\/p>\n\n\n\n<p>Categoria&nbsp;B3 \u2013 2013<\/p>\n\n\n\n<p>Categoria&nbsp;B4 \u2013 2012<\/p>\n\n\n\n<p>Categoria&nbsp;B5 \u2013 2011&nbsp;\u2013 minutaj maxim: 25\u2019<\/p>\n\n\n\n<p>Categoria&nbsp;B6 \u2013 2010<\/p>\n\n\n\n<p>Categoria&nbsp;B7 \u2013 2009&nbsp;\u2013 minutaj maxim: 30\u2019<\/p>\n\n\n\n<p>Categoria&nbsp;B8 \u2013 2008&nbsp;\u2013 2007<\/p>\n\n\n\n<p><\/p>\n\n\n\n<p><\/p>\n\n\n\n<h3 class=\"wp-block-heading\"><strong>SECTIUNEA&nbsp; C&nbsp;<\/strong>\u2013 nascuti intre 1996&nbsp;&#8211; 2006 &nbsp;\u2013 minutaj maxim 35\u2032 &#8211; 45\u2032<\/h3>\n\n\n\n<h4 class=\"wp-block-heading\"><strong>Repertoriul <\/strong>va contine piese care sa se incadreze in minutajul de mai sus(pot fi si studii).<\/h4>\n\n\n\n<p><\/p>\n\n\n\n<p><\/p>\n\n\n\n<p><\/p>\n\n\n\n<h3 class=\"wp-block-heading\"><strong>SECTIUNEA&nbsp; D(ansamblu la 4 sau 6 maini pe un pian)<\/strong> &#8211; una sau doua piese &nbsp;&#8211; minutaj &#8211; 5\u2032&nbsp;&#8211; 15\u2032&nbsp;<\/h3>\n\n\n\n<p><\/p>\n\n\n\n<p><\/p>\n\n\n\n<p><\/p>\n\n\n\n<h3 class=\"wp-block-heading\"><strong>II. REPERTORIUL<\/strong><strong>:<\/strong><strong><\/strong><\/h3>\n\n\n\n<ul class=\"wp-block-list\">\n<li>Pentru <strong>sec\u021biunile<\/strong> <strong>A \u0219i B <\/strong>sunt necesare <strong>trei piese,<\/strong> stiluri diferite, cu minutajele anun\u021bate mai sus.<\/li>\n\n\n\n<li>Pentru <strong>sec\u021biunea C<\/strong> &#8211; piese,&nbsp;care sa se incadreze intre &nbsp;35-40 minute, maxim.<\/li>\n\n\n\n<li>Pentru s<strong>ectiunea D(4 su 6 m\u00e2ini) <\/strong>sunt necesare una sau dou\u0103 piese(se accept\u0103 interpretarea cu partitur\u0103).&nbsp;Ordinea juriz\u0103rii este cea alfabetic\u0103 pentru fiecare categorie de v\u00e2rst\u0103.<\/li>\n<\/ul>\n\n\n\n<p><\/p>\n\n\n\n<p><\/p>\n\n\n\n<h3 class=\"wp-block-heading\"><strong>III. \u00ceNSCRIEREA<\/strong><strong>:<\/strong><strong><\/strong><\/h3>\n\n\n\n<p>Pentru \u00eenscriere se vor trimite urm\u0103toarele <strong>2&nbsp;documente,&nbsp;<\/strong>ambele documente sa fie trimise in acelasi mail (nu in mail-uri diferite), p\u00e2n\u0103 la data de <strong>28 mai,&nbsp;2026<\/strong>&nbsp;(ora 24), pe adresa de e- mail: propiano@gmail.com&nbsp;<a href=\"mailto:propiano@gmail.com\"><strong><u><strong>propiano@gmail.com<\/strong><\/u><\/strong><\/a><strong>:<\/strong><\/p>\n\n\n\n<ol class=\"wp-block-list\">\n<li><strong>Formularul de <\/strong><strong>\u00ee<\/strong><strong>nscriere (\u00een Excel)<\/strong>,&nbsp;il gasiti in <strong>link-ul<\/strong>&nbsp;<strong>FORMULARE<\/strong>(dupa Regulament) si alegeti pe cel corespunzator varstei concurentului(sectiunea A, B sau C)! El va fi completat <strong><u><strong>direct pe Site <\/strong><\/u><\/strong>cu toate informa\u021biile solicitate&nbsp;(<strong>NU <\/strong><s>copiat\/scanat<\/s><s>, completat si retrimis ca poza<\/s>). Pentru sec\u021biunea D\/4 m\u00e2ini,&nbsp;numele ambilor parteneri se vor scrie pe&nbsp;acelasi&nbsp;formular (cu datele respective). Link-urile cu inregistrari(<strong>filmele<\/strong>&nbsp;cu repertoriul de concurs) se vor pune in ultimile rubrici ale formularului, specificand numele compozitorului si a piesei! Link-urile se pot atasa si separat de formular, dar <strong><u><strong>in acelasi e-mail.<\/strong><\/u><\/strong>&nbsp;<\/li>\n<\/ol>\n\n\n\n<p><strong>Informatii tehnice pentru filmare<\/strong>: filmarea s\u0103 se fac\u0103 cu telefonul pe orizontal\u0103, pus pe un stativ(pentru a nu se mi\u0219ca) pozi\u021bionat \u00een dreapta interpretului, \u00een a\u0219a fel ca s\u0103 se vad\u0103 corpul \u00eentreg al interpretului si pianul.&nbsp;Apoi, dup\u0103 ce se filmeaza cu telefonul(sau alt aparat) se pune filmul pe contul personal de You Tube(cu optiunea <strong>PUBLIC<\/strong>), iar <strong><u><strong>link-ul rezultat<\/strong><\/u><\/strong>&nbsp;il puneti in formular, in rubricile speciale de la sfarsitul formularului(neaparat&nbsp;\u00eempreuna cu <strong>numele compozitorului si titlul piesei <\/strong>interpretate.<\/p>\n\n\n\n<p>Filmarile&nbsp;se pot face, sau toate cele&nbsp;3 piese odat\u0103, sau&nbsp;in 3 linkuri separate(cate un link pentru fiecare pies\u0103 filmata separat), dar toate se vor trimite in acelasi mail. <strong>Se accepta filmari&nbsp;si&nbsp;din alte aparitii personale publice, dar nu mai vechi de un an<\/strong>!<\/p>\n\n\n\n<p><\/p>\n\n\n\n<p><strong>2.Dovada achit\u0103rii dona\u021biei de participare<\/strong>&nbsp;( pentru sec\u021biunea A&nbsp;\u0219i D \u2013 200 lei, pentru sec\u021biunea B \u2013 250&nbsp;lei,&nbsp; pentru sec\u021biunea C \u2013 300 lei), se va achita numai prin virament bancar( nu mandat postal) \u00een contul Fundatiei Pro Piano, deschis la BCR sector 3&nbsp;, Bucure\u0219ti, Cod IBAN: RO85RNCB0074029228740001, CUI 9099960. Pe ordinul de plat\u0103 se vor men\u021biona obligatoriu dou\u0103 lucruri: <strong>N<\/strong><strong>umele concurentului<\/strong><strong>&nbsp;<\/strong>\u0219i &nbsp;<strong>P<\/strong><strong>RO PIANO, 2026<\/strong><strong><\/strong><\/p>\n\n\n\n<p><strong>Confirmarea<\/strong>&nbsp;primirii&nbsp;celor doua&nbsp;documente o ve\u021bi primi&nbsp;tot pe mail. Daca nu primiti confirmarea in dou\u0103 zile, va rog sa ne semnalati (inseamna ca nu am primit documentele).<\/p>\n\n\n\n<p><strong>Lista concurentilor<\/strong>&nbsp;inscrisi va fi postata pe Site-ul Fundatiei<strong>&nbsp;<\/strong><strong>02<\/strong><strong>&nbsp;iunie 202<\/strong><strong>6<\/strong>, in link-ul Programari&nbsp;(al treilea dupa Regulament si Formular).<\/p>\n\n\n\n<p><\/p>\n\n\n\n<p><\/p>\n\n\n\n<h3 class=\"wp-block-heading\"><strong>IV. PREMIILE : <\/strong><\/h3>\n\n\n\n<p>vor fi c\u00e2te <strong>5 premii<\/strong>&nbsp;la fiecare categorie : I, II, III, IV, V, Premii I de Excelen\u021b\u0103, <strong>Premii Speciale, <\/strong>pentru interpretare, muzicalitate, realizare tehnic\u0103, sensibilitate, virtuozitate sau pentru cea mai bun\u0103 interpretare numai a unei anumite piese din repertoriu,&nbsp;inclusiv <strong>TROFEUL &#8211; MARELE PREMIU <\/strong>al Concursului International \u201ePRO PIANO-ROMANIA\u201d.  <strong>Concurentii pot fi programati<\/strong>(la cerere) in recitaluri organizate de Fundatie, pe parcursul anului&nbsp;2026&nbsp;\u2013 2027.<\/p>\n\n\n\n<p>&#8211; &nbsp;<strong>&nbsp;Premiul \u201dGEORGETA&nbsp; SANDU\u201d \u2013 oferit de pianistul Constantin Sandu \u2013 <\/strong><strong><\/strong><strong> <\/strong><strong>Porto(Portugalia) <\/strong><strong><\/strong><\/p>\n\n\n\n<p><strong>REZULTATELE<\/strong> se vor anunta online,&nbsp;in data de <strong>11 iunie, 2026,<\/strong>&nbsp;tot in link-ul <strong>PROGRAMARI.<\/strong><\/p>\n\n\n\n<p>Diplomele vor fi trimise online, pe e-mail-ul profesorului pt&nbsp;toti&nbsp;elevii sai, &nbsp;in decurs de o saptamana dupa anuntarea rezultatelor.<\/p>\n\n\n\n<p><\/p>\n\n\n\n<h3 class=\"wp-block-heading\"><strong>V. JURIUL<\/strong><strong>:<\/strong><strong><\/strong><\/h3>\n\n\n\n<p><strong>Juriul Concursului<\/strong>&nbsp;este format din 7 personalit\u0103\u021bi ale vie\u021bii muzicale rom\u00e2ne\u0219ti \u0219i interna\u021bionale:<\/p>\n\n\n\n<ul class=\"wp-block-list\">\n<li><strong>Prof. Stela Avesalon<\/strong>&nbsp;\u2013&nbsp;Pre\u0219edinte, Bucuresti, Romania<\/li>\n\n\n\n<li><strong>Prof. Dr. Monica Noveanu <\/strong>\u2013 Cluj-Napoca, Romania<\/li>\n\n\n\n<li><strong>Prof. Univ. Dr. <\/strong><strong>Vlad Dimulescu<\/strong>&nbsp;\u2013&nbsp;&nbsp;\u0218ef de departament UNMB, Bucure\u0219ti, Romania<\/li>\n\n\n\n<li><strong>Prof. Univ. Dr. <\/strong><strong>Constantin Sandu<\/strong>&nbsp;\u2013 &nbsp;\u0218ef catedr\u0103 la \u0218coala Superioar\u0103 de Muzic\u0103 \u0219i Artele Spectacolului, &nbsp;Porto-Portugalia<\/li>\n\n\n\n<li><strong>Pianist Mihai Ungureanu<\/strong>&nbsp;&#8211; &nbsp;Craiova, Romania<\/li>\n\n\n\n<li><strong>Pianist Mariusz Adamczak<\/strong>&nbsp;&#8211; &nbsp;Varsovia, Polonia<\/li>\n\n\n\n<li><strong>Prof. Univ. Dr. Diego Caetano<\/strong>&nbsp;&#8211; &nbsp;Huston, SUA<\/li>\n<\/ul>\n\n\n\n<p>Hot\u0103r\u00e2rile juriului sunt definitive \u0219i inatacabile.<\/p>\n\n\n\n<p>Din momentul \u00eenscrierii la concurs, candida\u021bii accept\u0103 prezentul regulament \u0219i&nbsp;hot\u0103r\u00e2rile&nbsp;juriului. Pentru postarea si folosirea viitoare a&nbsp;\u00eenregistr\u0103rilor-video concuren\u021bii nu vor putea solicita onorariu.<\/p>\n\n\n\n<p><\/p>\n\n\n\n<h4 class=\"wp-block-heading\">Informatii suplimentare&nbsp;se pot ob\u021bine prin:<\/h4>\n\n\n\n<p>Tel\/mobil :40\/ 0722.38.26.26  (\u00een afara orelor 14-17)<\/p>\n\n\n\n<p>E-mail : <a href=\"mailto:propiano@gmail.com\"><u><strong>propiano@gmail.com<\/strong><\/u><\/a><\/p>\n\n\n\n<p>Web page: <a href=\"http:\/\/www.propiano.org\"><u><strong>www.propiano.org<\/strong><\/u><\/a><\/p>\n\n\n\n<p><\/p>\n","protected":false},"excerpt":{"rendered":"<p>\u201cPRO PIANO-ROMANIA\u201d&nbsp;&#8211; EDITIE ANIVERSARA Concurs International de interpretare pianistica ONLINE, Editia a XXX-a , 11&nbsp;iunie 2026 REGULAMENT A XXX-a edi\u021bie a&nbsp;Concursului Interna\u021bional \u201cPRO-PIANO-ROM\u00c2NIA\u201d este o edi\u021bie aniversar\u0103 &#8211; 30 de ani \u0219i se va desf\u0103\u0219ura \u00een variant\u0103 online, cu larg\u0103 deschidere interna\u021bional\u0103 (ca juriu \u0219i participan\u021bi). Concursul Interna\u021bional \u201cPRO-PIANO-ROM\u00c2NIA\u201d se adreseaaz\u0103&nbsp;tinerilor piani\u0219ti de orice na\u021bionalitate, [&hellip;]<\/p>\n","protected":false},"author":1,"featured_media":0,"parent":0,"menu_order":0,"comment_status":"closed","ping_status":"closed","template":"","meta":{"footnotes":""},"class_list":["post-10963","page","type-page","status-publish","hentry"],"_links":{"self":[{"href":"https:\/\/www.propiano.org\/romanian\/wp-json\/wp\/v2\/pages\/10963","targetHints":{"allow":["GET"]}}],"collection":[{"href":"https:\/\/www.propiano.org\/romanian\/wp-json\/wp\/v2\/pages"}],"about":[{"href":"https:\/\/www.propiano.org\/romanian\/wp-json\/wp\/v2\/types\/page"}],"author":[{"embeddable":true,"href":"https:\/\/www.propiano.org\/romanian\/wp-json\/wp\/v2\/users\/1"}],"replies":[{"embeddable":true,"href":"https:\/\/www.propiano.org\/romanian\/wp-json\/wp\/v2\/comments?post=10963"}],"version-history":[{"count":10,"href":"https:\/\/www.propiano.org\/romanian\/wp-json\/wp\/v2\/pages\/10963\/revisions"}],"predecessor-version":[{"id":11245,"href":"https:\/\/www.propiano.org\/romanian\/wp-json\/wp\/v2\/pages\/10963\/revisions\/11245"}],"wp:attachment":[{"href":"https:\/\/www.propiano.org\/romanian\/wp-json\/wp\/v2\/media?parent=10963"}],"curies":[{"name":"wp","href":"https:\/\/api.w.org\/{rel}","templated":true}]}}