{"id":10928,"date":"2026-01-02T16:44:34","date_gmt":"2026-01-02T16:44:34","guid":{"rendered":"https:\/\/www.propiano.org\/romanian\/?page_id=10928"},"modified":"2026-03-19T17:33:57","modified_gmt":"2026-03-19T17:33:57","slug":"regulament-bucuresti-2026","status":"publish","type":"page","link":"https:\/\/www.propiano.org\/romanian\/regulament-bucuresti-2026\/","title":{"rendered":"Regulament Bucuresti 2026"},"content":{"rendered":"\n<p><\/p>\n\n\n\n<h2 class=\"wp-block-heading has-text-align-center\"><strong>REGULAMENTUL Concursului National&nbsp;&#8211; HIBRID<br>\u201dPRIETENII MUZICII&nbsp;\/ PRO PIANO-ROMANIA\u201d&nbsp;&#8211; BUCURESTI<\/strong><\/h2>\n\n\n\n<p><\/p>\n\n\n\n<p><\/p>\n\n\n\n<p><\/p>\n\n\n\n<h3 class=\"wp-block-heading\"><strong> Rog cititi cu atentie intregul&nbsp;Regulament!<\/strong> <\/h3>\n\n\n\n<p><\/p>\n\n\n\n<p><\/p>\n\n\n\n<p><strong>Concursul este online( cu inregistrarea repertoriului), iar GALA <strong>concursului( la Sinaia<\/strong><\/strong>) <strong>, va fi cu participare fizica<\/strong>.   <strong>Se accept\u0103 film\u0103ri&nbsp;si&nbsp;din alte apari\u021bii personale publice<\/strong>(nu mai vechi de un an)! <\/p>\n\n\n\n<p><\/p>\n\n\n\n<p><\/p>\n\n\n\n<p><strong><u>INSCRIERI<\/u>LE<\/strong> pentru acest Concurs&nbsp;ONLINE&nbsp;se fac&nbsp;pana <strong>duminica 29&nbsp;martie<\/strong>(ora 24), 2026<\/p>\n\n\n\n<p><\/p>\n\n\n\n<h3 class=\"wp-block-heading\"><u>LISTA cu PREMIILE participantilor<\/u>\u00a0va apare in data de 2 aprilie, 2025, pe Site, pe adresa: www.propiano.org\/ROMANA\/Prietenii Muzicii Bucuresti, 2026-Programare.\u00a0\u00a0<strong>\u00a0\u00a0\u00a0<\/strong>\u00a0<\/h3>\n\n\n\n<p><\/p>\n\n\n\n<p><\/p>\n\n\n\n<h3 class=\"wp-block-heading\"><strong>PENTRU RECITALUL de la SINAIA, <\/strong><strong>din 09 mai<\/strong><strong>, ora 11,00, d<\/strong>oritorii \u00eesi vor scrie optiunea direct pe Formularul de inscriere, in ultima rubrica&nbsp;<\/h3>\n\n\n\n<h2 class=\"wp-block-heading\"><strong> &nbsp;&nbsp; <\/strong><\/h2>\n\n\n\n<p><\/p>\n\n\n\n<h3 class=\"wp-block-heading has-text-align-center\"><strong>Editia a XXIV-a a Concursului este cu dubl\u0103 desfasurare: <\/strong><\/h3>\n\n\n\n<ul class=\"wp-block-list\">\n<li><strong>concursul este online, iar GALA<\/strong> este cu <strong>participare fizic\u0103<\/strong>, optionala, exprimata direct, de la inceput,  pe formularul de inscriere, indiferent de premiu<strong>. Gala va avea loc la&nbsp;Casa Memoriala&nbsp;\u201dGeorge Enescu\u201d- Sinaia, sambata 09 mai, 2026, ora 11,00<\/strong><\/li>\n<\/ul>\n\n\n\n<p><\/p>\n\n\n\n<p><\/p>\n\n\n\n<p><strong>I.<\/strong>&nbsp;<strong>CONCURSUL&nbsp;este \u00een format HYBRID,<\/strong> adica, concursul este ONLINE, dar are si o participare fizica, in GALA de la Sinaia. Concursul se adreseaza copiilor si tinerilor pianisti, cu varste&nbsp;cuprinse&nbsp;intre 5 \u0219i 18 ani.<\/p>\n\n\n\n<p>Data&nbsp;limita a inscrierilor&nbsp;pentru ambele( <strong>Concurs \u0219i GALA<\/strong>) este <strong>29&nbsp;martie 2026<\/strong>(ora 24). Fiecare participant va primi, in decurs de 2 zile de la trimiterea inscrierii lor<strong><em> CONFIRMARE de primire!<\/em><\/strong> Cine nu a primit confirmarea inseamna ca nu s-au primit documentele, <strong>deci nu este inscris!<\/strong> <\/p>\n\n\n\n<p><strong> Semnalati prin mail sau telefon (0722382626). <\/strong><\/p>\n\n\n\n<p>Concursul este <strong>structurat<\/strong>&nbsp;\u00een trei sectiuni: A, B, C.<br>&#8211; Sec\u021biunea A \u2013 tineri care studiaz\u0103 pianul ca instrument principal, \u00een \u0219coli \u0219i licee de muzic\u0103.<br>&#8211; Sec\u021biunea B \u2013 tineri care studiaz\u0103 pianul in Cluburi ale copiilor, Palatul Copiilor, ca instrument optional (\u00een&nbsp;\u0219coli \u0219i licee de muzic\u0103) sau \u00een sistem particular.<br>&#8211; Sec\u021biunea C \u2013 ansamblu la 4 m\u00e2ini(pe un singur pian)<br>&nbsp;<br><strong>II.<\/strong>&nbsp;Pentru o mai bun\u0103 si corecta evaluare, sec\u021biunile A \u0219i B sunt divizate \u00een mai multe categorii, \u00een func\u021bie de anul na\u0219terii participan\u021bilor:<\/p>\n\n\n\n<figure class=\"wp-block-table\"><table class=\"has-fixed-layout\"><tbody><tr><td>Categ. 0 &nbsp;&nbsp;\u2013 &nbsp;2021<br>cat. &nbsp;1-a&nbsp; &nbsp;\u2013 &nbsp;2020<br>cat. a 2-a \u2013 2019<br>cat. a 3-a \u2013 2018<br>cat. a 4-a \u2013 2017<\/td><td>cat. a 5-a \u2013 2016<br>cat. a 6-a \u2013 2015<br>cat. a 7-a \u2013 2014<br>cat. a 8-a \u2013 2013<br>cat. a 9-a \u2013 2012<\/td><td>cat. a 10-a \u2013 2011<br>cat. a 11-a \u2013 2010<br>cat. a 12-a \u2013 2009<br>cat. a 13-a \u2013 2008<br>cat. a 14-a \u2013 2007, 2006<\/td><\/tr><\/tbody><\/table><\/figure>\n\n\n\n<p>Pentru sec\u021biunea C se va tine cont de v\u00e2rsta celor 2 membri (nu este obligatorie apartenen\u021ba la aceea\u0219i categorie). &nbsp;<\/p>\n\n\n\n<p><strong>III. REPERTORIUL<\/strong>&nbsp;&nbsp;&#8211; va cuprinde <strong>filmarea<\/strong> a una sau doua piese&nbsp;la alegerea concurentului<strong>, obligatoriu pe dinafar\u0103(f\u0103r\u0103 partitur\u0103), in afara sectiunii C(4 m\u00e2ini), unde se accepta partitura.<\/strong>&nbsp;<\/p>\n\n\n\n<h4 class=\"wp-block-heading\"><strong>Se accept\u0103 film\u0103ri&nbsp;si&nbsp;din alte apari\u021bii personale publice<\/strong>(nu mai vechi de un an)! <\/h4>\n\n\n\n<p>Durata maxim\u0103 cumulat\u0103 va fi \u00eentre 5 \u0219i 25 minute(cu posibilitate de prelungire maxim 2 minute), \u00een func\u021bie de categorie, dup\u0103 cum urmeaz\u0103:                  <br><strong>Sec\u021biunea A:<\/strong>&nbsp;cat. 1 \u2013 4 = &nbsp;7\u2032 \/ &nbsp;cat. 5 \u2013 8 = &nbsp;10\u2032 \/ &nbsp;cat. 9\u201310 = 15\u2032 \/ &nbsp;cat. 11-12 =20\u2032 \/ cat. 13-14=25\u2032<br><strong>Sec\u021biunea B:<\/strong>&nbsp;cat. 1 \u2013 4 = 5\u2032 \/&nbsp; cat. 5 \u2013 8 = 9\u2032 \/ &nbsp; cat. 9\u201310 = 12\u2032 \/&nbsp;&nbsp;cat. 11- 12 =15\u2032 \/ cat. 13-14=20\u2032&nbsp;<br>Programul men\u021bionat \u00een fi\u0219a de \u00eenscriere nu poate fi modificat ulterior. Ordinea interpret\u0103rii pieselor din repertoriu este la libera alegere a participan\u021bilor. &nbsp;<br>&nbsp;<strong>&nbsp;<\/strong><\/p>\n\n\n\n<p><strong>&nbsp;IV. INSCRIEREA<\/strong><strong>: <\/strong><strong><\/strong><\/p>\n\n\n\n<p>se va face online,<strong>&nbsp;\u00eentre 04 &#8211; 29 martie, 2026(ora 24)&nbsp;<\/strong>\u0219i const\u0103 \u00een trimiterea prin e-mail, la adresa <a href=\"mailto:propiano@gmail.com\"><\/a><strong><a href=\"mailto:propiano@gmail.com\"><u>propiano@gmail.com<\/u><\/a>,<\/strong> a doua documente:<strong>&nbsp;1.<\/strong>&nbsp;<em><u><em>Formularul<\/em><\/u><\/em>&nbsp;cu toate datele completate, inclusiv cu <strong><u><strong>Link-ul filmarilor<\/strong><\/u><\/strong>&nbsp;\u0219i&nbsp;<strong>2. <\/strong><em><u><em>Chitanta de donatie(<\/em><\/u><\/em>scanata).<\/p>\n\n\n\n<p><strong><u><strong>Formularul&nbsp;de inscriere&nbsp;&#8211; <\/strong><\/u>se va completa direct pe internet<\/strong>(fara scanare, sau \u00een jpeg sau poza), cu toate datele&nbsp;cerute(inclusiv CNP).<strong>&nbsp;Atentie: <\/strong>numele se va scrie cu diacritice(\u0103.\u00e2, \u00ee, \u0219, etc).<\/p>\n\n\n\n<ul class=\"wp-block-list\">\n<li><strong><u><strong>Chitanta de donatie: <\/strong><\/u><\/strong>Donatia de inscriere&nbsp;este de&nbsp;<strong>180<\/strong>&nbsp;lei(pentru sectiunile A \u0219i B) \u0219i&nbsp;<strong>170<\/strong>&nbsp;lei(pentru sectiunea C &#8211; 4 maini) si se va&nbsp;trimite in contul Fundatiei Culturale \u201dPRO PIANO-ROMANIA&nbsp;\u201d deschis la BCR sector 3 Bucuresti,<strong>&nbsp;Cod IBAN: RO85RNCB0074029228740001 \/&nbsp;C.U.I. 9099960<\/strong>, cu specificarea obligatorie pe ordinul de plat\u0103 a 2 semne de identificare:<strong> <em>Dona\u021bie<em> <\/em><strong><em>Bucuresti&nbsp;\u0219i b)<\/em><\/strong><\/em><\/strong><em><strong>&nbsp;<em>Numele participantului<\/em><\/strong>&nbsp;<\/em>pentru care se face plata(<strong>nu<\/strong>&nbsp;a depunatorului)..&nbsp;<\/li>\n\n\n\n<li>Un elev participant \u00een mai multe <strong>forma\u021bii la 4<\/strong>&nbsp;<strong>m\u00e2ini,<\/strong>&nbsp;achit\u0103 o singur\u0103 dat\u0103 jum\u0103tatea sa de dona\u021bie \u2013 <strong>85<\/strong>&nbsp;lei). Confirmarea \u00eenscrierii se va face \u00een cel mult 2 zile&nbsp;de la trimiterea \u00eenscrierii. <strong>Dac\u0103 nu ati primit confirmarea<\/strong>, inseamn\u0103 ca nu s-a primit&nbsp;\u00eenscrierea. In acest caz, deci numai dup\u0103 2 zile de la trimitere, semnalati telefonic la nr. 0722 382 626.&nbsp;<\/li>\n<\/ul>\n\n\n\n<p><strong>V. INFORMATII TEHNICE<\/strong><strong>&nbsp;<\/strong><strong>:<\/strong>&nbsp;filmarea s\u0103 se faca&nbsp;cu telefonul pe orizontala&nbsp;(pus pe un stativ, pentru a nu se misca), pozitionat putin in spatele interpretului, in partea&nbsp;dreapta, iar \u00een filmare sa se vada (pe cat posibil) corpul intreg al interpretului, pedalele&nbsp;si pianul. Pe filmare, se va mentiona obligatoriu <strong>numele interpretului si repertoriul&nbsp;<\/strong>(neaparat cu diacritice(\u0103.\u00e2, \u00ee, \u0219, etc).&nbsp;<\/p>\n\n\n\n<p>Dup\u0103 filmare, aceasta inregistrare&nbsp;<strong>va fi incarcata&nbsp;in contul YouTube<\/strong>&nbsp;<strong>personal<\/strong>&nbsp;(cu <strong>optiunea PUBLIC<\/strong>).<strong>&nbsp;LINK<\/strong><strong>-ul rezultat<\/strong>&nbsp;se va incarca in&nbsp;formular, in cele doua rubrici speciale&nbsp;la sfarsit, sau le puteti trimite si separat,&nbsp;dar in acelasi e-mail( nu in e-mail&#8211;luri diferite).<\/p>\n\n\n\n<p><strong>Se accept\u0103 film\u0103ri&nbsp;si&nbsp;din alte apari\u021bii personale publice<\/strong>! &nbsp;&nbsp;<br>&nbsp;<\/p>\n\n\n\n<p><br><strong>VI. PREMII:<\/strong>&nbsp;<\/p>\n\n\n\n<p>Se vor acorda urm\u0103toarele distinc\u0163ii(pentru fiecare categorie \u00een parte):&nbsp;<strong>D<\/strong><strong>iplome<\/strong>&nbsp;pentru Premii I, II, III, Men\u021biuni, de Participare(pentru cei care nu se calific\u0103 la unul dintre premiile anun\u021bate), <strong>Premii Speciale<\/strong>( pentru cea mai bun\u0103 interpretare a unei piese rom\u00e2ne\u015fti, premiul J. S. Bach, premiul Fr. Liszt, premiul Fundatiei \u201cPRO PIANO-ROMANIA\u201d, premiu pentru prezen\u0163\u0103 artistic\u0103 deosebit\u0103 etc) \u0219i, dup\u0103 caz, Marele Premiu al categoriei sau a intregului concurs, alias <strong>Trofeul Concursului<\/strong>&nbsp;(pentru fiecare dintre&nbsp;sec\u021biunile A \u0219i B). Diplomele se vor trimite pe e-mail-ul profesorului!<\/p>\n\n\n\n<p><strong>Pentru GALA concursului &#8211; <\/strong>9 mai, 2026, ora 11,00,  la Casa Memoriala \u201dGeorge Enescu\u201d din SINAIA, se accepta&nbsp;orice participant(indiferent de premiu), care i\u0219i exprim\u0103 dorin\u021ba de participare<strong>(DA) <\/strong>in ultima rubrica a formularului.<\/p>\n\n\n\n<p>Lista PREMIILOR va apare in data de 2 aprilie 2026, seara. <\/p>\n\n\n\n<p>&nbsp;<strong>VII. Juriul<\/strong>&nbsp;concursului va fi format din personalit\u0103\u021bi ale pedagogiei \u0219i muzicii rom\u00e2ne\u0219ti.<br>\u00cen momentul \u00eenscrierii \u00een Festival candida\u021bii accept\u0103 prezentele condi\u021bii \u0219i autoritatea juriului.&nbsp;<\/p>\n\n\n\n<p>I<strong>nformatii suplimentare <\/strong>se pot lua numai de la:<\/p>\n\n\n\n<p>Fundatia Culturala \u201cPRO PIANO-ROMANIA\u201d&nbsp;\/ Profesor&nbsp;Stela Avesalon&nbsp;<\/p>\n\n\n\n<ul class=\"wp-block-list\">\n<li>E-mail: <strong><a href=\"mailto:propiano@gmail.co\"><u>propiano@gmail.com<\/u><\/a>&nbsp;&nbsp;<\/strong> &nbsp;&nbsp;&nbsp;&nbsp;<\/li>\n<\/ul>\n\n\n\n<p>Tel:&nbsp;0722.382.626&nbsp;(\u00een afara orelor 14-17)<\/p>\n\n\n\n<p><\/p>\n","protected":false},"excerpt":{"rendered":"<p>REGULAMENTUL Concursului National&nbsp;&#8211; HIBRID\u201dPRIETENII MUZICII&nbsp;\/ PRO PIANO-ROMANIA\u201d&nbsp;&#8211; BUCURESTI Rog cititi cu atentie intregul&nbsp;Regulament! Concursul este online( cu inregistrarea repertoriului), iar GALA concursului( la Sinaia) , va fi cu participare fizica. Se accept\u0103 film\u0103ri&nbsp;si&nbsp;din alte apari\u021bii personale publice(nu mai vechi de un an)! INSCRIERILE pentru acest Concurs&nbsp;ONLINE&nbsp;se fac&nbsp;pana duminica 29&nbsp;martie(ora 24), 2026 LISTA cu PREMIILE participantilor\u00a0va [&hellip;]<\/p>\n","protected":false},"author":1,"featured_media":0,"parent":0,"menu_order":0,"comment_status":"closed","ping_status":"closed","template":"","meta":{"footnotes":""},"class_list":["post-10928","page","type-page","status-publish","hentry"],"_links":{"self":[{"href":"https:\/\/www.propiano.org\/romanian\/wp-json\/wp\/v2\/pages\/10928","targetHints":{"allow":["GET"]}}],"collection":[{"href":"https:\/\/www.propiano.org\/romanian\/wp-json\/wp\/v2\/pages"}],"about":[{"href":"https:\/\/www.propiano.org\/romanian\/wp-json\/wp\/v2\/types\/page"}],"author":[{"embeddable":true,"href":"https:\/\/www.propiano.org\/romanian\/wp-json\/wp\/v2\/users\/1"}],"replies":[{"embeddable":true,"href":"https:\/\/www.propiano.org\/romanian\/wp-json\/wp\/v2\/comments?post=10928"}],"version-history":[{"count":13,"href":"https:\/\/www.propiano.org\/romanian\/wp-json\/wp\/v2\/pages\/10928\/revisions"}],"predecessor-version":[{"id":11228,"href":"https:\/\/www.propiano.org\/romanian\/wp-json\/wp\/v2\/pages\/10928\/revisions\/11228"}],"wp:attachment":[{"href":"https:\/\/www.propiano.org\/romanian\/wp-json\/wp\/v2\/media?parent=10928"}],"curies":[{"name":"wp","href":"https:\/\/api.w.org\/{rel}","templated":true}]}}