{"id":10348,"date":"2025-01-02T14:55:25","date_gmt":"2025-01-02T14:55:25","guid":{"rendered":"https:\/\/www.propiano.org\/romanian\/?page_id=10348"},"modified":"2025-03-21T09:04:51","modified_gmt":"2025-03-21T09:04:51","slug":"regulament-bucuresti","status":"publish","type":"page","link":"https:\/\/www.propiano.org\/romanian\/regulament-bucuresti\/","title":{"rendered":"Regulament Bucuresti"},"content":{"rendered":"\n<p><\/p>\n\n\n\n<h3 class=\"wp-block-heading\"><\/h3>\n\n\n\n<h2 class=\"wp-block-heading\"><strong>Date importante <\/strong>(rog cititi cu atentie intregul&nbsp;Regulament)!<strong><\/strong><\/h2>\n\n\n\n<h3 class=\"wp-block-heading has-text-align-center\"><strong>PENTRU CONCURS:<\/strong><\/h3>\n\n\n\n<ul class=\"wp-block-list\">\n<li><strong><u><strong>INSCRIERI<\/strong><\/u><\/strong><strong>LE<\/strong><strong>: &#8211; pentru varianta ONLINE- &nbsp;pana joi 27 martie, 2025(ora 24,00)<\/strong><\/li>\n\n\n\n<li><strong>&nbsp;&nbsp;&nbsp;&nbsp;&nbsp;&nbsp;&nbsp;&nbsp;&nbsp;&nbsp;&nbsp;&nbsp;&nbsp;&nbsp;&nbsp;&nbsp;&nbsp;&nbsp;&nbsp;&nbsp;&nbsp;&nbsp;&#8211; &nbsp;pentru varianta FIZICA: <\/strong>pana <strong>luni 31 martie, 2025(ora 24,00)<\/strong><\/li>\n\n\n\n<li><strong><u><strong>LISTA participan\u021bilor<\/strong><\/u><\/strong><strong>&nbsp;<\/strong>va apare <strong>miercuri 2 aprilie<\/strong><strong>, 202<\/strong><strong>5<\/strong>, pe SITE, in PROGRAMARE.<\/li>\n\n\n\n<li><strong><u><strong>ORDINEA INTRARII<\/strong><\/u><\/strong><strong>&nbsp;in concurs<\/strong>&nbsp;<strong>(<\/strong><strong><u><strong>PROGRA<\/strong><\/u><\/strong><strong><u><strong>MA<\/strong><\/u><\/strong><strong><u><strong>REA<\/strong><\/u><\/strong><strong>)<\/strong><strong>pentru varianta fizica<\/strong><strong>&nbsp;&#8211; <\/strong><strong>S\u00e2mb\u0103t\u0103<\/strong><strong>&nbsp;<\/strong><strong>5 aprilie<\/strong><strong>&nbsp;202<\/strong><strong>5<\/strong>, tot pe SITE(in PROGRAMARE).<\/li>\n<\/ul>\n\n\n\n<p><\/p>\n\n\n\n<p><\/p>\n\n\n\n<h3 class=\"wp-block-heading has-text-align-center\"><strong>PENTRU cele doua RECITALURI de la SINAIA si BUSTENI<\/strong>(din luna mai): <strong>Doritorii din afara Concursului sunt invitati sa completeze FORMULARUL 3. Cei care participa in Concurs completeaza optiunea direct pe Formularul de inscriere(in aceleasi conditii inserate in Regulament, pentru acestea). <\/strong><\/h3>\n\n\n\n<p><\/p>\n\n\n\n<p><\/p>\n\n\n\n<p><\/p>\n\n\n\n<p><\/p>\n\n\n\n<p><\/p>\n\n\n\n<p><\/p>\n\n\n\n<h2 class=\"wp-block-heading has-text-align-center\"><strong>REGULAMENTUL Concursului National&nbsp;&#8211; HIBRID<br>\u201dPRIETENII MUZICII&nbsp;\/ PRO PIANO-ROMANIA\u201d&nbsp;&#8211; BUCURESTI &nbsp;&nbsp;     <\/strong><\/h2>\n\n\n\n<h2 class=\"wp-block-heading has-text-align-center\"><strong>Editia a XXIII-a (cu dubl\u0103 desfasurare: fizica si online)<\/strong><\/h2>\n\n\n\n<p><br><strong>I.<\/strong>&nbsp;Manifestarea este deschisa&nbsp;copiilor cu varsta cuprinsa&nbsp;intre 5 \u0219i 18 ani. Pentru cei cu prezen\u021b\u0103 fizic\u0103, concursul se va desf\u0103\u0219ura la Sala Mare-ARCUB, din str. Lipscani nr. 84-90, Bucuresti, \u00een data de <strong>10 aprilie 2025.<\/strong>&nbsp;Datele inscrierilor sunt diferite: pentru varianta <strong>online<\/strong>&nbsp;&#8211; p\u00e2n\u0103 \u00een <strong>27 martie, 2025<\/strong>, iar pentru cei cu participare <strong>fizic\u0103<\/strong>, p\u00e2n\u0103 la data de <strong>31 martie 2025<\/strong>.<\/p>\n\n\n\n<p>Concursul este divizat \u00een trei sectiuni: A, B, C.<br>Sec\u021biunea A \u2013 tineri care studiaz\u0103 pianul ca instrument principal, \u00een \u0219coli \u0219i licee de muzic\u0103.<br>Sec\u021biunea B \u2013 tineri care studiaz\u0103 pianul in Cluburi ale copiilor, Palatul Copiilor, ca instrument optional (\u00een&nbsp;\u0219coli \u0219i licee de muzic\u0103) sau \u00een sistem particular.<br>Sec\u021biunea C \u2013 ansamblu la 4 m\u00e2ini(pe un singur pian)<br>&nbsp;<br><strong>II.<\/strong>&nbsp;Pentru o mai bun\u0103 evaluare, sec\u021biunile A \u0219i B sunt divizate \u00een mai multe categorii, \u00een func\u021bie de anul na\u0219terii participan\u021bilor:<br><\/p>\n\n\n\n<p><strong>categoria 0\u20132020<br>cat. &nbsp;1-a&nbsp; \u2013 &nbsp;2019<br>cat. a 2-a \u2013 2018<br>cat. a 3-a \u2013 2017<br>cat. a 4-a \u2013 2016 <\/strong><\/p>\n\n\n\n<p><strong>cat. a 5-a \u2013 2015<br>cat. a 6-a \u2013 2014<br>cat. a 7-a \u2013 2013<br>cat. a 8-a \u2013 2012<br>cat. a 9-a \u2013 2011&nbsp;&nbsp;<\/strong><\/p>\n\n\n\n<p><strong>cat. a 10-a \u2013 2010<br>cat. a 11-a \u2013 2009<br>cat. a 12-a \u2013 2008<br>cat. a 13-a \u2013 2007<br>cat. a 14-a \u2013 2006, 2005<\/strong><\/p>\n\n\n\n<ol style=\"list-style-type:upper-roman\" class=\"wp-block-list\">\n<li>Pentru sec\u021biunea C se va tine cont de v\u00e2rsta celor 2 membri (nu este obligatorie apartenen\u021ba la aceea\u0219i categorie). &nbsp;<br>&nbsp;<br><strong>III. <\/strong><strong>REPERTORIUL<\/strong>&nbsp;&nbsp;&#8211; pentru ambele variante de prezentare va cuprinde una sau doua piese&nbsp;la alegerea concurentului<strong>), obligatoriu pe dinafar\u0103(f\u0103r\u0103 partitur\u0103), in afara sectiuniiC(4 m\u00e2ini), unde se accepta partitura<\/strong><strong>.<\/strong>&nbsp;<\/li>\n<\/ol>\n\n\n\n<p>Durata maxim\u0103 cumulat\u0103 va fi \u00eentre 5 \u0219i 25 minute(cu posibilitate de prelungire maxim 2 minute), \u00een func\u021bie de categorie, dup\u0103 cum urmeaz\u0103:<br><strong>Sec\u021biunea A:<\/strong>&nbsp;cat. 1 \u2013 4 = &nbsp;7\u2032 \/ &nbsp;cat. 5 \u2013 8 = &nbsp;10\u2032 \/ &nbsp;cat. 9\u201310 = 15\u2032 \/ &nbsp;cat. 11-12 =20\u2032 \/ cat. 13-14=25\u2032<br><strong>Sec\u021biunea B:<\/strong>&nbsp;cat. 1 \u2013 4 = 5\u2032 \/&nbsp; cat. 5 \u2013 8 = 9\u2032 \/ &nbsp; cat. 9\u201310 = 12\u2032 \/&nbsp;&nbsp;cat. 11- 12 =15\u2032 \/ cat. 13-14=20\u2032&nbsp;<br>Programul men\u021bionat \u00een fi\u0219a de \u00eenscriere nu poate fi modificat ulterior. Ordinea interpret\u0103rii pieselor din repertoriu este la libera alegere a participan\u021bilor. &nbsp;<br>&nbsp;<strong>&nbsp;<\/strong><\/p>\n\n\n\n<p><strong>&nbsp;IV. INSCRIEREA &nbsp;pentru ambele variante se face&nbsp;numai online, pe adresa de e-mail:  <a href=\"mailto:propiano@gmail.com\"><\/a><u><strong><a href=\"mailto:propiano@gmail.com\"><u>propiano@gmail.com<\/u><\/a><\/strong><\/u><\/strong><\/p>\n\n\n\n<p><strong>Date de inscriere:       p<\/strong>entru varianta fizic\u0103, p\u00e2n\u0103&nbsp;\u00een data de<strong>&nbsp;31 martie, 2025(ora 24), <\/strong>                                    iar pentru varianta online <strong>&#8211; <\/strong>numai p\u00e2n\u0103 \u00een data de <strong>27 martie, 2025. <\/strong><\/p>\n\n\n\n<p><strong>Pentru ambele variante s<\/strong>e vor trimite pe adresa de e-mail: <a href=\"mailto:propiano@gmail.com\"><u>propiano@gmail.com<\/u><\/a><strong>&nbsp;<\/strong>numai doua documente:&nbsp;<strong>1.<\/strong>&nbsp;<strong><em><u><strong><em>Formularul<\/em><\/strong><\/u><\/em><\/strong>&nbsp;cu toate datele completate, inclusiv cu <strong><u><strong>Link-ul <\/strong><\/u><\/strong><strong><u><strong>filmarilor<\/strong><\/u><\/strong>(pentru cei online) \u0219i <strong>2. <\/strong><strong><em><u><strong><em>Chitanta de donatie(<\/em><\/strong><\/u><\/em><\/strong>scanata). <strong><\/strong><\/p>\n\n\n\n<h4 class=\"wp-block-heading\"><strong><u><strong>Formularul&nbsp;de inscriere&nbsp;&#8211; se va alege cel specific variantei dorite: fizic ori online, astfel:<\/strong><\/u><\/strong><\/h4>\n\n\n\n<p><strong>&#8211; formularul 1 <\/strong>este<strong>&nbsp;<\/strong>pentru cei cu prezenta <strong>fizica<\/strong>&nbsp;\u0219i trebuie completat <strong>cu toate datele<\/strong>&nbsp;cerute(inclusiv CNP).<strong>&nbsp;Atentie: <\/strong>numele se va scrie &nbsp;cu diacritice(\u0103.\u00e2, \u00ee, \u0219, etc), pentru scrierea corecta a diplomelor.&nbsp;&nbsp;&nbsp;&nbsp;&nbsp;&nbsp;&nbsp;&nbsp;&nbsp;&nbsp;&nbsp;&nbsp;&nbsp;&nbsp;&nbsp;&nbsp;&nbsp;&nbsp;&nbsp;&nbsp;&nbsp;&nbsp;&nbsp;&nbsp;&nbsp;&nbsp;&nbsp;&nbsp;&nbsp;&nbsp;&nbsp;<strong>&#8211;&nbsp;formularul 2 <\/strong><strong>este <\/strong><strong>&nbsp;<\/strong><strong>pentru participarea&nbsp;<\/strong><strong>online<\/strong>.<\/p>\n\n\n\n<ul class=\"wp-block-list\">\n<li><strong><u><strong>Chitanta de donatie(pentru ambele participari): <\/strong><\/u>Donatia de inscriere(<\/strong><em>pentru ambele&nbsp;forme de participare<\/em><strong>)<\/strong>&nbsp;este de&nbsp;<strong>180<\/strong>&nbsp;lei(pentru sectiunile A \u0219i B) \u0219i&nbsp;<strong>160<\/strong>&nbsp;lei(pentru sectiunea C &#8211; 4 maini) si se va&nbsp;trimite in contul Fundatiei Culturale \u201dPRO PIANO-ROMANIA&nbsp;\u201d deschis la BCR sector 3 Bucuresti,<strong>&nbsp;Cod IBAN: <\/strong> <strong>RO85RNCB0074029228740001<\/strong>, cu specificarea <strong>obligatorie(<\/strong>&nbsp;pe ordinul de plat\u0103) a dou\u0103 elemente: <strong>Donatie<\/strong>&nbsp;plus&nbsp;<strong>numele participantului<\/strong> (nu a depunatorului).&nbsp;Un elev participant \u00een mai multe <strong>forma\u021bii la 4<\/strong>&nbsp;<strong>m\u00e2ini,<\/strong>&nbsp;achit\u0103 o singur\u0103 dat\u0103 jum\u0103tatea sa de dona\u021bie \u2013 80&nbsp;lei). Nu se admit mandate po\u015ftale. Confirmarea \u00eenscrierii se va face \u00een cel mult 2 zile. Dac\u0103 nu ati primit confirmarea, inseamn\u0103 ca \u00eenscrierea nu s-a primit. In acest caz, deci numai dup\u0103 2 zile de la trimitere, \u00eentreba\u021bi telefonic la nr. 0722 382 626.&nbsp;<\/li>\n<\/ul>\n\n\n\n<p><strong>V. INFORMATII TEHNICE pentru participantii online, <\/strong>ca ajutor pentru realizarea imprim\u0103rilor:&nbsp;Filmarea s\u0103 se faca&nbsp;cu telefonul pe orizontala(pus pe un stativ, pentru a nu se misca), pozitionat putin in spatele interpretului, in partea&nbsp;dreapta, iar \u00een filmare sa se vada (pe cat posibil) corpul intreg al interpretului, pedalele&nbsp;si pianul. Se accept\u0103 \u0219i film\u0103ri din alte apari\u021bii publice (cat mai recente). Pe filmare, se va mentiona obligatoriu <strong>numele interpretului si repertoriul<\/strong><strong>&nbsp;<\/strong>(neaparat cu diacritice(\u0103.\u00e2, \u00ee, \u0219, etc).&nbsp;Dup\u0103 filmare, inregistrarea &nbsp;<strong>va fi incarcat<\/strong><strong>a<\/strong><strong>&nbsp;in contul <\/strong><strong>YouTube<\/strong>&nbsp;<strong>personal<\/strong>&nbsp;(cu <strong>optiunea <\/strong><strong>PUBLIC<\/strong>).&nbsp;Rezulta <strong>un LINK<\/strong>, care se va pune la sfarsitul formularului, in cele doua rubrici speciale(sau le puteti trimite si separat, dar in acelasi e-mail). <strong>NU <\/strong>in alt e-mail. &nbsp;<\/p>\n\n\n\n<p><strong>VI.<\/strong>&nbsp;Ordinea prezent\u0103rii \u00een Concurs (pentru varianta fizic\u0103) este cea alfabetic\u0103, in cadrul fiec\u0103rei categorii.<br>Programarea categoriilor pe zile si ore va fi afi\u0219at\u0103 online, la data de&nbsp;<strong>5&nbsp;aprilie,&nbsp;2025<\/strong>&nbsp;pe adresa: www.propiano.org\/ROMANA\/Prietenii Muzicii Bucuresti&nbsp;2025\/Programare<br>&nbsp;<br><strong>VII. PREMII:<\/strong>&nbsp;<\/p>\n\n\n\n<p>Se vor acorda urm\u0103toarele distinc\u0163ii(pentru fiecare categorie \u00een parte):\u00a0DIPLOME pentru Premii I, II, III, Men\u021biuni, de Participare(pentru cei care nu se calific\u0103 la unul dintre premiile anun\u021bate), Premii Speciale( pentru cea mai bun\u0103 interpretare a unei piese rom\u00e2ne\u015fti, premiul J. S. Bach, premiul Fr. Liszt, premiul Fundatiei \u201cPRO PIANO-ROMANIA\u201d, premiu pentru prezen\u0163\u0103 artistic\u0103 deosebit\u0103 etc) \u0219i, dup\u0103 caz, Trofeul Concursului (c\u00e2te unul pentru fiecare dintre\u00a0sec\u021biunile A \u0219i B). Diplomele participantilor FIZIC vor fi \u00eenm\u00e2nate \u00een festivitatea de premiere de la sfarsitul concursului, iar pentru participantii ONLINE, diplomnele se vor trimite pe e-mail-ul profesorului!<\/p>\n\n\n\n<p><\/p>\n\n\n\n<p><strong>Cele dou\u0103 RECITALURI de la SINAIA \u0219i BU\u0218TENI din luna mai(vezi afi\u0219ul)<\/strong>: <strong>participan\u021bii ambelor forme de concurs<\/strong>, precum si <strong>Participantii din afara Concursului<\/strong> (cei care nu participa la Concurs) dar doresc s\u0103 c\u00e2nte in cele doua Recitaluri din luna mai, sunt ruga\u021bi s\u0103 specifice acest lucru pe <strong>Formularele de \u00eenscriere respective<\/strong>, cu optiunea ori Sinaia, ori Busteni, ori \u00een ambele loca\u021bii) impreuna cu programul dorit (care poate fi si alt program fata de cel din concurs)! <strong>Taxa de participare<\/strong> este de 50 lei pentru fiecare locatie (100 lei pentru ambele)- <strong>Cod IBAN: <\/strong> <strong>RO85RNCB0074029228740001<\/strong>. <strong>Participantii din afara Concursului<\/strong> vor completa <strong>Formularul 3<\/strong> <strong>din SITE<\/strong> (FORMULARE), cu optiunea dorita: ori Sinaia, ori Busteni, ori ambele, si le vor incarca impreuna cu dovada platii intr-un singur e-mail, pe adresa: propiano@gmail.com. Inscrierile se primesc pana in data de <strong>12 mai, 2025<\/strong>. Programul Recitalelor va fi afi\u0219at tot pe SITE in timp util!<\/p>\n\n\n\n<p>&nbsp;<br><strong>VI<\/strong><strong>II<\/strong><strong>. Juriul<\/strong>&nbsp;concursului va fi format din personalit\u0103\u021bi ale pedagogiei \u0219i muzicii rom\u00e2ne\u0219ti.<br>\u00cen momentul \u00eenscrierii \u00een Festival candida\u021bii accept\u0103 prezentele condi\u021bii \u0219i autoritatea juriului.&nbsp;<\/p>\n\n\n\n<p><\/p>\n\n\n\n<p><\/p>\n\n\n\n<p>I<strong>nformatii suplimentare <\/strong>se pot lua de la:<\/p>\n\n\n\n<p><strong>Fundatia Culturala \u201cPRO PIANO-ROMANIA\u201d&nbsp;\/  Profesor&nbsp;Stela Avesalon<\/strong> \/ <strong>E-mail<\/strong>: <a href=\"mailto:propiano@gmail.co\"><u>propiano@gmail.com<\/u><\/a>&nbsp;&nbsp; <strong>Tel:<\/strong>&nbsp;0722.382.626&nbsp;<strong>(\u00een afara orelor 14-17)<\/strong>&nbsp;       \/     <strong>Web:<\/strong>&nbsp;<a href=\"http:\/\/www.propiano.org\"><u>www.propiano.org<\/u><\/a><\/p>\n\n\n\n<p>&nbsp;&nbsp;&nbsp;&nbsp;<\/p>\n\n\n\n<p><\/p>\n","protected":false},"excerpt":{"rendered":"<p>Date importante (rog cititi cu atentie intregul&nbsp;Regulament)! PENTRU CONCURS: PENTRU cele doua RECITALURI de la SINAIA si BUSTENI(din luna mai): Doritorii din afara Concursului sunt invitati sa completeze FORMULARUL 3. Cei care participa in Concurs completeaza optiunea direct pe Formularul de inscriere(in aceleasi conditii inserate in Regulament, pentru acestea). REGULAMENTUL Concursului National&nbsp;&#8211; HIBRID\u201dPRIETENII MUZICII&nbsp;\/ PRO [&hellip;]<\/p>\n","protected":false},"author":1,"featured_media":0,"parent":0,"menu_order":0,"comment_status":"closed","ping_status":"closed","template":"","meta":{"footnotes":""},"class_list":["post-10348","page","type-page","status-publish","hentry"],"_links":{"self":[{"href":"https:\/\/www.propiano.org\/romanian\/wp-json\/wp\/v2\/pages\/10348","targetHints":{"allow":["GET"]}}],"collection":[{"href":"https:\/\/www.propiano.org\/romanian\/wp-json\/wp\/v2\/pages"}],"about":[{"href":"https:\/\/www.propiano.org\/romanian\/wp-json\/wp\/v2\/types\/page"}],"author":[{"embeddable":true,"href":"https:\/\/www.propiano.org\/romanian\/wp-json\/wp\/v2\/users\/1"}],"replies":[{"embeddable":true,"href":"https:\/\/www.propiano.org\/romanian\/wp-json\/wp\/v2\/comments?post=10348"}],"version-history":[{"count":25,"href":"https:\/\/www.propiano.org\/romanian\/wp-json\/wp\/v2\/pages\/10348\/revisions"}],"predecessor-version":[{"id":10618,"href":"https:\/\/www.propiano.org\/romanian\/wp-json\/wp\/v2\/pages\/10348\/revisions\/10618"}],"wp:attachment":[{"href":"https:\/\/www.propiano.org\/romanian\/wp-json\/wp\/v2\/media?parent=10348"}],"curies":[{"name":"wp","href":"https:\/\/api.w.org\/{rel}","templated":true}]}}