{"id":10339,"date":"2025-01-02T14:54:09","date_gmt":"2025-01-02T14:54:09","guid":{"rendered":"https:\/\/www.propiano.org\/romanian\/?page_id=10339"},"modified":"2025-01-07T17:44:53","modified_gmt":"2025-01-07T17:44:53","slug":"regulament-sibiu","status":"publish","type":"page","link":"https:\/\/www.propiano.org\/romanian\/regulament-sibiu\/","title":{"rendered":"Regulament Sibiu"},"content":{"rendered":"\n<p><\/p>\n\n\n\n<p><\/p>\n\n\n\n<h2 class=\"wp-block-heading has-text-align-center\"><strong>REGULAMENT<\/strong><strong>UL<\/strong><strong>&nbsp;<\/strong><strong>&nbsp;Concursului National<\/strong><strong><\/strong><\/h2>\n\n\n\n<h2 class=\"wp-block-heading has-text-align-center\"><strong>\u201d<\/strong><strong>P<\/strong><strong>rietenii <\/strong><strong>M<\/strong><strong>uzicii\/Pro Piano-Romania\u201d filiala <\/strong><strong>SIBIU<\/strong><strong><\/strong><\/h2>\n\n\n\n<h2 class=\"wp-block-heading has-text-align-center\"><strong>&nbsp;Edi<\/strong><strong>t<\/strong><strong>ia a XI<\/strong><strong>I<\/strong><strong>I<\/strong><strong>-a, <\/strong><strong>14<\/strong><strong>&nbsp;&#8211; <\/strong><strong>16<\/strong><strong>&nbsp;<\/strong><strong>martie, 202<\/strong><strong>5<\/strong><\/h2>\n\n\n\n<p><\/p>\n\n\n\n<p><\/p>\n\n\n\n<p><strong>I. Manifestarea este deschis\u0103 copiilor cu v\u00e2rsta cuprins\u0103 \u00eentre 5 \u0219i 18 ani, fiind divizat\u0103 \u00een trei sec\u021biuni: A, B, C.<\/strong><\/p>\n\n\n\n<p>Sec\u021biunea <strong>A <\/strong>\u2013 tineri care studiaz\u0103 pianul ca instrument principal, \u00een \u0219coli \u0219i licee de muzic\u0103.<\/p>\n\n\n\n<p>Sec\u021biunea <strong>B <\/strong>\u2013 tineri care studiaz\u0103 pianul in Cluburi ale copiilor, Palatul Copiilor, ca instrument optional (\u00een&nbsp;\u0219coli \u0219i licee de muzic\u0103) sau \u00een sistem particular.<\/p>\n\n\n\n<p>Sec\u021biunea<strong>&nbsp;C <\/strong>\u2013 ansamblu la <strong>4 m\u00e2ini<\/strong>(pe un pian)<\/p>\n\n\n\n<p><\/p>\n\n\n\n<p><\/p>\n\n\n\n<p><strong>II. <\/strong>Pentru o mai bun\u0103 evaluare,&nbsp;sec\u021biunile A \u0219i B sunt&nbsp;divizate&nbsp;\u00een mai multe <strong>categorii,<\/strong>&nbsp;\u00een func\u021bie de anul na\u0219terii participan\u021bilor:<\/p>\n\n\n\n<figure class=\"wp-block-table\"><table class=\"has-fixed-layout\"><tbody><tr><td><strong>categoria 0\u20132020<\/strong><br><strong>cat. &nbsp;1-a&nbsp; \u2013 &nbsp;2019<\/strong><br><strong>cat. a 2-a \u2013 2018<\/strong><br><strong>cat. a 3-a \u2013 2017<\/strong><br><strong>cat. a 4-a \u2013 2016<\/strong><\/td><td><strong>cat. a 5-a \u2013 2015<\/strong><br><strong>cat. a 6-a \u2013 2014<\/strong><br><strong>cat. a 7-a \u2013 2013<\/strong><br><strong>cat. a 8-a \u2013 2012<\/strong><br><strong>cat. a 9-a \u2013 2011<\/strong><\/td><td><strong>cat. a 10-a \u2013 2010<\/strong><br><strong>cat. a 11-a \u2013 2009<\/strong><br><strong>cat. a 12-a \u2013 2008<\/strong><br>c<strong>at. a 13-a \u2013 2007<\/strong><br><strong>cat. a 14-a \u2013 2006, 2005<\/strong><\/td><\/tr><\/tbody><\/table><\/figure>\n\n\n\n<p>Pentru sec\u021biunea <strong>C <\/strong>se va tine cont de v\u00e2rsta celor 2&nbsp;membri&nbsp;(nu este obligatorie apartenen\u021ba la aceea\u0219i categorie). <strong>&nbsp;<\/strong><strong><\/strong><\/p>\n\n\n\n<p><\/p>\n\n\n\n<p><\/p>\n\n\n\n<p><strong>III<\/strong>. Programul va con\u021bine <strong><u><strong>una sau<\/strong><\/u><\/strong>&nbsp;<strong><u><strong>2 piese<\/strong><\/u><\/strong>&nbsp;la alegerea participantului, interpretate f\u0103r\u0103 repeti\u021bii, cu durata maxim\u0103 cumulat\u0103 \u00eentre 7&nbsp;\u0219i 30 minute, \u00een func\u021bie de categorie.<\/p>\n\n\n\n<p><strong>MINUTAJELE:<\/strong><strong><\/strong><\/p>\n\n\n\n<p><strong>Sec\u021biunea A: cat. 1\u20132=5\u2032&nbsp;&nbsp;\/&nbsp;&nbsp;cat. 3-4=8\u2019 \/ &nbsp;cat.5-6=10\u2019 \/ &nbsp;cat.7-8=15\u2019 \/ cat. 9-10= 20\u2032 \/ &nbsp;cat.11-12=25\u2032 \/ &nbsp;cat. 13-14=30\u2032<\/strong><\/p>\n\n\n\n<p><strong>Sec\u021biunea B: cat. <\/strong><strong>0<\/strong><strong>\u2013<\/strong><strong>2<\/strong><strong>= <\/strong><strong>4<\/strong><strong>\u2032 \/&nbsp; cat. <\/strong><strong>3-4= 7\u2019 \/ &nbsp;cat. <\/strong><strong>5\u20138<\/strong><strong>=10<\/strong><strong>\u2032 \/ &nbsp;cat. 9\u201310 =<\/strong><strong>12<\/strong><strong>\u2032 \/&nbsp;&nbsp;cat. 11-12=1<\/strong><strong>5<\/strong><strong>\u2032 \/ cat. 13-14=<\/strong><strong>20<\/strong><strong>\u2032<\/strong><strong>&nbsp;<\/strong><strong><\/strong><\/p>\n\n\n\n<p>Programul men\u021bionat \u00een fi\u0219a de \u00eenscriere nu poate fi modificat ulterior. Ordinea interpret\u0103rii pieselor din repertoriu este la libera alegere a participan\u021bilor. <strong>&nbsp;<\/strong><\/p>\n\n\n\n<p><\/p>\n\n\n\n<p><\/p>\n\n\n\n<p><strong>IV.<\/strong>&nbsp;Ordinea prezent\u0103rii \u00een Concurs&nbsp;este cea <strong>alfabetic\u0103<\/strong>, in cadrul fiec\u0103rei categorii.<\/p>\n\n\n\n<p>Programarea intrarii participan\u021bIlor in concurs va fi anun\u021bat\u0103 in data de&nbsp;<u>9 martie&nbsp;2025 (ora 24,00)<\/u>, la adresa: <strong><a href=\"http:\/\/www.propiano.org\/romana\/prietenii-muzicii\"><u>www.propiano.org\/ROMANA\/Prietenii&nbsp;Muzicii<\/u><\/a>&nbsp;Sibiu 2025\/Programare&nbsp;2025<\/strong><\/p>\n\n\n\n<p>\u00cen m\u0103sura posibilit\u0103\u021bilor, organizatorii vor \u021bine seam\u0103<strong>&nbsp;de cerin\u021bele motivate ale participan\u021bilor <\/strong>de a concura \u00een anumite zile. Preferin\u021bele de participare se vor men\u021biona de la \u00eenceput, \u00ee<strong>n momentul \u00eenscrierii<\/strong>, <strong>pe formularul de \u00eenscriere<\/strong>. Dup\u0103 planificarea ordinii de intrare, nu se accept\u0103 schimb\u0103ri.<\/p>\n\n\n\n<p><\/p>\n\n\n\n<p><\/p>\n\n\n\n<p><strong>&nbsp;V<\/strong><em>.<\/em>&nbsp;<strong>\u00censcrierea:<\/strong><strong>&nbsp;<\/strong>data limit\u0103 este&nbsp;<strong><u><strong>03 martie 2025 <\/strong><\/u><\/strong>(pana la ora 24,00)<\/p>\n\n\n\n<p><strong>Acte necesare \u00eenscrierii( <\/strong>cele doua documente de mai jos<strong>, <\/strong>se vor trimite la <strong><u><strong>dou\u0103 adrese odata)<\/strong><\/u><\/strong>, adica <strong>un singur e-mail<\/strong>, directionat pe urmatoarele&nbsp;doua adrese: <strong>&nbsp;<\/strong><a href=\"mailto:propiano@gmail.com\"><strong>propiano@gmail.com<\/strong><\/a>&nbsp;&nbsp;<strong>\u0219i&nbsp; <\/strong><a href=\"mailto:ortheniko_piano@yahoo.com\"><strong>ortheniko_piano@yahoo.com<\/strong><\/a><strong>&nbsp;&nbsp;:&nbsp;<\/strong><\/p>\n\n\n\n<ol class=\"wp-block-list\">\n<li><strong>Formularul de \u00eenscriere&nbsp;&#8211;<\/strong>&nbsp;numai in varianta <strong>ONLINE, <\/strong>care se poate accesa de pe Site-ul&nbsp;Funda\u0163iei &nbsp;\u201dPRO PIANO-ROM\u00c2NIA\u201d: <strong><a href=\"http:\/\/www.propiano.org\/romana\/prietenii-muzicii\"><u>www.propiano.org\/ROMANA\/Prietenii&nbsp;Muzicii<\/u><\/a>&nbsp;Sibiu 2025\/ Formular Sibiu<\/strong><\/li>\n\n\n\n<li><strong>C<\/strong><strong>hitan\u021b<\/strong><strong>a<\/strong><strong>&nbsp;<\/strong>de achitare a dona\u021biei&nbsp;de participare(copie scanata)&nbsp;<\/li>\n<\/ol>\n\n\n\n<p><strong>Dona\u021bia<\/strong>&nbsp;de participare&nbsp;este de&nbsp;<strong>1<\/strong><strong>4<\/strong><strong>5<\/strong><strong>&nbsp;lei<\/strong>\/pentru <strong>solist<\/strong>&nbsp;\u0219i <strong>1<\/strong><strong>30<\/strong><strong>&nbsp;de lei<\/strong>\/ansamblu la 4 m\u00e2ini, depus\u0103 \u00een contul Funda\u0163iei Pro Piano, deschis la BCR sector 3 Bucuresti,<strong>&nbsp;Cod IBAN: RO85RNCB0074029228740001 \/&nbsp;C.U.I. 9099960<\/strong>, cu specificarea obligatorie pe ordinul de plat\u0103 a 2 semne de identificare:<\/p>\n\n\n\n<ol style=\"list-style-type:lower-alpha\" class=\"wp-block-list\">\n<li><strong><em><strong><em>Dona\u021bie <\/em><\/strong><\/em><\/strong><strong><em><strong><em>Sibiu<\/em><\/strong><\/em><\/strong><strong><em><strong><em>&nbsp;\u0219i b)<\/em><\/strong><\/em><\/strong><em>&nbsp;<\/em><strong><em><strong><em>Numele participantului<\/em><\/strong><\/em><\/strong><em>&nbsp;<\/em>pentru care se face plata(<strong>nu<\/strong>&nbsp;a depunatorului).<\/li>\n<\/ol>\n\n\n\n<p>\u00cen caz de neprezentare, dona\u021bia nu se returneaz\u0103(<strong>sub nici un motiv<\/strong>).<\/p>\n\n\n\n<p><strong>\u00cen cazul ansamblurilor la 4 m\u00e2ini, datele celor doi participan\u0163i vor fi men\u0163ionate pe acela\u015fi formular.<\/strong><strong>&nbsp;<\/strong>Un elev participant \u00een mai multe forma\u021bii la 4 m\u00e2ini, achit\u0103 o singur\u0103 dat\u0103 jum\u0103tatea sa de dona\u021bie. Nu se admit mandate po\u015ftale.<\/p>\n\n\n\n<ul class=\"wp-block-list\">\n<li><strong>Confirmarea \u00eenscrierii<\/strong><strong>&nbsp;<\/strong>se face dup\u0103 primirea Formularului de inscriere si intrarea donatiei in extrasul de cont(cu <strong>numele<\/strong><strong>&nbsp;<\/strong><strong>participantului<\/strong>, nu al depunatorului). Daca nu ati primit confirmare dupa 2 zile lucratoare, rog atentionati-ne prin <strong>e-mail<\/strong>&nbsp;<strong>sau SMS<\/strong>(nu la telefon). <\/li>\n<\/ul>\n\n\n\n<p><strong>DATE IMPORTANTE: &nbsp;<\/strong><strong><\/strong><\/p>\n\n\n\n<p><strong>&#8211; <\/strong><strong>Data limit\u0103 pentru <\/strong><strong><u>\u00eenscrieri<\/u><\/strong><strong>&nbsp;<\/strong>este<strong>&nbsp;<\/strong><strong><u><strong>03 martie 2025<\/strong><\/u><\/strong><strong>. <\/strong><strong><\/strong><\/p>\n\n\n\n<p>&#8211;<strong>&nbsp;<\/strong><strong>Data afisarii <\/strong><strong><u><strong>listei de participanti<\/strong><\/u><\/strong><strong>&nbsp;<\/strong>este<strong>&nbsp;<\/strong><strong><u><strong>06 martie 2025<\/strong><\/u><\/strong><strong>, la adresa: <\/strong><a href=\"http:\/\/www.propiano.org\/romana\/prietenii-muzicii\"><u>www.propiano.org\/romana\/prietenii-muzicii<\/u><\/a>-Sibiu 2025\/Programare&nbsp;Sibiu 2025<\/p>\n\n\n\n<p><strong>&#8211; D<\/strong><strong>ata afi\u0219\u0103rii intr\u0103rii \u00een concurs<\/strong><strong>&nbsp;<\/strong><strong><u><strong>(Programarea<\/strong><\/u><\/strong><strong>)<\/strong><strong>&nbsp;<\/strong>este<strong>&nbsp;<\/strong><strong><u>09 <\/u><\/strong><strong><u>martie<\/u><\/strong><strong><u>&nbsp;2025<\/u><\/strong><strong><u>(seara, ora 2<\/u><\/strong><strong><u>4,00<\/u><\/strong><strong><u>), <\/u><\/strong>tot la adresa de mai sus &#8211; Programari).<\/p>\n\n\n\n<p><\/p>\n\n\n\n<p><\/p>\n\n\n\n<p><strong>VI<\/strong>. Cheltuielile de transport, cazare, mas\u0103, vor fi suportate de participan\u021bi.<\/p>\n\n\n\n<p><\/p>\n\n\n\n<p><\/p>\n\n\n\n<p><strong>VII.<\/strong>&nbsp;<strong>PREMII:<\/strong>&nbsp;<\/p>\n\n\n\n<p>1. Se vor acorda urm\u0103toarele distinc\u0163ii(pentru fiecare categorie \u00een parte):&nbsp;Premii I, II, III, Men\u021biuni, Diplome&nbsp;de Participare&nbsp;(pentru cei care nu se calific\u0103 la unul dintre premiile anun\u021bate), Premii Speciale&nbsp;(pentru cea mai bun\u0103 interpretare a unei piese rom\u00e2ne\u015fti, premiul J. S. Bach, premiul Fr. Liszt, premiul Fundatiei \u201cPRO PIANO-ROMANIA\u201d, premiu de virtuozitate, premiu pentru prezen\u0163\u0103 artistic\u0103 deosebit\u0103 etc) .<\/p>\n\n\n\n<p><strong>DIPLOMELE <\/strong>cu premiile ob\u021binute vor fi decernate <strong>\u00ee<\/strong><strong>n aceeasi zi<\/strong>, \u00een cele doua festivit\u0103\u021bi de premiere&nbsp;zilnice (&nbsp;pr\u00e2nz \u0219i la sf\u00e2r\u0219itul zilei de concurs), conform program\u0103rii generale.&nbsp;Dup\u0103 caz, se va acorda \u0219i <strong>Trofeul Concursului<\/strong>&nbsp;(c\u00e2te unul pentru fiecare dintre&nbsp;sec\u021biunile A \u0219i B).<\/p>\n\n\n\n<p><strong>&nbsp;<\/strong><strong>2. <\/strong><strong>GALA <\/strong><strong>Special\u0103 a <\/strong><strong>Concursului<\/strong><strong>&nbsp;&#8211; <\/strong><strong>&nbsp;duminica 1<\/strong><strong>6<\/strong><strong>&nbsp;martie, ora 1<\/strong><strong>1<\/strong><strong>,<\/strong><strong>0<\/strong><strong>0,<\/strong>&nbsp;\u00een aceea\u0219i loca\u021bie, este inca o&nbsp;<strong>form\u0103 de premiere <\/strong><strong>cu surprize<\/strong><strong>, <\/strong>\u00een care vor c\u00e2nta laurea\u021bii nominaliza\u021bi de Juriu, dintre cei cu Premii Speciale!<\/p>\n\n\n\n<p><\/p>\n\n\n\n<p><\/p>\n\n\n\n<p><strong>VIII.<\/strong>&nbsp;<strong>Juriul <\/strong><strong>Concursului<\/strong><strong>&nbsp;<\/strong>va fi format din personalit\u0103\u021bi ale pedagogiei \u0219i muzicii rom\u00e2ne\u0219ti.<\/p>\n\n\n\n<p>\u00cen momentul \u00eenscrierii \u00een Festival candida\u021bii accept\u0103 prezentele condi\u021bii \u0219i autoritatea juriului.<\/p>\n\n\n\n<p><\/p>\n\n\n\n<p><\/p>\n\n\n\n<p><strong>Cele doua adrese pentru \u00eenscrieri \u0219i pentru i<\/strong><strong>nforma\u021bii<\/strong><strong>le<\/strong><strong>&nbsp;suplimentare <\/strong><strong>: <\/strong><strong><\/strong><\/p>\n\n\n\n<p><strong>&#8211; <\/strong><strong>Funda\u021bia Culturala \u201cPRO PIANO-ROMANIA\u201d<\/strong><strong>&nbsp;&#8211; <\/strong><strong>P<\/strong><strong>rof<\/strong><strong>esor<\/strong><strong>&nbsp;Stela Avesalon<\/strong><\/p>\n\n\n\n<p><strong>E-mail<\/strong>: <a href=\"mailto:propiano@gmail.co\"><u>propiano@gmail.c<\/u><u>om<\/u><\/a>&nbsp;&nbsp;&nbsp;&nbsp;&nbsp;&nbsp;&nbsp;&nbsp;Tel: 0722.382.626<strong>(\u00een afara orelor 14-17)<\/strong>&nbsp;&nbsp;&nbsp;&nbsp;&nbsp;<strong>Web:<\/strong>&nbsp;<a href=\"http:\/\/www.propiano.ro\/\"><u>www.propiano.org<\/u><\/a><\/p>\n\n\n\n<p><strong>&#8211; <\/strong><strong>&nbsp;Doamna Profesor Orth Eniko<\/strong><strong>:<\/strong><strong>&nbsp;<\/strong><strong>&#8211; <\/strong><strong>T<\/strong><strong>el: <\/strong><strong>0746 114 351<\/strong><strong> <\/strong><strong>&#8211; <\/strong><strong>&nbsp;E-<\/strong><strong>m<\/strong><strong>ail<\/strong><strong>:<\/strong><a href=\"mailto:ortheniko_piano@yahoo.com\"><u>ortheniko_piano@yahoo.com<\/u><\/a><\/p>\n","protected":false},"excerpt":{"rendered":"<p>REGULAMENTUL&nbsp;&nbsp;Concursului National \u201dPrietenii Muzicii\/Pro Piano-Romania\u201d filiala SIBIU &nbsp;Editia a XIII-a, 14&nbsp;&#8211; 16&nbsp;martie, 2025 I. Manifestarea este deschis\u0103 copiilor cu v\u00e2rsta cuprins\u0103 \u00eentre 5 \u0219i 18 ani, fiind divizat\u0103 \u00een trei sec\u021biuni: A, B, C. Sec\u021biunea A \u2013 tineri care studiaz\u0103 pianul ca instrument principal, \u00een \u0219coli \u0219i licee de muzic\u0103. Sec\u021biunea B \u2013 tineri care [&hellip;]<\/p>\n","protected":false},"author":1,"featured_media":0,"parent":0,"menu_order":0,"comment_status":"closed","ping_status":"closed","template":"","meta":{"footnotes":""},"class_list":["post-10339","page","type-page","status-publish","hentry"],"_links":{"self":[{"href":"https:\/\/www.propiano.org\/romanian\/wp-json\/wp\/v2\/pages\/10339","targetHints":{"allow":["GET"]}}],"collection":[{"href":"https:\/\/www.propiano.org\/romanian\/wp-json\/wp\/v2\/pages"}],"about":[{"href":"https:\/\/www.propiano.org\/romanian\/wp-json\/wp\/v2\/types\/page"}],"author":[{"embeddable":true,"href":"https:\/\/www.propiano.org\/romanian\/wp-json\/wp\/v2\/users\/1"}],"replies":[{"embeddable":true,"href":"https:\/\/www.propiano.org\/romanian\/wp-json\/wp\/v2\/comments?post=10339"}],"version-history":[{"count":4,"href":"https:\/\/www.propiano.org\/romanian\/wp-json\/wp\/v2\/pages\/10339\/revisions"}],"predecessor-version":[{"id":10381,"href":"https:\/\/www.propiano.org\/romanian\/wp-json\/wp\/v2\/pages\/10339\/revisions\/10381"}],"wp:attachment":[{"href":"https:\/\/www.propiano.org\/romanian\/wp-json\/wp\/v2\/media?parent=10339"}],"curies":[{"name":"wp","href":"https:\/\/api.w.org\/{rel}","templated":true}]}}