{"id":10310,"date":"2025-01-02T14:40:08","date_gmt":"2025-01-02T14:40:08","guid":{"rendered":"https:\/\/www.propiano.org\/romanian\/?page_id=10310"},"modified":"2025-11-14T19:00:32","modified_gmt":"2025-11-14T19:00:32","slug":"regulament-4","status":"publish","type":"page","link":"https:\/\/www.propiano.org\/romanian\/regulament-4\/","title":{"rendered":"Regulament"},"content":{"rendered":"\n<p><\/p>\n\n\n\n<p><\/p>\n\n\n\n<p><\/p>\n\n\n\n<p><\/p>\n\n\n\n<p><\/p>\n\n\n\n<p><\/p>\n\n\n\n<p><\/p>\n\n\n\n<h3 class=\"wp-block-heading has-text-align-center\"><strong>CONCURSUL NATIONAL DE INTERPRETARE<\/strong><\/h3>\n\n\n\n<h2 class=\"wp-block-heading has-text-align-center\">\u201d<strong>MUZICA ROMANEASCA pentru PIAN\u201d<\/strong><\/h2>\n\n\n\n<h2 class=\"wp-block-heading has-text-align-center\"><strong>Editia a VIII-a HYBRID<\/strong><\/h2>\n\n\n\n<p><\/p>\n\n\n\n<h3 class=\"wp-block-heading has-text-align-center\"><strong>CONCURS<\/strong>UL<strong> se va tine numai in varianta ONLINE &#8211; 24&nbsp;noiembrie, 2025 <\/strong><\/h3>\n\n\n\n<p><\/p>\n\n\n\n<h3 class=\"wp-block-heading has-text-align-center\"><strong>GALA, cu participare fizica, la Casa Memoriala\u201dGEORGE ENESCU\u201d &#8211; SINAIA,&nbsp;<\/strong><\/h3>\n\n\n\n<h3 class=\"wp-block-heading has-text-align-center\"><strong>sambata 29 noiembrie, ora 11,00<\/strong><\/h3>\n\n\n\n<p><\/p>\n\n\n\n<p><\/p>\n\n\n\n<p><\/p>\n\n\n\n<p><\/p>\n\n\n\n<h2 class=\"wp-block-heading has-text-align-center\"><strong>REGULAMENTUL<\/strong><\/h2>\n\n\n\n<h3 class=\"wp-block-heading has-text-align-center\"><strong>Concursului National de interpretare \u201dMuzica Romaneasca pentru pian\u201d,&nbsp;2025&nbsp;<\/strong><\/h3>\n\n\n\n<p><\/p>\n\n\n\n<h3 class=\"wp-block-heading\"><\/h3>\n\n\n\n<h3 class=\"wp-block-heading\"><strong><u><strong>Despre CONCURS :<\/strong><\/u><\/strong><strong><\/strong><\/h3>\n\n\n\n<p><strong>I.&nbsp;&nbsp;Concursul de interpretare \u201dMUZICA ROMANEASCA pentru pian\u201d&nbsp;editia a VIII-a <\/strong>este o editie&nbsp;HYBRID, adica concursul este numai O<em><u><em>NLINE<\/em><\/u>,<\/em>(cu inregistrari), dar si cu posibilitatea unei participari fizice ulterioare, la cerere, in recitalul de la Casa Memoriala \u201dGeorge Enescu\u201d din SINAIA, sambata 29 noiembrie, 2025, ora 11,00. Aceasta participare fizica se va mentiona de la inceput, pe fisa de inscriere, in ultima rubrica, impreuna cu repertoriul dorit (una sau doua piese). <\/p>\n\n\n\n<p><\/p>\n\n\n\n<p><\/p>\n\n\n\n<p><strong>II. REPERTORIUL&nbsp;<\/strong>de concurs&nbsp;va cuprinde&nbsp;una sau dou\u0103 piese: fie ambele piese sa fie&nbsp;rom\u00e2ne\u0219ti, fie una din ele sa fie obligatoriu romaneasc\u0103&nbsp;\u0219i a doua pies\u0103&nbsp;poate fi&nbsp;orice pies\u0103 din repertoriul universal(inclusiv studiu), \u00een limita minutajelor de mai jos. \u00cen cazuri speciale(dac\u0103 piesa este mai lung\u0103), se poate depasi minutajul alocat.<\/p>\n\n\n\n<p><\/p>\n\n\n\n<p><\/p>\n\n\n\n<h3 class=\"wp-block-heading\"><strong>III.&nbsp;<\/strong><strong>SECTIUNILE si CATEGORIILE:<\/strong><strong><\/strong><\/h3>\n\n\n\n<h4 class=\"wp-block-heading\"><strong>&nbsp;<\/strong><strong>Vor fi&nbsp;3 sectiuni&nbsp;si 15 categorii de varsta:<\/strong><strong><\/strong><\/h4>\n\n\n\n<p><strong>A &#8211; profesionisti<\/strong>(elevi ai scolilor si liceelor de muzica)<strong>&nbsp;<\/strong><\/p>\n\n\n\n<p><strong>B \u2013 amatori<\/strong>(pian complementar, cluburi, Palate ale copiilor sau din sistem particular)<\/p>\n\n\n\n<p><strong>&nbsp;C \u2013 4 m\u00e2ini (<\/strong>pe un pian)<\/p>\n\n\n\n<p><strong>Categori<\/strong><strong>ile<\/strong><strong>&nbsp;si <\/strong><strong>m<\/strong><strong>inutajul&nbsp;:&nbsp;<\/strong>Sectiunile &nbsp;A \u0219i B cuprind <strong><u><strong>15 categorii de varsta<\/strong><\/u><\/strong><strong>(<\/strong>\u00een functie de anul nasterii), iar <strong><u><strong>minutajul<\/strong><\/u><\/strong><strong>&nbsp;<\/strong>este diferit, dupa cum urmeaza: :<\/p>\n\n\n\n<p>cat.<strong>&nbsp;0<\/strong>&nbsp;&nbsp;&nbsp; \u2013&nbsp;&nbsp;&nbsp; 2020&nbsp;&#8211; 5\u2019&nbsp;&nbsp;&nbsp;<\/p>\n\n\n\n<p>cat.&nbsp;<strong>1-a<\/strong>&nbsp;&nbsp;\u2013&nbsp;&nbsp; 2019 &#8211; 5\u2019<\/p>\n\n\n\n<p>Cat. a 2-a &#8211; 2018&nbsp;&#8211; 5\u2019<\/p>\n\n\n\n<p>cat.&nbsp;<strong>a 3-a<\/strong>&nbsp;\u2013 2017 &nbsp;&#8211; 7\u2019<\/p>\n\n\n\n<p>cat.&nbsp;<strong>a 4-a<\/strong>&nbsp;\u2013 2016 &nbsp;&#8211; 7\u2019<\/p>\n\n\n\n<p>cat.&nbsp;<strong>a 5-a<\/strong>&nbsp;\u2013 2015&nbsp;&nbsp;&nbsp;&#8211; 7\u2019<\/p>\n\n\n\n<p>cat.&nbsp;<strong>a 6-a<\/strong>&nbsp;\u2013 2014 &nbsp;&#8211; 10\u2019<\/p>\n\n\n\n<p>cat.&nbsp;<strong>a 7-a<\/strong>&nbsp;\u2013 2013 &nbsp;&#8211; 10\u2019<\/p>\n\n\n\n<p>cat.&nbsp;<strong>a 8-a<\/strong>&nbsp;\u2013 2012 &nbsp;&#8211; 10\u2019<\/p>\n\n\n\n<p>cat.&nbsp;<strong>a 9-a<\/strong>&nbsp;\u2013 2011 &nbsp;&#8211; 10\u2019<\/p>\n\n\n\n<p>cat.&nbsp;<strong>a 10-a<\/strong>\u20132010 &nbsp;&#8211; 15\u2019&nbsp;&nbsp;<\/p>\n\n\n\n<p>cat.&nbsp;<strong>a 11-a<\/strong>\u20132009 &nbsp;&#8211; 15\u2019<\/p>\n\n\n\n<p>cat.&nbsp;<strong>a 12-a<\/strong>\u20132008 &nbsp;&nbsp;&#8211; 20\u2019<\/p>\n\n\n\n<p>cat.&nbsp;<strong>a 13-a<\/strong>\u20132007 &nbsp;&#8211; 20\u2019<\/p>\n\n\n\n<p>cat.&nbsp;<strong>a 14-a<\/strong>&nbsp;&#8211; 2006, 2005 &#8211; 20\u2019<strong>&nbsp;<\/strong><\/p>\n\n\n\n<p>Piesele vor fi interpretate obligatoriu din memorie(fara partitura), cu exceptia celor de la categoria C(4 m\u00e2ini), unde se accepta partitura.&nbsp;<\/p>\n\n\n\n<p><\/p>\n\n\n\n<p><\/p>\n\n\n\n<h3 class=\"wp-block-heading\"><strong>IV. <u><strong>INSCRIEREA<\/strong><\/u>&nbsp;&nbsp;<\/strong><\/h3>\n\n\n\n<p>la solicitarea concurentilor, inscrierile se prelungesc pana in data de <strong>20 noiembrie 2025(ora 24)<\/strong> si se vor face<strong>&nbsp;numai online, pe adresa : <\/strong><a href=\"mailto:propiano@gmail.com\"><strong><u><strong>propiano@gmail.com<\/strong><\/u><\/strong><\/a><strong>&nbsp;<\/strong>prin trimiterea&nbsp;urmatoarelor trei documente:<\/p>\n\n\n\n<p><strong>1. <\/strong><strong><u><strong>Formular<\/strong><\/u><\/strong><strong><u><strong>ul<\/strong><\/u><\/strong><strong><u><strong>&nbsp;de inscriere<\/strong><\/u><\/strong><strong>, <\/strong>care&nbsp;&nbsp;va fi completat cu toate datele cerute.&nbsp;Atentie: numele se va scrie &nbsp;cu diacritice(\u0103.\u00e2, \u00ee, \u0219, etc), pentru scrierea corecta a diplomelor.<\/p>\n\n\n\n<p><strong>2. <\/strong><strong><u><strong>Chitanta de donatie<\/strong><\/u><\/strong><strong><u><strong>: <\/strong><\/u><\/strong><strong>Donatia <\/strong><strong>generala <\/strong><strong>de inscriere(<\/strong><em>inclusiv pentru participarea la cele 2 GALE<\/em><strong>)<\/strong>&nbsp;este de&nbsp;<strong>200<\/strong>&nbsp;lei. Pentru sectiunea C &#8211; 4 maini, va fi &nbsp;de <strong>220<\/strong>&nbsp;total(cate 110 de participant)&nbsp;si se vor trimite in contul Fundatiei Culturale \u201dPRO PIANO-ROMANIA&nbsp;\u201d deschis la BCR sector 3 Bucuresti, Cod IBAN: RO85RNCB0074029228740001\/C.U.I. 9099960, cu specificarea <strong>obligatorie(<\/strong>&nbsp;pe ordinul de plat\u0103) a dou\u0103 elemente: <strong>Donatie<\/strong>&nbsp;plus&nbsp;<strong>numele participantului<\/strong>(nu a depunatorului).&nbsp;Confirmarea \u00eenscrierii se va face imediat sau cel mult dup\u0103 2 zile. Dac\u0103 nu ati primit confirmarea, inseamn\u0103 ca \u00eenscrierea nu s-a primit. In acest caz,dar numai dup\u0103 2 zile de la trimitere, \u00eentreba\u021bi telefonic(la nr. 0722 382 626).<\/p>\n\n\n\n<p><strong>3. <\/strong><strong><u><strong>Link-ul inregistrarii<\/strong><\/u><\/strong><strong>&nbsp;repertoriului: <\/strong><strong><\/strong><\/p>\n\n\n\n<h4 class=\"wp-block-heading\">se va trimite&nbsp;numai link-ul&nbsp;rezultat prin punerea inregistrarii pe <strong>youtube-ul<\/strong>&nbsp;personal, cu optiunea PUBLIC, care va fi mentinuta pe tot parcursul concursului!<\/h4>\n\n\n\n<p><strong>Informatii tehnice&nbsp;p<\/strong><strong>entru realizarea inregistrarilor: <\/strong>Link-ul videoclipului(al filmului cu inregistrarea repertoriului ) va fi incarcat&nbsp;in contul youtube personal (cu optiunea PUBLIC). Filmarea sa se faca obligatoriu cu telefonul pe orizontala, pozitionat in spatele interpretului \u2013 dreapta, pus pe un stativ(pentru a nu se misca), iar \u00een filmare sa se vada (pe cat posibil) corpul intreg al interpretului si pianul(pedalele). Pe filmare, se va mentiona obligatoriu numele si prenumele interpretului si repertoriul(neaparat cu diacritice(\u0103.\u00e2, \u00ee, \u0219, etc). Deci, in email-ul de inscriere se va trimite numai Link-ul&nbsp;rezultat din postarea filmului &nbsp;pe youtube-ul personal.<\/p>\n\n\n\n<p><\/p>\n\n\n\n<p><\/p>\n\n\n\n<h3 class=\"wp-block-heading\"><strong>V. PREMIILE:&nbsp;<\/strong><\/h3>\n\n\n\n<p>se vor acorda urm\u0103toarele premii&nbsp;:&nbsp;Premii I, II, III, Men\u021biuni, Diplome de&nbsp;Participare(pentru cei care nu se califica la unul din premii), precum \u0219i&nbsp;Marele Premiu&nbsp;al categoriei sau sec\u021biunii si alte Premii Speciale&nbsp;(Premii de Excelenta, premii pentru tehnic\u0103, interpretare,&nbsp;muzicalitate, prezen\u021b\u0103 scenic\u0103, etc). Deciziile juriului nu pot fi contestate.&nbsp;Cei mai buni participanti vor fi programati ulterior, pe parcursul anului 2026, \u00een recitalurile Fundatiei \u201dPRO PIANO-ROMANIA\u201d.<\/p>\n\n\n\n<p><\/p>\n\n\n\n<p><\/p>\n\n\n\n<h3 class=\"wp-block-heading\"><strong>VI. LISTA PARTICIPANTILOR \u00eenscri\u0219i<\/strong>&nbsp;<\/h3>\n\n\n\n<h4 class=\"wp-block-heading\">se va afisa \u00een data de <strong>22 noiembrie 2025, <\/strong>pe SITE \u00een link-ul <strong>PROGRAMARI,<\/strong><\/h4>\n\n\n\n<p><\/p>\n\n\n\n<h3 class=\"wp-block-heading\"><strong>REZULTATELE <\/strong><\/h3>\n\n\n\n<p><strong>se vor afi\u0219a in data de 24 noiembrie 2025, tot pe SITE, \u00een link-ul Programari, iar DIPLOMELE<\/strong>&nbsp;se vor trimite ulterior, online, pe adresa de e-mail a profesorului&nbsp;(pana cel tarziu in&nbsp;data de 26&nbsp;noiembrie&nbsp;2025).<\/p>\n\n\n\n<p><\/p>\n\n\n\n<p><\/p>\n\n\n\n<h3 class=\"wp-block-heading\"><strong>VII. GALA Concursului<\/strong><\/h3>\n\n\n\n<p><strong>se va&nbsp;desf\u0103sura cu participarea fizica in ziua de 29 noiembrie, 2025, <u><strong>ora 11,00<\/strong><\/u>, la Casa Memoriala \u201dGeorge Enescu\u201d din Sinaia<\/strong>. Cine va participa? Poate&nbsp;participa orice concurent inscris la concurs (indiferent de premiul pe care il va obtine in concurs), cu conditia s\u0103&nbsp;confirme in scris, de la inceput, pe formularul de inscriere(in ultima rubric\u0103)&nbsp;optiunea sa(DA \/ NU). Totodata, in aceeasi rubric\u0103, se va men\u021biona si repertoriul (una sau ambele piese din concurs), cu minutajele respective.<\/p>\n\n\n\n<h4 class=\"wp-block-heading\"><strong>Cele mai bune interpretari se vor pune pe youtube-ul Muzeului National \u201dGeorge Enescu\u201d si al Fundatiei!<\/strong><strong><\/strong><\/h4>\n\n\n\n<p>Transportul, eventual cazarea, etc, revin in exclusivitate participantilor!&nbsp;<\/p>\n\n\n\n<p><\/p>\n\n\n\n<p><\/p>\n\n\n\n<h3 class=\"wp-block-heading\"><strong>&nbsp;VIII. INFORMATII SUPLIMENTARE&nbsp;<\/strong><\/h3>\n\n\n\n<p>se pot&nbsp;lua de la Fundatia Cultural\u0103 \u201ePRO PIANO-ROMANIA\u201d \u2013 prof. Stela Avesalon, Tel&nbsp;: &nbsp;0722 382 626 (\u00een afara orelor 14-17).&nbsp;Orice&nbsp;completare sau&nbsp;modificare&nbsp;ulterioara, se va face&nbsp;numai in scris, prin&nbsp;<strong><u><strong>SMS&nbsp;<\/strong><\/u><\/strong>sau&nbsp;<strong><u><strong>e-mai<\/strong><\/u><\/strong>l: <a href=\"mailto:propiano@gmail.com\"><u>propiano@gmail.com<\/u><\/a>&nbsp;(nu la telefon).<\/p>\n\n\n\n<p><\/p>\n\n\n\n<h1 class=\"wp-block-heading has-text-align-center\"><\/h1>\n","protected":false},"excerpt":{"rendered":"<p>CONCURSUL NATIONAL DE INTERPRETARE \u201dMUZICA ROMANEASCA pentru PIAN\u201d Editia a VIII-a HYBRID CONCURSUL se va tine numai in varianta ONLINE &#8211; 24&nbsp;noiembrie, 2025 GALA, cu participare fizica, la Casa Memoriala\u201dGEORGE ENESCU\u201d &#8211; SINAIA,&nbsp; sambata 29 noiembrie, ora 11,00 REGULAMENTUL Concursului National de interpretare \u201dMuzica Romaneasca pentru pian\u201d,&nbsp;2025&nbsp; Despre CONCURS : I.&nbsp;&nbsp;Concursul de interpretare \u201dMUZICA ROMANEASCA [&hellip;]<\/p>\n","protected":false},"author":1,"featured_media":0,"parent":0,"menu_order":0,"comment_status":"closed","ping_status":"closed","template":"","meta":{"footnotes":""},"class_list":["post-10310","page","type-page","status-publish","hentry"],"_links":{"self":[{"href":"https:\/\/www.propiano.org\/romanian\/wp-json\/wp\/v2\/pages\/10310","targetHints":{"allow":["GET"]}}],"collection":[{"href":"https:\/\/www.propiano.org\/romanian\/wp-json\/wp\/v2\/pages"}],"about":[{"href":"https:\/\/www.propiano.org\/romanian\/wp-json\/wp\/v2\/types\/page"}],"author":[{"embeddable":true,"href":"https:\/\/www.propiano.org\/romanian\/wp-json\/wp\/v2\/users\/1"}],"replies":[{"embeddable":true,"href":"https:\/\/www.propiano.org\/romanian\/wp-json\/wp\/v2\/comments?post=10310"}],"version-history":[{"count":41,"href":"https:\/\/www.propiano.org\/romanian\/wp-json\/wp\/v2\/pages\/10310\/revisions"}],"predecessor-version":[{"id":10856,"href":"https:\/\/www.propiano.org\/romanian\/wp-json\/wp\/v2\/pages\/10310\/revisions\/10856"}],"wp:attachment":[{"href":"https:\/\/www.propiano.org\/romanian\/wp-json\/wp\/v2\/media?parent=10310"}],"curies":[{"name":"wp","href":"https:\/\/api.w.org\/{rel}","templated":true}]}}